{"id":35815,"date":"2025-06-17T14:08:26","date_gmt":"2025-06-17T14:08:26","guid":{"rendered":"https:\/\/marinepartsystem.com\/product\/servicekit-md-2010-2020-c-d-d1-13-d1-20-21189380-877198\/"},"modified":"2026-04-30T08:06:42","modified_gmt":"2026-04-30T08:06:42","slug":"servicekit-md-2010-2020-c-d-d1-13-d1-20-21189380-877198","status":"publish","type":"product","link":"https:\/\/marinepartsystem.com\/nl\/product\/servicekit-md-2010-2020-c-d-d1-13-d1-20-21189380-877198","title":{"rendered":"Servicekit Volvo Penta MD 2010-2020 C, D D1-13 D1-20 21189380 (877198)"},"content":{"rendered":"<p data-start=\"456\" data-end=\"507\"><strong data-start=\"456\" data-end=\"505\">Volvo Penta Service Kit voor D1 serie &amp; MD2010, MD2020 motoren<\/strong><\/p>\n<p data-start=\"509\" data-end=\"670\">Houd uw Volvo Penta D1 motor op topprestaties met deze alles-in-\u00e9\u00e9n service kit, ontworpen voor D1-13, D1-13B, D1-13F, D1-20, D1-20B, en D1-20F modellen. Ook voor MD2010, 2010C, 2010D, 2020, 2020C, en 2020D modellen. <\/p>\n<p data-start=\"672\" data-end=\"687\"><strong data-start=\"672\" data-end=\"685\">Inclusief:<\/strong><\/p>\n<ul data-start=\"688\" data-end=\"969\">\n<li data-start=\"688\" data-end=\"780\">\n<p data-start=\"690\" data-end=\"780\"><strong data-start=\"690\" data-end=\"705\">Oliefilter:<\/strong> 861473 - Beschermt je motor door de olie schoon en vrij van vuil te houden.<\/p>\n<\/li>\n<li data-start=\"781\" data-end=\"869\">\n<p data-start=\"783\" data-end=\"869\"><strong data-start=\"783\" data-end=\"799\">Brandstoffilter:<\/strong> 861477 - Zorgt voor brandstof zonder verontreinigingen voor een soepele motorwerking.<\/p>\n<\/li>\n<li data-start=\"870\" data-end=\"969\">\n<p data-start=\"872\" data-end=\"969\"><strong data-start=\"872\" data-end=\"885\">Impeller:<\/strong> 22222936 - Onderhoudt de waterstroom om oververhitting te voorkomen en je motor te beschermen.<\/p>\n<\/li>\n<\/ul>\n<p data-start=\"971\" data-end=\"1103\">Deze kit is perfect voor zowel doe-het-zelf-onderhoud als professioneel onderhoud en biedt alle essenti\u00eble onderdelen in \u00e9\u00e9n handig pakket.<\/p>\n","protected":false},"excerpt":{"rendered":"<p>Volvo Penta Service Kit voor D1 serie &amp; MD2010, MD2020 motoren Houd uw Volvo Penta D1 motor op topprestaties met deze alles-in-\u00e9\u00e9n service kit, ontworpen voor D1-13, D1-13B, D1-13F, D1-20, D1-20B, en D1-20F modellen. Ook voor MD2010, 2010C, 2010D, 2020, 2020C, en 2020D modellen. Inclusief: Oliefilter: 861473 - Beschermt je motor door de olie schoon [&hellip;]<\/p>\n","protected":false},"featured_media":26134,"comment_status":"open","ping_status":"closed","template":"","meta":[],"product_brand":[4231],"product_cat":[3203,4480,2499,4303,4294,4292,4305,4307,4313,4527],"product_tag":[],"class_list":{"0":"post-35815","1":"product","2":"type-product","3":"status-publish","4":"has-post-thumbnail","6":"product_brand-volvo-penta","7":"product_cat-service-kits","8":"product_cat-service-kits-volvo-penta","9":"product_cat-service-onderdelen","10":"product_cat-volvo-penta","11":"product_cat-volvo-penta-d1-13-onderdelen","12":"product_cat-volvo-penta-d1-20-onderdelen","13":"product_cat-volvo-penta-md-serie","14":"product_cat-volvo-penta-md2010-onderdelen","15":"product_cat-volvo-penta-md2020-onderdelen","16":"product_cat-volvo-penta-service-onderdelen","17":"pa_condition-nieuw","18":"pa_model-d1-13","19":"pa_model-d1-20","20":"pa_model-md2010","21":"pa_model-md2020","22":"pa_oem-or-aftermarket-oem","24":"first","25":"onbackorder","26":"sale","27":"taxable","28":"shipping-taxable","29":"purchasable","30":"product-type-simple"},"supplier_id":32142,"supplier_sku":"21189380","barcode":null,"atum_controlled":true,"out_stock_date":null,"out_stock_threshold":null,"inheritable":false,"inbound_stock":0,"stock_on_hold":0,"sold_today":0,"sales_last_days":0,"reserved_stock":0,"customer_returns":0,"warehouse_damage":0,"lost_in_post":0,"other_logs":0,"out_stock_days":0,"lost_sales":0,"has_location":false,"update_date":"2026-04-30T08:07:12","atum_locations":[],"atum_stock_status":"onbackorder","restock_status":false,"low_stock_amount":"","sales_update_date":"2026-04-20T12:51:32","calc_backorders":-1,"_links":{"self":[{"href":"https:\/\/wp.marinepartsystem.com\/nl\/wp-json\/wp\/v2\/product\/35815","targetHints":{"allow":["GET"]}}],"collection":[{"href":"https:\/\/wp.marinepartsystem.com\/nl\/wp-json\/wp\/v2\/product"}],"about":[{"href":"https:\/\/wp.marinepartsystem.com\/nl\/wp-json\/wp\/v2\/types\/product"}],"replies":[{"embeddable":true,"href":"https:\/\/wp.marinepartsystem.com\/nl\/wp-json\/wp\/v2\/comments?post=35815"}],"wp:featuredmedia":[{"embeddable":true,"href":"https:\/\/wp.marinepartsystem.com\/nl\/wp-json\/wp\/v2\/media\/26134"}],"wp:attachment":[{"href":"https:\/\/wp.marinepartsystem.com\/nl\/wp-json\/wp\/v2\/media?parent=35815"}],"wp:term":[{"taxonomy":"product_brand","embeddable":true,"href":"https:\/\/wp.marinepartsystem.com\/nl\/wp-json\/wp\/v2\/product_brand?post=35815"},{"taxonomy":"product_cat","embeddable":true,"href":"https:\/\/wp.marinepartsystem.com\/nl\/wp-json\/wp\/v2\/product_cat?post=35815"},{"taxonomy":"product_tag","embeddable":true,"href":"https:\/\/wp.marinepartsystem.com\/nl\/wp-json\/wp\/v2\/product_tag?post=35815"}],"curies":[{"name":"wp","href":"https:\/\/api.w.org\/{rel}","templated":true}]}}