{"id":48679,"date":"2026-04-24T14:26:32","date_gmt":"2026-04-24T14:26:32","guid":{"rendered":"https:\/\/wp.marinepartsystem.com\/product\/reten-del-arbol-de-levas-yanmar-128270-01820\/"},"modified":"2026-04-24T14:26:32","modified_gmt":"2026-04-24T14:26:32","slug":"reten-del-arbol-de-levas-yanmar-128270-01820","status":"publish","type":"product","link":"https:\/\/marinepartsystem.com\/es\/producto\/reten-del-arbol-de-levas-yanmar-128270-01820","title":{"rendered":"Ret\u00e9n del \u00e1rbol de levas Yanmar - 128270-01820"},"content":{"rendered":"<p data-start=\"394\" data-end=\"550\">Ret\u00e9n de aceite del \u00e1rbol de levas original Yanmar para motores de la serie GM.<\/p>\n<p data-start=\"394\" data-end=\"550\">\n<h3 data-section-id=\"1tek5pd\" data-start=\"557\" data-end=\"580\">Informaci\u00f3n sobre el producto<\/h3>\n<p data-start=\"582\" data-end=\"640\">Ret\u00e9n del \u00e1rbol de levas<br data-start=\"599\" data-end=\"602\">Pieza Yanmar OEM<br data-start=\"617\" data-end=\"620\">Recambio directo<\/p>\n<h3 data-section-id=\"94g5nh\" data-start=\"647\" data-end=\"673\"><\/h3>\n<h3 data-section-id=\"94g5nh\" data-start=\"647\" data-end=\"673\">N\u00famero de pieza OEM Yanmar<\/h3>\n<p data-start=\"675\" data-end=\"687\">128270-01820<\/p>\n<h3 data-section-id=\"15p7nyt\" data-start=\"694\" data-end=\"723\"><\/h3>\n<h3 data-section-id=\"15p7nyt\" data-start=\"694\" data-end=\"723\">Motores Yanmar compatibles<\/h3>\n<p data-start=\"725\" data-end=\"754\">1GM (7,5 CV)<br data-start=\"737\" data-end=\"740\">1GM10 (9 CV)<\/p>\n<p data-start=\"756\" data-end=\"843\">2GM (15 CV)<br data-start=\"767\" data-end=\"770\">2GM20 (18 CV)<br data-start=\"783\" data-end=\"786\">2GM20 EU (18 CV)<br data-start=\"802\" data-end=\"805\">2GM20 F (18 CV)<br data-start=\"820\" data-end=\"823\">2GM20 F EU (18 CV)<\/p>\n<p data-start=\"845\" data-end=\"932\">3GM (22 CV)<br data-start=\"856\" data-end=\"859\">3GM30 (27 CV)<br data-start=\"872\" data-end=\"875\">3GM30 EU (27 CV)<br data-start=\"891\" data-end=\"894\">3GM30 F (27 CV)<br data-start=\"909\" data-end=\"912\">3GM30 F EU (27 CV)<\/p>\n","protected":false},"excerpt":{"rendered":"<p>Ret\u00e9n de aceite del \u00e1rbol de levas original Yanmar para motores de la serie GM. Informaci\u00f3n sobre el producto Ret\u00e9n del \u00e1rbol de levasPieza Yanmar OEMRecambio directo N\u00famero de pieza OEM Yanmar 128270-01820 Motores Yanmar compatibles 1GM (7,5 CV)1GM10 (9 CV) 2GM (15 CV)2GM20 (18 CV)2GM20 EU (18 CV)2GM20 F (18 CV)2GM20 F EU (18 [&hellip;]<\/p>\n","protected":false},"featured_media":48680,"comment_status":"open","ping_status":"closed","template":"","meta":[],"product_brand":[4235],"product_cat":[3041,3040,4449,4450,4451,4844,2497,4448],"product_tag":[],"class_list":{"0":"post-48679","1":"product","2":"type-product","3":"status-publish","4":"has-post-thumbnail","6":"product_brand-yanmar","7":"product_cat-juntas-de-motor","8":"product_cat-kits-de-mantenimiento-y-reparacion","9":"product_cat-piezas-1gm-1gm10","10":"product_cat-piezas-2gm-2gm20","11":"product_cat-piezas-3gm-3gm30","12":"product_cat-piezas-de-la-serie-gm","13":"product_cat-piezas-de-mantenimiento-del-motor","14":"product_cat-yanmar","15":"pa_condition-nuevo","16":"pa_model-1gm","17":"pa_model-1gm10","18":"pa_model-1gm10c","19":"pa_model-1gmc","20":"pa_model-1gml","21":"pa_model-2gm","22":"pa_model-2gm20","23":"pa_model-2gm20f","24":"pa_model-2gm20fv","25":"pa_model-2gm20fve","26":"pa_model-2gm20v","27":"pa_model-2gm20ve","28":"pa_model-2gmf","29":"pa_model-3gm","30":"pa_model-3gm30","31":"pa_model-3gm30-yeu","32":"pa_model-3gm30b","33":"pa_model-3gm30c","34":"pa_model-3gm30c-yeu","35":"pa_model-3gm30f","36":"pa_model-3gm30f-yeu","37":"pa_model-3gm30fc-yeu","38":"pa_model-3gm30fv","39":"pa_model-3gm30fve","40":"pa_model-3gm30v","41":"pa_model-3gm30ve","42":"pa_model-3gmd","43":"pa_model-3gmdf","44":"pa_model-3gmf","45":"pa_model-3gmfle","46":"pa_model-3gmfy-e","47":"pa_model-3gmfye-e","48":"pa_oem-or-aftermarket-oem","50":"first","51":"onbackorder","52":"taxable","53":"shipping-taxable","54":"purchasable","55":"product-type-simple"},"supplier_id":32143,"supplier_sku":"128270-01820","barcode":null,"atum_controlled":true,"out_stock_date":"2026-04-24 14:26:33","out_stock_threshold":null,"inheritable":false,"inbound_stock":0,"stock_on_hold":0,"sold_today":0,"sales_last_days":0,"reserved_stock":0,"customer_returns":0,"warehouse_damage":0,"lost_in_post":0,"other_logs":0,"out_stock_days":2,"lost_sales":0,"has_location":false,"update_date":"2026-04-26T20:01:42","atum_locations":[],"atum_stock_status":"onbackorder","restock_status":false,"low_stock_amount":0,"sales_update_date":"2026-04-26T20:01:42","calc_backorders":null,"_links":{"self":[{"href":"https:\/\/wp.marinepartsystem.com\/es\/wp-json\/wp\/v2\/product\/48679","targetHints":{"allow":["GET"]}}],"collection":[{"href":"https:\/\/wp.marinepartsystem.com\/es\/wp-json\/wp\/v2\/product"}],"about":[{"href":"https:\/\/wp.marinepartsystem.com\/es\/wp-json\/wp\/v2\/types\/product"}],"replies":[{"embeddable":true,"href":"https:\/\/wp.marinepartsystem.com\/es\/wp-json\/wp\/v2\/comments?post=48679"}],"wp:featuredmedia":[{"embeddable":true,"href":"https:\/\/wp.marinepartsystem.com\/es\/wp-json\/wp\/v2\/media\/48680"}],"wp:attachment":[{"href":"https:\/\/wp.marinepartsystem.com\/es\/wp-json\/wp\/v2\/media?parent=48679"}],"wp:term":[{"taxonomy":"product_brand","embeddable":true,"href":"https:\/\/wp.marinepartsystem.com\/es\/wp-json\/wp\/v2\/product_brand?post=48679"},{"taxonomy":"product_cat","embeddable":true,"href":"https:\/\/wp.marinepartsystem.com\/es\/wp-json\/wp\/v2\/product_cat?post=48679"},{"taxonomy":"product_tag","embeddable":true,"href":"https:\/\/wp.marinepartsystem.com\/es\/wp-json\/wp\/v2\/product_tag?post=48679"}],"curies":[{"name":"wp","href":"https:\/\/api.w.org\/{rel}","templated":true}]}}