{"id":48671,"date":"2026-04-24T14:04:05","date_gmt":"2026-04-24T14:04:05","guid":{"rendered":"https:\/\/wp.marinepartsystem.com\/product\/retenedor-del-mando-del-acelerador-yanmar-105311-67200\/"},"modified":"2026-04-24T14:04:05","modified_gmt":"2026-04-24T14:04:05","slug":"retenedor-del-mando-del-acelerador-yanmar-105311-67200","status":"publish","type":"product","link":"https:\/\/marinepartsystem.com\/es\/producto\/retenedor-del-mando-del-acelerador-yanmar-105311-67200","title":{"rendered":"Retenedor del mando del acelerador Yanmar - 105311-67200"},"content":{"rendered":"<p data-start=\"419\" data-end=\"592\">Este ret\u00e9n del mando del acelerador es una <strong data-start=\"455\" data-end=\"482\">pieza original Yanmar<\/strong> que se utiliza en el sistema de control remoto. Sujeta la articulaci\u00f3n del acelerador. <\/p>\n<h3 data-section-id=\"1tek5pd\" data-start=\"599\" data-end=\"622\"><\/h3>\n<h3 data-section-id=\"1tek5pd\" data-start=\"599\" data-end=\"622\">Informaci\u00f3n sobre el producto<\/h3>\n<p data-start=\"624\" data-end=\"716\">Parte del sistema de control remoto del acelerador<br data-start=\"662\" data-end=\"665\">Asegura la articulaci\u00f3n del acelerador<br data-start=\"689\" data-end=\"692\">Recambio directo OEM<\/p>\n<h3 data-section-id=\"94g5nh\" data-start=\"723\" data-end=\"749\"><\/h3>\n<h3 data-section-id=\"94g5nh\" data-start=\"723\" data-end=\"749\">N\u00famero de pieza OEM Yanmar<\/h3>\n<p data-start=\"751\" data-end=\"763\">105311-67200<\/p>\n<h3 data-section-id=\"15p7nyt\" data-start=\"770\" data-end=\"799\"><\/h3>\n<h3 data-section-id=\"15p7nyt\" data-start=\"770\" data-end=\"799\">Motores Yanmar compatibles<\/h3>\n<p data-start=\"801\" data-end=\"814\"><strong data-start=\"801\" data-end=\"814\">Serie GM<\/strong><\/p>\n<p data-start=\"816\" data-end=\"845\">1GM (7,5 CV)<br data-start=\"828\" data-end=\"831\">1GM10 (9 CV)<\/p>\n<p data-start=\"847\" data-end=\"934\">2GM (15 CV)<br data-start=\"858\" data-end=\"861\">2GM20 (18 CV)<br data-start=\"874\" data-end=\"877\">2GM20 EU (18 CV)<br data-start=\"893\" data-end=\"896\">2GM20 F (18 CV)<br data-start=\"911\" data-end=\"914\">2GM20 F EU (18 CV)<\/p>\n<p data-start=\"936\" data-end=\"1023\">3GM (22 CV)<br data-start=\"947\" data-end=\"950\">3GM30 (27 CV)<br data-start=\"963\" data-end=\"966\">3GM30 EU (27 CV)<br data-start=\"982\" data-end=\"985\">3GM30 F (27 CV)<br data-start=\"1000\" data-end=\"1003\">3GM30 F EU (27 CV)<\/p>\n<p data-start=\"1025\" data-end=\"1038\">\n<p data-start=\"1025\" data-end=\"1038\"><strong data-start=\"1025\" data-end=\"1038\">Serie HM<\/strong><\/p>\n<p data-start=\"1040\" data-end=\"1101\">3HM (30 CV)<br data-start=\"1051\" data-end=\"1054\">3HMF (30 CV)<br data-start=\"1066\" data-end=\"1069\">3HM35 (34 CV)<br data-start=\"1082\" data-end=\"1085\">3HM35F (34 CV)<\/p>\n<p data-start=\"1108\" data-end=\"1121\">\n<p data-start=\"1108\" data-end=\"1121\"><strong data-start=\"1108\" data-end=\"1121\">Serie JH<\/strong><\/p>\n<p data-start=\"1123\" data-end=\"1141\">3JH40-CR (40 CV)<\/p>\n<p data-start=\"1143\" data-end=\"1155\">Serie 4JH<\/p>\n<p data-start=\"1157\" data-end=\"1225\">4JH E (44 CV)<br data-start=\"1170\" data-end=\"1173\">4JH TE (55 CV)<br data-start=\"1187\" data-end=\"1190\">4JH HTE (66 CV)<br data-start=\"1205\" data-end=\"1208\">4JH DTE (77 CV)<\/p>\n<p data-start=\"1227\" data-end=\"1337\">4JH2(B)E (51 CV)<br data-start=\"1243\" data-end=\"1246\">4JH2T(B)E (63,2 CV)<br data-start=\"1265\" data-end=\"1268\">4JH2HT(B)E (76,1 CV)<br data-start=\"1288\" data-end=\"1291\">4JH2DT(B)E (88,4 CV)<br data-start=\"1311\" data-end=\"1314\">4JH2UT(B)E (100,6 CV)<\/p>\n<p data-start=\"1339\" data-end=\"1415\">4JH3E EU (56 CV)<br data-start=\"1355\" data-end=\"1358\">4JH3 TE (75 CV)<br data-start=\"1373\" data-end=\"1376\">4JH3 HTE (100 CV)<br data-start=\"1393\" data-end=\"1396\">4JH3 DTE (125 CV)<\/p>\n<p data-start=\"1417\" data-end=\"1489\">4JH4 E (54 CV)<br data-start=\"1431\" data-end=\"1434\">4JH4 AE (54 CV)<br data-start=\"1449\" data-end=\"1452\">4JH4 TE (75 CV)<br data-start=\"1467\" data-end=\"1470\">4JH4 HTE (110 CV)<\/p>\n<p data-start=\"1491\" data-end=\"1507\">4JH5 E (54 CV)<\/p>\n<p data-start=\"1509\" data-end=\"1586\">4JH45-CR (45 CV)<br data-start=\"1525\" data-end=\"1528\">4JH57-CR (57 CV)<br data-start=\"1544\" data-end=\"1547\">4JH80-CR (80 CV)<br data-start=\"1563\" data-end=\"1566\">4JH110-CR (110 CV)<\/p>\n<p data-start=\"1593\" data-end=\"1606\">\n<p data-start=\"1593\" data-end=\"1606\"><strong data-start=\"1593\" data-end=\"1606\">Serie LH<\/strong><\/p>\n<p data-start=\"1608\" data-end=\"1682\">4LH TE (110 CV)<br data-start=\"1623\" data-end=\"1626\">4LH HTE (140 CV)<br data-start=\"1642\" data-end=\"1645\">4LH DTE (170 CV)<br data-start=\"1661\" data-end=\"1664\">4LH STE (230 CV)<\/p>\n<p data-start=\"1684\" data-end=\"1803\">4LHA HTE (150 CV)<br data-start=\"1701\" data-end=\"1704\">4LHA HTP (160 CV)<br data-start=\"1721\" data-end=\"1724\">4LHA DTE (190 CV)<br data-start=\"1741\" data-end=\"1744\">4LHA DTP (200 CV)<br data-start=\"1761\" data-end=\"1764\">4LHA STE (230 CV)<br data-start=\"1781\" data-end=\"1784\">4LHA STP (240 CV)<\/p>\n","protected":false},"excerpt":{"rendered":"<p>Este ret\u00e9n del mando del acelerador es una pieza original Yanmar que se utiliza en el sistema de control remoto. Sujeta la articulaci\u00f3n del acelerador. Informaci\u00f3n sobre el producto Parte del sistema de control remoto del aceleradorAsegura la articulaci\u00f3n del aceleradorRecambio directo OEM N\u00famero de pieza OEM Yanmar 105311-67200 Motores Yanmar compatibles Serie GM 1GM [&hellip;]<\/p>\n","protected":false},"featured_media":48672,"comment_status":"open","ping_status":"closed","template":"","meta":[],"product_brand":[4235],"product_cat":[4449,4450,4451,4844,2518,4448],"product_tag":[],"class_list":{"0":"post-48671","1":"product","2":"type-product","3":"status-publish","4":"has-post-thumbnail","6":"product_brand-yanmar","7":"product_cat-piezas-1gm-1gm10","8":"product_cat-piezas-2gm-2gm20","9":"product_cat-piezas-3gm-3gm30","10":"product_cat-piezas-de-la-serie-gm","11":"product_cat-piezas-de-motor","12":"product_cat-yanmar","13":"pa_condition-nuevo","14":"pa_model-1gm","15":"pa_model-1gm10","16":"pa_model-1gm10c","17":"pa_model-1gmc","18":"pa_model-1gml","19":"pa_model-2gm","20":"pa_model-2gm20","21":"pa_model-2gm20f","22":"pa_model-2gm20fv","23":"pa_model-2gm20fve","24":"pa_model-2gm20v","25":"pa_model-2gm20ve","26":"pa_model-2gmf","27":"pa_model-3gm","28":"pa_model-3gm30","29":"pa_model-3gm30-yeu","30":"pa_model-3gm30b","31":"pa_model-3gm30c","32":"pa_model-3gm30c-yeu","33":"pa_model-3gm30f","34":"pa_model-3gm30f-yeu","35":"pa_model-3gm30fc-yeu","36":"pa_model-3gm30fv","37":"pa_model-3gm30fve","38":"pa_model-3gm30v","39":"pa_model-3gm30ve","40":"pa_model-3gmd","41":"pa_model-3gmdf","42":"pa_model-3gmf","43":"pa_model-3gmfle","44":"pa_model-3gmfy-e","45":"pa_model-3gmfye-e","46":"pa_model-3hm","47":"pa_model-3hm35","48":"pa_model-3hm35c","49":"pa_model-3hm35f","50":"pa_model-3hmf","51":"pa_model-3jh40","52":"pa_model-4jh","53":"pa_model-4jh-dte","54":"pa_model-4jh-e","55":"pa_model-4jh-hte","56":"pa_model-4jh-te","57":"pa_model-4jh110-cr","58":"pa_model-4jh2","59":"pa_model-4jh2-dtz","60":"pa_model-4jh2be","61":"pa_model-4jh2dte","62":"pa_model-4jh2e","63":"pa_model-4jh2hte","64":"pa_model-4jh2tbe","65":"pa_model-4jh2te","66":"pa_model-4jh2utbe","67":"pa_model-4jh2ute","68":"pa_model-4jh3","69":"pa_model-4jh3-dte","70":"pa_model-4jh3-e","71":"pa_model-4jh3-hte","72":"pa_model-4jh3-te","73":"pa_model-4jh3dte","74":"pa_model-4jh3hte","75":"pa_model-4jh4","76":"pa_model-4jh4-ae","77":"pa_model-4jh4-e","78":"pa_model-4jh4-hte","79":"pa_model-4jh4-te","80":"pa_model-4jh45-cr","81":"pa_model-4jh5-e","82":"pa_model-4jh57-cr","83":"pa_model-4jh80-cr","84":"pa_model-4lh","85":"pa_model-4lh-dte","86":"pa_model-4lh-hte","87":"pa_model-4lh-ste","88":"pa_model-4lh-te","89":"pa_model-4lha","90":"pa_model-4lha-dte","91":"pa_model-4lha-dtp","92":"pa_model-4lha-hte","93":"pa_model-4lha-htp","94":"pa_model-4lha-ste","95":"pa_model-4lha-stp","96":"pa_oem-or-aftermarket-oem","98":"first","99":"onbackorder","100":"taxable","101":"shipping-taxable","102":"purchasable","103":"product-type-simple"},"supplier_id":32143,"supplier_sku":"105311-67200","barcode":null,"atum_controlled":true,"out_stock_date":"2026-04-24 14:04:05","out_stock_threshold":null,"inheritable":false,"inbound_stock":0,"stock_on_hold":0,"sold_today":0,"sales_last_days":0,"reserved_stock":0,"customer_returns":0,"warehouse_damage":0,"lost_in_post":0,"other_logs":0,"out_stock_days":2,"lost_sales":0,"has_location":false,"update_date":"2026-04-26T20:01:42","atum_locations":[],"atum_stock_status":"onbackorder","restock_status":false,"low_stock_amount":0,"sales_update_date":"2026-04-26T20:01:42","calc_backorders":null,"_links":{"self":[{"href":"https:\/\/wp.marinepartsystem.com\/es\/wp-json\/wp\/v2\/product\/48671","targetHints":{"allow":["GET"]}}],"collection":[{"href":"https:\/\/wp.marinepartsystem.com\/es\/wp-json\/wp\/v2\/product"}],"about":[{"href":"https:\/\/wp.marinepartsystem.com\/es\/wp-json\/wp\/v2\/types\/product"}],"replies":[{"embeddable":true,"href":"https:\/\/wp.marinepartsystem.com\/es\/wp-json\/wp\/v2\/comments?post=48671"}],"wp:featuredmedia":[{"embeddable":true,"href":"https:\/\/wp.marinepartsystem.com\/es\/wp-json\/wp\/v2\/media\/48672"}],"wp:attachment":[{"href":"https:\/\/wp.marinepartsystem.com\/es\/wp-json\/wp\/v2\/media?parent=48671"}],"wp:term":[{"taxonomy":"product_brand","embeddable":true,"href":"https:\/\/wp.marinepartsystem.com\/es\/wp-json\/wp\/v2\/product_brand?post=48671"},{"taxonomy":"product_cat","embeddable":true,"href":"https:\/\/wp.marinepartsystem.com\/es\/wp-json\/wp\/v2\/product_cat?post=48671"},{"taxonomy":"product_tag","embeddable":true,"href":"https:\/\/wp.marinepartsystem.com\/es\/wp-json\/wp\/v2\/product_tag?post=48671"}],"curies":[{"name":"wp","href":"https:\/\/api.w.org\/{rel}","templated":true}]}}