{"id":48531,"date":"2026-04-10T08:30:13","date_gmt":"2026-04-10T08:30:13","guid":{"rendered":"https:\/\/marinepartsystem.com\/product\/juego-juntas-culata-yanmar-1gm10\/"},"modified":"2026-04-10T08:30:13","modified_gmt":"2026-04-10T08:30:13","slug":"juego-juntas-culata-yanmar-1gm10","status":"publish","type":"product","link":"https:\/\/marinepartsystem.com\/es\/producto\/juego-juntas-culata-yanmar-1gm10","title":{"rendered":"Juego Juntas Culata Yanmar 1GM10"},"content":{"rendered":"<p data-start=\"325\" data-end=\"571\">Este juego de juntas es un <strong data-start=\"346\" data-end=\"372\">juego original OEM Yanmar<\/strong> para la culata del motor di\u00e9sel marino 1GM10. Incluye todas las juntas, retenes de v\u00e1stago de v\u00e1lvula, piezas de sellado de inyectores y juntas t\u00f3ricas necesarias para el mantenimiento o la reconstrucci\u00f3n de la culata. <\/p>\n<p data-start=\"695\" data-end=\"739\">\n<p data-start=\"695\" data-end=\"739\">Se trata de un <strong data-start=\"708\" data-end=\"738\">producto original Yanmar OEM<\/strong>.<\/p>\n<h3 data-section-id=\"1ssw3g1\" data-start=\"746\" data-end=\"778\"><\/h3>\n<h3 data-section-id=\"1ssw3g1\" data-start=\"746\" data-end=\"778\">N\u00fameros de pieza Yanmar incluidos<\/h3>\n<p data-start=\"780\" data-end=\"853\">128171-01911 - Junta de culata<br data-start=\"815\" data-end=\"818\">128170-11310 - Junta de tapa de v\u00e1lvulas<\/p>\n<p data-start=\"855\" data-end=\"930\">124950-11340 - Junta del v\u00e1stago de la v\u00e1lvula<br data-start=\"885\" data-end=\"888\">124950-11450 - Junta de la c\u00e1mara de combusti\u00f3n<\/p>\n<p data-start=\"932\" data-end=\"981\">128275-11500 - Tapa<br data-start=\"952\" data-end=\"955\">128275-11490 - Aislador<\/p>\n<p data-start=\"983\" data-end=\"1030\">24341-000260 - Junta t\u00f3rica<br data-start=\"1004\" data-end=\"1007\">24321-000350 - Junta t\u00f3rica<\/p>\n<p data-start=\"1032\" data-end=\"1063\">22190-080002 - Arandela de estanqueidad<\/p>\n<p data-start=\"1065\" data-end=\"1136\">128170-13201 - Junta del tubo de escape<br data-start=\"1099\" data-end=\"1102\">104211-49160 - Junta del termostato<\/p>\n<h3 data-section-id=\"15p7nyt\" data-start=\"1143\" data-end=\"1172\">Motores Yanmar compatibles<\/h3>\n<p data-start=\"1174\" data-end=\"1186\">1GM10 (9 CV)<\/p>\n<p data-start=\"1567\" data-end=\"1662\" data-is-last-node=\"\" data-is-only-node=\"\"><strong>\u00bfPreguntas sobre compatibilidad o piezas de motores Yanmar? Nuestros especialistas marinos estar\u00e1n encantados de ayudarte.<\/strong><\/p>\n","protected":false},"excerpt":{"rendered":"<p>Este juego de juntas es un juego original OEM Yanmar para la culata del motor di\u00e9sel marino 1GM10. Incluye todas las juntas, retenes de v\u00e1stago de v\u00e1lvula, piezas de sellado de inyectores y juntas t\u00f3ricas necesarias para el mantenimiento o la reconstrucci\u00f3n de la culata. Se trata de un producto original Yanmar OEM. N\u00fameros de [&hellip;]<\/p>\n","protected":false},"featured_media":48532,"comment_status":"open","ping_status":"closed","template":"","meta":[],"product_brand":[4235],"product_cat":[3041,3040,4449,4844,2497,4448],"product_tag":[],"class_list":{"0":"post-48531","1":"product","2":"type-product","3":"status-publish","4":"has-post-thumbnail","6":"product_brand-yanmar","7":"product_cat-juntas-de-motor","8":"product_cat-kits-de-mantenimiento-y-reparacion","9":"product_cat-piezas-1gm-1gm10","10":"product_cat-piezas-de-la-serie-gm","11":"product_cat-piezas-de-mantenimiento-del-motor","12":"product_cat-yanmar","13":"pa_condition-nuevo","14":"pa_model-1gm10","15":"pa_model-1gm10c","16":"pa_oem-or-aftermarket-oem","18":"first","19":"onbackorder","20":"taxable","21":"shipping-taxable","22":"purchasable","23":"product-type-simple"},"supplier_id":32143,"supplier_sku":"1GM10_KOP","barcode":null,"atum_controlled":true,"out_stock_date":"2026-04-10 08:30:17","out_stock_threshold":null,"inheritable":false,"inbound_stock":0,"stock_on_hold":0,"sold_today":0,"sales_last_days":0,"reserved_stock":0,"customer_returns":0,"warehouse_damage":0,"lost_in_post":0,"other_logs":0,"out_stock_days":16,"lost_sales":0,"has_location":false,"update_date":"2026-04-26T20:01:42","atum_locations":[],"atum_stock_status":"onbackorder","restock_status":false,"low_stock_amount":0,"sales_update_date":"2026-04-26T20:01:42","calc_backorders":null,"_links":{"self":[{"href":"https:\/\/wp.marinepartsystem.com\/es\/wp-json\/wp\/v2\/product\/48531","targetHints":{"allow":["GET"]}}],"collection":[{"href":"https:\/\/wp.marinepartsystem.com\/es\/wp-json\/wp\/v2\/product"}],"about":[{"href":"https:\/\/wp.marinepartsystem.com\/es\/wp-json\/wp\/v2\/types\/product"}],"replies":[{"embeddable":true,"href":"https:\/\/wp.marinepartsystem.com\/es\/wp-json\/wp\/v2\/comments?post=48531"}],"wp:featuredmedia":[{"embeddable":true,"href":"https:\/\/wp.marinepartsystem.com\/es\/wp-json\/wp\/v2\/media\/48532"}],"wp:attachment":[{"href":"https:\/\/wp.marinepartsystem.com\/es\/wp-json\/wp\/v2\/media?parent=48531"}],"wp:term":[{"taxonomy":"product_brand","embeddable":true,"href":"https:\/\/wp.marinepartsystem.com\/es\/wp-json\/wp\/v2\/product_brand?post=48531"},{"taxonomy":"product_cat","embeddable":true,"href":"https:\/\/wp.marinepartsystem.com\/es\/wp-json\/wp\/v2\/product_cat?post=48531"},{"taxonomy":"product_tag","embeddable":true,"href":"https:\/\/wp.marinepartsystem.com\/es\/wp-json\/wp\/v2\/product_tag?post=48531"}],"curies":[{"name":"wp","href":"https:\/\/api.w.org\/{rel}","templated":true}]}}