{"id":48520,"date":"2026-04-10T08:18:19","date_gmt":"2026-04-10T08:18:19","guid":{"rendered":"https:\/\/marinepartsystem.com\/product\/juego-juntas-bloque-motor-yanmar-1gm10\/"},"modified":"2026-04-10T08:18:19","modified_gmt":"2026-04-10T08:18:19","slug":"juego-juntas-bloque-motor-yanmar-1gm10","status":"publish","type":"product","link":"https:\/\/marinepartsystem.com\/es\/producto\/juego-juntas-bloque-motor-yanmar-1gm10","title":{"rendered":"Juego Juntas Bloque Motor Yanmar 1GM10"},"content":{"rendered":"<div class=\"flex flex-col text-sm pb-25\">\n<section class=\"text-token-text-primary w-full focus:outline-none [--shadow-height:45px] has-data-writing-block:pointer-events-none has-data-writing-block:-mt-(--shadow-height) has-data-writing-block:pt-(--shadow-height) [&amp;:has([data-writing-block])&gt;*]:pointer-events-auto scroll-mt-[calc(var(--header-height)+min(200px,max(70px,20svh)))]\" dir=\"auto\" data-turn-id=\"request-69a2c9b3-06b8-8389-b2ee-26eb12f8a713-10\" data-testid=\"conversation-turn-174\" data-scroll-anchor=\"true\" data-turn=\"assistant\">\n<div class=\"text-base my-auto mx-auto pb-10 [--thread-content-margin:var(--thread-content-margin-xs,calc(var(--spacing)*4))] @w-sm\/main:[--thread-content-margin:var(--thread-content-margin-sm,calc(var(--spacing)*6))] @w-lg\/main:[--thread-content-margin:var(--thread-content-margin-lg,calc(var(--spacing)*16))] px-(--thread-content-margin)\">\n<div class=\"[--thread-content-max-width:40rem] @w-lg\/main:[--thread-content-max-width:48rem] mx-auto max-w-(--thread-content-max-width) flex-1 group\/turn-messages focus-visible:outline-hidden relative flex w-full min-w-0 flex-col agent-turn\">\n<div class=\"flex max-w-full flex-col gap-4 grow\">\n<div class=\"min-h-8 text-message relative flex w-full flex-col items-end gap-2 text-start break-words whitespace-normal outline-none keyboard-focused:focus-ring [.text-message+&amp;]:mt-1\" dir=\"auto\" tabindex=\"0\" data-message-author-role=\"assistant\" data-message-id=\"4ffb93e6-c11d-49a9-982b-8037148e39c7\" data-message-model-slug=\"gpt-5-3\" data-turn-start-message=\"true\">\n<div class=\"flex w-full flex-col gap-1 empty:hidden\">\n<div class=\"markdown prose dark:prose-invert w-full wrap-break-word dark markdown-new-styling\">\n<p data-start=\"313\" data-end=\"530\">Este juego de juntas es un <strong data-start=\"334\" data-end=\"360\">juego original OEM Yanmar<\/strong> para el bloque motor del motor di\u00e9sel marino 1GM10. Incluye todas las juntas, retenes de aceite y juntas t\u00f3ricas necesarias para trabajar o reconstruir el bloque motor. <\/p>\n<p data-start=\"313\" data-end=\"530\">\n<p data-start=\"667\" data-end=\"711\">Se trata de un <strong data-start=\"680\" data-end=\"710\">producto original Yanmar OEM<\/strong>.<\/p>\n<h3 data-section-id=\"1ssw3g1\" data-start=\"718\" data-end=\"750\"><\/h3>\n<h3 data-section-id=\"1ssw3g1\" data-start=\"718\" data-end=\"750\">N\u00fameros de pieza Yanmar incluidos<\/h3>\n<p data-start=\"752\" data-end=\"920\"><br data-start=\"816\" data-end=\"819\">128170-01751 - Junta del c\u00e1rter de aceite<br data-start=\"782\" data-end=\"785\">0 128170-01511 - Junta de la caja de engranajes 1 128170-32030 - Junta de la bomba de aceite<br data-start=\"849\" data-end=\"852\">121520-01851 - Junta de la bomba de alimentaci\u00f3n<br data-start=\"883\" data-end=\"886\">104211-49160 - Junta del termostato<\/p>\n<p data-start=\"922\" data-end=\"992\">105225-02020 - Junta t\u00f3rica (alojamiento del cojinete principal)<br data-start=\"966\" data-end=\"969\">24321-000350 - Junta t\u00f3rica<\/p>\n<p data-start=\"994\" data-end=\"1063\">121450-01801 - Ret\u00e9n de aceite<br data-start=\"1017\" data-end=\"1020\">129795-42820 - Ret\u00e9n<br data-start=\"1039\" data-end=\"1042\">124085-02220 - Ret\u00e9n<\/p>\n<h3 data-section-id=\"15p7nyt\" data-start=\"1070\" data-end=\"1099\"><\/h3>\n<h3 data-section-id=\"15p7nyt\" data-start=\"1070\" data-end=\"1099\">Motores Yanmar compatibles<\/h3>\n<p data-start=\"1101\" data-end=\"1113\">1GM10 (9 CV)<\/p>\n<p data-start=\"1470\" data-end=\"1565\" data-is-last-node=\"\" data-is-only-node=\"\">\n<p data-start=\"1470\" data-end=\"1565\" data-is-last-node=\"\" data-is-only-node=\"\"><strong>\u00bfPreguntas sobre compatibilidad o piezas de motores Yanmar? Nuestros especialistas marinos estar\u00e1n encantados de ayudarte.<\/strong><\/p>\n<\/div>\n<\/div>\n<\/div>\n<\/div>\n<div class=\"z-0 flex min-h-[46px] justify-start\"><\/div>\n<div class=\"mt-3 w-full empty:hidden\">\n<div class=\"text-center\"><\/div>\n<\/div>\n<\/div>\n<\/div>\n<\/section>\n<\/div>\n<div class=\"pointer-events-none h-px w-px absolute bottom-0\" aria-hidden=\"true\" data-edge=\"true\"><\/div>\n","protected":false},"excerpt":{"rendered":"<p>Este juego de juntas es un juego original OEM Yanmar para el bloque motor del motor di\u00e9sel marino 1GM10. Incluye todas las juntas, retenes de aceite y juntas t\u00f3ricas necesarias para trabajar o reconstruir el bloque motor. Se trata de un producto original Yanmar OEM. N\u00fameros de pieza Yanmar incluidos 128170-01751 - Junta del c\u00e1rter [&hellip;]<\/p>\n","protected":false},"featured_media":48521,"comment_status":"open","ping_status":"closed","template":"","meta":[],"product_brand":[4235],"product_cat":[3041,3040,4449,4844,4448],"product_tag":[],"class_list":{"0":"post-48520","1":"product","2":"type-product","3":"status-publish","4":"has-post-thumbnail","6":"product_brand-yanmar","7":"product_cat-juntas-de-motor","8":"product_cat-kits-de-mantenimiento-y-reparacion","9":"product_cat-piezas-1gm-1gm10","10":"product_cat-piezas-de-la-serie-gm","11":"product_cat-yanmar","12":"pa_condition-nuevo","13":"pa_model-1gm10","14":"pa_model-1gm10c","15":"pa_oem-or-aftermarket-oem","17":"first","18":"onbackorder","19":"taxable","20":"shipping-taxable","21":"purchasable","22":"product-type-simple"},"supplier_id":32143,"supplier_sku":"1GM10_BLOK","barcode":null,"atum_controlled":true,"out_stock_date":"2026-04-10 08:18:23","out_stock_threshold":null,"inheritable":false,"inbound_stock":0,"stock_on_hold":0,"sold_today":0,"sales_last_days":0,"reserved_stock":0,"customer_returns":0,"warehouse_damage":0,"lost_in_post":0,"other_logs":0,"out_stock_days":16,"lost_sales":0,"has_location":false,"update_date":"2026-04-26T20:01:42","atum_locations":[],"atum_stock_status":"onbackorder","restock_status":false,"low_stock_amount":0,"sales_update_date":"2026-04-26T20:01:42","calc_backorders":null,"_links":{"self":[{"href":"https:\/\/wp.marinepartsystem.com\/es\/wp-json\/wp\/v2\/product\/48520","targetHints":{"allow":["GET"]}}],"collection":[{"href":"https:\/\/wp.marinepartsystem.com\/es\/wp-json\/wp\/v2\/product"}],"about":[{"href":"https:\/\/wp.marinepartsystem.com\/es\/wp-json\/wp\/v2\/types\/product"}],"replies":[{"embeddable":true,"href":"https:\/\/wp.marinepartsystem.com\/es\/wp-json\/wp\/v2\/comments?post=48520"}],"wp:featuredmedia":[{"embeddable":true,"href":"https:\/\/wp.marinepartsystem.com\/es\/wp-json\/wp\/v2\/media\/48521"}],"wp:attachment":[{"href":"https:\/\/wp.marinepartsystem.com\/es\/wp-json\/wp\/v2\/media?parent=48520"}],"wp:term":[{"taxonomy":"product_brand","embeddable":true,"href":"https:\/\/wp.marinepartsystem.com\/es\/wp-json\/wp\/v2\/product_brand?post=48520"},{"taxonomy":"product_cat","embeddable":true,"href":"https:\/\/wp.marinepartsystem.com\/es\/wp-json\/wp\/v2\/product_cat?post=48520"},{"taxonomy":"product_tag","embeddable":true,"href":"https:\/\/wp.marinepartsystem.com\/es\/wp-json\/wp\/v2\/product_tag?post=48520"}],"curies":[{"name":"wp","href":"https:\/\/api.w.org\/{rel}","templated":true}]}}