{"id":48348,"date":"2026-04-01T13:07:52","date_gmt":"2026-04-01T13:07:52","guid":{"rendered":"https:\/\/marinepartsystem.com\/product\/junta-torica-yanmar-serie-gm-24321-000350\/"},"modified":"2026-04-01T13:07:52","modified_gmt":"2026-04-01T13:07:52","slug":"junta-torica-yanmar-serie-gm-24321-000350","status":"publish","type":"product","link":"https:\/\/marinepartsystem.com\/es\/producto\/junta-torica-yanmar-serie-gm-24321-000350","title":{"rendered":"Junta t\u00f3rica Yanmar Serie GM - 24321-000350"},"content":{"rendered":"<div class=\"flex flex-col text-sm pb-25\">\n<section class=\"text-token-text-primary w-full focus:outline-none [--shadow-height:45px] has-data-writing-block:pointer-events-none has-data-writing-block:-mt-(--shadow-height) has-data-writing-block:pt-(--shadow-height) [&amp;:has([data-writing-block])&gt;*]:pointer-events-auto scroll-mt-[calc(var(--header-height)+min(200px,max(70px,20svh)))]\" dir=\"auto\" data-turn-id=\"request-69a2c9b3-06b8-8389-b2ee-26eb12f8a713-5\" data-testid=\"conversation-turn-162\" data-scroll-anchor=\"true\" data-turn=\"assistant\">\n<div class=\"text-base my-auto mx-auto pb-10 [--thread-content-margin:var(--thread-content-margin-xs,calc(var(--spacing)*4))] @w-sm\/main:[--thread-content-margin:var(--thread-content-margin-sm,calc(var(--spacing)*6))] @w-lg\/main:[--thread-content-margin:var(--thread-content-margin-lg,calc(var(--spacing)*16))] px-(--thread-content-margin)\">\n<div class=\"[--thread-content-max-width:40rem] @w-lg\/main:[--thread-content-max-width:48rem] mx-auto max-w-(--thread-content-max-width) flex-1 group\/turn-messages focus-visible:outline-hidden relative flex w-full min-w-0 flex-col agent-turn\">\n<div class=\"flex max-w-full flex-col gap-4 grow\">\n<div class=\"min-h-8 text-message relative flex w-full flex-col items-end gap-2 text-start break-words whitespace-normal outline-none keyboard-focused:focus-ring [.text-message+&amp;]:mt-1\" dir=\"auto\" tabindex=\"0\" data-message-author-role=\"assistant\" data-message-id=\"241f11bb-fb7e-49ea-bd09-9bc62f6c668a\" data-message-model-slug=\"gpt-5-3\" data-turn-start-message=\"true\">\n<div class=\"flex w-full flex-col gap-1 empty:hidden\">\n<div class=\"markdown prose dark:prose-invert w-full wrap-break-word dark markdown-new-styling\">\n<p data-start=\"337\" data-end=\"555\">Esta junta t\u00f3rica es una <strong data-start=\"354\" data-end=\"381\">pieza original OEM Yanmar<\/strong> que se utiliza en m\u00faltiples aplicaciones de los motores diesel marinos de la serie GM. Se utiliza principalmente para sellar el tap\u00f3n de llenado de aceite y tambi\u00e9n se utiliza en la bomba impeller del 1GM10. <\/p>\n<p data-start=\"698\" data-end=\"742\">\n<p data-start=\"698\" data-end=\"742\">Se trata de un <strong data-start=\"711\" data-end=\"741\">producto original Yanmar OEM<\/strong>.<\/p>\n<h3 data-section-id=\"94g5nh\" data-start=\"749\" data-end=\"775\"><\/h3>\n<h3 data-section-id=\"94g5nh\" data-start=\"749\" data-end=\"775\">N\u00famero de pieza OEM Yanmar<\/h3>\n<p data-start=\"777\" data-end=\"789\">24321-000350<\/p>\n<h3 data-section-id=\"15p7nyt\" data-start=\"796\" data-end=\"825\">Motores Yanmar compatibles<\/h3>\n<p data-start=\"827\" data-end=\"856\">1GM (7,5 CV)<br data-start=\"839\" data-end=\"842\">1GM10 (9 CV)<\/p>\n<p data-start=\"858\" data-end=\"945\">2GM (15 CV)<br data-start=\"869\" data-end=\"872\">2GM20 (18 CV)<br data-start=\"885\" data-end=\"888\">2GM20 EU (18 CV)<br data-start=\"904\" data-end=\"907\">2GM20 F (18 CV)<br data-start=\"922\" data-end=\"925\">2GM20 F EU (18 CV)<\/p>\n<p data-start=\"947\" data-end=\"1034\">3GM (22 CV)<br data-start=\"958\" data-end=\"961\">3GM30 (27 CV)<br data-start=\"974\" data-end=\"977\">3GM30 EU (27 CV)<br data-start=\"993\" data-end=\"996\">3GM30 F (27 CV)<br data-start=\"1011\" data-end=\"1014\">3GM30 F EU (27 CV)<\/p>\n<p data-start=\"1185\" data-end=\"1280\" data-is-last-node=\"\" data-is-only-node=\"\"><strong>\u00bfPreguntas sobre compatibilidad o piezas de motores Yanmar? Nuestros especialistas marinos estar\u00e1n encantados de ayudarte.<\/strong><\/p>\n<\/div>\n<\/div>\n<\/div>\n<\/div>\n<div class=\"z-0 flex min-h-[46px] justify-start\"><\/div>\n<div class=\"mt-3 w-full empty:hidden\">\n<div class=\"text-center\"><\/div>\n<\/div>\n<\/div>\n<\/div>\n<\/section>\n<\/div>\n<div class=\"pointer-events-none h-px w-px absolute bottom-0\" aria-hidden=\"true\" data-edge=\"true\"><\/div>\n","protected":false},"excerpt":{"rendered":"<p>Esta junta t\u00f3rica es una pieza original OEM Yanmar que se utiliza en m\u00faltiples aplicaciones de los motores diesel marinos de la serie GM. Se utiliza principalmente para sellar el tap\u00f3n de llenado de aceite y tambi\u00e9n se utiliza en la bomba impeller del 1GM10. Se trata de un producto original Yanmar OEM. N\u00famero de [&hellip;]<\/p>\n","protected":false},"featured_media":48349,"comment_status":"open","ping_status":"closed","template":"","meta":[],"product_brand":[4235],"product_cat":[3041,3040,3213,2497],"product_tag":[],"class_list":{"0":"post-48348","1":"product","2":"type-product","3":"status-publish","4":"has-post-thumbnail","6":"product_brand-yanmar","7":"product_cat-juntas-de-motor","8":"product_cat-kits-de-mantenimiento-y-reparacion","9":"product_cat-piezas-de-la-bomba-de-agua","10":"product_cat-piezas-de-mantenimiento-del-motor","11":"pa_condition-nuevo","12":"pa_model-1gm","13":"pa_model-1gm10","14":"pa_model-1gm10c","15":"pa_model-1gmc","16":"pa_model-1gml","17":"pa_model-2gm","18":"pa_model-2gm20","19":"pa_model-2gm20f","20":"pa_model-2gm20fv","21":"pa_model-2gm20fve","22":"pa_model-2gm20v","23":"pa_model-2gm20ve","24":"pa_model-2gmf","25":"pa_model-3gm","26":"pa_model-3gm30","27":"pa_model-3gm30-yeu","28":"pa_model-3gm30b","29":"pa_model-3gm30c","30":"pa_model-3gm30c-yeu","31":"pa_model-3gm30f","32":"pa_model-3gm30f-yeu","33":"pa_model-3gm30fc-yeu","34":"pa_model-3gm30fv","35":"pa_model-3gm30fve","36":"pa_model-3gm30v","37":"pa_model-3gm30ve","38":"pa_model-3gmd","39":"pa_model-3gmdf","40":"pa_model-3gmf","41":"pa_model-3gmfle","42":"pa_model-3gmfy-e","43":"pa_model-3gmfye-e","44":"pa_oem-or-aftermarket-oem","46":"first","47":"onbackorder","48":"taxable","49":"shipping-taxable","50":"purchasable","51":"product-type-simple"},"supplier_id":32143,"supplier_sku":"24321-000350","barcode":null,"atum_controlled":true,"out_stock_date":"2026-04-01 13:07:57","out_stock_threshold":null,"inheritable":false,"inbound_stock":0,"stock_on_hold":0,"sold_today":0,"sales_last_days":0,"reserved_stock":0,"customer_returns":0,"warehouse_damage":0,"lost_in_post":0,"other_logs":0,"out_stock_days":25,"lost_sales":0,"has_location":false,"update_date":"2026-04-26T20:01:42","atum_locations":[],"atum_stock_status":"onbackorder","restock_status":false,"low_stock_amount":0,"sales_update_date":"2026-04-26T20:01:42","calc_backorders":0,"_links":{"self":[{"href":"https:\/\/wp.marinepartsystem.com\/es\/wp-json\/wp\/v2\/product\/48348","targetHints":{"allow":["GET"]}}],"collection":[{"href":"https:\/\/wp.marinepartsystem.com\/es\/wp-json\/wp\/v2\/product"}],"about":[{"href":"https:\/\/wp.marinepartsystem.com\/es\/wp-json\/wp\/v2\/types\/product"}],"replies":[{"embeddable":true,"href":"https:\/\/wp.marinepartsystem.com\/es\/wp-json\/wp\/v2\/comments?post=48348"}],"wp:featuredmedia":[{"embeddable":true,"href":"https:\/\/wp.marinepartsystem.com\/es\/wp-json\/wp\/v2\/media\/48349"}],"wp:attachment":[{"href":"https:\/\/wp.marinepartsystem.com\/es\/wp-json\/wp\/v2\/media?parent=48348"}],"wp:term":[{"taxonomy":"product_brand","embeddable":true,"href":"https:\/\/wp.marinepartsystem.com\/es\/wp-json\/wp\/v2\/product_brand?post=48348"},{"taxonomy":"product_cat","embeddable":true,"href":"https:\/\/wp.marinepartsystem.com\/es\/wp-json\/wp\/v2\/product_cat?post=48348"},{"taxonomy":"product_tag","embeddable":true,"href":"https:\/\/wp.marinepartsystem.com\/es\/wp-json\/wp\/v2\/product_tag?post=48348"}],"curies":[{"name":"wp","href":"https:\/\/api.w.org\/{rel}","templated":true}]}}