{"id":48296,"date":"2026-03-31T13:51:47","date_gmt":"2026-03-31T13:51:47","guid":{"rendered":"https:\/\/marinepartsystem.com\/product\/juego-de-cojinetes-yanmar-1gm10-oem\/"},"modified":"2026-03-31T13:51:47","modified_gmt":"2026-03-31T13:51:47","slug":"juego-de-cojinetes-yanmar-1gm10-oem","status":"publish","type":"product","link":"https:\/\/marinepartsystem.com\/es\/producto\/juego-de-cojinetes-yanmar-1gm10-oem","title":{"rendered":"Juego de cojinetes Yanmar 1GM10 (OEM)"},"content":{"rendered":"<p data-start=\"325\" data-end=\"563\">Este juego de cojinetes es un <strong data-start=\"347\" data-end=\"366\">juego OEM original<\/strong> para <span class=\"hover:entity-accent entity-underline inline cursor-pointer align-baseline\"><span class=\"whitespace-normal\">Yanmar<\/span><\/span> motores diesel marinos 1GM10. El juego incluye todos los cojinetes esenciales necesarios para el soporte del cig\u00fce\u00f1al y la biela durante la revisi\u00f3n o reconstrucci\u00f3n del motor. <\/p>\n<p data-start=\"325\" data-end=\"563\">\n<p data-start=\"687\" data-end=\"742\">Este juego contiene <strong data-start=\"708\" data-end=\"741\">componentes originales Yanmar OEM<\/strong>.<\/p>\n<h3 data-section-id=\"1ssw3g1\" data-start=\"749\" data-end=\"781\"><\/h3>\n<h3 data-section-id=\"1ssw3g1\" data-start=\"749\" data-end=\"781\">N\u00fameros de pieza Yanmar incluidos<\/h3>\n<p data-start=\"783\" data-end=\"962\">121450-02100 - Cojinete principal<br data-start=\"810\" data-end=\"813\">121450-02110 - Cojinete trasero<br data-start=\"840\" data-end=\"843\">128170-02090 - Cojinete intermedio 1<br data-start=\"880\" data-end=\"883\">104200-02110 - Cojinete intermedio 2<br data-start=\"920\" data-end=\"923\">705311-23600 - Cojinete de biela<\/p>\n<h3 data-section-id=\"15p7nyt\" data-start=\"969\" data-end=\"998\">Motores Yanmar compatibles<\/h3>\n<p data-start=\"1000\" data-end=\"1012\">1GM10 (9 CV)<\/p>\n<h3 data-section-id=\"1tek5pd\" data-start=\"1019\" data-end=\"1042\">Informaci\u00f3n sobre el producto<\/h3>\n<p data-start=\"1044\" data-end=\"1162\">Juego completo de cojinetes para reconstruir el motor<br data-start=\"1083\" data-end=\"1086\">Incluye cojinetes de cig\u00fce\u00f1al y biela<br data-start=\"1133\" data-end=\"1136\">Componentes de precisi\u00f3n OEM<\/p>\n<p data-start=\"1369\" data-end=\"1464\" data-is-last-node=\"\" data-is-only-node=\"\"><strong>\u00bfPreguntas sobre compatibilidad o piezas de motores Yanmar? Nuestros especialistas marinos estar\u00e1n encantados de ayudarte.<\/strong><\/p>\n","protected":false},"excerpt":{"rendered":"<p>Este juego de cojinetes es un juego OEM original para Yanmar motores diesel marinos 1GM10. El juego incluye todos los cojinetes esenciales necesarios para el soporte del cig\u00fce\u00f1al y la biela durante la revisi\u00f3n o reconstrucci\u00f3n del motor. Este juego contiene componentes originales Yanmar OEM. N\u00fameros de pieza Yanmar incluidos 121450-02100 - Cojinete principal121450-02110 - [&hellip;]<\/p>\n","protected":false},"featured_media":48297,"comment_status":"open","ping_status":"closed","template":"","meta":[],"product_brand":[4235],"product_cat":[4449,4844,4448],"product_tag":[],"class_list":{"0":"post-48296","1":"product","2":"type-product","3":"status-publish","4":"has-post-thumbnail","6":"product_brand-yanmar","7":"product_cat-piezas-1gm-1gm10","8":"product_cat-piezas-de-la-serie-gm","9":"product_cat-yanmar","10":"pa_condition-nuevo","11":"pa_model-1gm","12":"pa_model-1gm10","13":"pa_model-1gm10c","14":"pa_model-1gmc","15":"pa_model-1gml","16":"pa_oem-or-aftermarket-oem","18":"first","19":"onbackorder","20":"taxable","21":"shipping-taxable","22":"purchasable","23":"product-type-simple"},"supplier_id":32143,"supplier_sku":"1GM10_LAGER","barcode":null,"atum_controlled":true,"out_stock_date":"2026-03-31 13:51:50","out_stock_threshold":null,"inheritable":false,"inbound_stock":0,"stock_on_hold":0,"sold_today":0,"sales_last_days":0,"reserved_stock":0,"customer_returns":0,"warehouse_damage":0,"lost_in_post":0,"other_logs":0,"out_stock_days":26,"lost_sales":0,"has_location":false,"update_date":"2026-04-26T20:02:56","atum_locations":[],"atum_stock_status":"onbackorder","restock_status":false,"low_stock_amount":0,"sales_update_date":"2026-04-26T20:02:56","calc_backorders":null,"_links":{"self":[{"href":"https:\/\/wp.marinepartsystem.com\/es\/wp-json\/wp\/v2\/product\/48296","targetHints":{"allow":["GET"]}}],"collection":[{"href":"https:\/\/wp.marinepartsystem.com\/es\/wp-json\/wp\/v2\/product"}],"about":[{"href":"https:\/\/wp.marinepartsystem.com\/es\/wp-json\/wp\/v2\/types\/product"}],"replies":[{"embeddable":true,"href":"https:\/\/wp.marinepartsystem.com\/es\/wp-json\/wp\/v2\/comments?post=48296"}],"wp:featuredmedia":[{"embeddable":true,"href":"https:\/\/wp.marinepartsystem.com\/es\/wp-json\/wp\/v2\/media\/48297"}],"wp:attachment":[{"href":"https:\/\/wp.marinepartsystem.com\/es\/wp-json\/wp\/v2\/media?parent=48296"}],"wp:term":[{"taxonomy":"product_brand","embeddable":true,"href":"https:\/\/wp.marinepartsystem.com\/es\/wp-json\/wp\/v2\/product_brand?post=48296"},{"taxonomy":"product_cat","embeddable":true,"href":"https:\/\/wp.marinepartsystem.com\/es\/wp-json\/wp\/v2\/product_cat?post=48296"},{"taxonomy":"product_tag","embeddable":true,"href":"https:\/\/wp.marinepartsystem.com\/es\/wp-json\/wp\/v2\/product_tag?post=48296"}],"curies":[{"name":"wp","href":"https:\/\/api.w.org\/{rel}","templated":true}]}}