{"id":48254,"date":"2026-03-30T12:16:11","date_gmt":"2026-03-30T12:16:11","guid":{"rendered":"https:\/\/marinepartsystem.com\/product\/juego-de-juntas-de-inyectores-yanmar-serie-gm\/"},"modified":"2026-03-30T12:16:11","modified_gmt":"2026-03-30T12:16:11","slug":"juego-de-juntas-de-inyectores-yanmar-serie-gm","status":"publish","type":"product","link":"https:\/\/marinepartsystem.com\/es\/producto\/juego-de-juntas-de-inyectores-yanmar-serie-gm","title":{"rendered":"Juego de juntas de inyectores Yanmar Serie GM"},"content":{"rendered":"<div class=\"flex flex-col text-sm pb-25\">\n<section class=\"text-token-text-primary w-full focus:outline-none [--shadow-height:45px] has-data-writing-block:pointer-events-none has-data-writing-block:-mt-(--shadow-height) has-data-writing-block:pt-(--shadow-height) [&amp;:has([data-writing-block])&gt;*]:pointer-events-auto scroll-mt-[calc(var(--header-height)+min(200px,max(70px,20svh)))]\" dir=\"auto\" data-turn-id=\"request-69a2c9b3-06b8-8389-b2ee-26eb12f8a713-46\" data-testid=\"conversation-turn-140\" data-scroll-anchor=\"true\" data-turn=\"assistant\">\n<div class=\"text-base my-auto mx-auto pb-10 [--thread-content-margin:var(--thread-content-margin-xs,calc(var(--spacing)*4))] @w-sm\/main:[--thread-content-margin:var(--thread-content-margin-sm,calc(var(--spacing)*6))] @w-lg\/main:[--thread-content-margin:var(--thread-content-margin-lg,calc(var(--spacing)*16))] px-(--thread-content-margin)\">\n<div class=\"[--thread-content-max-width:40rem] @w-lg\/main:[--thread-content-max-width:48rem] mx-auto max-w-(--thread-content-max-width) flex-1 group\/turn-messages focus-visible:outline-hidden relative flex w-full min-w-0 flex-col agent-turn\">\n<div class=\"flex max-w-full flex-col gap-4 grow\">\n<div class=\"min-h-8 text-message relative flex w-full flex-col items-end gap-2 text-start break-words whitespace-normal outline-none keyboard-focused:focus-ring [.text-message+&amp;]:mt-1\" dir=\"auto\" tabindex=\"0\" data-message-author-role=\"assistant\" data-message-id=\"3f4b7ab9-7ed4-4f80-917e-82c7d6b9b075\" data-message-model-slug=\"gpt-5-3\" data-turn-start-message=\"true\">\n<div class=\"flex w-full flex-col gap-1 empty:hidden\">\n<div class=\"markdown prose dark:prose-invert w-full wrap-break-word dark markdown-new-styling\">\n<p data-start=\"368\" data-end=\"592\">Este juego de juntas de inyector es una <strong data-start=\"398\" data-end=\"422\">soluci\u00f3n original OEM<\/strong> para <span class=\"hover:entity-accent entity-underline inline cursor-pointer align-baseline\"><span class=\"whitespace-normal\">Yanmar<\/span><\/span> motores diesel marinos de la serie GM. El juego contiene todos los componentes de sellado necesarios para la correcta instalaci\u00f3n de un solo inyector. <\/p>\n<p data-start=\"594\" data-end=\"733\">El kit incluye arandelas de cobre, un escudo t\u00e9rmico (aislante) y una junta t\u00f3rica para garantizar un sellado correcto y evitar fugas alrededor del inyector.<\/p>\n<p data-start=\"735\" data-end=\"856\">Cada juego sirve para <strong data-start=\"760\" data-end=\"776\">un inyector<\/strong>. Determina el n\u00famero de juegos necesarios en funci\u00f3n del n\u00famero de cilindros del motor. <\/p>\n<p data-start=\"858\" data-end=\"938\">Componentes OEM Yanmar para una estanqueidad fiable y una instalaci\u00f3n correcta del inyector.<\/p>\n<h3 data-section-id=\"1ssw3g1\" data-start=\"945\" data-end=\"977\">N\u00fameros de pieza Yanmar incluidos<\/h3>\n<p data-start=\"979\" data-end=\"1054\">2 \u00d7 124950-11450<br data-start=\"995\" data-end=\"998\">1 \u00d7 128275-11500<br data-start=\"1014\" data-end=\"1017\">1 \u00d7 128275-11490<br data-start=\"1033\" data-end=\"1036\">1 \u00d7 24341-000260<\/p>\n<h3 data-section-id=\"15p7nyt\" data-start=\"1061\" data-end=\"1090\"><\/h3>\n<h3 data-section-id=\"15p7nyt\" data-start=\"1061\" data-end=\"1090\">Motores Yanmar compatibles<\/h3>\n<p data-start=\"1092\" data-end=\"1121\">1GM (7,5 CV)<br data-start=\"1104\" data-end=\"1107\">1GM10 (9 CV)<\/p>\n<p data-start=\"1123\" data-end=\"1210\">2GM (15 CV)<br data-start=\"1134\" data-end=\"1137\">2GM20 (18 CV)<br data-start=\"1150\" data-end=\"1153\">2GM20 EU (18 CV)<br data-start=\"1169\" data-end=\"1172\">2GM20 F (18 CV)<br data-start=\"1187\" data-end=\"1190\">2GM20 F EU (18 CV)<\/p>\n<p data-start=\"1212\" data-end=\"1299\">3GM (22 CV)<br data-start=\"1223\" data-end=\"1226\">3GM30 (27 CV)<br data-start=\"1239\" data-end=\"1242\">3GM30 EU (27 CV)<br data-start=\"1258\" data-end=\"1261\">3GM30 F (27 CV)<br data-start=\"1276\" data-end=\"1279\">3GM30 F EU (27 CV)<\/p>\n<h3 data-section-id=\"1tek5pd\" data-start=\"1306\" data-end=\"1329\"><\/h3>\n<h3 data-section-id=\"1tek5pd\" data-start=\"1306\" data-end=\"1329\">Informaci\u00f3n sobre el producto<\/h3>\n<p data-start=\"1331\" data-end=\"1431\">Kit completo de sellado de inyectores<br data-start=\"1360\" data-end=\"1363\">Juego para 1 inyector<br data-start=\"1381\" data-end=\"1384\">Incluye arandelas de cobre, aislante y junta t\u00f3rica<\/p>\n<p data-start=\"1484\" data-end=\"1654\">\n<p data-start=\"1656\" data-end=\"1751\" data-is-last-node=\"\" data-is-only-node=\"\"><strong>\u00bfPreguntas sobre compatibilidad o piezas de motores Yanmar? Nuestros especialistas marinos estar\u00e1n encantados de ayudarte.<\/strong><\/p>\n<\/div>\n<\/div>\n<\/div>\n<\/div>\n<div class=\"z-0 flex min-h-[46px] justify-start\"><\/div>\n<div class=\"mt-3 w-full empty:hidden\">\n<div class=\"text-center\"><\/div>\n<\/div>\n<\/div>\n<\/div>\n<\/section>\n<\/div>\n<div class=\"pointer-events-none h-px w-px absolute bottom-0\" aria-hidden=\"true\" data-edge=\"true\"><\/div>\n","protected":false},"excerpt":{"rendered":"<p>Este juego de juntas de inyector es una soluci\u00f3n original OEM para Yanmar motores diesel marinos de la serie GM. El juego contiene todos los componentes de sellado necesarios para la correcta instalaci\u00f3n de un solo inyector. El kit incluye arandelas de cobre, un escudo t\u00e9rmico (aislante) y una junta t\u00f3rica para garantizar un sellado [&hellip;]<\/p>\n","protected":false},"featured_media":48255,"comment_status":"open","ping_status":"closed","template":"","meta":[],"product_brand":[4235],"product_cat":[3041,3040,4449,4450,4451,4844],"product_tag":[],"class_list":{"0":"post-48254","1":"product","2":"type-product","3":"status-publish","4":"has-post-thumbnail","6":"product_brand-yanmar","7":"product_cat-juntas-de-motor","8":"product_cat-kits-de-mantenimiento-y-reparacion","9":"product_cat-piezas-1gm-1gm10","10":"product_cat-piezas-2gm-2gm20","11":"product_cat-piezas-3gm-3gm30","12":"product_cat-piezas-de-la-serie-gm","13":"pa_condition-nuevo","14":"pa_model-1gm","15":"pa_model-1gm10","16":"pa_model-1gm10c","17":"pa_model-1gmc","18":"pa_model-1gml","19":"pa_model-2gm","20":"pa_model-2gm20","21":"pa_model-2gm20f","22":"pa_model-2gm20fv","23":"pa_model-2gm20fve","24":"pa_model-2gm20v","25":"pa_model-2gm20ve","26":"pa_model-2gmf","27":"pa_model-3gm","28":"pa_model-3gm30","29":"pa_model-3gm30-yeu","30":"pa_model-3gm30b","31":"pa_model-3gm30c","32":"pa_model-3gm30c-yeu","33":"pa_model-3gm30f","34":"pa_model-3gm30f-yeu","35":"pa_model-3gm30fc-yeu","36":"pa_model-3gm30fv","37":"pa_model-3gm30fve","38":"pa_model-3gm30v","39":"pa_model-3gm30ve","40":"pa_model-3gmd","41":"pa_model-3gmdf","42":"pa_model-3gmf","43":"pa_model-3gmfle","44":"pa_model-3gmfy-e","45":"pa_model-3gmfye-e","46":"pa_oem-or-aftermarket-oem","48":"first","49":"onbackorder","50":"taxable","51":"shipping-taxable","52":"purchasable","53":"product-type-simple"},"supplier_id":32143,"supplier_sku":"GM_BRANDSET","barcode":null,"atum_controlled":true,"out_stock_date":"2026-04-22 09:53:27","out_stock_threshold":null,"inheritable":false,"inbound_stock":6,"stock_on_hold":0,"sold_today":0,"sales_last_days":0,"reserved_stock":0,"customer_returns":0,"warehouse_damage":0,"lost_in_post":0,"other_logs":0,"out_stock_days":4,"lost_sales":0,"has_location":false,"update_date":"2026-04-26T20:02:56","atum_locations":[],"atum_stock_status":"onbackorder","restock_status":false,"low_stock_amount":0,"sales_update_date":"2026-04-26T20:02:56","calc_backorders":0,"_links":{"self":[{"href":"https:\/\/wp.marinepartsystem.com\/es\/wp-json\/wp\/v2\/product\/48254","targetHints":{"allow":["GET"]}}],"collection":[{"href":"https:\/\/wp.marinepartsystem.com\/es\/wp-json\/wp\/v2\/product"}],"about":[{"href":"https:\/\/wp.marinepartsystem.com\/es\/wp-json\/wp\/v2\/types\/product"}],"replies":[{"embeddable":true,"href":"https:\/\/wp.marinepartsystem.com\/es\/wp-json\/wp\/v2\/comments?post=48254"}],"wp:featuredmedia":[{"embeddable":true,"href":"https:\/\/wp.marinepartsystem.com\/es\/wp-json\/wp\/v2\/media\/48255"}],"wp:attachment":[{"href":"https:\/\/wp.marinepartsystem.com\/es\/wp-json\/wp\/v2\/media?parent=48254"}],"wp:term":[{"taxonomy":"product_brand","embeddable":true,"href":"https:\/\/wp.marinepartsystem.com\/es\/wp-json\/wp\/v2\/product_brand?post=48254"},{"taxonomy":"product_cat","embeddable":true,"href":"https:\/\/wp.marinepartsystem.com\/es\/wp-json\/wp\/v2\/product_cat?post=48254"},{"taxonomy":"product_tag","embeddable":true,"href":"https:\/\/wp.marinepartsystem.com\/es\/wp-json\/wp\/v2\/product_tag?post=48254"}],"curies":[{"name":"wp","href":"https:\/\/api.w.org\/{rel}","templated":true}]}}