{"id":48244,"date":"2026-03-30T11:57:44","date_gmt":"2026-03-30T11:57:44","guid":{"rendered":"https:\/\/marinepartsystem.com\/product\/junta-de-vastago-de-valvula-yanmar-1gm10-2gm20-3gm30-124950-11340\/"},"modified":"2026-03-30T11:57:44","modified_gmt":"2026-03-30T11:57:44","slug":"junta-de-vastago-de-valvula-yanmar-1gm10-2gm20-3gm30-124950-11340","status":"publish","type":"product","link":"https:\/\/marinepartsystem.com\/es\/producto\/junta-de-vastago-de-valvula-yanmar-1gm10-2gm20-3gm30-124950-11340","title":{"rendered":"Junta de v\u00e1stago de v\u00e1lvula Yanmar 1GM10 2GM20 3GM30 - 124950-11340"},"content":{"rendered":"<p data-start=\"327\" data-end=\"544\">Esta junta de v\u00e1stago de v\u00e1lvula es una <strong data-start=\"353\" data-end=\"373\">pieza original OEM<\/strong> para <span class=\"hover:entity-accent entity-underline inline cursor-pointer align-baseline\"><span class=\"whitespace-normal\">Yanmar<\/span><\/span> motores diesel marinos. La junta se instala en las gu\u00edas de las v\u00e1lvulas y controla la cantidad de aceite que entra en la c\u00e1mara de combusti\u00f3n. <\/p>\n<p data-start=\"698\" data-end=\"742\">\n<p data-start=\"698\" data-end=\"742\">Se trata de un <strong data-start=\"711\" data-end=\"741\">producto original Yanmar OEM<\/strong>.<\/p>\n<p data-start=\"698\" data-end=\"742\">\n<h3 data-section-id=\"94g5nh\" data-start=\"749\" data-end=\"775\">N\u00famero de pieza OEM Yanmar<\/h3>\n<p data-start=\"777\" data-end=\"789\">124950-11340<\/p>\n<h3 data-section-id=\"15p7nyt\" data-start=\"796\" data-end=\"825\">Motores Yanmar compatibles<\/h3>\n<p data-start=\"827\" data-end=\"841\">1GM10 (9 CV)<\/p>\n<p data-start=\"843\" data-end=\"897\">2GM20 (18 CV)<br data-start=\"856\" data-end=\"859\">2GM20 F (18 CV)<br data-start=\"874\" data-end=\"877\">2GM20 F EU (18 CV)<\/p>\n<p data-start=\"899\" data-end=\"972\">3GM30 (27 CV)<br data-start=\"912\" data-end=\"915\">3GM30 EU (27 CV)<br data-start=\"931\" data-end=\"934\">3GM30 F (27 CV)<br data-start=\"949\" data-end=\"952\">3GM30 F EU (27 CV)<\/p>\n<h3 data-section-id=\"1tek5pd\" data-start=\"979\" data-end=\"1002\">Informaci\u00f3n sobre el producto<\/h3>\n<p data-start=\"1004\" data-end=\"1071\">Junta de v\u00e1stago de v\u00e1lvula para culata<br data-start=\"1037\" data-end=\"1040\">Se necesitan 2 juntas por cilindro<\/p>\n<p data-start=\"1259\" data-end=\"1354\" data-is-last-node=\"\" data-is-only-node=\"\"><strong>\u00bfPreguntas sobre compatibilidad o piezas de motores Yanmar? Nuestros especialistas marinos estar\u00e1n encantados de ayudarte.<\/strong><\/p>\n","protected":false},"excerpt":{"rendered":"<p>Esta junta de v\u00e1stago de v\u00e1lvula es una pieza original OEM para Yanmar motores diesel marinos. La junta se instala en las gu\u00edas de las v\u00e1lvulas y controla la cantidad de aceite que entra en la c\u00e1mara de combusti\u00f3n. Se trata de un producto original Yanmar OEM. N\u00famero de pieza OEM Yanmar 124950-11340 Motores Yanmar [&hellip;]<\/p>\n","protected":false},"featured_media":48245,"comment_status":"open","ping_status":"closed","template":"","meta":[],"product_brand":[4235],"product_cat":[3041,3040,4449,4450,4451,4844,4448],"product_tag":[],"class_list":{"0":"post-48244","1":"product","2":"type-product","3":"status-publish","4":"has-post-thumbnail","6":"product_brand-yanmar","7":"product_cat-juntas-de-motor","8":"product_cat-kits-de-mantenimiento-y-reparacion","9":"product_cat-piezas-1gm-1gm10","10":"product_cat-piezas-2gm-2gm20","11":"product_cat-piezas-3gm-3gm30","12":"product_cat-piezas-de-la-serie-gm","13":"product_cat-yanmar","14":"pa_condition-nuevo","15":"pa_model-1gm10","16":"pa_model-1gm10c","17":"pa_model-2gm20","18":"pa_model-2gm20f","19":"pa_model-2gm20fv","20":"pa_model-2gm20fve","21":"pa_model-2gm20v","22":"pa_model-2gm20ve","23":"pa_model-3gm30","24":"pa_model-3gm30-yeu","25":"pa_model-3gm30b","26":"pa_model-3gm30c","27":"pa_model-3gm30c-yeu","28":"pa_model-3gm30f","29":"pa_model-3gm30f-yeu","30":"pa_model-3gm30fc-yeu","31":"pa_model-3gm30fv","32":"pa_model-3gm30fve","33":"pa_model-3gm30v","34":"pa_model-3gm30ve","35":"pa_oem-or-aftermarket-oem","37":"first","38":"onbackorder","39":"taxable","40":"shipping-taxable","41":"purchasable","42":"product-type-simple"},"supplier_id":32143,"supplier_sku":"124950-11340","barcode":null,"atum_controlled":true,"out_stock_date":"2026-03-30 11:57:48","out_stock_threshold":null,"inheritable":false,"inbound_stock":0,"stock_on_hold":0,"sold_today":0,"sales_last_days":0,"reserved_stock":0,"customer_returns":0,"warehouse_damage":0,"lost_in_post":0,"other_logs":0,"out_stock_days":17,"lost_sales":0,"has_location":false,"update_date":"2026-04-16T15:12:07","atum_locations":[],"atum_stock_status":"onbackorder","restock_status":false,"low_stock_amount":0,"sales_update_date":"2026-04-16T15:12:07","calc_backorders":null,"_links":{"self":[{"href":"https:\/\/wp.marinepartsystem.com\/es\/wp-json\/wp\/v2\/product\/48244","targetHints":{"allow":["GET"]}}],"collection":[{"href":"https:\/\/wp.marinepartsystem.com\/es\/wp-json\/wp\/v2\/product"}],"about":[{"href":"https:\/\/wp.marinepartsystem.com\/es\/wp-json\/wp\/v2\/types\/product"}],"replies":[{"embeddable":true,"href":"https:\/\/wp.marinepartsystem.com\/es\/wp-json\/wp\/v2\/comments?post=48244"}],"wp:featuredmedia":[{"embeddable":true,"href":"https:\/\/wp.marinepartsystem.com\/es\/wp-json\/wp\/v2\/media\/48245"}],"wp:attachment":[{"href":"https:\/\/wp.marinepartsystem.com\/es\/wp-json\/wp\/v2\/media?parent=48244"}],"wp:term":[{"taxonomy":"product_brand","embeddable":true,"href":"https:\/\/wp.marinepartsystem.com\/es\/wp-json\/wp\/v2\/product_brand?post=48244"},{"taxonomy":"product_cat","embeddable":true,"href":"https:\/\/wp.marinepartsystem.com\/es\/wp-json\/wp\/v2\/product_cat?post=48244"},{"taxonomy":"product_tag","embeddable":true,"href":"https:\/\/wp.marinepartsystem.com\/es\/wp-json\/wp\/v2\/product_tag?post=48244"}],"curies":[{"name":"wp","href":"https:\/\/api.w.org\/{rel}","templated":true}]}}