{"id":48203,"date":"2026-03-30T09:53:36","date_gmt":"2026-03-30T09:53:36","guid":{"rendered":"https:\/\/marinepartsystem.com\/product\/bomba-impeller-yanmar-1gm-1gm10-128170-42200\/"},"modified":"2026-03-30T09:53:36","modified_gmt":"2026-03-30T09:53:36","slug":"bomba-impeller-yanmar-1gm-1gm10-128170-42200","status":"publish","type":"product","link":"https:\/\/wp.marinepartsystem.com\/es\/producto\/bomba-impeller-yanmar-1gm-1gm10-128170-42200\/","title":{"rendered":"Bomba Impeller Yanmar 1GM 1GM10 - 128170-42200"},"content":{"rendered":"<p data-start=\"296\" data-end=\"506\">Esta bomba Impeller es una <strong data-start=\"320\" data-end=\"340\">pieza original OEM<\/strong> para <span class=\"hover:entity-accent entity-underline inline cursor-pointer align-baseline\"><span class=\"whitespace-normal\">Yanmar<\/span><\/span> 1GM y 1GM10. Se suministra como una unidad de bomba completa, lista para su instalaci\u00f3n. <\/p>\n<p data-start=\"508\" data-end=\"565\">\n<p data-start=\"731\" data-end=\"775\">Se trata de un <strong data-start=\"744\" data-end=\"774\">producto original Yanmar OEM<\/strong>.<\/p>\n<p data-start=\"731\" data-end=\"775\">\n<h3 data-section-id=\"94g5nh\" data-start=\"782\" data-end=\"808\">N\u00famero de pieza OEM Yanmar<\/h3>\n<p data-start=\"810\" data-end=\"822\">128170-42200<\/p>\n<h3 data-section-id=\"15p7nyt\" data-start=\"829\" data-end=\"858\">Motores Yanmar compatibles<\/h3>\n<p data-start=\"860\" data-end=\"889\">1GM (7,5 CV)<br data-start=\"872\" data-end=\"875\">1GM10 (9 CV)<\/p>\n<p data-start=\"1018\" data-end=\"1074\">Se recomienda sustituir tambi\u00e9n la junta t\u00f3rica:<br data-start=\"1057\" data-end=\"1060\">24321-000350<\/p>\n<p data-start=\"1260\" data-end=\"1355\" data-is-last-node=\"\" data-is-only-node=\"\"><strong>\u00bfPreguntas sobre compatibilidad o piezas de motores Yanmar? Nuestros especialistas marinos estar\u00e1n encantados de ayudarte.<\/strong><\/p>\n","protected":false},"excerpt":{"rendered":"<p>Esta bomba Impeller es una pieza original OEM para Yanmar 1GM y 1GM10. Se suministra como una unidad de bomba completa, lista para su instalaci\u00f3n. Se trata de un producto original Yanmar OEM. N\u00famero de pieza OEM Yanmar 128170-42200 Motores Yanmar compatibles 1GM (7,5 CV)1GM10 (9 CV) Se recomienda sustituir tambi\u00e9n la junta t\u00f3rica:24321-000350 \u00bfPreguntas [&hellip;]<\/p>\n","protected":false},"featured_media":48204,"comment_status":"open","ping_status":"closed","template":"","meta":[],"product_brand":[4235],"product_cat":[3397,4449,2518,3244,4448],"product_tag":[],"class_list":{"0":"post-48203","1":"product","2":"type-product","3":"status-publish","4":"has-post-thumbnail","6":"product_brand-yanmar","7":"product_cat-bombas-de-agua","8":"product_cat-piezas-1gm-1gm10","9":"product_cat-piezas-de-motor","10":"product_cat-sistemas-de-refrigeracion","11":"product_cat-yanmar","12":"pa_condition-nuevo","13":"pa_model-1gm","14":"pa_model-1gm10","15":"pa_model-1gm10c","16":"pa_model-1gmc","17":"pa_model-1gml","18":"pa_oem-or-aftermarket-oem","20":"first","21":"onbackorder","22":"taxable","23":"shipping-taxable","24":"purchasable","25":"product-type-simple"},"supplier_id":32143,"supplier_sku":"128170-42200","barcode":null,"atum_controlled":true,"out_stock_date":"2026-03-30 09:53:40","out_stock_threshold":null,"inheritable":false,"inbound_stock":0,"stock_on_hold":0,"sold_today":0,"sales_last_days":0,"reserved_stock":0,"customer_returns":0,"warehouse_damage":0,"lost_in_post":0,"other_logs":0,"out_stock_days":10,"lost_sales":0,"has_location":false,"update_date":"2026-04-09T10:11:16","atum_locations":[],"atum_stock_status":"onbackorder","restock_status":false,"low_stock_amount":0,"sales_update_date":"2026-04-09T10:11:16","calc_backorders":null,"_links":{"self":[{"href":"https:\/\/wp.marinepartsystem.com\/es\/wp-json\/wp\/v2\/product\/48203","targetHints":{"allow":["GET"]}}],"collection":[{"href":"https:\/\/wp.marinepartsystem.com\/es\/wp-json\/wp\/v2\/product"}],"about":[{"href":"https:\/\/wp.marinepartsystem.com\/es\/wp-json\/wp\/v2\/types\/product"}],"replies":[{"embeddable":true,"href":"https:\/\/wp.marinepartsystem.com\/es\/wp-json\/wp\/v2\/comments?post=48203"}],"wp:featuredmedia":[{"embeddable":true,"href":"https:\/\/wp.marinepartsystem.com\/es\/wp-json\/wp\/v2\/media\/48204"}],"wp:attachment":[{"href":"https:\/\/wp.marinepartsystem.com\/es\/wp-json\/wp\/v2\/media?parent=48203"}],"wp:term":[{"taxonomy":"product_brand","embeddable":true,"href":"https:\/\/wp.marinepartsystem.com\/es\/wp-json\/wp\/v2\/product_brand?post=48203"},{"taxonomy":"product_cat","embeddable":true,"href":"https:\/\/wp.marinepartsystem.com\/es\/wp-json\/wp\/v2\/product_cat?post=48203"},{"taxonomy":"product_tag","embeddable":true,"href":"https:\/\/wp.marinepartsystem.com\/es\/wp-json\/wp\/v2\/product_tag?post=48203"}],"curies":[{"name":"wp","href":"https:\/\/api.w.org\/{rel}","templated":true}]}}