{"id":48112,"date":"2026-03-27T13:16:06","date_gmt":"2026-03-27T13:16:06","guid":{"rendered":"https:\/\/marinepartsystem.com\/product\/junta-del-carter-de-aceite-yanmar-1gm-1gm10-128170-01751\/"},"modified":"2026-03-27T13:25:02","modified_gmt":"2026-03-27T13:25:02","slug":"junta-del-carter-de-aceite-yanmar-1gm-1gm10-128170-01751","status":"publish","type":"product","link":"https:\/\/marinepartsystem.com\/es\/producto\/junta-del-carter-de-aceite-yanmar-1gm-1gm10-128170-01751","title":{"rendered":"Junta del c\u00e1rter de aceite Yanmar 1GM 1GM10 - 128170-01751"},"content":{"rendered":"<p data-start=\"299\" data-end=\"527\">Esta junta de c\u00e1rter de aceite es una <strong data-start=\"324\" data-end=\"344\">pieza original OEM<\/strong> para <span class=\"hover:entity-accent entity-underline inline cursor-pointer align-baseline\"><span class=\"whitespace-normal\">Yanmar<\/span><\/span> 1GM y 1GM10. La junta sella el c\u00e1rter de aceite al bloque del motor. <\/p>\n<p data-start=\"672\" data-end=\"716\">Se trata de un <strong data-start=\"685\" data-end=\"715\">producto original Yanmar OEM<\/strong>.<\/p>\n<h3 data-section-id=\"94g5nh\" data-start=\"723\" data-end=\"749\">N\u00famero de pieza OEM Yanmar<\/h3>\n<p data-start=\"751\" data-end=\"763\">128170-01751<\/p>\n<h3 data-section-id=\"15p7nyt\" data-start=\"770\" data-end=\"799\">Motores Yanmar compatibles<\/h3>\n<p data-start=\"801\" data-end=\"830\">1GM (7,5 CV)<br data-start=\"813\" data-end=\"816\">1GM10 (9 CV)<\/p>\n<p data-start=\"1028\" data-end=\"1123\" data-is-last-node=\"\" data-is-only-node=\"\"><strong>\u00bfPreguntas sobre compatibilidad o piezas de motores Yanmar? Nuestros especialistas marinos estar\u00e1n encantados de ayudarte.<\/strong><\/p>\n","protected":false},"excerpt":{"rendered":"<p>Esta junta de c\u00e1rter de aceite es una pieza original OEM para Yanmar 1GM y 1GM10. La junta sella el c\u00e1rter de aceite al bloque del motor. Se trata de un producto original Yanmar OEM. N\u00famero de pieza OEM Yanmar 128170-01751 Motores Yanmar compatibles 1GM (7,5 CV)1GM10 (9 CV) \u00bfPreguntas sobre compatibilidad o piezas de [&hellip;]<\/p>\n","protected":false},"featured_media":48118,"comment_status":"open","ping_status":"closed","template":"","meta":[],"product_brand":[4235],"product_cat":[3041,3040,4449,4844,2497,4534],"product_tag":[],"class_list":{"0":"post-48112","1":"product","2":"type-product","3":"status-publish","4":"has-post-thumbnail","6":"product_brand-yanmar","7":"product_cat-juntas-de-motor","8":"product_cat-kits-de-mantenimiento-y-reparacion","9":"product_cat-piezas-1gm-1gm10","10":"product_cat-piezas-de-la-serie-gm","11":"product_cat-piezas-de-mantenimiento-del-motor","12":"product_cat-piezas-de-servicio-yanmar","13":"pa_condition-nuevo","14":"pa_model-1gm","15":"pa_model-1gm10","16":"pa_model-1gm10c","17":"pa_model-1gmc","18":"pa_model-1gml","19":"pa_oem-or-aftermarket-oem","21":"first","22":"onbackorder","23":"taxable","24":"shipping-taxable","25":"purchasable","26":"product-type-simple"},"supplier_id":32143,"supplier_sku":"128170-01751","barcode":null,"atum_controlled":true,"out_stock_date":"2026-03-27 13:24:23","out_stock_threshold":null,"inheritable":false,"inbound_stock":0,"stock_on_hold":0,"sold_today":0,"sales_last_days":0,"reserved_stock":0,"customer_returns":0,"warehouse_damage":0,"lost_in_post":0,"other_logs":0,"out_stock_days":3,"lost_sales":0,"has_location":false,"update_date":"2026-03-31T07:31:33","atum_locations":[],"atum_stock_status":"onbackorder","restock_status":false,"low_stock_amount":0,"sales_update_date":"2026-03-31T07:31:33","calc_backorders":null,"_links":{"self":[{"href":"https:\/\/wp.marinepartsystem.com\/es\/wp-json\/wp\/v2\/product\/48112","targetHints":{"allow":["GET"]}}],"collection":[{"href":"https:\/\/wp.marinepartsystem.com\/es\/wp-json\/wp\/v2\/product"}],"about":[{"href":"https:\/\/wp.marinepartsystem.com\/es\/wp-json\/wp\/v2\/types\/product"}],"replies":[{"embeddable":true,"href":"https:\/\/wp.marinepartsystem.com\/es\/wp-json\/wp\/v2\/comments?post=48112"}],"wp:featuredmedia":[{"embeddable":true,"href":"https:\/\/wp.marinepartsystem.com\/es\/wp-json\/wp\/v2\/media\/48118"}],"wp:attachment":[{"href":"https:\/\/wp.marinepartsystem.com\/es\/wp-json\/wp\/v2\/media?parent=48112"}],"wp:term":[{"taxonomy":"product_brand","embeddable":true,"href":"https:\/\/wp.marinepartsystem.com\/es\/wp-json\/wp\/v2\/product_brand?post=48112"},{"taxonomy":"product_cat","embeddable":true,"href":"https:\/\/wp.marinepartsystem.com\/es\/wp-json\/wp\/v2\/product_cat?post=48112"},{"taxonomy":"product_tag","embeddable":true,"href":"https:\/\/wp.marinepartsystem.com\/es\/wp-json\/wp\/v2\/product_tag?post=48112"}],"curies":[{"name":"wp","href":"https:\/\/api.w.org\/{rel}","templated":true}]}}