{"id":48057,"date":"2026-03-27T10:42:37","date_gmt":"2026-03-27T10:42:37","guid":{"rendered":"https:\/\/marinepartsystem.com\/product\/anodo-de-zinc-yanmar-27210-200200\/"},"modified":"2026-03-27T10:42:37","modified_gmt":"2026-03-27T10:42:37","slug":"anodo-de-zinc-yanmar-27210-200200","status":"publish","type":"product","link":"https:\/\/marinepartsystem.com\/es\/producto\/anodo-de-zinc-yanmar-27210-200200","title":{"rendered":"\u00c1nodo de zinc Yanmar - 27210-200200"},"content":{"rendered":"<p data-start=\"467\" data-end=\"677\">Este \u00e1nodo de zinc es una <strong data-start=\"488\" data-end=\"508\">pieza original OEM<\/strong> para <span class=\"hover:entity-accent entity-underline inline cursor-pointer align-baseline\"><span class=\"whitespace-normal\">Yanmar<\/span><\/span> motores diesel marinos. El \u00e1nodo se instala en el sistema de refrigeraci\u00f3n para proteger los componentes internos contra la corrosi\u00f3n galv\u00e1nica. <\/p>\n<p data-start=\"679\" data-end=\"814\">El \u00e1nodo se disuelve gradualmente durante el uso y debe sustituirse regularmente para mantener una protecci\u00f3n adecuada del motor y del intercambiador de calor.<\/p>\n<p data-start=\"816\" data-end=\"860\">Se trata de un <strong data-start=\"829\" data-end=\"859\">producto original Yanmar OEM<\/strong>.<\/p>\n<h3 data-section-id=\"94g5nh\" data-start=\"867\" data-end=\"893\">N\u00famero de pieza OEM Yanmar<\/h3>\n<p data-start=\"895\" data-end=\"907\">27210-200200<\/p>\n<h3 data-section-id=\"15p7nyt\" data-start=\"914\" data-end=\"943\"><\/h3>\n<h3 data-section-id=\"15p7nyt\" data-start=\"914\" data-end=\"943\">Motores Yanmar compatibles<\/h3>\n<p data-start=\"945\" data-end=\"974\">1GM (7,5 CV)<br data-start=\"957\" data-end=\"960\">1GM10 (9 CV)<\/p>\n<p data-start=\"976\" data-end=\"991\"><strong data-start=\"976\" data-end=\"991\">Serie 6LY3<\/strong><\/p>\n<p data-start=\"993\" data-end=\"1052\">6LY3-UTP (380 CV)<br data-start=\"1010\" data-end=\"1013\">6LY3-STP (440 CV)<br data-start=\"1030\" data-end=\"1033\">6LY3-ETP (480 CV)<\/p>\n<h3 data-section-id=\"1tek5pd\" data-start=\"1059\" data-end=\"1082\"><\/h3>\n<h3 data-section-id=\"1tek5pd\" data-start=\"1059\" data-end=\"1082\">Informaci\u00f3n sobre el producto<\/h3>\n<p data-start=\"1084\" data-end=\"1159\">Para la serie 6LY3: se utiliza en el intercambiador de calor<br data-start=\"1123\" data-end=\"1126\">Para 1GM \/ 1GM10: se utiliza en el motor<\/p>\n<h3 data-section-id=\"1fj3cz9\" data-start=\"1364\" data-end=\"1392\"><\/h3>\n","protected":false},"excerpt":{"rendered":"<p>Este \u00e1nodo de zinc es una pieza original OEM para Yanmar motores diesel marinos. El \u00e1nodo se instala en el sistema de refrigeraci\u00f3n para proteger los componentes internos contra la corrosi\u00f3n galv\u00e1nica. El \u00e1nodo se disuelve gradualmente durante el uso y debe sustituirse regularmente para mantener una protecci\u00f3n adecuada del motor y del intercambiador de [&hellip;]<\/p>\n","protected":false},"featured_media":48058,"comment_status":"open","ping_status":"closed","template":"","meta":[],"product_brand":[4235],"product_cat":[3182,2497],"product_tag":[],"class_list":{"0":"post-48057","1":"product","2":"type-product","3":"status-publish","4":"has-post-thumbnail","6":"product_brand-yanmar","7":"product_cat-anodos","8":"product_cat-piezas-de-mantenimiento-del-motor","9":"pa_condition-nuevo","10":"pa_model-1gm","11":"pa_model-1gm10","12":"pa_model-1gm10c","13":"pa_model-1gmc","14":"pa_model-1gml","15":"pa_model-6ly3-etp","16":"pa_model-6ly3-stp","17":"pa_model-6ly3-utp","18":"pa_oem-or-aftermarket-oem","20":"first","21":"onbackorder","22":"taxable","23":"shipping-taxable","24":"purchasable","25":"product-type-simple"},"supplier_id":32143,"supplier_sku":"27210-200200","barcode":null,"atum_controlled":true,"out_stock_date":"2026-03-26 17:03:23","out_stock_threshold":null,"inheritable":false,"inbound_stock":0,"stock_on_hold":0,"sold_today":0,"sales_last_days":0,"reserved_stock":0,"customer_returns":0,"warehouse_damage":0,"lost_in_post":0,"other_logs":0,"out_stock_days":4,"lost_sales":0,"has_location":false,"update_date":"2026-03-31T07:31:33","atum_locations":[],"atum_stock_status":"onbackorder","restock_status":false,"low_stock_amount":0,"sales_update_date":"2026-03-31T07:31:33","calc_backorders":null,"_links":{"self":[{"href":"https:\/\/wp.marinepartsystem.com\/es\/wp-json\/wp\/v2\/product\/48057","targetHints":{"allow":["GET"]}}],"collection":[{"href":"https:\/\/wp.marinepartsystem.com\/es\/wp-json\/wp\/v2\/product"}],"about":[{"href":"https:\/\/wp.marinepartsystem.com\/es\/wp-json\/wp\/v2\/types\/product"}],"replies":[{"embeddable":true,"href":"https:\/\/wp.marinepartsystem.com\/es\/wp-json\/wp\/v2\/comments?post=48057"}],"wp:featuredmedia":[{"embeddable":true,"href":"https:\/\/wp.marinepartsystem.com\/es\/wp-json\/wp\/v2\/media\/48058"}],"wp:attachment":[{"href":"https:\/\/wp.marinepartsystem.com\/es\/wp-json\/wp\/v2\/media?parent=48057"}],"wp:term":[{"taxonomy":"product_brand","embeddable":true,"href":"https:\/\/wp.marinepartsystem.com\/es\/wp-json\/wp\/v2\/product_brand?post=48057"},{"taxonomy":"product_cat","embeddable":true,"href":"https:\/\/wp.marinepartsystem.com\/es\/wp-json\/wp\/v2\/product_cat?post=48057"},{"taxonomy":"product_tag","embeddable":true,"href":"https:\/\/wp.marinepartsystem.com\/es\/wp-json\/wp\/v2\/product_tag?post=48057"}],"curies":[{"name":"wp","href":"https:\/\/api.w.org\/{rel}","templated":true}]}}