{"id":48019,"date":"2026-03-25T12:57:05","date_gmt":"2026-03-25T12:57:05","guid":{"rendered":"https:\/\/marinepartsystem.com\/product\/filtro-de-aire-para-yanmar-1gm10-128171-12540\/"},"modified":"2026-03-25T12:59:30","modified_gmt":"2026-03-25T12:59:30","slug":"filtro-de-aire-para-yanmar-1gm10-128171-12540","status":"publish","type":"product","link":"https:\/\/wp.marinepartsystem.com\/es\/producto\/filtro-de-aire-para-yanmar-1gm10-128171-12540\/","title":{"rendered":"Filtro de aire Yanmar 1GM10 - 128171-12540"},"content":{"rendered":"<p data-start=\"312\" data-end=\"524\">Este filtro de aire es una <strong data-start=\"333\" data-end=\"353\">pieza original OEM<\/strong> para <span class=\"hover:entity-accent entity-underline inline cursor-pointer align-baseline\"><span class=\"whitespace-normal\">Yanmar<\/span><\/span> motores diesel marinos 1GM10. El filtro garantiza una entrada de aire limpio eliminando el polvo y los contaminantes antes de que entren en el motor. <\/p>\n<p data-start=\"526\" data-end=\"715\">Un filtro de aire limpio es esencial para una combusti\u00f3n adecuada, la eficiencia del motor y una larga vida \u00fatil del mismo. Sustituir el filtro de aire con regularidad ayuda a mantener un rendimiento \u00f3ptimo del motor y reduce el desgaste. <\/p>\n<p data-start=\"717\" data-end=\"761\">Se trata de un <strong data-start=\"730\" data-end=\"760\">producto original Yanmar OEM<\/strong>.<\/p>\n<h3 data-section-id=\"94g5nh\" data-start=\"768\" data-end=\"794\"><\/h3>\n<h3 data-section-id=\"94g5nh\" data-start=\"768\" data-end=\"794\">N\u00famero de pieza OEM Yanmar<\/h3>\n<p data-start=\"796\" data-end=\"808\">128171-12540<\/p>\n<h3 data-section-id=\"15p7nyt\" data-start=\"815\" data-end=\"844\"><\/h3>\n<h3 data-section-id=\"15p7nyt\" data-start=\"815\" data-end=\"844\">Motores Yanmar compatibles<\/h3>\n<p data-start=\"846\" data-end=\"853\">1GM10<\/p>\n<h3 data-section-id=\"2zgyvj\" data-start=\"860\" data-end=\"876\"><\/h3>\n<h3 data-section-id=\"2zgyvj\" data-start=\"860\" data-end=\"876\">Importante<\/h3>\n<p data-start=\"878\" data-end=\"945\">Para el <strong data-start=\"886\" data-end=\"909\">Yanmar 1GM (7,5 CV)<\/strong> utiliza el n\u00famero de pieza:<br data-start=\"926\" data-end=\"929\"><strong data-start=\"929\" data-end=\"945\">128170-12540<\/strong><\/p>\n<p data-start=\"1146\" data-end=\"1241\" data-is-last-node=\"\" data-is-only-node=\"\"><strong>\u00bfPreguntas sobre compatibilidad o piezas de motores Yanmar? Nuestros especialistas marinos estar\u00e1n encantados de ayudarte.<\/strong><\/p>\n","protected":false},"excerpt":{"rendered":"<p>Este filtro de aire es una pieza original OEM para Yanmar motores diesel marinos 1GM10. El filtro garantiza una entrada de aire limpio eliminando el polvo y los contaminantes antes de que entren en el motor. Un filtro de aire limpio es esencial para una combusti\u00f3n adecuada, la eficiencia del motor y una larga vida [&hellip;]<\/p>\n","protected":false},"featured_media":48020,"comment_status":"open","ping_status":"closed","template":"","meta":[],"product_brand":[4235],"product_cat":[2656,4562,4449,2497,4534],"product_tag":[],"class_list":{"0":"post-48019","1":"product","2":"type-product","3":"status-publish","4":"has-post-thumbnail","6":"product_brand-yanmar","7":"product_cat-filtros-de-aire","8":"product_cat-filtros-de-aire-yanmar","9":"product_cat-piezas-1gm-1gm10","10":"product_cat-piezas-de-mantenimiento-del-motor","11":"product_cat-piezas-de-servicio-yanmar","12":"pa_condition-nuevo","13":"pa_model-1gm10","14":"pa_model-1gm10c","15":"pa_oem-or-aftermarket-oem","17":"first","18":"onbackorder","19":"taxable","20":"shipping-taxable","21":"purchasable","22":"product-type-simple"},"supplier_id":32143,"supplier_sku":"128171-12540","barcode":null,"atum_controlled":true,"out_stock_date":"2026-03-25 12:57:09","out_stock_threshold":null,"inheritable":false,"inbound_stock":null,"stock_on_hold":null,"sold_today":null,"sales_last_days":null,"reserved_stock":null,"customer_returns":null,"warehouse_damage":null,"lost_in_post":null,"other_logs":null,"out_stock_days":0,"lost_sales":null,"has_location":false,"update_date":"2026-03-25T12:59:08","atum_locations":[],"atum_stock_status":"onbackorder","restock_status":false,"low_stock_amount":1,"sales_update_date":null,"calc_backorders":null,"_links":{"self":[{"href":"https:\/\/wp.marinepartsystem.com\/es\/wp-json\/wp\/v2\/product\/48019","targetHints":{"allow":["GET"]}}],"collection":[{"href":"https:\/\/wp.marinepartsystem.com\/es\/wp-json\/wp\/v2\/product"}],"about":[{"href":"https:\/\/wp.marinepartsystem.com\/es\/wp-json\/wp\/v2\/types\/product"}],"replies":[{"embeddable":true,"href":"https:\/\/wp.marinepartsystem.com\/es\/wp-json\/wp\/v2\/comments?post=48019"}],"wp:featuredmedia":[{"embeddable":true,"href":"https:\/\/wp.marinepartsystem.com\/es\/wp-json\/wp\/v2\/media\/48020"}],"wp:attachment":[{"href":"https:\/\/wp.marinepartsystem.com\/es\/wp-json\/wp\/v2\/media?parent=48019"}],"wp:term":[{"taxonomy":"product_brand","embeddable":true,"href":"https:\/\/wp.marinepartsystem.com\/es\/wp-json\/wp\/v2\/product_brand?post=48019"},{"taxonomy":"product_cat","embeddable":true,"href":"https:\/\/wp.marinepartsystem.com\/es\/wp-json\/wp\/v2\/product_cat?post=48019"},{"taxonomy":"product_tag","embeddable":true,"href":"https:\/\/wp.marinepartsystem.com\/es\/wp-json\/wp\/v2\/product_tag?post=48019"}],"curies":[{"name":"wp","href":"https:\/\/api.w.org\/{rel}","templated":true}]}}