{"id":47262,"date":"2026-02-20T12:02:55","date_gmt":"2026-02-20T12:02:55","guid":{"rendered":"https:\/\/marinepartsystem.com\/product\/nanni-n438\/"},"modified":"2026-02-20T12:02:55","modified_gmt":"2026-02-20T12:02:55","slug":"nanni-n438","status":"publish","type":"product","link":"https:\/\/wp.marinepartsystem.com\/es\/producto\/nanni-n438\/","title":{"rendered":"Nanni N4,38"},"content":{"rendered":"<p data-start=\"535\" data-end=\"675\">Este <strong data-start=\"540\" data-end=\"576\">motor marino Nanni Diesel N4.38<\/strong> se ofrece completo con salpicadero y mazo de cables. El motor se suministra <strong data-start=\"655\" data-end=\"674\">sin caja de cambios<\/strong>. <\/p>\n<p data-start=\"677\" data-end=\"847\">El motor funciona perfectamente y est\u00e1 en <strong data-start=\"713\" data-end=\"746\">un estado excelente, casi nuevo<\/strong>. Se entregar\u00e1 totalmente revisado, incluyendo <strong data-start=\"795\" data-end=\"822\">aceite nuevo y filtros nuevos<\/strong>, listo para su instalaci\u00f3n. <\/p>\n<p data-start=\"849\" data-end=\"943\">Una soluci\u00f3n fiable y potente para repotenciar o sustituir un motor di\u00e9sel marino existente.<\/p>\n<h3 data-section-id=\"q06dx\" data-start=\"945\" data-end=\"960\">Condici\u00f3n<\/h3>\n<ul data-start=\"961\" data-end=\"1082\">\n<li data-section-id=\"gghst0\" data-start=\"961\" data-end=\"979\">\n<p data-start=\"963\" data-end=\"979\">Funciona perfectamente<\/p>\n<\/li>\n<li data-section-id=\"vyvwzn\" data-start=\"980\" data-end=\"1014\">\n<p data-start=\"982\" data-end=\"1014\">Muy limpio, casi nuevo<\/p>\n<\/li>\n<li data-section-id=\"m6r41q\" data-start=\"1015\" data-end=\"1049\">\n<p data-start=\"1017\" data-end=\"1049\">Revisi\u00f3n completa antes de la entrega<\/p>\n<\/li>\n<li data-section-id=\"1t6s03i\" data-start=\"1050\" data-end=\"1082\">\n<p data-start=\"1052\" data-end=\"1082\">Aceite y filtros nuevos incluidos<\/p>\n<\/li>\n<\/ul>\n<h3 data-section-id=\"1yurh32\" data-start=\"1084\" data-end=\"1098\">Incluye<\/h3>\n<ul data-start=\"1099\" data-end=\"1154\">\n<li data-section-id=\"13drbfj\" data-start=\"1099\" data-end=\"1121\">\n<p data-start=\"1101\" data-end=\"1121\">Motor Nanni N4.38<\/p>\n<\/li>\n<li data-section-id=\"1lb2ur0\" data-start=\"1122\" data-end=\"1135\">\n<p data-start=\"1124\" data-end=\"1135\">Cuadro de mandos<\/p>\n<\/li>\n<li data-section-id=\"1229lmc\" data-start=\"1136\" data-end=\"1154\">\n<p data-start=\"1138\" data-end=\"1154\">Mazo de cables<\/p>\n<\/li>\n<\/ul>\n<h3 data-section-id=\"1xyb5qj\" data-start=\"1156\" data-end=\"1174\">No incluido<\/h3>\n<ul data-start=\"1175\" data-end=\"1186\">\n<li data-section-id=\"ccych8\" data-start=\"1175\" data-end=\"1186\">\n<p data-start=\"1177\" data-end=\"1186\">Caja de cambios<\/p>\n<\/li>\n<\/ul>\n<h3 data-section-id=\"1a41gru\" data-start=\"1188\" data-end=\"1217\">\u00bfPor qu\u00e9 elegir este motor?<\/h3>\n<ul data-start=\"1218\" data-end=\"1367\">\n<li data-section-id=\"236oo1\" data-start=\"1218\" data-end=\"1257\">\n<p data-start=\"1220\" data-end=\"1257\">Totalmente revisado y listo para instalar<\/p>\n<\/li>\n<li data-section-id=\"vnll79\" data-start=\"1258\" data-end=\"1297\">\n<p data-start=\"1260\" data-end=\"1297\">Diesel marino fiable y potente<\/p>\n<\/li>\n<li data-section-id=\"98r5py\" data-start=\"1298\" data-end=\"1345\">\n<p data-start=\"1300\" data-end=\"1345\">Excelente estado est\u00e9tico y mec\u00e1nico<\/p>\n<\/li>\n<li data-section-id=\"173ab15\" data-start=\"1346\" data-end=\"1367\">\n<p data-start=\"1348\" data-end=\"1367\">Posibilidad de canje<\/p>\n<\/li>\n<\/ul>\n<p data-start=\"1369\" data-end=\"1450\"><strong data-start=\"1369\" data-end=\"1417\">Es posible cambiar tu motor actual.<\/strong><br data-start=\"1417\" data-end=\"1420\">Ponte en contacto con nosotros para hablar de las opciones.<\/p>\n<p data-start=\"1452\" data-end=\"1550\">\u00bfPreguntas sobre especificaciones, horarios o transporte?  <strong data-start=\"1505\" data-end=\"1550\">Nuestros especialistas marinos estar\u00e1n encantados de ayudarte.v<\/strong><\/p>\n","protected":false},"excerpt":{"rendered":"<p>Este motor marino Nanni Diesel N4.38 se ofrece completo con salpicadero y mazo de cables. El motor se suministra sin caja de cambios. El motor funciona perfectamente y est\u00e1 en un estado excelente, casi nuevo. Se entregar\u00e1 totalmente revisado, incluyendo aceite nuevo y filtros nuevos, listo para su instalaci\u00f3n. Una soluci\u00f3n fiable y potente para [&hellip;]<\/p>\n","protected":false},"featured_media":47263,"comment_status":"open","ping_status":"closed","template":"","meta":[],"product_brand":[4240],"product_cat":[2493],"product_tag":[],"class_list":{"0":"post-47262","1":"product","2":"type-product","3":"status-publish","4":"has-post-thumbnail","6":"product_brand-nanni","7":"product_cat-motores","8":"product_shipping_class-motor-es","9":"pa_condition-usado","10":"pa_model-n4-38","11":"pa_oem-or-aftermarket-oem","13":"first","14":"instock","15":"taxable","16":"shipping-taxable","17":"purchasable","18":"product-type-simple"},"supplier_id":null,"supplier_sku":"","barcode":null,"atum_controlled":true,"out_stock_date":null,"out_stock_threshold":null,"inheritable":false,"inbound_stock":0,"stock_on_hold":0,"sold_today":0,"sales_last_days":0,"reserved_stock":0,"customer_returns":0,"warehouse_damage":0,"lost_in_post":0,"other_logs":0,"out_stock_days":0,"lost_sales":0,"has_location":false,"update_date":"2026-03-20T13:15:37","atum_locations":[],"atum_stock_status":"instock","restock_status":false,"low_stock_amount":0,"sales_update_date":"2026-03-20T13:15:37","calc_backorders":null,"_links":{"self":[{"href":"https:\/\/wp.marinepartsystem.com\/es\/wp-json\/wp\/v2\/product\/47262","targetHints":{"allow":["GET"]}}],"collection":[{"href":"https:\/\/wp.marinepartsystem.com\/es\/wp-json\/wp\/v2\/product"}],"about":[{"href":"https:\/\/wp.marinepartsystem.com\/es\/wp-json\/wp\/v2\/types\/product"}],"replies":[{"embeddable":true,"href":"https:\/\/wp.marinepartsystem.com\/es\/wp-json\/wp\/v2\/comments?post=47262"}],"wp:featuredmedia":[{"embeddable":true,"href":"https:\/\/wp.marinepartsystem.com\/es\/wp-json\/wp\/v2\/media\/47263"}],"wp:attachment":[{"href":"https:\/\/wp.marinepartsystem.com\/es\/wp-json\/wp\/v2\/media?parent=47262"}],"wp:term":[{"taxonomy":"product_brand","embeddable":true,"href":"https:\/\/wp.marinepartsystem.com\/es\/wp-json\/wp\/v2\/product_brand?post=47262"},{"taxonomy":"product_cat","embeddable":true,"href":"https:\/\/wp.marinepartsystem.com\/es\/wp-json\/wp\/v2\/product_cat?post=47262"},{"taxonomy":"product_tag","embeddable":true,"href":"https:\/\/wp.marinepartsystem.com\/es\/wp-json\/wp\/v2\/product_tag?post=47262"}],"curies":[{"name":"wp","href":"https:\/\/api.w.org\/{rel}","templated":true}]}}