{"id":46528,"date":"2026-01-21T08:50:58","date_gmt":"2026-01-21T08:50:58","guid":{"rendered":"https:\/\/marinepartsystem.com\/product\/turbocompresor-yanmar-4jh3-4jh4-4jh80-4jh110-129671-18001\/"},"modified":"2026-01-21T08:50:58","modified_gmt":"2026-01-21T08:50:58","slug":"turbocompresor-yanmar-4jh3-4jh4-4jh80-4jh110-129671-18001","status":"publish","type":"product","link":"https:\/\/wp.marinepartsystem.com\/es\/producto\/turbocompresor-yanmar-4jh3-4jh4-4jh80-4jh110-129671-18001\/","title":{"rendered":"Turbocompresor Yanmar | 4JH3 \/ 4JH4 \/ 4JH80 \/ 4JH110 | 129671-18001"},"content":{"rendered":"<p data-start=\"511\" data-end=\"803\">El <strong data-start=\"515\" data-end=\"553\">turbocompresor Yanmar (129671-18001)<\/strong> es un <strong data-start=\"572\" data-end=\"599\">recambio de<\/strong> alta calidad dise\u00f1ado para una amplia gama de <strong data-start=\"629\" data-end=\"672\">motores diesel marinos Yanmar de la serie 4JH<\/strong>. Este turbocompresor restablece la presi\u00f3n de sobrealimentaci\u00f3n correcta, el rendimiento del motor y la eficiencia del combustible al sustituir una unidad desgastada o da\u00f1ada. <\/p>\n<p data-start=\"805\" data-end=\"1021\">Fabricado seg\u00fan especificaciones equivalentes a las de los fabricantes de equipos originales, este turbocompresor ofrece un rendimiento fiable y un ajuste preciso. <strong data-start=\"920\" data-end=\"950\">El juego de juntas no est\u00e1 incluido<\/strong> y debe pedirse por separado.<\/p>\n<h2 data-start=\"1028\" data-end=\"1045\">Tipo de producto<\/h2>\n<p data-start=\"1046\" data-end=\"1058\">Turbocompresor<\/p>\n<h2 data-start=\"1065\" data-end=\"1093\">OEM \/ N\u00fameros de referencia<\/h2>\n<p data-start=\"1094\" data-end=\"1139\">Sustituye a las siguientes referencias Yanmar:<\/p>\n<ul data-start=\"1140\" data-end=\"1210\">\n<li data-start=\"1140\" data-end=\"1160\">\n<p data-start=\"1142\" data-end=\"1160\">129671-18001<\/p>\n<\/li>\n<li data-start=\"1161\" data-end=\"1181\">\n<p data-start=\"1163\" data-end=\"1181\">129671-11700<\/p>\n<\/li>\n<\/ul>\n<h2 data-start=\"1338\" data-end=\"1356\">Compatibilidad<\/h2>\n<p data-start=\"1358\" data-end=\"1423\"><strong data-start=\"1358\" data-end=\"1421\">Adecuado para <span class=\"hover:entity-accent entity-underline inline cursor-pointer align-baseline\"><span class=\"whitespace-normal\">Yanmar<\/span><\/span> motores:<\/strong><\/p>\n<h3 data-start=\"1425\" data-end=\"1442\">4JH3-T \/ TE, 4JH3T&amp;TE, 4JH3-T&amp;TE<\/h3>\n","protected":false},"excerpt":{"rendered":"<p>El turbocompresor Yanmar (129671-18001) es un recambio de alta calidad dise\u00f1ado para una amplia gama de motores diesel marinos Yanmar de la serie 4JH. Este turbocompresor restablece la presi\u00f3n de sobrealimentaci\u00f3n correcta, el rendimiento del motor y la eficiencia del combustible al sustituir una unidad desgastada o da\u00f1ada. Fabricado seg\u00fan especificaciones equivalentes a las de [&hellip;]<\/p>\n","protected":false},"featured_media":46530,"comment_status":"open","ping_status":"closed","template":"","meta":[],"product_brand":[4235],"product_cat":[2518],"product_tag":[],"class_list":{"0":"post-46528","1":"product","2":"type-product","3":"status-publish","4":"has-post-thumbnail","6":"product_brand-yanmar","7":"product_cat-piezas-de-motor","8":"pa_condition-nuevo","9":"pa_oem-or-aftermarket-posventa","11":"first","12":"onbackorder","13":"taxable","14":"shipping-taxable","15":"purchasable","16":"product-type-simple"},"supplier_id":7294,"supplier_sku":"REC129671-18001","barcode":null,"atum_controlled":true,"out_stock_date":"2026-01-21 08:51:03","out_stock_threshold":null,"inheritable":false,"inbound_stock":null,"stock_on_hold":null,"sold_today":null,"sales_last_days":null,"reserved_stock":null,"customer_returns":null,"warehouse_damage":null,"lost_in_post":null,"other_logs":null,"out_stock_days":0,"lost_sales":null,"has_location":false,"update_date":"2026-01-21T08:51:07","atum_locations":[],"atum_stock_status":"onbackorder","restock_status":false,"low_stock_amount":0,"sales_update_date":null,"calc_backorders":null,"_links":{"self":[{"href":"https:\/\/wp.marinepartsystem.com\/es\/wp-json\/wp\/v2\/product\/46528","targetHints":{"allow":["GET"]}}],"collection":[{"href":"https:\/\/wp.marinepartsystem.com\/es\/wp-json\/wp\/v2\/product"}],"about":[{"href":"https:\/\/wp.marinepartsystem.com\/es\/wp-json\/wp\/v2\/types\/product"}],"replies":[{"embeddable":true,"href":"https:\/\/wp.marinepartsystem.com\/es\/wp-json\/wp\/v2\/comments?post=46528"}],"wp:featuredmedia":[{"embeddable":true,"href":"https:\/\/wp.marinepartsystem.com\/es\/wp-json\/wp\/v2\/media\/46530"}],"wp:attachment":[{"href":"https:\/\/wp.marinepartsystem.com\/es\/wp-json\/wp\/v2\/media?parent=46528"}],"wp:term":[{"taxonomy":"product_brand","embeddable":true,"href":"https:\/\/wp.marinepartsystem.com\/es\/wp-json\/wp\/v2\/product_brand?post=46528"},{"taxonomy":"product_cat","embeddable":true,"href":"https:\/\/wp.marinepartsystem.com\/es\/wp-json\/wp\/v2\/product_cat?post=46528"},{"taxonomy":"product_tag","embeddable":true,"href":"https:\/\/wp.marinepartsystem.com\/es\/wp-json\/wp\/v2\/product_tag?post=46528"}],"curies":[{"name":"wp","href":"https:\/\/api.w.org\/{rel}","templated":true}]}}