{"id":46241,"date":"2026-01-15T10:21:36","date_gmt":"2026-01-15T10:21:36","guid":{"rendered":"https:\/\/marinepartsystem.com\/product\/valvula-de-escape-yanmar-serie-1gm-2gm-3gm-105225-11110\/"},"modified":"2026-04-06T07:45:35","modified_gmt":"2026-04-06T07:45:35","slug":"valvula-de-escape-yanmar-serie-1gm-2gm-3gm-105225-11110","status":"publish","type":"product","link":"https:\/\/wp.marinepartsystem.com\/es\/producto\/valvula-de-escape-yanmar-serie-1gm-2gm-3gm-105225-11110\/","title":{"rendered":"V\u00e1lvula de escape Yanmar Serie 1GM \/ 2GM \/ 3GM - 105225-11110"},"content":{"rendered":"<p data-start=\"484\" data-end=\"805\">a <strong data-start=\"488\" data-end=\"527\">V\u00e1lvula de Escape Yanmar (105225-11110)<\/strong> est\u00e1 dise\u00f1ada para un funcionamiento fiable en <strong data-start=\"566\" data-end=\"608\">los motores diesel marinos Yanmar de la serie GM<\/strong>, garantizando un sellado adecuado de los gases de escape y un rendimiento eficiente del motor. Las v\u00e1lvulas de escape funcionan bajo una gran tensi\u00f3n t\u00e9rmica y mec\u00e1nica, por lo que la calidad del material y la precisi\u00f3n de fabricaci\u00f3n son esenciales. <\/p>\n<p data-start=\"807\" data-end=\"1063\">Fabricada seg\u00fan especificaciones equivalentes a las de los fabricantes de equipos originales, con materiales resistentes al calor, esta v\u00e1lvula de escape proporciona durabilidad, ajuste correcto y larga vida \u00fatil. Es adecuada para su uso durante el mantenimiento de la culata, la sustituci\u00f3n de v\u00e1lvulas o la revisi\u00f3n completa del motor. <\/p>\n<hr data-start=\"1065\" data-end=\"1068\">\n<h2 data-start=\"1070\" data-end=\"1087\">Tipo de producto<\/h2>\n<p data-start=\"1088\" data-end=\"1103\">V\u00e1lvula de escape<\/p>\n<h2 data-start=\"1110\" data-end=\"1126\">N\u00famero de pieza<\/h2>\n<p data-start=\"1127\" data-end=\"1141\">105225-11110<\/p>\n<h2 data-start=\"1148\" data-end=\"1166\">Compatibilidad<\/h2>\n<p data-start=\"1167\" data-end=\"1197\">Adecuado para motores Yanmar:<\/p>\n<ul>\n<li>1GM<\/li>\n<li>1GM10<\/li>\n<li>1GM10C<\/li>\n<li>1GML<\/li>\n<li>2GM(F)<\/li>\n<li>2GM20<\/li>\n<li>2GM20-YEU<\/li>\n<li>2GM20F<\/li>\n<li>2GM20FC-YEU<\/li>\n<li>2GMFL<\/li>\n<li>2GML<\/li>\n<li>3GM(F)<\/li>\n<li>3GM30<\/li>\n<li>3GM30-YEU<\/li>\n<li>3GM30C-YEU<\/li>\n<li>3GM30F<\/li>\n<li>3GM30F-YEU<\/li>\n<li>3GM30FC-YEU<\/li>\n<li>3GMD<\/li>\n<li>3HM<\/li>\n<li>3HMF<\/li>\n<\/ul>\n","protected":false},"excerpt":{"rendered":"<p>a V\u00e1lvula de Escape Yanmar (105225-11110) est\u00e1 dise\u00f1ada para un funcionamiento fiable en los motores diesel marinos Yanmar de la serie GM, garantizando un sellado adecuado de los gases de escape y un rendimiento eficiente del motor. Las v\u00e1lvulas de escape funcionan bajo una gran tensi\u00f3n t\u00e9rmica y mec\u00e1nica, por lo que la calidad del [&hellip;]<\/p>\n","protected":false},"featured_media":46242,"comment_status":"open","ping_status":"closed","template":"","meta":[],"product_brand":[4235],"product_cat":[2914,2518,3157],"product_tag":[],"class_list":{"0":"post-46241","1":"product","2":"type-product","3":"status-publish","4":"has-post-thumbnail","6":"product_brand-yanmar","7":"product_cat-bloque-motor","8":"product_cat-piezas-de-motor","9":"product_cat-valvulas-y-accesorios","10":"pa_condition-nuevo","11":"pa_model-1gm","12":"pa_model-1gm10","13":"pa_model-1gm10c","14":"pa_model-1gmc","15":"pa_model-1gml","16":"pa_model-2gm","17":"pa_model-2gm20","18":"pa_model-2gm20f","19":"pa_model-2gm20fv","20":"pa_model-2gm20fve","21":"pa_model-2gm20v","22":"pa_model-2gm20ve","23":"pa_model-2gmf","24":"pa_model-3gm","25":"pa_model-3gm30","26":"pa_model-3gm30-yeu","27":"pa_model-3gm30b","28":"pa_model-3gm30c","29":"pa_model-3gm30c-yeu","30":"pa_model-3gm30f","31":"pa_model-3gm30f-yeu","32":"pa_model-3gm30fc-yeu","33":"pa_model-3gm30fv","34":"pa_model-3gm30fve","35":"pa_model-3gm30v","36":"pa_model-3gm30ve","37":"pa_model-3gmd","38":"pa_model-3gmdf","39":"pa_model-3gmf","40":"pa_model-3gmfle","41":"pa_model-3gmfy-e","42":"pa_model-3gmfye-e","43":"pa_model-3hm","44":"pa_model-3hmf","45":"pa_oem-or-aftermarket-posventa","47":"first","48":"instock","49":"taxable","50":"shipping-taxable","51":"purchasable","52":"product-type-simple"},"supplier_id":7294,"supplier_sku":"REC105225-11110","barcode":null,"atum_controlled":true,"out_stock_date":null,"out_stock_threshold":null,"inheritable":false,"inbound_stock":0,"stock_on_hold":1,"sold_today":0,"sales_last_days":0,"reserved_stock":0,"customer_returns":0,"warehouse_damage":0,"lost_in_post":0,"other_logs":0,"out_stock_days":0,"lost_sales":0,"has_location":false,"update_date":"2026-04-08T13:13:36","atum_locations":[],"atum_stock_status":"instock","restock_status":false,"low_stock_amount":0,"sales_update_date":"2026-04-08T13:13:36","calc_backorders":0,"_links":{"self":[{"href":"https:\/\/wp.marinepartsystem.com\/es\/wp-json\/wp\/v2\/product\/46241","targetHints":{"allow":["GET"]}}],"collection":[{"href":"https:\/\/wp.marinepartsystem.com\/es\/wp-json\/wp\/v2\/product"}],"about":[{"href":"https:\/\/wp.marinepartsystem.com\/es\/wp-json\/wp\/v2\/types\/product"}],"replies":[{"embeddable":true,"href":"https:\/\/wp.marinepartsystem.com\/es\/wp-json\/wp\/v2\/comments?post=46241"}],"wp:featuredmedia":[{"embeddable":true,"href":"https:\/\/wp.marinepartsystem.com\/es\/wp-json\/wp\/v2\/media\/46242"}],"wp:attachment":[{"href":"https:\/\/wp.marinepartsystem.com\/es\/wp-json\/wp\/v2\/media?parent=46241"}],"wp:term":[{"taxonomy":"product_brand","embeddable":true,"href":"https:\/\/wp.marinepartsystem.com\/es\/wp-json\/wp\/v2\/product_brand?post=46241"},{"taxonomy":"product_cat","embeddable":true,"href":"https:\/\/wp.marinepartsystem.com\/es\/wp-json\/wp\/v2\/product_cat?post=46241"},{"taxonomy":"product_tag","embeddable":true,"href":"https:\/\/wp.marinepartsystem.com\/es\/wp-json\/wp\/v2\/product_tag?post=46241"}],"curies":[{"name":"wp","href":"https:\/\/api.w.org\/{rel}","templated":true}]}}