{"id":45849,"date":"2026-01-09T13:43:28","date_gmt":"2026-01-09T13:43:28","guid":{"rendered":"https:\/\/marinepartsystem.com\/product\/valvula-de-bola-3-8%e2%80%b3-de-acero-inoxidable\/"},"modified":"2026-01-09T13:49:54","modified_gmt":"2026-01-09T13:49:54","slug":"valvula-de-bola-3-8%e2%80%b3-de-acero-inoxidable","status":"publish","type":"product","link":"https:\/\/wp.marinepartsystem.com\/es\/producto\/valvula-de-bola-3-8%e2%80%b3-de-acero-inoxidable\/","title":{"rendered":"V\u00e1lvula de bola 3\/8\u2033 de acero inoxidable"},"content":{"rendered":"<p data-start=\"544\" data-end=\"868\">La <strong data-start=\"548\" data-end=\"583\">v\u00e1lvula de bola de acero inoxidable 3\/8\u2033<\/strong> est\u00e1 dise\u00f1ada para un control fiable del caudal en entornos exigentes donde se requiere resistencia a la corrosi\u00f3n, solidez y una larga vida \u00fatil. Fabricada totalmente <strong data-start=\"753\" data-end=\"772\">en acero inoxidable<\/strong>, esta v\u00e1lvula ofrece un funcionamiento suave de un cuarto de vuelta, un sellado seguro y un rendimiento constante. <\/p>\n<p data-start=\"870\" data-end=\"1151\">Su tama\u00f1o compacto hace que esta v\u00e1lvula de bola de acero inoxidable de 3\/8\u2033 sea ideal para sistemas de fluidos industriales, instalaciones marinas, sistemas de aire comprimido, conexiones de fontaner\u00eda y aplicaciones de calefacci\u00f3n, ventilaci\u00f3n y aire acondicionado. El mecanizado de precisi\u00f3n garantiza una p\u00e9rdida de presi\u00f3n m\u00ednima y un funcionamiento fiable en uso continuo. <\/p>\n<h2 data-start=\"1158\" data-end=\"1171\">Material<\/h2>\n<p data-start=\"1172\" data-end=\"1251\">Cuerpo de acero inoxidable<br data-start=\"1192\" data-end=\"1195\">Bola interna de acero inoxidable<br data-start=\"1224\" data-end=\"1227\">Empu\u00f1adura de acero inoxidable<\/p>\n<h2 data-start=\"1258\" data-end=\"1267\">Talla<\/h2>\n<p data-start=\"1268\" data-end=\"1290\">Tama\u00f1o de conexi\u00f3n 3\/8<\/p>\n<h2 data-start=\"1297\" data-end=\"1314\">Caracter\u00edsticas principales<\/h2>\n<ul data-start=\"1315\" data-end=\"1596\">\n<li data-start=\"1315\" data-end=\"1386\">\n<p data-start=\"1317\" data-end=\"1386\">Construcci\u00f3n totalmente de acero inoxidable para una mayor resistencia a la corrosi\u00f3n<\/p>\n<\/li>\n<li data-start=\"1315\" data-end=\"1386\">Con cierre de seguridad<\/li>\n<li data-start=\"1387\" data-end=\"1426\">\n<p data-start=\"1389\" data-end=\"1426\">Dise\u00f1o de cierre suave de un cuarto de vuelta<\/p>\n<\/li>\n<li data-start=\"1427\" data-end=\"1473\">\n<p data-start=\"1429\" data-end=\"1473\">Tama\u00f1o compacto para espacios de instalaci\u00f3n reducidos<\/p>\n<\/li>\n<li data-start=\"1531\" data-end=\"1596\">\n<p data-start=\"1533\" data-end=\"1596\">Ideal para aplicaciones industriales, marinas, de fontaner\u00eda y de climatizaci\u00f3n<\/p>\n<\/li>\n<\/ul>\n<p data-start=\"1603\" data-end=\"1739\">La inspecci\u00f3n y el mantenimiento rutinarios ayudan a garantizar la estanqueidad a largo plazo y a prolongar la vida \u00fatil de las v\u00e1lvulas de bola de acero inoxidable.<\/p>\n","protected":false},"excerpt":{"rendered":"<p>La v\u00e1lvula de bola de acero inoxidable 3\/8\u2033 est\u00e1 dise\u00f1ada para un control fiable del caudal en entornos exigentes donde se requiere resistencia a la corrosi\u00f3n, solidez y una larga vida \u00fatil. Fabricada totalmente en acero inoxidable, esta v\u00e1lvula ofrece un funcionamiento suave de un cuarto de vuelta, un sellado seguro y un rendimiento constante. [&hellip;]<\/p>\n","protected":false},"featured_media":45859,"comment_status":"open","ping_status":"closed","template":"","meta":[],"product_brand":[],"product_cat":[3601,4111,3599],"product_tag":[],"class_list":{"0":"post-45849","1":"product","2":"type-product","3":"status-publish","4":"has-post-thumbnail","6":"product_cat-accesorios","7":"product_cat-alrededor-del-motor","8":"product_cat-mangueras-y-racores","9":"pa_condition-nuevo","11":"first","12":"instock","13":"taxable","14":"shipping-taxable","15":"purchasable","16":"product-type-simple"},"supplier_id":7294,"supplier_sku":"GS30001","barcode":null,"atum_controlled":true,"out_stock_date":null,"out_stock_threshold":null,"inheritable":false,"inbound_stock":0,"stock_on_hold":0,"sold_today":0,"sales_last_days":0,"reserved_stock":0,"customer_returns":0,"warehouse_damage":0,"lost_in_post":0,"other_logs":0,"out_stock_days":0,"lost_sales":0,"has_location":false,"update_date":"2026-03-05T15:34:52","atum_locations":[],"atum_stock_status":"instock","restock_status":false,"low_stock_amount":1,"sales_update_date":"2026-03-05T15:34:52","calc_backorders":null,"_links":{"self":[{"href":"https:\/\/wp.marinepartsystem.com\/es\/wp-json\/wp\/v2\/product\/45849","targetHints":{"allow":["GET"]}}],"collection":[{"href":"https:\/\/wp.marinepartsystem.com\/es\/wp-json\/wp\/v2\/product"}],"about":[{"href":"https:\/\/wp.marinepartsystem.com\/es\/wp-json\/wp\/v2\/types\/product"}],"replies":[{"embeddable":true,"href":"https:\/\/wp.marinepartsystem.com\/es\/wp-json\/wp\/v2\/comments?post=45849"}],"wp:featuredmedia":[{"embeddable":true,"href":"https:\/\/wp.marinepartsystem.com\/es\/wp-json\/wp\/v2\/media\/45859"}],"wp:attachment":[{"href":"https:\/\/wp.marinepartsystem.com\/es\/wp-json\/wp\/v2\/media?parent=45849"}],"wp:term":[{"taxonomy":"product_brand","embeddable":true,"href":"https:\/\/wp.marinepartsystem.com\/es\/wp-json\/wp\/v2\/product_brand?post=45849"},{"taxonomy":"product_cat","embeddable":true,"href":"https:\/\/wp.marinepartsystem.com\/es\/wp-json\/wp\/v2\/product_cat?post=45849"},{"taxonomy":"product_tag","embeddable":true,"href":"https:\/\/wp.marinepartsystem.com\/es\/wp-json\/wp\/v2\/product_tag?post=45849"}],"curies":[{"name":"wp","href":"https:\/\/api.w.org\/{rel}","templated":true}]}}