{"id":45757,"date":"2025-12-23T14:12:44","date_gmt":"2025-12-23T14:12:44","guid":{"rendered":"https:\/\/marinepartsystem.com\/?post_type=product&#038;p=45757"},"modified":"2026-04-03T09:08:29","modified_gmt":"2026-04-03T09:08:29","slug":"yanmar-ym-serie-en-gm-eu-serivce-kit-copy","status":"publish","type":"product","link":"https:\/\/wp.marinepartsystem.com\/es\/producto\/yanmar-ym-serie-en-gm-eu-serivce-kit-copy\/","title":{"rendered":"Yanmar YM-serie (en GM EU) Serivce kit SK-MARINE-005-G"},"content":{"rendered":"<p><strong>Este kit de recambio incluye<\/strong><\/p>\n<ul>\n<li>Filtro de aceite<\/li>\n<li>Filtro de combustible<\/li>\n<li>Junta t\u00f3rica del filtro de combustible<\/li>\n<li>Impeller<\/li>\n<li>Junta de la bomba de agua de refrigeraci\u00f3n<\/li>\n<li>v cinturones<\/li>\n<li>Filtro de aire<\/li>\n<li>\u00c1nodo Zinc<\/li>\n<\/ul>\n<p><strong> <\/strong><\/p>\n<p><strong>Elementos opcionales a pedir por separado:<\/strong><\/p>\n<ul>\n<li>Aceite de motor y aceite de transmisi\u00f3n o saildrive<\/li>\n<\/ul>\n<p><strong> <\/strong><strong>Para:<\/strong><\/p>\n<p>2GM20 EU 18 CV, 2GM20 F EU 18 CV, 3GM30 EU 27 CV, 3GM30 F EU 27 CV, 2YM15 14 CV, 3YM20 21 CV, 3YM30 29 CV, 3YM30AE 29 CV<\/p>\n","protected":false},"excerpt":{"rendered":"<p>Este kit de recambio incluye Filtro de aceite Filtro de combustible Junta t\u00f3rica del filtro de combustible Impeller Junta de la bomba de agua de refrigeraci\u00f3n v cinturones Filtro de aire \u00c1nodo Zinc Elementos opcionales a pedir por separado: Aceite de motor y aceite de transmisi\u00f3n o saildrive Para: 2GM20 EU 18 CV, 2GM20 F [&hellip;]<\/p>\n","protected":false},"featured_media":45761,"comment_status":"open","ping_status":"closed","template":"","meta":[],"product_brand":[4235],"product_cat":[3201,4535,4450,4848,4451,4847,4846,2497,4534,4448],"product_tag":[],"class_list":{"0":"post-45757","1":"product","2":"type-product","3":"status-publish","4":"has-post-thumbnail","6":"product_brand-yanmar","7":"product_cat-kits-de-servicio","8":"product_cat-kits-de-servicio-yanmar","9":"product_cat-piezas-2gm-2gm20","10":"product_cat-piezas-2ym15","11":"product_cat-piezas-3gm-3gm30","12":"product_cat-piezas-3ym20","13":"product_cat-piezas-3ym30","14":"product_cat-piezas-de-mantenimiento-del-motor","15":"product_cat-piezas-de-servicio-yanmar","16":"product_cat-yanmar","17":"pa_condition-nuevo","18":"pa_model-2gm20","19":"pa_model-2gm20f","20":"pa_model-2gm20fv","21":"pa_model-2gm20fve","22":"pa_model-2gm20v","23":"pa_model-2gm20ve","24":"pa_model-2ym15","25":"pa_model-3gm30","26":"pa_model-3gm30-yeu","27":"pa_model-3gm30b","28":"pa_model-3gm30c","29":"pa_model-3gm30c-yeu","30":"pa_model-3gm30f","31":"pa_model-3gm30f-yeu","32":"pa_model-3gm30fc-yeu","33":"pa_model-3gm30fv","34":"pa_model-3gm30fve","35":"pa_model-3gm30v","36":"pa_model-3gm30ve","37":"pa_model-3ym20","38":"pa_model-3ym30","39":"pa_oem-or-aftermarket-posventa","41":"first","42":"outofstock","43":"taxable","44":"shipping-taxable","45":"purchasable","46":"product-type-simple"},"supplier_id":7294,"supplier_sku":"RECSKMARINE005G","barcode":null,"atum_controlled":true,"out_stock_date":"2026-04-03 09:05:48","out_stock_threshold":null,"inheritable":false,"inbound_stock":0,"stock_on_hold":1,"sold_today":1,"sales_last_days":1,"reserved_stock":0,"customer_returns":0,"warehouse_damage":0,"lost_in_post":0,"other_logs":0,"out_stock_days":0,"lost_sales":0,"has_location":false,"update_date":"2026-04-03T09:07:37","atum_locations":[],"atum_stock_status":"outofstock","restock_status":false,"low_stock_amount":0,"sales_update_date":null,"calc_backorders":null,"_links":{"self":[{"href":"https:\/\/wp.marinepartsystem.com\/es\/wp-json\/wp\/v2\/product\/45757","targetHints":{"allow":["GET"]}}],"collection":[{"href":"https:\/\/wp.marinepartsystem.com\/es\/wp-json\/wp\/v2\/product"}],"about":[{"href":"https:\/\/wp.marinepartsystem.com\/es\/wp-json\/wp\/v2\/types\/product"}],"replies":[{"embeddable":true,"href":"https:\/\/wp.marinepartsystem.com\/es\/wp-json\/wp\/v2\/comments?post=45757"}],"wp:featuredmedia":[{"embeddable":true,"href":"https:\/\/wp.marinepartsystem.com\/es\/wp-json\/wp\/v2\/media\/45761"}],"wp:attachment":[{"href":"https:\/\/wp.marinepartsystem.com\/es\/wp-json\/wp\/v2\/media?parent=45757"}],"wp:term":[{"taxonomy":"product_brand","embeddable":true,"href":"https:\/\/wp.marinepartsystem.com\/es\/wp-json\/wp\/v2\/product_brand?post=45757"},{"taxonomy":"product_cat","embeddable":true,"href":"https:\/\/wp.marinepartsystem.com\/es\/wp-json\/wp\/v2\/product_cat?post=45757"},{"taxonomy":"product_tag","embeddable":true,"href":"https:\/\/wp.marinepartsystem.com\/es\/wp-json\/wp\/v2\/product_tag?post=45757"}],"curies":[{"name":"wp","href":"https:\/\/api.w.org\/{rel}","templated":true}]}}