{"id":45743,"date":"2025-12-19T10:43:57","date_gmt":"2025-12-19T10:43:57","guid":{"rendered":"https:\/\/marinepartsystem.com\/product\/valvula-de-bola-de-laton-cromado-3-4%e2%80%b3-bola-de-acero-inoxidable-valvula-de-cierre-resistente\/"},"modified":"2025-12-19T10:43:57","modified_gmt":"2025-12-19T10:43:57","slug":"valvula-de-bola-de-laton-cromado-3-4%e2%80%b3-bola-de-acero-inoxidable-valvula-de-cierre-resistente","status":"publish","type":"product","link":"https:\/\/wp.marinepartsystem.com\/es\/producto\/valvula-de-bola-de-laton-cromado-3-4%e2%80%b3-bola-de-acero-inoxidable-valvula-de-cierre-resistente\/","title":{"rendered":"V\u00e1lvula de bola de lat\u00f3n cromado 3\/4\u2033 | Bola de acero inoxidable | V\u00e1lvula de cierre resistente"},"content":{"rendered":"<p data-start=\"568\" data-end=\"928\">La <strong data-start=\"572\" data-end=\"605\">V\u00e1lvula de Bola de Lat\u00f3n Cromado 3\/4\u2033<\/strong> est\u00e1 dise\u00f1ada para un control fiable de los fluidos en sistemas exigentes donde la fuerza, la fiabilidad y la resistencia a la corrosi\u00f3n son esenciales. Fabricada con <strong data-start=\"759\" data-end=\"781\">cuerpo de lat\u00f3n cromado<\/strong>, <strong data-start=\"783\" data-end=\"807\">bola de acero inoxidable<\/strong> y <strong data-start=\"813\" data-end=\"837\">maneta met\u00e1lica duradera<\/strong>, esta v\u00e1lvula ofrece un funcionamiento suave de un cuarto de vuelta, un sellado seguro y una larga vida \u00fatil. <\/p>\n<p data-start=\"930\" data-end=\"1267\">Gracias a su robusta construcci\u00f3n y mecanizado de precisi\u00f3n, esta v\u00e1lvula de bola de 3\/4\u2033 es ideal para tuber\u00edas industriales, entornos marinos, instalaciones de fontaner\u00eda, sistemas de aire comprimido y aplicaciones de calefacci\u00f3n, ventilaci\u00f3n y aire acondicionado. Garantiza un rendimiento constante con un mantenimiento m\u00ednimo, lo que la convierte en una soluci\u00f3n fiable tanto para uso profesional como intensivo. <\/p>\n<h2 data-start=\"1274\" data-end=\"1287\">Material<\/h2>\n<p data-start=\"1288\" data-end=\"1365\">Cuerpo de lat\u00f3n cromado<br data-start=\"1306\" data-end=\"1309\">Bola interna de acero inoxidable<br data-start=\"1338\" data-end=\"1341\">Mando de accionamiento met\u00e1lico<\/p>\n<h2 data-start=\"1372\" data-end=\"1381\">Talla<\/h2>\n<p data-start=\"1382\" data-end=\"1404\">Tama\u00f1o de conexi\u00f3n 3\/4<\/p>\n<h2 data-start=\"1411\" data-end=\"1428\">Caracter\u00edsticas principales<\/h2>\n<ul data-start=\"1429\" data-end=\"1728\">\n<li data-start=\"1429\" data-end=\"1498\">\n<p data-start=\"1431\" data-end=\"1498\">Robusto cuerpo de v\u00e1lvula de lat\u00f3n cromado para una mayor resistencia a la corrosi\u00f3n<\/p>\n<\/li>\n<li data-start=\"1499\" data-end=\"1561\">\n<p data-start=\"1501\" data-end=\"1561\">Bola de acero inoxidable para mayor durabilidad y suavidad de funcionamiento<\/p>\n<\/li>\n<li data-start=\"1562\" data-end=\"1603\">\n<p data-start=\"1564\" data-end=\"1603\">Dise\u00f1o fiable de cierre de un cuarto de vuelta<\/p>\n<\/li>\n<li data-start=\"1604\" data-end=\"1653\">\n<p data-start=\"1606\" data-end=\"1653\">Robusta empu\u00f1adura met\u00e1lica para un control manual seguro<\/p>\n<\/li>\n<li data-start=\"1654\" data-end=\"1728\">\n<p data-start=\"1656\" data-end=\"1728\">Adecuado para sistemas industriales, marinos, de fontaner\u00eda, neum\u00e1ticos y de climatizaci\u00f3n<\/p>\n<\/li>\n<\/ul>\n<p data-start=\"1735\" data-end=\"1866\">La inspecci\u00f3n y el mantenimiento rutinarios ayudan a mantener un rendimiento sin fugas y a prolongar la vida \u00fatil en entornos operativos exigentes.<\/p>\n","protected":false},"excerpt":{"rendered":"<p>La V\u00e1lvula de Bola de Lat\u00f3n Cromado 3\/4\u2033 est\u00e1 dise\u00f1ada para un control fiable de los fluidos en sistemas exigentes donde la fuerza, la fiabilidad y la resistencia a la corrosi\u00f3n son esenciales. Fabricada con cuerpo de lat\u00f3n cromado, bola de acero inoxidable y maneta met\u00e1lica duradera, esta v\u00e1lvula ofrece un funcionamiento suave de un [&hellip;]<\/p>\n","protected":false},"featured_media":45744,"comment_status":"open","ping_status":"closed","template":"","meta":[],"product_brand":[],"product_cat":[4111,3599],"product_tag":[],"class_list":{"0":"post-45743","1":"product","2":"type-product","3":"status-publish","4":"has-post-thumbnail","6":"product_cat-alrededor-del-motor","7":"product_cat-mangueras-y-racores","8":"pa_condition-nuevo","10":"first","11":"instock","12":"taxable","13":"shipping-taxable","14":"purchasable","15":"product-type-simple"},"supplier_id":7294,"supplier_sku":"GS30012","barcode":null,"atum_controlled":true,"out_stock_date":null,"out_stock_threshold":null,"inheritable":false,"inbound_stock":0,"stock_on_hold":0,"sold_today":0,"sales_last_days":0,"reserved_stock":0,"customer_returns":0,"warehouse_damage":0,"lost_in_post":0,"other_logs":0,"out_stock_days":0,"lost_sales":0,"has_location":false,"update_date":"2026-03-05T15:34:52","atum_locations":[],"atum_stock_status":"instock","restock_status":false,"low_stock_amount":0,"sales_update_date":"2026-03-05T15:34:52","calc_backorders":0,"_links":{"self":[{"href":"https:\/\/wp.marinepartsystem.com\/es\/wp-json\/wp\/v2\/product\/45743","targetHints":{"allow":["GET"]}}],"collection":[{"href":"https:\/\/wp.marinepartsystem.com\/es\/wp-json\/wp\/v2\/product"}],"about":[{"href":"https:\/\/wp.marinepartsystem.com\/es\/wp-json\/wp\/v2\/types\/product"}],"replies":[{"embeddable":true,"href":"https:\/\/wp.marinepartsystem.com\/es\/wp-json\/wp\/v2\/comments?post=45743"}],"wp:featuredmedia":[{"embeddable":true,"href":"https:\/\/wp.marinepartsystem.com\/es\/wp-json\/wp\/v2\/media\/45744"}],"wp:attachment":[{"href":"https:\/\/wp.marinepartsystem.com\/es\/wp-json\/wp\/v2\/media?parent=45743"}],"wp:term":[{"taxonomy":"product_brand","embeddable":true,"href":"https:\/\/wp.marinepartsystem.com\/es\/wp-json\/wp\/v2\/product_brand?post=45743"},{"taxonomy":"product_cat","embeddable":true,"href":"https:\/\/wp.marinepartsystem.com\/es\/wp-json\/wp\/v2\/product_cat?post=45743"},{"taxonomy":"product_tag","embeddable":true,"href":"https:\/\/wp.marinepartsystem.com\/es\/wp-json\/wp\/v2\/product_tag?post=45743"}],"curies":[{"name":"wp","href":"https:\/\/api.w.org\/{rel}","templated":true}]}}