{"id":45734,"date":"2025-12-19T10:30:41","date_gmt":"2025-12-19T10:30:41","guid":{"rendered":"https:\/\/marinepartsystem.com\/product\/valvula-de-bola-de-laton-cromado-1-2%e2%80%b3-bola-de-acero-inoxidable-valvula-de-cierre-resistente\/"},"modified":"2025-12-19T10:30:41","modified_gmt":"2025-12-19T10:30:41","slug":"valvula-de-bola-de-laton-cromado-1-2%e2%80%b3-bola-de-acero-inoxidable-valvula-de-cierre-resistente","status":"publish","type":"product","link":"https:\/\/wp.marinepartsystem.com\/es\/producto\/valvula-de-bola-de-laton-cromado-1-2%e2%80%b3-bola-de-acero-inoxidable-valvula-de-cierre-resistente\/","title":{"rendered":"V\u00e1lvula de bola de lat\u00f3n cromado 1\/2\u2033 | Bola de acero inoxidable | V\u00e1lvula de cierre resistente"},"content":{"rendered":"<p data-start=\"565\" data-end=\"874\">La <strong data-start=\"569\" data-end=\"602\">v\u00e1lvula de bola de lat\u00f3n cromado 1\/2\u2033<\/strong> est\u00e1 dise\u00f1ada para ofrecer un cierre fiable en sistemas de fluidos exigentes. Con una <strong data-start=\"693\" data-end=\"718\">carcasa de lat\u00f3n cromado<\/strong>, <strong data-start=\"720\" data-end=\"744\">una bola de acero inoxidable<\/strong> y una <strong data-start=\"750\" data-end=\"773\">robusta maneta met\u00e1lica<\/strong>, esta v\u00e1lvula garantiza un funcionamiento suave, una estanqueidad segura y una mayor resistencia a la corrosi\u00f3n y el desgaste. <\/p>\n<p data-start=\"876\" data-end=\"1212\">Ideal para sistemas industriales, aplicaciones marinas, instalaciones de fontaner\u00eda, configuraciones de aire comprimido y entornos de calefacci\u00f3n, ventilaci\u00f3n y aire acondicionado, esta v\u00e1lvula de bola de 1\/2\u2033 ofrece un rendimiento fiable con un mantenimiento m\u00ednimo. El mecanizado de precisi\u00f3n garantiza una estanqueidad eficaz y un control de caudal constante, por lo que es adecuada tanto para uso profesional como intensivo. <\/p>\n<h2 data-start=\"1219\" data-end=\"1232\">Material<\/h2>\n<p data-start=\"1233\" data-end=\"1310\">Cuerpo de lat\u00f3n cromado<br data-start=\"1251\" data-end=\"1254\">Bola interna de acero inoxidable<br data-start=\"1283\" data-end=\"1286\">Mando de accionamiento met\u00e1lico<\/p>\n<h2 data-start=\"1317\" data-end=\"1326\">Talla<\/h2>\n<p data-start=\"1327\" data-end=\"1349\">Tama\u00f1o de conexi\u00f3n 1\/2<\/p>\n<h2 data-start=\"1356\" data-end=\"1373\">Caracter\u00edsticas principales<\/h2>\n<ul data-start=\"1374\" data-end=\"1645\">\n<li data-start=\"1374\" data-end=\"1437\">\n<p data-start=\"1376\" data-end=\"1437\">Construcci\u00f3n duradera de lat\u00f3n cromado resistente a la corrosi\u00f3n<\/p>\n<\/li>\n<li data-start=\"1438\" data-end=\"1488\">\n<p data-start=\"1440\" data-end=\"1488\">La bola de acero inoxidable garantiza una larga vida \u00fatil<\/p>\n<\/li>\n<li data-start=\"1489\" data-end=\"1522\">\n<p data-start=\"1491\" data-end=\"1522\">Funcionamiento suave de un cuarto de vuelta<\/p>\n<\/li>\n<li data-start=\"1523\" data-end=\"1565\">\n<p data-start=\"1525\" data-end=\"1565\">Mango met\u00e1lico resistente para un control seguro<\/p>\n<\/li>\n<li data-start=\"1566\" data-end=\"1645\">\n<p data-start=\"1568\" data-end=\"1645\">Adecuado para aplicaciones industriales, marinas, de fontaner\u00eda, neum\u00e1ticas y de climatizaci\u00f3n<\/p>\n<\/li>\n<\/ul>\n<p data-start=\"1652\" data-end=\"1796\">\n<p data-start=\"1652\" data-end=\"1796\">La inspecci\u00f3n y el mantenimiento rutinarios ayudan a garantizar un funcionamiento sin fugas y a prolongar la vida \u00fatil de la v\u00e1lvula en entornos exigentes.<\/p>\n","protected":false},"excerpt":{"rendered":"<p>La v\u00e1lvula de bola de lat\u00f3n cromado 1\/2\u2033 est\u00e1 dise\u00f1ada para ofrecer un cierre fiable en sistemas de fluidos exigentes. Con una carcasa de lat\u00f3n cromado, una bola de acero inoxidable y una robusta maneta met\u00e1lica, esta v\u00e1lvula garantiza un funcionamiento suave, una estanqueidad segura y una mayor resistencia a la corrosi\u00f3n y el desgaste. [&hellip;]<\/p>\n","protected":false},"featured_media":45735,"comment_status":"open","ping_status":"closed","template":"","meta":[],"product_brand":[],"product_cat":[4111,3599],"product_tag":[],"class_list":{"0":"post-45734","1":"product","2":"type-product","3":"status-publish","4":"has-post-thumbnail","6":"product_cat-alrededor-del-motor","7":"product_cat-mangueras-y-racores","8":"pa_condition-nuevo","10":"first","11":"instock","12":"taxable","13":"shipping-taxable","14":"purchasable","15":"product-type-simple"},"supplier_id":7294,"supplier_sku":"GS30011","barcode":null,"atum_controlled":true,"out_stock_date":null,"out_stock_threshold":null,"inheritable":false,"inbound_stock":0,"stock_on_hold":0,"sold_today":0,"sales_last_days":0,"reserved_stock":0,"customer_returns":0,"warehouse_damage":0,"lost_in_post":0,"other_logs":0,"out_stock_days":0,"lost_sales":0,"has_location":false,"update_date":"2026-01-29T09:10:11","atum_locations":[],"atum_stock_status":"instock","restock_status":false,"low_stock_amount":0,"sales_update_date":"2026-01-29T09:10:11","calc_backorders":null,"_links":{"self":[{"href":"https:\/\/wp.marinepartsystem.com\/es\/wp-json\/wp\/v2\/product\/45734","targetHints":{"allow":["GET"]}}],"collection":[{"href":"https:\/\/wp.marinepartsystem.com\/es\/wp-json\/wp\/v2\/product"}],"about":[{"href":"https:\/\/wp.marinepartsystem.com\/es\/wp-json\/wp\/v2\/types\/product"}],"replies":[{"embeddable":true,"href":"https:\/\/wp.marinepartsystem.com\/es\/wp-json\/wp\/v2\/comments?post=45734"}],"wp:featuredmedia":[{"embeddable":true,"href":"https:\/\/wp.marinepartsystem.com\/es\/wp-json\/wp\/v2\/media\/45735"}],"wp:attachment":[{"href":"https:\/\/wp.marinepartsystem.com\/es\/wp-json\/wp\/v2\/media?parent=45734"}],"wp:term":[{"taxonomy":"product_brand","embeddable":true,"href":"https:\/\/wp.marinepartsystem.com\/es\/wp-json\/wp\/v2\/product_brand?post=45734"},{"taxonomy":"product_cat","embeddable":true,"href":"https:\/\/wp.marinepartsystem.com\/es\/wp-json\/wp\/v2\/product_cat?post=45734"},{"taxonomy":"product_tag","embeddable":true,"href":"https:\/\/wp.marinepartsystem.com\/es\/wp-json\/wp\/v2\/product_tag?post=45734"}],"curies":[{"name":"wp","href":"https:\/\/api.w.org\/{rel}","templated":true}]}}