{"id":45400,"date":"2025-12-16T10:21:16","date_gmt":"2025-12-16T10:21:16","guid":{"rendered":"https:\/\/marinepartsystem.com\/product\/volvo-penta-anodo-lapiz-zinc-con-tapon-832989\/"},"modified":"2025-12-18T10:27:42","modified_gmt":"2025-12-18T10:27:42","slug":"volvo-penta-anodo-lapiz-zinc-con-tapon-832989","status":"publish","type":"product","link":"https:\/\/wp.marinepartsystem.com\/es\/producto\/volvo-penta-anodo-lapiz-zinc-con-tapon-832989\/","title":{"rendered":"Volvo Penta \u00c1nodo L\u00e1piz Zinc Con Tap\u00f3n 832989"},"content":{"rendered":"<p data-start=\"514\" data-end=\"852\">El \u00e1nodo de l\u00e1piz de <strong data-start=\"518\" data-end=\"594\">zinc Volvo Penta de \u00d815,5 x 40 mm con tap\u00f3n<\/strong> roscado <strong data-start=\"518\" data-end=\"594\">BSPT de 1\/2\u2033 (832989)<\/strong> se suministra como un <strong data-start=\"612\" data-end=\"633\">conjunto completo<\/strong>, formado por un \u00e1nodo de l\u00e1piz de zinc y un tap\u00f3n roscado de lat\u00f3n. Esta unidad completa est\u00e1 dise\u00f1ada para proporcionar una protecci\u00f3n eficaz contra <strong data-start=\"767\" data-end=\"789\">la corrosi\u00f3n galv\u00e1nica<\/strong> en sistemas marinos en los que se requiere una protecci\u00f3n an\u00f3dica interna. <\/p>\n<p data-start=\"854\" data-end=\"1183\">El \u00e1nodo de zinc act\u00faa como elemento de sacrificio, corroyendo antes los componentes met\u00e1licos cr\u00edticos y ayudando a prolongar su vida \u00fatil. El <strong data-start=\"1000\" data-end=\"1036\">tap\u00f3n de lat\u00f3n<\/strong> integrado <strong data-start=\"1000\" data-end=\"1036\">de 1\/2\u2033 BSPT (gasconico<\/strong> ) garantiza una instalaci\u00f3n segura y un contacto el\u00e9ctrico fiable, lo que hace que esta unidad sea adecuada para sistemas de refrigeraci\u00f3n y otras aplicaciones marinas internas. <\/p>\n<h3 data-start=\"1185\" data-end=\"1201\"><strong data-start=\"1189\" data-end=\"1201\">Material<\/strong><\/h3>\n<ul data-start=\"1202\" data-end=\"1233\">\n<li data-start=\"1202\" data-end=\"1217\">\n<p data-start=\"1204\" data-end=\"1217\">\u00c1nodo: Zinc<\/p>\n<\/li>\n<li data-start=\"1218\" data-end=\"1233\">\n<p data-start=\"1220\" data-end=\"1233\">Enchufe: Lat\u00f3n<\/p>\n<\/li>\n<\/ul>\n<h3 data-start=\"1235\" data-end=\"1254\"><strong data-start=\"1239\" data-end=\"1254\">N\u00famero de pieza<\/strong><\/h3>\n<ul data-start=\"1255\" data-end=\"1263\">\n<li data-start=\"1255\" data-end=\"1263\">\n<p data-start=\"1257\" data-end=\"1263\">832989<\/p>\n<\/li>\n<\/ul>\n<h3 data-start=\"1265\" data-end=\"1279\"><strong data-start=\"1269\" data-end=\"1279\">Hilo<\/strong><\/h3>\n<ul data-start=\"1280\" data-end=\"1303\">\n<li data-start=\"1280\" data-end=\"1303\">\n<p data-start=\"1282\" data-end=\"1303\">1\/2\u2033 BSPT (Gasconico)<\/p>\n<\/li>\n<\/ul>\n<h3 data-start=\"1305\" data-end=\"1323\"><strong data-start=\"1309\" data-end=\"1323\">Dimensiones<\/strong><\/h3>\n<ul data-start=\"1324\" data-end=\"1400\">\n<li data-start=\"1324\" data-end=\"1349\">\n<p data-start=\"1326\" data-end=\"1349\">Di\u00e1metro (\u00d8) 15,5 mm<\/p>\n<\/li>\n<li data-start=\"1350\" data-end=\"1373\">\n<p data-start=\"1352\" data-end=\"1373\">Longitud (L): 40,0 mm<\/p>\n<\/li>\n<li data-start=\"1374\" data-end=\"1400\">\n<p data-start=\"1376\" data-end=\"1400\">Dimensi\u00f3n (C): 13,0 mm<\/p>\n<\/li>\n<\/ul>\n<h3 data-start=\"1402\" data-end=\"1422\"><strong data-start=\"1406\" data-end=\"1422\">Caracter\u00edsticas principales<\/strong><\/h3>\n<ul data-start=\"1423\" data-end=\"1666\">\n<li data-start=\"1423\" data-end=\"1473\">\n<p data-start=\"1425\" data-end=\"1473\">\u00c1nodo de l\u00e1piz completo suministrado con tap\u00f3n de lat\u00f3n<\/p>\n<\/li>\n<li data-start=\"1474\" data-end=\"1525\">\n<p data-start=\"1476\" data-end=\"1525\">\u00c1nodo de sacrificio de zinc para protecci\u00f3n contra la corrosi\u00f3n<\/p>\n<\/li>\n<li data-start=\"1526\" data-end=\"1568\">\n<p data-start=\"1528\" data-end=\"1568\">Instalaci\u00f3n segura con rosca 1\/2\u2033 BSPT<\/p>\n<\/li>\n<li data-start=\"1569\" data-end=\"1615\">\n<p data-start=\"1571\" data-end=\"1615\">Fabricado con precisi\u00f3n para un ajuste correcto<\/p>\n<\/li>\n<li data-start=\"1616\" data-end=\"1666\">\n<p data-start=\"1618\" data-end=\"1666\">Sustituci\u00f3n directa de la pieza 832989 de Volvo Penta<\/p>\n<\/li>\n<\/ul>\n<p data-start=\"1668\" data-end=\"1829\">La inspecci\u00f3n peri\u00f3dica y la sustituci\u00f3n a tiempo de los \u00e1nodos l\u00e1piz ayudan a mantener una protecci\u00f3n fiable contra la corrosi\u00f3n y evitan da\u00f1os en los componentes internos del sistema marino.<\/p>\n","protected":false},"excerpt":{"rendered":"<p>El \u00e1nodo de l\u00e1piz de zinc Volvo Penta de \u00d815,5 x 40 mm con tap\u00f3n roscado BSPT de 1\/2\u2033 (832989) se suministra como un conjunto completo, formado por un \u00e1nodo de l\u00e1piz de zinc y un tap\u00f3n roscado de lat\u00f3n. Esta unidad completa est\u00e1 dise\u00f1ada para proporcionar una protecci\u00f3n eficaz contra la corrosi\u00f3n galv\u00e1nica en [&hellip;]<\/p>\n","protected":false},"featured_media":45401,"comment_status":"open","ping_status":"closed","template":"","meta":[],"product_brand":[4229],"product_cat":[4486,3182,4522,2497,4302],"product_tag":[],"class_list":{"0":"post-45400","1":"product","2":"type-product","3":"status-publish","4":"has-post-thumbnail","6":"product_brand-volvo-penta","7":"product_cat-necesitas-piezas-volvo-penta","8":"product_cat-anodos","9":"product_cat-anodos-volvo-penta","10":"product_cat-piezas-de-mantenimiento-del-motor","11":"product_cat-volvo-penta","12":"pa_condition-nuevo","13":"pa_oem-or-aftermarket-posventa","15":"first","16":"onbackorder","17":"sale","18":"taxable","19":"shipping-taxable","20":"purchasable","21":"product-type-simple"},"supplier_id":45614,"supplier_sku":"00713T","barcode":null,"atum_controlled":true,"out_stock_date":"2025-12-16 10:21:20","out_stock_threshold":null,"inheritable":false,"inbound_stock":0,"stock_on_hold":0,"sold_today":0,"sales_last_days":0,"reserved_stock":0,"customer_returns":0,"warehouse_damage":0,"lost_in_post":0,"other_logs":0,"out_stock_days":43,"lost_sales":0,"has_location":false,"update_date":"2026-01-29T09:10:44","atum_locations":[],"atum_stock_status":"onbackorder","restock_status":false,"low_stock_amount":1,"sales_update_date":"2026-01-29T09:10:44","calc_backorders":null,"_links":{"self":[{"href":"https:\/\/wp.marinepartsystem.com\/es\/wp-json\/wp\/v2\/product\/45400","targetHints":{"allow":["GET"]}}],"collection":[{"href":"https:\/\/wp.marinepartsystem.com\/es\/wp-json\/wp\/v2\/product"}],"about":[{"href":"https:\/\/wp.marinepartsystem.com\/es\/wp-json\/wp\/v2\/types\/product"}],"replies":[{"embeddable":true,"href":"https:\/\/wp.marinepartsystem.com\/es\/wp-json\/wp\/v2\/comments?post=45400"}],"wp:featuredmedia":[{"embeddable":true,"href":"https:\/\/wp.marinepartsystem.com\/es\/wp-json\/wp\/v2\/media\/45401"}],"wp:attachment":[{"href":"https:\/\/wp.marinepartsystem.com\/es\/wp-json\/wp\/v2\/media?parent=45400"}],"wp:term":[{"taxonomy":"product_brand","embeddable":true,"href":"https:\/\/wp.marinepartsystem.com\/es\/wp-json\/wp\/v2\/product_brand?post=45400"},{"taxonomy":"product_cat","embeddable":true,"href":"https:\/\/wp.marinepartsystem.com\/es\/wp-json\/wp\/v2\/product_cat?post=45400"},{"taxonomy":"product_tag","embeddable":true,"href":"https:\/\/wp.marinepartsystem.com\/es\/wp-json\/wp\/v2\/product_tag?post=45400"}],"curies":[{"name":"wp","href":"https:\/\/api.w.org\/{rel}","templated":true}]}}