{"id":45373,"date":"2025-12-16T09:57:45","date_gmt":"2025-12-16T09:57:45","guid":{"rendered":"https:\/\/marinepartsystem.com\/product\/anodo-lapiz-zinc-volvo-penta-832989\/"},"modified":"2025-12-18T10:27:26","modified_gmt":"2025-12-18T10:27:26","slug":"anodo-lapiz-zinc-volvo-penta-832989","status":"publish","type":"product","link":"https:\/\/wp.marinepartsystem.com\/es\/producto\/anodo-lapiz-zinc-volvo-penta-832989\/","title":{"rendered":"\u00c1nodo L\u00e1piz Zinc Volvo Penta 832989"},"content":{"rendered":"<p data-start=\"519\" data-end=\"835\">El <strong>\u00e1nodo de l\u00e1piz de zinc Volvo Penta 832989<\/strong> est\u00e1 dise\u00f1ado para proporcionar una protecci\u00f3n eficaz contra <strong data-start=\"618\" data-end=\"640\">la corrosi\u00f3n galv\u00e1nica<\/strong> en entornos marinos. Fabricado con zinc de alta calidad, este \u00e1nodo l\u00e1piz act\u00faa como elemento de sacrificio, corroyendo antes los componentes met\u00e1licos cr\u00edticos y ayudando a prolongar su vida \u00fatil. <\/p>\n<p data-start=\"837\" data-end=\"1140\">Este \u00e1nodo presenta una <strong data-start=\"867\" data-end=\"900\">conexi\u00f3n roscada<\/strong> precisa <strong data-start=\"867\" data-end=\"900\">de 7\/16\u2033 UNC<\/strong> y se fabrica con dimensiones exactas para garantizar un ajuste correcto y un contacto el\u00e9ctrico fiable. Los \u00e1nodos l\u00e1piz se utilizan habitualmente en sistemas de refrigeraci\u00f3n y otras aplicaciones marinas internas en las que es esencial una protecci\u00f3n controlada contra la corrosi\u00f3n. <\/p>\n<h3 data-start=\"1142\" data-end=\"1158\"><strong data-start=\"1146\" data-end=\"1158\">Material<\/strong><\/h3>\n<ul data-start=\"1159\" data-end=\"1197\">\n<li data-start=\"1159\" data-end=\"1197\">\n<p data-start=\"1161\" data-end=\"1197\">Zinc (recomendado para uso en agua salada)<\/p>\n<\/li>\n<\/ul>\n<h3 data-start=\"1199\" data-end=\"1218\"><strong data-start=\"1203\" data-end=\"1218\">N\u00famero de pieza<\/strong><\/h3>\n<ul data-start=\"1219\" data-end=\"1227\">\n<li data-start=\"1219\" data-end=\"1227\">\n<p data-start=\"1221\" data-end=\"1227\">832989<\/p>\n<\/li>\n<\/ul>\n<h3 data-start=\"1229\" data-end=\"1247\"><strong data-start=\"1233\" data-end=\"1247\">Dimensiones<\/strong><\/h3>\n<ul data-start=\"1248\" data-end=\"1353\">\n<li data-start=\"1248\" data-end=\"1273\">\n<p data-start=\"1250\" data-end=\"1273\">Di\u00e1metro (\u00d8) 15,5 mm<\/p>\n<\/li>\n<li data-start=\"1274\" data-end=\"1297\">\n<p data-start=\"1276\" data-end=\"1297\">Longitud (L): 40,0 mm<\/p>\n<\/li>\n<li data-start=\"1298\" data-end=\"1331\">\n<p data-start=\"1300\" data-end=\"1331\">Longitud roscada (L1): 10,0 mm<\/p>\n<\/li>\n<li data-start=\"1332\" data-end=\"1353\">\n<p data-start=\"1334\" data-end=\"1353\">Rosca: 7\/16\u2033 UNC<\/p>\n<\/li>\n<\/ul>\n<h3 data-start=\"1355\" data-end=\"1375\"><strong data-start=\"1359\" data-end=\"1375\">Caracter\u00edsticas principales<\/strong><\/h3>\n<ul data-start=\"1376\" data-end=\"1624\">\n<li data-start=\"1376\" data-end=\"1429\">\n<p data-start=\"1378\" data-end=\"1429\">\u00c1nodo l\u00e1piz de zinc para la protecci\u00f3n contra la corrosi\u00f3n marina<\/p>\n<\/li>\n<li data-start=\"1430\" data-end=\"1479\">\n<p data-start=\"1432\" data-end=\"1479\">\u00c1nodo de sacrificio para proteger los componentes met\u00e1licos<\/p>\n<\/li>\n<li data-start=\"1480\" data-end=\"1530\">\n<p data-start=\"1482\" data-end=\"1530\">Mecanizado de precisi\u00f3n para un ajuste y contacto correctos<\/p>\n<\/li>\n<li data-start=\"1531\" data-end=\"1573\">\n<p data-start=\"1533\" data-end=\"1573\">Construcci\u00f3n duradera de zinc de calidad marina<\/p>\n<\/li>\n<li data-start=\"1574\" data-end=\"1624\">\n<p data-start=\"1576\" data-end=\"1624\">Sustituci\u00f3n directa de la pieza 832989 de Volvo Penta<\/p>\n<\/li>\n<\/ul>\n<p data-start=\"1626\" data-end=\"1784\">Se recomienda inspeccionar y sustituir regularmente los \u00e1nodos l\u00e1piz para mantener una protecci\u00f3n eficaz contra la corrosi\u00f3n y garantizar un funcionamiento fiable de los sistemas marinos.<\/p>\n<h2 data-start=\"1791\" data-end=\"1810\"><\/h2>\n","protected":false},"excerpt":{"rendered":"<p>El \u00e1nodo de l\u00e1piz de zinc Volvo Penta 832989 est\u00e1 dise\u00f1ado para proporcionar una protecci\u00f3n eficaz contra la corrosi\u00f3n galv\u00e1nica en entornos marinos. Fabricado con zinc de alta calidad, este \u00e1nodo l\u00e1piz act\u00faa como elemento de sacrificio, corroyendo antes los componentes met\u00e1licos cr\u00edticos y ayudando a prolongar su vida \u00fatil. Este \u00e1nodo presenta una conexi\u00f3n [&hellip;]<\/p>\n","protected":false},"featured_media":45374,"comment_status":"open","ping_status":"closed","template":"","meta":[],"product_brand":[4229],"product_cat":[3182,4522,2497],"product_tag":[],"class_list":{"0":"post-45373","1":"product","2":"type-product","3":"status-publish","4":"has-post-thumbnail","6":"product_brand-volvo-penta","7":"product_cat-anodos","8":"product_cat-anodos-volvo-penta","9":"product_cat-piezas-de-mantenimiento-del-motor","10":"pa_condition-nuevo","11":"pa_oem-or-aftermarket-posventa","13":"first","14":"onbackorder","15":"sale","16":"taxable","17":"shipping-taxable","18":"purchasable","19":"product-type-simple"},"supplier_id":45614,"supplier_sku":"00713","barcode":null,"atum_controlled":true,"out_stock_date":"2025-12-16 09:57:49","out_stock_threshold":null,"inheritable":false,"inbound_stock":0,"stock_on_hold":0,"sold_today":0,"sales_last_days":0,"reserved_stock":0,"customer_returns":0,"warehouse_damage":0,"lost_in_post":0,"other_logs":0,"out_stock_days":43,"lost_sales":0,"has_location":false,"update_date":"2026-01-29T09:10:11","atum_locations":[],"atum_stock_status":"onbackorder","restock_status":false,"low_stock_amount":1,"sales_update_date":"2026-01-29T09:10:11","calc_backorders":null,"_links":{"self":[{"href":"https:\/\/wp.marinepartsystem.com\/es\/wp-json\/wp\/v2\/product\/45373","targetHints":{"allow":["GET"]}}],"collection":[{"href":"https:\/\/wp.marinepartsystem.com\/es\/wp-json\/wp\/v2\/product"}],"about":[{"href":"https:\/\/wp.marinepartsystem.com\/es\/wp-json\/wp\/v2\/types\/product"}],"replies":[{"embeddable":true,"href":"https:\/\/wp.marinepartsystem.com\/es\/wp-json\/wp\/v2\/comments?post=45373"}],"wp:featuredmedia":[{"embeddable":true,"href":"https:\/\/wp.marinepartsystem.com\/es\/wp-json\/wp\/v2\/media\/45374"}],"wp:attachment":[{"href":"https:\/\/wp.marinepartsystem.com\/es\/wp-json\/wp\/v2\/media?parent=45373"}],"wp:term":[{"taxonomy":"product_brand","embeddable":true,"href":"https:\/\/wp.marinepartsystem.com\/es\/wp-json\/wp\/v2\/product_brand?post=45373"},{"taxonomy":"product_cat","embeddable":true,"href":"https:\/\/wp.marinepartsystem.com\/es\/wp-json\/wp\/v2\/product_cat?post=45373"},{"taxonomy":"product_tag","embeddable":true,"href":"https:\/\/wp.marinepartsystem.com\/es\/wp-json\/wp\/v2\/product_tag?post=45373"}],"curies":[{"name":"wp","href":"https:\/\/api.w.org\/{rel}","templated":true}]}}