{"id":45226,"date":"2025-12-12T09:46:55","date_gmt":"2025-12-12T09:46:55","guid":{"rendered":"https:\/\/marinepartsystem.com\/product\/kit-de-servicio-yanmar-1gm-1gm10-1gm10c-sk-marine-001-g\/"},"modified":"2025-12-12T09:46:55","modified_gmt":"2025-12-12T09:46:55","slug":"kit-de-servicio-yanmar-1gm-1gm10-1gm10c-sk-marine-001-g","status":"publish","type":"product","link":"https:\/\/marinepartsystem.com\/es\/producto\/kit-de-servicio-yanmar-1gm-1gm10-1gm10c-sk-marine-001-g","title":{"rendered":"Kit de servicio Yanmar 1GM \/ 1GM10 \/ 1GM10C | SK-MARINE-001-G"},"content":{"rendered":"<p data-start=\"538\" data-end=\"805\">El <strong data-start=\"542\" data-end=\"580\">kit de servicio Yanmar SK-MARINE-001-G<\/strong> est\u00e1 dise\u00f1ado para el mantenimiento rutinario de los motores di\u00e9sel marinos Yanmar <strong data-start=\"627\" data-end=\"652\">1GM, 1GM10 y 1GM10C<\/strong>. Este completo kit de servicio contiene las piezas de recambio esenciales necesarias para mantener tu motor en funcionamiento de forma fiable y eficiente. <\/p>\n<p data-start=\"807\" data-end=\"1072\">El uso de un kit de mantenimiento espec\u00edfico simplifica el mantenimiento peri\u00f3dico y garantiza que todos los componentes cr\u00edticos se sustituyan al mismo tiempo. Las piezas incluidas en este kit se fabrican de acuerdo con las especificaciones de los fabricantes de equipos originales, lo que proporciona un ajuste adecuado y un rendimiento fiable. <\/p>\n<h3 data-start=\"1074\" data-end=\"1123\"><strong data-start=\"1078\" data-end=\"1123\">Adecuado para los siguientes motores Yanmar<\/strong><\/h3>\n<ul data-start=\"1124\" data-end=\"1183\">\n<li data-start=\"1124\" data-end=\"1142\">\n<p data-start=\"1126\" data-end=\"1142\">Yanmar <strong data-start=\"1133\" data-end=\"1140\">1GM<\/strong><\/p>\n<\/li>\n<li data-start=\"1143\" data-end=\"1163\">\n<p data-start=\"1145\" data-end=\"1163\">Yanmar <strong data-start=\"1152\" data-end=\"1161\">1GM10<\/strong><\/p>\n<\/li>\n<li data-start=\"1164\" data-end=\"1183\">\n<p data-start=\"1166\" data-end=\"1183\">Yanmar <strong data-start=\"1173\" data-end=\"1183\">1GM10C<\/strong><\/p>\n<\/li>\n<\/ul>\n<h3 data-start=\"1185\" data-end=\"1213\"><strong data-start=\"1189\" data-end=\"1213\">Contenido del kit de servicio<\/strong><\/h3>\n<ul data-start=\"1214\" data-end=\"1277\">\n<li data-start=\"1214\" data-end=\"1228\">\n<p data-start=\"1216\" data-end=\"1228\">Filtro de aceite<\/p>\n<\/li>\n<li data-start=\"1229\" data-end=\"1244\">\n<p data-start=\"1231\" data-end=\"1244\">Filtro de combustible<\/p>\n<\/li>\n<li data-start=\"1245\" data-end=\"1257\">\n<p data-start=\"1247\" data-end=\"1257\">Impeller<\/p>\n<\/li>\n<li data-start=\"1258\" data-end=\"1277\">\n<p data-start=\"1260\" data-end=\"1277\">Junta del impulsor<\/p>\n<\/li>\n<li data-start=\"1258\" data-end=\"1277\">Elemento del filtro de aire<\/li>\n<li data-start=\"1214\" data-end=\"1228\">\n<p data-start=\"1216\" data-end=\"1228\">\u00c1nodo<\/p>\n<\/li>\n<li data-start=\"1229\" data-end=\"1244\">\n<p data-start=\"1231\" data-end=\"1244\">Correa trapezoidal<\/p>\n<\/li>\n<\/ul>\n<p>&nbsp;<\/p>\n<h3 data-start=\"1279\" data-end=\"1306\"><strong data-start=\"1283\" data-end=\"1306\">Informaci\u00f3n sobre el producto<\/strong><\/h3>\n<ul data-start=\"1307\" data-end=\"1455\">\n<li data-start=\"1307\" data-end=\"1353\">\n<p data-start=\"1309\" data-end=\"1353\"><strong data-start=\"1309\" data-end=\"1335\">Referencia del kit de servicio:<\/strong> SK-MARINE-001-G<\/p>\n<\/li>\n<li data-start=\"1354\" data-end=\"1413\">\n<p data-start=\"1356\" data-end=\"1413\"><strong data-start=\"1356\" data-end=\"1372\">Aplicaci\u00f3n:<\/strong> Revisi\u00f3n y mantenimiento rutinario del motor<\/p>\n<\/li>\n<li data-start=\"1414\" data-end=\"1455\">\n<p data-start=\"1416\" data-end=\"1455\"><strong data-start=\"1416\" data-end=\"1428\">Ajuste:<\/strong> Recambio directo<\/p>\n<\/li>\n<\/ul>\n<p data-start=\"1457\" data-end=\"1730\">Un mantenimiento regular con los componentes correctos ayuda a evitar el desgaste prematuro, mejora la fiabilidad del motor y prolonga su vida \u00fatil. El <strong data-start=\"1591\" data-end=\"1629\">Kit de Servicio Yanmar SK-MARINE-001-G<\/strong> es una soluci\u00f3n ideal para los propietarios que realizan el mantenimiento programado de sus motores Yanmar de la serie 1GM. <\/p>\n<h2 data-start=\"1737\" data-end=\"1756\"><\/h2>\n","protected":false},"excerpt":{"rendered":"<p>El kit de servicio Yanmar SK-MARINE-001-G est\u00e1 dise\u00f1ado para el mantenimiento rutinario de los motores di\u00e9sel marinos Yanmar 1GM, 1GM10 y 1GM10C. Este completo kit de servicio contiene las piezas de recambio esenciales necesarias para mantener tu motor en funcionamiento de forma fiable y eficiente. El uso de un kit de mantenimiento espec\u00edfico simplifica el [&hellip;]<\/p>\n","protected":false},"featured_media":45232,"comment_status":"open","ping_status":"closed","template":"","meta":[],"product_brand":[4229],"product_cat":[3201,4449,2497,4448],"product_tag":[],"class_list":{"0":"post-45226","1":"product","2":"type-product","3":"status-publish","4":"has-post-thumbnail","6":"product_brand-volvo-penta","7":"product_cat-kits-de-servicio","8":"product_cat-piezas-1gm-1gm10","9":"product_cat-piezas-de-mantenimiento-del-motor","10":"product_cat-yanmar","11":"pa_condition-nuevo","12":"pa_model-1gm","13":"pa_model-1gm10","14":"pa_model-1gm10c","15":"pa_model-1gmc","16":"pa_model-1gml","17":"pa_oem-or-aftermarket-posventa","19":"first","20":"onbackorder","21":"taxable","22":"shipping-taxable","23":"purchasable","24":"product-type-simple"},"supplier_id":7294,"supplier_sku":"RECSKMARINE001","barcode":null,"atum_controlled":true,"out_stock_date":"2025-12-20 05:25:59","out_stock_threshold":null,"inheritable":false,"inbound_stock":0,"stock_on_hold":1,"sold_today":0,"sales_last_days":0,"reserved_stock":0,"customer_returns":0,"warehouse_damage":0,"lost_in_post":0,"other_logs":0,"out_stock_days":127,"lost_sales":0,"has_location":false,"update_date":"2026-04-26T20:04:59","atum_locations":[],"atum_stock_status":"onbackorder","restock_status":false,"low_stock_amount":0,"sales_update_date":"2026-04-26T20:04:59","calc_backorders":0,"_links":{"self":[{"href":"https:\/\/wp.marinepartsystem.com\/es\/wp-json\/wp\/v2\/product\/45226","targetHints":{"allow":["GET"]}}],"collection":[{"href":"https:\/\/wp.marinepartsystem.com\/es\/wp-json\/wp\/v2\/product"}],"about":[{"href":"https:\/\/wp.marinepartsystem.com\/es\/wp-json\/wp\/v2\/types\/product"}],"replies":[{"embeddable":true,"href":"https:\/\/wp.marinepartsystem.com\/es\/wp-json\/wp\/v2\/comments?post=45226"}],"wp:featuredmedia":[{"embeddable":true,"href":"https:\/\/wp.marinepartsystem.com\/es\/wp-json\/wp\/v2\/media\/45232"}],"wp:attachment":[{"href":"https:\/\/wp.marinepartsystem.com\/es\/wp-json\/wp\/v2\/media?parent=45226"}],"wp:term":[{"taxonomy":"product_brand","embeddable":true,"href":"https:\/\/wp.marinepartsystem.com\/es\/wp-json\/wp\/v2\/product_brand?post=45226"},{"taxonomy":"product_cat","embeddable":true,"href":"https:\/\/wp.marinepartsystem.com\/es\/wp-json\/wp\/v2\/product_cat?post=45226"},{"taxonomy":"product_tag","embeddable":true,"href":"https:\/\/wp.marinepartsystem.com\/es\/wp-json\/wp\/v2\/product_tag?post=45226"}],"curies":[{"name":"wp","href":"https:\/\/api.w.org\/{rel}","templated":true}]}}