{"id":45124,"date":"2025-12-03T13:56:27","date_gmt":"2025-12-03T13:56:27","guid":{"rendered":"https:\/\/marinepartsystem.com\/product\/placas-plegables-pequenas-volvo-penta-110s-120s-s-b-s-c-magnesio-pareja-852018\/"},"modified":"2025-12-18T10:31:36","modified_gmt":"2025-12-18T10:31:36","slug":"placas-plegables-pequenas-volvo-penta-110s-120s-s-b-s-c-magnesio-pareja-852018","status":"publish","type":"product","link":"https:\/\/wp.marinepartsystem.com\/es\/producto\/placas-plegables-pequenas-volvo-penta-110s-120s-s-b-s-c-magnesio-pareja-852018\/","title":{"rendered":"Placas plegables peque\u00f1as Volvo Penta 110S\/120S S-B, S-C Magnesio (Pareja) | 852018"},"content":{"rendered":"<p data-start=\"2944\" data-end=\"3290\">Las <strong data-start=\"2948\" data-end=\"3018\">Placas Plegables Peque\u00f1as Volvo Penta 110\/120 S-B, S-C Magnesio (Pareja)<\/strong> (OEM 852018) est\u00e1n dise\u00f1adas para ofrecer <strong data-start=\"3051\" data-end=\"3110\">la m\u00e1xima protecci\u00f3n contra la corrosi\u00f3n en entornos de agua dulce<\/strong>. Vendidas por pares, estas placas de magnesio est\u00e1n dise\u00f1adas con precisi\u00f3n para los Saildrives 110 y 120 S-B y S-C, garantizando un funcionamiento suave de la h\u00e9lice plegable y un rendimiento duradero. <\/p>\n<p data-start=\"3292\" data-end=\"3307\"><strong data-start=\"3292\" data-end=\"3305\">Material:<\/strong><\/p>\n<ul data-start=\"3308\" data-end=\"3344\">\n<li data-start=\"3308\" data-end=\"3344\">\n<p data-start=\"3310\" data-end=\"3344\">Magnesio - ideal para agua dulce<\/p>\n<\/li>\n<\/ul>\n<p data-start=\"3346\" data-end=\"3360\"><strong data-start=\"3346\" data-end=\"3358\">Se vende como:<\/strong><\/p>\n<ul data-start=\"3361\" data-end=\"3380\">\n<li data-start=\"3361\" data-end=\"3380\">\n<p data-start=\"3363\" data-end=\"3380\">Pareja (2 placas)<\/p>\n<\/li>\n<\/ul>\n<p data-start=\"3382\" data-end=\"3401\"><strong data-start=\"3382\" data-end=\"3399\">Caracter\u00edsticas principales:<\/strong><\/p>\n<ul data-start=\"3402\" data-end=\"3598\">\n<li data-start=\"3402\" data-end=\"3454\">\n<p data-start=\"3404\" data-end=\"3454\">Placas plegables de magnesio para Saildrive S-B \/ S-C<\/p>\n<\/li>\n<li data-start=\"3455\" data-end=\"3502\">\n<p data-start=\"3457\" data-end=\"3502\">Protecci\u00f3n superior contra la corrosi\u00f3n en agua dulce<\/p>\n<\/li>\n<li data-start=\"3503\" data-end=\"3555\">\n<p data-start=\"3505\" data-end=\"3555\">Ajuste OEM para un funcionamiento fiable de la h\u00e9lice plegable<\/p>\n<\/li>\n<li data-start=\"3556\" data-end=\"3598\">\n<p data-start=\"3558\" data-end=\"3598\">Se venden por pares para una sustituci\u00f3n completa<\/p>\n<\/li>\n<\/ul>\n","protected":false},"excerpt":{"rendered":"<p>Las Placas Plegables Peque\u00f1as Volvo Penta 110\/120 S-B, S-C Magnesio (Pareja) (OEM 852018) est\u00e1n dise\u00f1adas para ofrecer la m\u00e1xima protecci\u00f3n contra la corrosi\u00f3n en entornos de agua dulce. Vendidas por pares, estas placas de magnesio est\u00e1n dise\u00f1adas con precisi\u00f3n para los Saildrives 110 y 120 S-B y S-C, garantizando un funcionamiento suave de la h\u00e9lice [&hellip;]<\/p>\n","protected":false},"featured_media":45125,"comment_status":"open","ping_status":"closed","template":"","meta":[],"product_brand":[4229],"product_cat":[4486,3182,4522,2497,4525,4598,4573,4302],"product_tag":[],"class_list":{"0":"post-45124","1":"product","2":"type-product","3":"status-publish","4":"has-post-thumbnail","6":"product_brand-volvo-penta","7":"product_cat-necesitas-piezas-volvo-penta","8":"product_cat-anodos","9":"product_cat-anodos-volvo-penta","10":"product_cat-piezas-de-mantenimiento-del-motor","11":"product_cat-recambios-volvo-penta","12":"product_cat-recambios-volvo-penta-120s-saildrive-service","13":"product_cat-recambios-volvo-penta-saildrive-service","14":"product_cat-volvo-penta","15":"pa_condition-nuevo","16":"pa_model-110s","17":"pa_model-120s","18":"pa_oem-or-aftermarket-posventa","20":"first","21":"onbackorder","22":"sale","23":"taxable","24":"shipping-taxable","25":"purchasable","26":"product-type-simple"},"supplier_id":45614,"supplier_sku":"00710MG","barcode":null,"atum_controlled":true,"out_stock_date":"2025-12-03 13:56:32","out_stock_threshold":null,"inheritable":false,"inbound_stock":0,"stock_on_hold":0,"sold_today":0,"sales_last_days":0,"reserved_stock":0,"customer_returns":0,"warehouse_damage":0,"lost_in_post":0,"other_logs":0,"out_stock_days":56,"lost_sales":0,"has_location":false,"update_date":"2026-01-29T09:10:11","atum_locations":[],"atum_stock_status":"onbackorder","restock_status":false,"low_stock_amount":1,"sales_update_date":"2026-01-29T09:10:11","calc_backorders":null,"_links":{"self":[{"href":"https:\/\/wp.marinepartsystem.com\/es\/wp-json\/wp\/v2\/product\/45124","targetHints":{"allow":["GET"]}}],"collection":[{"href":"https:\/\/wp.marinepartsystem.com\/es\/wp-json\/wp\/v2\/product"}],"about":[{"href":"https:\/\/wp.marinepartsystem.com\/es\/wp-json\/wp\/v2\/types\/product"}],"replies":[{"embeddable":true,"href":"https:\/\/wp.marinepartsystem.com\/es\/wp-json\/wp\/v2\/comments?post=45124"}],"wp:featuredmedia":[{"embeddable":true,"href":"https:\/\/wp.marinepartsystem.com\/es\/wp-json\/wp\/v2\/media\/45125"}],"wp:attachment":[{"href":"https:\/\/wp.marinepartsystem.com\/es\/wp-json\/wp\/v2\/media?parent=45124"}],"wp:term":[{"taxonomy":"product_brand","embeddable":true,"href":"https:\/\/wp.marinepartsystem.com\/es\/wp-json\/wp\/v2\/product_brand?post=45124"},{"taxonomy":"product_cat","embeddable":true,"href":"https:\/\/wp.marinepartsystem.com\/es\/wp-json\/wp\/v2\/product_cat?post=45124"},{"taxonomy":"product_tag","embeddable":true,"href":"https:\/\/wp.marinepartsystem.com\/es\/wp-json\/wp\/v2\/product_tag?post=45124"}],"curies":[{"name":"wp","href":"https:\/\/api.w.org\/{rel}","templated":true}]}}