{"id":45059,"date":"2025-12-03T12:19:02","date_gmt":"2025-12-03T12:19:02","guid":{"rendered":"https:\/\/marinepartsystem.com\/product\/anodo-de-zinc-volvo-penta-852835-para-helices-dobles-280-290\/"},"modified":"2025-12-18T10:31:06","modified_gmt":"2025-12-18T10:31:06","slug":"anodo-de-zinc-volvo-penta-852835-para-helices-dobles-280-290","status":"publish","type":"product","link":"https:\/\/wp.marinepartsystem.com\/es\/producto\/anodo-de-zinc-volvo-penta-852835-para-helices-dobles-280-290\/","title":{"rendered":"\u00c1nodo de zinc Volvo Penta 852835 para h\u00e9lices dobles 280-290"},"content":{"rendered":"<p data-start=\"882\" data-end=\"1215\">El \u00e1nodo de cinc Volvo Penta 852835 est\u00e1 dise\u00f1ado espec\u00edficamente para los propulsores de popa 280 y 290 Duo Prop y proporciona una protecci\u00f3n fiable contra la corrosi\u00f3n en <strong data-start=\"1022\" data-end=\"1048\">entornos de agua salada<\/strong>. Fabricado seg\u00fan las especificaciones OEM, este \u00e1nodo de zinc garantiza un ajuste adecuado, una larga vida \u00fatil y una protecci\u00f3n \u00f3ptima de la carcasa del sistema de cola y los componentes de la h\u00e9lice. <\/p>\n<p data-start=\"1217\" data-end=\"1504\">Este \u00e1nodo de recambio directo coincide con el n\u00famero OEM <strong data-start=\"1278\" data-end=\"1288\">852835<\/strong> de Volvo Penta, por lo que su instalaci\u00f3n es sencilla y no requiere modificaciones. El zinc es el material de \u00e1nodo preferido para las embarcaciones que operan principalmente en <strong data-start=\"1419\" data-end=\"1432\">agua salada<\/strong>, ya que ofrece una protecci\u00f3n de sacrificio fiable contra la corrosi\u00f3n galv\u00e1nica. <\/p>\n<h3 data-start=\"1506\" data-end=\"1524\"><strong data-start=\"1510\" data-end=\"1522\">Caracter\u00edsticas<\/strong><\/h3>\n<ul data-start=\"1525\" data-end=\"1705\">\n<li data-start=\"1525\" data-end=\"1543\">\n<p data-start=\"1527\" data-end=\"1543\">Material: Zinc<\/p>\n<\/li>\n<li data-start=\"1544\" data-end=\"1574\">\n<p data-start=\"1546\" data-end=\"1574\">Equivalente OEM: <strong data-start=\"1562\" data-end=\"1572\">852835<\/strong><\/p>\n<\/li>\n<li data-start=\"1575\" data-end=\"1612\">\n<p data-start=\"1577\" data-end=\"1612\">Apto para agua salada<\/p>\n<\/li>\n<li data-start=\"1613\" data-end=\"1660\">\n<p data-start=\"1615\" data-end=\"1660\">Dise\u00f1ado para fuerabordas Volvo Penta Duo Prop<\/p>\n<\/li>\n<li data-start=\"1661\" data-end=\"1705\">\n<p data-start=\"1663\" data-end=\"1705\">F\u00e1cil instalaci\u00f3n, recambio de ajuste exacto<\/p>\n<\/li>\n<\/ul>\n<h3 data-start=\"1707\" data-end=\"1732\"><strong data-start=\"1711\" data-end=\"1730\">Compatible con<\/strong><\/h3>\n<ul data-start=\"1733\" data-end=\"1820\">\n<li data-start=\"1733\" data-end=\"1776\">\n<p data-start=\"1735\" data-end=\"1776\">Sistema de propulsi\u00f3n en popa <strong data-start=\"1735\" data-end=\"1763\">Volvo Penta 280 Duo Prop<\/strong> <\/p>\n<\/li>\n<li data-start=\"1777\" data-end=\"1820\">\n<p data-start=\"1779\" data-end=\"1820\">Propulsor de popa <strong data-start=\"1779\" data-end=\"1807\">Volvo Penta 290 Duo Prop<\/strong> <\/p>\n<\/li>\n<\/ul>\n<p data-start=\"1822\" data-end=\"2006\">Este \u00e1nodo de zinc es esencial para mantener la vida \u00fatil de tu fueraborda Volvo Penta, evitando costosos da\u00f1os por corrosi\u00f3n. Sustit\u00fayelo anualmente o cuando est\u00e9 visiblemente desgastado para una mejor protecci\u00f3n. <\/p>\n","protected":false},"excerpt":{"rendered":"<p>El \u00e1nodo de cinc Volvo Penta 852835 est\u00e1 dise\u00f1ado espec\u00edficamente para los propulsores de popa 280 y 290 Duo Prop y proporciona una protecci\u00f3n fiable contra la corrosi\u00f3n en entornos de agua salada. Fabricado seg\u00fan las especificaciones OEM, este \u00e1nodo de zinc garantiza un ajuste adecuado, una larga vida \u00fatil y una protecci\u00f3n \u00f3ptima de [&hellip;]<\/p>\n","protected":false},"featured_media":45060,"comment_status":"open","ping_status":"closed","template":"","meta":[],"product_brand":[4229],"product_cat":[4486,3182,4522,2497,4302],"product_tag":[],"class_list":{"0":"post-45059","1":"product","2":"type-product","3":"status-publish","4":"has-post-thumbnail","6":"product_brand-volvo-penta","7":"product_cat-necesitas-piezas-volvo-penta","8":"product_cat-anodos","9":"product_cat-anodos-volvo-penta","10":"product_cat-piezas-de-mantenimiento-del-motor","11":"product_cat-volvo-penta","12":"pa_condition-nuevo","13":"pa_oem-or-aftermarket-posventa","15":"first","16":"onbackorder","17":"taxable","18":"shipping-taxable","19":"purchasable","20":"product-type-simple"},"supplier_id":45614,"supplier_sku":"00708","barcode":null,"atum_controlled":true,"out_stock_date":"2025-12-03 12:19:06","out_stock_threshold":null,"inheritable":false,"inbound_stock":0,"stock_on_hold":0,"sold_today":0,"sales_last_days":0,"reserved_stock":0,"customer_returns":0,"warehouse_damage":0,"lost_in_post":0,"other_logs":0,"out_stock_days":56,"lost_sales":0,"has_location":false,"update_date":"2026-01-29T09:10:44","atum_locations":[],"atum_stock_status":"onbackorder","restock_status":false,"low_stock_amount":1,"sales_update_date":"2026-01-29T09:10:44","calc_backorders":null,"_links":{"self":[{"href":"https:\/\/wp.marinepartsystem.com\/es\/wp-json\/wp\/v2\/product\/45059","targetHints":{"allow":["GET"]}}],"collection":[{"href":"https:\/\/wp.marinepartsystem.com\/es\/wp-json\/wp\/v2\/product"}],"about":[{"href":"https:\/\/wp.marinepartsystem.com\/es\/wp-json\/wp\/v2\/types\/product"}],"replies":[{"embeddable":true,"href":"https:\/\/wp.marinepartsystem.com\/es\/wp-json\/wp\/v2\/comments?post=45059"}],"wp:featuredmedia":[{"embeddable":true,"href":"https:\/\/wp.marinepartsystem.com\/es\/wp-json\/wp\/v2\/media\/45060"}],"wp:attachment":[{"href":"https:\/\/wp.marinepartsystem.com\/es\/wp-json\/wp\/v2\/media?parent=45059"}],"wp:term":[{"taxonomy":"product_brand","embeddable":true,"href":"https:\/\/wp.marinepartsystem.com\/es\/wp-json\/wp\/v2\/product_brand?post=45059"},{"taxonomy":"product_cat","embeddable":true,"href":"https:\/\/wp.marinepartsystem.com\/es\/wp-json\/wp\/v2\/product_cat?post=45059"},{"taxonomy":"product_tag","embeddable":true,"href":"https:\/\/wp.marinepartsystem.com\/es\/wp-json\/wp\/v2\/product_tag?post=45059"}],"curies":[{"name":"wp","href":"https:\/\/api.w.org\/{rel}","templated":true}]}}