{"id":44298,"date":"2025-11-29T10:50:37","date_gmt":"2025-11-29T10:50:37","guid":{"rendered":"https:\/\/marinepartsystem.com\/product\/volvo-penta-290-duo-prop-anode-anillo-magnesio-875821\/"},"modified":"2025-12-18T10:36:17","modified_gmt":"2025-12-18T10:36:17","slug":"volvo-penta-290-duo-prop-anode-anillo-magnesio-875821","status":"publish","type":"product","link":"https:\/\/wp.marinepartsystem.com\/es\/producto\/volvo-penta-290-duo-prop-anode-anillo-magnesio-875821\/","title":{"rendered":"Volvo Penta 290 Duo Prop Anode Anillo Magnesio | 875821"},"content":{"rendered":"<p data-start=\"443\" data-end=\"770\">El <strong data-start=\"447\" data-end=\"496\">\u00e1nodo anular de magnesio Volvo Penta 290 Duo Prop<\/strong> (ref. 875821MG) proporciona una protecci\u00f3n \u00f3ptima contra la corrosi\u00f3n en entornos de <strong data-start=\"559\" data-end=\"573\">agua dulce<\/strong>. Dise\u00f1ado para ser perfectamente compatible con los propulsores Volvo Penta 290 Duo Prop, este \u00e1nodo de magnesio protege la carcasa del eje de la h\u00e9lice y los componentes del propulsor contra la corrosi\u00f3n galv\u00e1nica. <\/p>\n<p data-start=\"772\" data-end=\"794\"><strong data-start=\"772\" data-end=\"792\">Compatible con:<\/strong><\/p>\n<ul data-start=\"795\" data-end=\"831\">\n<li data-start=\"795\" data-end=\"831\">\n<p data-start=\"797\" data-end=\"831\">Propulsores Volvo Penta 290 Duo Prop Outdrives<\/p>\n<\/li>\n<\/ul>\n<p data-start=\"833\" data-end=\"848\"><strong data-start=\"833\" data-end=\"846\">Material:<\/strong><\/p>\n<ul data-start=\"849\" data-end=\"897\">\n<li data-start=\"849\" data-end=\"897\">\n<p data-start=\"851\" data-end=\"897\"><strong data-start=\"851\" data-end=\"864\">Magnesio<\/strong> - Recomendado para agua dulce<\/p>\n<\/li>\n<\/ul>\n<p data-start=\"899\" data-end=\"917\"><strong data-start=\"899\" data-end=\"915\">N\u00famero de pieza:<\/strong><\/p>\n<ul data-start=\"918\" data-end=\"966\">\n<li data-start=\"918\" data-end=\"966\">\n<p data-start=\"920\" data-end=\"966\">875821<\/p>\n<\/li>\n<\/ul>\n<h3 data-start=\"968\" data-end=\"988\">Caracter\u00edsticas principales<\/h3>\n<ul data-start=\"989\" data-end=\"1227\">\n<li data-start=\"989\" data-end=\"1032\">\n<p data-start=\"991\" data-end=\"1032\">\u00c1nodo de magnesio para propulsores Duo 290<\/p>\n<\/li>\n<li data-start=\"1033\" data-end=\"1080\">\n<p data-start=\"1035\" data-end=\"1080\">La mejor protecci\u00f3n contra la corrosi\u00f3n en <strong data-start=\"1064\" data-end=\"1078\">agua dulce<\/strong><\/p>\n<\/li>\n<li data-start=\"1081\" data-end=\"1150\">\n<p data-start=\"1083\" data-end=\"1150\">Ayuda a prolongar la vida \u00fatil de las h\u00e9lices y los componentes del propulsor de popa<\/p>\n<\/li>\n<li data-start=\"1151\" data-end=\"1182\">\n<p data-start=\"1153\" data-end=\"1182\">Sencilla instalaci\u00f3n OEM<\/p>\n<\/li>\n<li data-start=\"1183\" data-end=\"1227\">\n<p data-start=\"1185\" data-end=\"1227\">Garantiza una eficacia y fiabilidad \u00f3ptimas<\/p>\n<\/li>\n<\/ul>\n<h3 data-start=\"1229\" data-end=\"1253\">Uso recomendado<\/h3>\n<p data-start=\"1254\" data-end=\"1438\">Elige \u00e1nodos de magnesio si tu embarcaci\u00f3n opera principalmente en <strong data-start=\"1310\" data-end=\"1361\">lagos, r\u00edos u otros entornos de agua dulce<\/strong>. Para agua salobre elige <strong data-start=\"1389\" data-end=\"1402\">aluminio<\/strong>, y para agua salada elige <strong data-start=\"1429\" data-end=\"1437\">zinc<\/strong>. <\/p>\n","protected":false},"excerpt":{"rendered":"<p>El \u00e1nodo anular de magnesio Volvo Penta 290 Duo Prop (ref. 875821MG) proporciona una protecci\u00f3n \u00f3ptima contra la corrosi\u00f3n en entornos de agua dulce. Dise\u00f1ado para ser perfectamente compatible con los propulsores Volvo Penta 290 Duo Prop, este \u00e1nodo de magnesio protege la carcasa del eje de la h\u00e9lice y los componentes del propulsor contra [&hellip;]<\/p>\n","protected":false},"featured_media":44299,"comment_status":"open","ping_status":"closed","template":"","meta":[],"product_brand":[4229],"product_cat":[4486,3182,4522,2497,4302],"product_tag":[],"class_list":{"0":"post-44298","1":"product","2":"type-product","3":"status-publish","4":"has-post-thumbnail","6":"product_brand-volvo-penta","7":"product_cat-necesitas-piezas-volvo-penta","8":"product_cat-anodos","9":"product_cat-anodos-volvo-penta","10":"product_cat-piezas-de-mantenimiento-del-motor","11":"product_cat-volvo-penta","12":"pa_condition-nuevo","13":"pa_oem-or-aftermarket-posventa","15":"first","16":"onbackorder","17":"sale","18":"taxable","19":"shipping-taxable","20":"purchasable","21":"product-type-simple"},"supplier_id":45614,"supplier_sku":"00704BISMG","barcode":null,"atum_controlled":true,"out_stock_date":"2025-11-29 10:50:40","out_stock_threshold":null,"inheritable":false,"inbound_stock":0,"stock_on_hold":0,"sold_today":0,"sales_last_days":0,"reserved_stock":0,"customer_returns":0,"warehouse_damage":0,"lost_in_post":0,"other_logs":0,"out_stock_days":60,"lost_sales":0,"has_location":false,"update_date":"2026-01-29T09:10:25","atum_locations":[],"atum_stock_status":"onbackorder","restock_status":false,"low_stock_amount":1,"sales_update_date":"2026-01-29T09:10:25","calc_backorders":null,"_links":{"self":[{"href":"https:\/\/wp.marinepartsystem.com\/es\/wp-json\/wp\/v2\/product\/44298","targetHints":{"allow":["GET"]}}],"collection":[{"href":"https:\/\/wp.marinepartsystem.com\/es\/wp-json\/wp\/v2\/product"}],"about":[{"href":"https:\/\/wp.marinepartsystem.com\/es\/wp-json\/wp\/v2\/types\/product"}],"replies":[{"embeddable":true,"href":"https:\/\/wp.marinepartsystem.com\/es\/wp-json\/wp\/v2\/comments?post=44298"}],"wp:featuredmedia":[{"embeddable":true,"href":"https:\/\/wp.marinepartsystem.com\/es\/wp-json\/wp\/v2\/media\/44299"}],"wp:attachment":[{"href":"https:\/\/wp.marinepartsystem.com\/es\/wp-json\/wp\/v2\/media?parent=44298"}],"wp:term":[{"taxonomy":"product_brand","embeddable":true,"href":"https:\/\/wp.marinepartsystem.com\/es\/wp-json\/wp\/v2\/product_brand?post=44298"},{"taxonomy":"product_cat","embeddable":true,"href":"https:\/\/wp.marinepartsystem.com\/es\/wp-json\/wp\/v2\/product_cat?post=44298"},{"taxonomy":"product_tag","embeddable":true,"href":"https:\/\/wp.marinepartsystem.com\/es\/wp-json\/wp\/v2\/product_tag?post=44298"}],"curies":[{"name":"wp","href":"https:\/\/api.w.org\/{rel}","templated":true}]}}