{"id":42971,"date":"2025-11-21T09:48:18","date_gmt":"2025-11-21T09:48:18","guid":{"rendered":"https:\/\/marinepartsystem.com\/product\/junta-de-culata-volvo-penta-ad30a-aqad30a-md30a-tamd30a-tmd30a-859150\/"},"modified":"2025-11-21T09:48:18","modified_gmt":"2025-11-21T09:48:18","slug":"junta-de-culata-volvo-penta-ad30a-aqad30a-md30a-tamd30a-tmd30a-859150","status":"publish","type":"product","link":"https:\/\/marinepartsystem.com\/es\/producto\/junta-de-culata-volvo-penta-ad30a-aqad30a-md30a-tamd30a-tmd30a-859150","title":{"rendered":"Junta de culata Volvo Penta AD30A AQAD30A MD30A TAMD30A TMD30A | 859150"},"content":{"rendered":"<p data-start=\"1378\" data-end=\"1620\">Esta <strong data-start=\"1383\" data-end=\"1398\">junta de culata<\/strong> es adecuada para una amplia gama de motores diesel Volvo Penta de la serie 30, incluidos los AD30A, AQAD30A, MD30A, TAMD30A y TMD30A. Dise\u00f1ada para ajustarse a las especificaciones OEM, garantiza un sellado correcto y un rendimiento duradero. <\/p>\n<p data-start=\"1622\" data-end=\"1648\"><strong data-start=\"1622\" data-end=\"1646\">Sustituye al n\u00famero OEM:<\/strong><\/p>\n<ul data-start=\"1649\" data-end=\"1661\">\n<li data-start=\"1649\" data-end=\"1661\">\n<p data-start=\"1651\" data-end=\"1661\"><strong data-start=\"1651\" data-end=\"1661\">859150<\/strong><\/p>\n<\/li>\n<\/ul>\n<p data-start=\"1663\" data-end=\"1682\"><strong data-start=\"1663\" data-end=\"1680\">Adecuado para:<\/strong><\/p>\n<ul data-start=\"1683\" data-end=\"1755\">\n<li data-start=\"1683\" data-end=\"1696\">\n<p data-start=\"1685\" data-end=\"1696\"><strong data-start=\"1685\" data-end=\"1694\">AD30A<\/strong><\/p>\n<\/li>\n<li data-start=\"1697\" data-end=\"1712\">\n<p data-start=\"1699\" data-end=\"1712\"><strong data-start=\"1699\" data-end=\"1710\">AQAD30A<\/strong><\/p>\n<\/li>\n<li data-start=\"1713\" data-end=\"1726\">\n<p data-start=\"1715\" data-end=\"1726\"><strong data-start=\"1715\" data-end=\"1724\">MD30A<\/strong><\/p>\n<\/li>\n<li data-start=\"1727\" data-end=\"1742\">\n<p data-start=\"1729\" data-end=\"1742\"><strong data-start=\"1729\" data-end=\"1740\">TAMD30A<\/strong><\/p>\n<\/li>\n<li data-start=\"1743\" data-end=\"1755\">\n<p data-start=\"1745\" data-end=\"1755\"><strong data-start=\"1745\" data-end=\"1755\">TMD30A<\/strong><\/p>\n<\/li>\n<\/ul>\n<p data-start=\"1745\" data-end=\"1755\"><strong style=\"color: #1b1919; font-size: 22px;\" data-start=\"1763\" data-end=\"1780\">Caracter\u00edsticas principales:<\/strong><\/p>\n<ul data-start=\"1783\" data-end=\"1948\">\n<li data-start=\"1783\" data-end=\"1818\">\n<p data-start=\"1785\" data-end=\"1818\">Junta de recambio de alta calidad<\/p>\n<\/li>\n<li data-start=\"1819\" data-end=\"1874\">\n<p data-start=\"1821\" data-end=\"1874\">Adecuado para varios motores Volvo Penta de la serie 30<\/p>\n<\/li>\n<li data-start=\"1875\" data-end=\"1917\">\n<p data-start=\"1877\" data-end=\"1917\">Garantiza un sellado y una compresi\u00f3n adecuados<\/p>\n<\/li>\n<li data-start=\"1918\" data-end=\"1948\">\n<p data-start=\"1920\" data-end=\"1948\">Coincide con las especificaciones OEM<\/p>\n<\/li>\n<\/ul>\n","protected":false},"excerpt":{"rendered":"<p>Esta junta de culata es adecuada para una amplia gama de motores diesel Volvo Penta de la serie 30, incluidos los AD30A, AQAD30A, MD30A, TAMD30A y TMD30A. Dise\u00f1ada para ajustarse a las especificaciones OEM, garantiza un sellado correcto y un rendimiento duradero. Sustituye al n\u00famero OEM: 859150 Adecuado para: AD30A AQAD30A MD30A TAMD30A TMD30A Caracter\u00edsticas [&hellip;]<\/p>\n","protected":false},"featured_media":42972,"comment_status":"open","ping_status":"closed","template":"","meta":[],"product_brand":[4229],"product_cat":[4486,3041,3040,2497,4302],"product_tag":[],"class_list":{"0":"post-42971","1":"product","2":"type-product","3":"status-publish","4":"has-post-thumbnail","6":"product_brand-volvo-penta","7":"product_cat-necesitas-piezas-volvo-penta","8":"product_cat-juntas-de-motor","9":"product_cat-kits-de-mantenimiento-y-reparacion","10":"product_cat-piezas-de-mantenimiento-del-motor","11":"product_cat-volvo-penta","12":"pa_condition-nuevo","13":"pa_model-ad30","14":"pa_model-aqad30","15":"pa_model-md30","16":"pa_model-tamd30","17":"pa_model-tmd30","18":"pa_oem-or-aftermarket-posventa","20":"first","21":"instock","22":"taxable","23":"shipping-taxable","24":"purchasable","25":"product-type-simple"},"supplier_id":7294,"supplier_sku":"REC859150","barcode":null,"atum_controlled":true,"out_stock_date":null,"out_stock_threshold":null,"inheritable":false,"inbound_stock":0,"stock_on_hold":0,"sold_today":0,"sales_last_days":0,"reserved_stock":0,"customer_returns":0,"warehouse_damage":0,"lost_in_post":0,"other_logs":0,"out_stock_days":0,"lost_sales":0,"has_location":false,"update_date":"2026-01-29T09:11:18","atum_locations":[],"atum_stock_status":"instock","restock_status":false,"low_stock_amount":0,"sales_update_date":"2026-01-29T09:11:18","calc_backorders":null,"_links":{"self":[{"href":"https:\/\/wp.marinepartsystem.com\/es\/wp-json\/wp\/v2\/product\/42971","targetHints":{"allow":["GET"]}}],"collection":[{"href":"https:\/\/wp.marinepartsystem.com\/es\/wp-json\/wp\/v2\/product"}],"about":[{"href":"https:\/\/wp.marinepartsystem.com\/es\/wp-json\/wp\/v2\/types\/product"}],"replies":[{"embeddable":true,"href":"https:\/\/wp.marinepartsystem.com\/es\/wp-json\/wp\/v2\/comments?post=42971"}],"wp:featuredmedia":[{"embeddable":true,"href":"https:\/\/wp.marinepartsystem.com\/es\/wp-json\/wp\/v2\/media\/42972"}],"wp:attachment":[{"href":"https:\/\/wp.marinepartsystem.com\/es\/wp-json\/wp\/v2\/media?parent=42971"}],"wp:term":[{"taxonomy":"product_brand","embeddable":true,"href":"https:\/\/wp.marinepartsystem.com\/es\/wp-json\/wp\/v2\/product_brand?post=42971"},{"taxonomy":"product_cat","embeddable":true,"href":"https:\/\/wp.marinepartsystem.com\/es\/wp-json\/wp\/v2\/product_cat?post=42971"},{"taxonomy":"product_tag","embeddable":true,"href":"https:\/\/wp.marinepartsystem.com\/es\/wp-json\/wp\/v2\/product_tag?post=42971"}],"curies":[{"name":"wp","href":"https:\/\/api.w.org\/{rel}","templated":true}]}}