{"id":42602,"date":"2025-11-14T08:28:18","date_gmt":"2025-11-14T08:28:18","guid":{"rendered":"https:\/\/marinepartsystem.com\/product\/kit-anodo-volvo-penta-290c-duo-prop-zinc-completo-con-tornilleria\/"},"modified":"2025-12-18T10:42:59","modified_gmt":"2025-12-18T10:42:59","slug":"kit-anodo-volvo-penta-290c-duo-prop-zinc-completo-con-tornilleria","status":"publish","type":"product","link":"https:\/\/wp.marinepartsystem.com\/es\/producto\/kit-anodo-volvo-penta-290c-duo-prop-zinc-completo-con-tornilleria\/","title":{"rendered":"Kit \u00e1nodo Volvo Penta 290C Duo Prop - Zinc | Completo con torniller\u00eda"},"content":{"rendered":"<p data-start=\"492\" data-end=\"757\">Este <strong data-start=\"497\" data-end=\"541\">kit de \u00e1nodos de zinc Volvo P<\/strong> enta 290C Duo Prop proporciona una protecci\u00f3n completa contra la corrosi\u00f3n para todos los propulsores de popa Volvo Penta 290C Duo Prop. El kit incluye todos los \u00e1nodos de zinc necesarios junto con la torniller\u00eda de montaje necesaria, garantizando una instalaci\u00f3n r\u00e1pida y segura. <\/p>\n<p data-start=\"759\" data-end=\"897\">Los \u00e1nodos de zinc se recomiendan para embarcaciones que operan en <strong data-start=\"810\" data-end=\"823\">agua salada<\/strong>, ya que ofrecen una protecci\u00f3n duradera y fiable contra la corrosi\u00f3n galv\u00e1nica.<\/p>\n<p data-start=\"899\" data-end=\"918\"><strong data-start=\"899\" data-end=\"916\">Adecuado para:<\/strong><\/p>\n<ul data-start=\"919\" data-end=\"967\">\n<li data-start=\"919\" data-end=\"967\">\n<p data-start=\"921\" data-end=\"967\">Propulsores de popa Volvo Penta serie 290C Duo Prop<\/p>\n<\/li>\n<\/ul>\n<p data-start=\"969\" data-end=\"984\"><strong data-start=\"969\" data-end=\"982\">Material:<\/strong><\/p>\n<ul data-start=\"985\" data-end=\"1032\">\n<li data-start=\"985\" data-end=\"1032\">\n<p data-start=\"987\" data-end=\"1032\"><strong data-start=\"987\" data-end=\"995\">Zinc<\/strong> - ideal para entornos de agua salada<\/p>\n<\/li>\n<\/ul>\n<p data-start=\"1034\" data-end=\"1060\"><strong data-start=\"1034\" data-end=\"1058\">Incluido en el kit:<\/strong><\/p>\n<ul data-start=\"1061\" data-end=\"1118\">\n<li data-start=\"1061\" data-end=\"1092\">\n<p data-start=\"1063\" data-end=\"1092\">Juego completo de \u00e1nodos de zinc<\/p>\n<\/li>\n<li data-start=\"1093\" data-end=\"1118\">\n<p data-start=\"1095\" data-end=\"1118\">Todos los herrajes de montaje<\/p>\n<\/li>\n<\/ul>\n<p data-start=\"1120\" data-end=\"1139\"><strong data-start=\"1120\" data-end=\"1137\">Caracter\u00edsticas principales:<\/strong><\/p>\n<ul data-start=\"1140\" data-end=\"1410\">\n<li data-start=\"1140\" data-end=\"1202\">\n<p data-start=\"1142\" data-end=\"1202\">Dise\u00f1ado espec\u00edficamente para propulsores Volvo Penta 290C Duo Prop<\/p>\n<\/li>\n<li data-start=\"1203\" data-end=\"1250\">\n<p data-start=\"1205\" data-end=\"1250\">Excelente protecci\u00f3n contra la corrosi\u00f3n en agua salada<\/p>\n<\/li>\n<li data-start=\"1251\" data-end=\"1294\">\n<p data-start=\"1253\" data-end=\"1294\">Kit completo con toda la torniller\u00eda incluida<\/p>\n<\/li>\n<li data-start=\"1295\" data-end=\"1357\">\n<p data-start=\"1297\" data-end=\"1357\">Protege el propulsor de popa, los puntales y los componentes met\u00e1licos sumergidos<\/p>\n<\/li>\n<li data-start=\"1358\" data-end=\"1410\">\n<p data-start=\"1360\" data-end=\"1410\">Garantiza una vida \u00fatil m\u00e1s larga y un rendimiento fiable<\/p>\n<\/li>\n<\/ul>\n","protected":false},"excerpt":{"rendered":"<p>Este kit de \u00e1nodos de zinc Volvo P enta 290C Duo Prop proporciona una protecci\u00f3n completa contra la corrosi\u00f3n para todos los propulsores de popa Volvo Penta 290C Duo Prop. El kit incluye todos los \u00e1nodos de zinc necesarios junto con la torniller\u00eda de montaje necesaria, garantizando una instalaci\u00f3n r\u00e1pida y segura. Los \u00e1nodos de [&hellip;]<\/p>\n","protected":false},"featured_media":42603,"comment_status":"open","ping_status":"closed","template":"","meta":[],"product_brand":[4229],"product_cat":[4486,3182,4522,2497,4525,4302],"product_tag":[],"class_list":{"0":"post-42602","1":"product","2":"type-product","3":"status-publish","4":"has-post-thumbnail","6":"product_brand-volvo-penta","7":"product_cat-necesitas-piezas-volvo-penta","8":"product_cat-anodos","9":"product_cat-anodos-volvo-penta","10":"product_cat-piezas-de-mantenimiento-del-motor","11":"product_cat-recambios-volvo-penta","12":"product_cat-volvo-penta","13":"pa_condition-nuevo","14":"pa_oem-or-aftermarket-posventa","16":"first","17":"onbackorder","18":"sale","19":"taxable","20":"shipping-taxable","21":"purchasable","22":"product-type-simple"},"supplier_id":45614,"supplier_sku":"KITVOLVODP290-C","barcode":null,"atum_controlled":true,"out_stock_date":"2025-11-21 12:41:28","out_stock_threshold":null,"inheritable":false,"inbound_stock":0,"stock_on_hold":0,"sold_today":0,"sales_last_days":0,"reserved_stock":0,"customer_returns":0,"warehouse_damage":0,"lost_in_post":0,"other_logs":0,"out_stock_days":26,"lost_sales":0,"has_location":false,"update_date":"2025-12-18T10:43:48","atum_locations":[],"atum_stock_status":"onbackorder","restock_status":false,"low_stock_amount":1,"sales_update_date":"2025-12-18T10:39:49","calc_backorders":null,"_links":{"self":[{"href":"https:\/\/wp.marinepartsystem.com\/es\/wp-json\/wp\/v2\/product\/42602","targetHints":{"allow":["GET"]}}],"collection":[{"href":"https:\/\/wp.marinepartsystem.com\/es\/wp-json\/wp\/v2\/product"}],"about":[{"href":"https:\/\/wp.marinepartsystem.com\/es\/wp-json\/wp\/v2\/types\/product"}],"replies":[{"embeddable":true,"href":"https:\/\/wp.marinepartsystem.com\/es\/wp-json\/wp\/v2\/comments?post=42602"}],"wp:featuredmedia":[{"embeddable":true,"href":"https:\/\/wp.marinepartsystem.com\/es\/wp-json\/wp\/v2\/media\/42603"}],"wp:attachment":[{"href":"https:\/\/wp.marinepartsystem.com\/es\/wp-json\/wp\/v2\/media?parent=42602"}],"wp:term":[{"taxonomy":"product_brand","embeddable":true,"href":"https:\/\/wp.marinepartsystem.com\/es\/wp-json\/wp\/v2\/product_brand?post=42602"},{"taxonomy":"product_cat","embeddable":true,"href":"https:\/\/wp.marinepartsystem.com\/es\/wp-json\/wp\/v2\/product_cat?post=42602"},{"taxonomy":"product_tag","embeddable":true,"href":"https:\/\/wp.marinepartsystem.com\/es\/wp-json\/wp\/v2\/product_tag?post=42602"}],"curies":[{"name":"wp","href":"https:\/\/api.w.org\/{rel}","templated":true}]}}