{"id":38739,"date":"2025-09-29T14:01:11","date_gmt":"2025-09-29T14:01:11","guid":{"rendered":"https:\/\/marinepartsystem.com\/product\/kit-fuelle-de-goma-yanmar-saildrive-sd40-sd50-196420-02712-196420-02721\/"},"modified":"2025-11-24T10:22:37","modified_gmt":"2025-11-24T10:22:37","slug":"kit-fuelle-de-goma-yanmar-saildrive-sd40-sd50-196420-02712-196420-02721","status":"publish","type":"product","link":"https:\/\/wp.marinepartsystem.com\/es\/producto\/kit-fuelle-de-goma-yanmar-saildrive-sd40-sd50-196420-02712-196420-02721\/","title":{"rendered":"Kit fuelle de goma Yanmar Saildrive - SD40 \/ SD50 196420-02712 - 196420-02721"},"content":{"rendered":"<h3 data-start=\"74\" data-end=\"158\"><strong data-start=\"78\" data-end=\"158\">Kit de fuelles de goma Yanmar Saildrive para SD40 y SD50 - Recambio original OEM<\/strong><\/h3>\n<p data-start=\"160\" data-end=\"509\">Protege tu <strong data-start=\"173\" data-end=\"200\">sistema Saildrive Yanmar<\/strong> con el <strong data-start=\"210\" data-end=\"257\">kit original de fuelles de goma para Saildrive Yanmar<\/strong>, dise\u00f1ado espec\u00edficamente para <strong data-start=\"285\" data-end=\"309\">los modelos SD40 y SD50<\/strong>. Este <strong data-start=\"316\" data-end=\"335\">kit de calidad OEM<\/strong> garantiza un <strong data-start=\"346\" data-end=\"365\">sellado estanco<\/strong> entre el Saildrive y el casco, evitando <strong data-start=\"409\" data-end=\"426\">la entrada de agua<\/strong> y protegiendo los componentes internos de la corrosi\u00f3n, las fugas y los da\u00f1os mec\u00e1nicos.<\/p>\n<p data-start=\"511\" data-end=\"815\">Fabricado con <strong data-start=\"522\" data-end=\"581\">caucho marino de alta calidad y piezas de ingenier\u00eda de precisi\u00f3n<\/strong>, este kit ofrece <strong data-start=\"599\" data-end=\"624\">fiabilidad a largo plazo<\/strong> y un <strong data-start=\"631\" data-end=\"646\">ajuste perfecto<\/strong> tanto para los t\u00e9cnicos profesionales como para los propietarios de embarcaciones de bricolaje. Incluye todas las <strong data-start=\"731\" data-end=\"775\">juntas t\u00f3ricas, diafragmas, juntas y abrazaderas<\/strong> necesarias para una instalaci\u00f3n completa y segura.<\/p>\n<p data-start=\"979\" data-end=\"1001\"><strong data-start=\"979\" data-end=\"999\">Compatible con:<\/strong><\/p>\n<ul data-start=\"1002\" data-end=\"1033\">\n<li data-start=\"1002\" data-end=\"1017\">\n<p data-start=\"1004\" data-end=\"1017\">Yanmar SD40<\/p>\n<\/li>\n<li data-start=\"1018\" data-end=\"1033\">\n<p data-start=\"1020\" data-end=\"1033\">Yanmar SD50<\/p>\n<\/li>\n<\/ul>\n<p data-start=\"1035\" data-end=\"1054\"><strong data-start=\"1035\" data-end=\"1052\">Caracter\u00edsticas principales:<\/strong><\/p>\n<ul data-start=\"1055\" data-end=\"1302\">\n<li data-start=\"1055\" data-end=\"1106\">\n<p data-start=\"1057\" data-end=\"1106\">Componentes originales Yanmar para un uso duradero<\/p>\n<\/li>\n<li data-start=\"1107\" data-end=\"1162\">\n<p data-start=\"1109\" data-end=\"1162\">Evita la entrada de agua y protege el Saildrive<\/p>\n<\/li>\n<li data-start=\"1163\" data-end=\"1235\">\n<p data-start=\"1165\" data-end=\"1235\">Kit completo con diafragmas, juntas t\u00f3ricas, juntas y bandas protectoras<\/p>\n<\/li>\n<li data-start=\"1236\" data-end=\"1302\">\n<p data-start=\"1238\" data-end=\"1302\">Dise\u00f1ado con precisi\u00f3n para un ajuste perfecto en Yanmar SD40 y SD50<\/p>\n<\/li>\n<\/ul>\n<p data-start=\"1304\" data-end=\"1484\"><strong data-start=\"1304\" data-end=\"1332\">Mantenimiento recomendado:<\/strong><br data-start=\"1332\" data-end=\"1335\">Expuesto al agua de mar y al desgaste natural, Yanmar recomienda sustituir el fuelle de goma <strong data-start=\"1419\" data-end=\"1436\">cada 7 a\u00f1os<\/strong> para evitar fugas y mantener un funcionamiento seguro.<\/p>\n<p data-start=\"1486\" data-end=\"1505\"><strong data-start=\"1486\" data-end=\"1503\">Contenido del kit:<\/strong><\/p>\n<ul data-start=\"1506\" data-end=\"1754\">\n<li data-start=\"1506\" data-end=\"1535\">\n<p data-start=\"1508\" data-end=\"1535\">196420-02712 DIAFRAGMA, A<\/p>\n<\/li>\n<li data-start=\"1536\" data-end=\"1588\">\n<p data-start=\"1538\" data-end=\"1588\">196420-02721 DI\u00c1FRAGO, B (Antiguo n\u00ba 196420-02720)<\/p>\n<\/li>\n<li data-start=\"1589\" data-end=\"1625\">\n<p data-start=\"1591\" data-end=\"1625\">196420-02730 BANDA, ONE TOUCH 199<\/p>\n<\/li>\n<li data-start=\"1626\" data-end=\"1662\">\n<p data-start=\"1628\" data-end=\"1662\">196420-02740 BANDA, ONE TOUCH 236<\/p>\n<\/li>\n<li data-start=\"1663\" data-end=\"1695\">\n<p data-start=\"1665\" data-end=\"1695\">24321-000800 JUNTA T\u00d3RICA, 1AG80.0<\/p>\n<\/li>\n<li data-start=\"1696\" data-end=\"1719\">\n<p data-start=\"1698\" data-end=\"1719\">189010-01130 JUNTA<\/p>\n<\/li>\n<li data-start=\"1720\" data-end=\"1754\">\n<p data-start=\"1722\" data-end=\"1754\">196420-02551 PROTECTOR, GOMA<\/p>\n<\/li>\n<\/ul>\n","protected":false},"excerpt":{"rendered":"<p>Kit de fuelles de goma Yanmar Saildrive para SD40 y SD50 - Recambio original OEM Protege tu sistema Saildrive Yanmar con el kit original de fuelles de goma para Saildrive Yanmar, dise\u00f1ado espec\u00edficamente para los modelos SD40 y SD50. Este kit de calidad OEM garantiza un sellado estanco entre el Saildrive y el casco, evitando [&hellip;]<\/p>\n","protected":false},"featured_media":38740,"comment_status":"open","ping_status":"closed","template":"","meta":[],"product_brand":[4235],"product_cat":[3040,3970,2497,4569,4534],"product_tag":[],"class_list":{"0":"post-38739","1":"product","2":"type-product","3":"status-publish","4":"has-post-thumbnail","6":"product_brand-yanmar","7":"product_cat-kits-de-mantenimiento-y-reparacion","8":"product_cat-kits-de-reparacion-saildrive","9":"product_cat-piezas-de-mantenimiento-del-motor","10":"product_cat-piezas-de-recambio-yanmar-saildrive","11":"product_cat-piezas-de-servicio-yanmar","12":"pa_condition-nuevo","13":"pa_model-sd40","14":"pa_model-sd50","15":"pa_oem-or-aftermarket-oem","17":"first","18":"instock","19":"taxable","20":"shipping-taxable","21":"purchasable","22":"product-type-simple"},"supplier_id":32143,"supplier_sku":"SDSET and 196420-02551","barcode":null,"atum_controlled":true,"out_stock_date":"2025-09-29 14:01:11","out_stock_threshold":null,"inheritable":false,"inbound_stock":0,"stock_on_hold":0,"sold_today":0,"sales_last_days":0,"reserved_stock":0,"customer_returns":0,"warehouse_damage":0,"lost_in_post":0,"other_logs":0,"out_stock_days":162,"lost_sales":0,"has_location":false,"update_date":"2026-03-10T15:00:30","atum_locations":[],"atum_stock_status":"instock","restock_status":false,"low_stock_amount":"","sales_update_date":"2026-03-10T15:00:30","calc_backorders":null,"_links":{"self":[{"href":"https:\/\/wp.marinepartsystem.com\/es\/wp-json\/wp\/v2\/product\/38739","targetHints":{"allow":["GET"]}}],"collection":[{"href":"https:\/\/wp.marinepartsystem.com\/es\/wp-json\/wp\/v2\/product"}],"about":[{"href":"https:\/\/wp.marinepartsystem.com\/es\/wp-json\/wp\/v2\/types\/product"}],"replies":[{"embeddable":true,"href":"https:\/\/wp.marinepartsystem.com\/es\/wp-json\/wp\/v2\/comments?post=38739"}],"wp:featuredmedia":[{"embeddable":true,"href":"https:\/\/wp.marinepartsystem.com\/es\/wp-json\/wp\/v2\/media\/38740"}],"wp:attachment":[{"href":"https:\/\/wp.marinepartsystem.com\/es\/wp-json\/wp\/v2\/media?parent=38739"}],"wp:term":[{"taxonomy":"product_brand","embeddable":true,"href":"https:\/\/wp.marinepartsystem.com\/es\/wp-json\/wp\/v2\/product_brand?post=38739"},{"taxonomy":"product_cat","embeddable":true,"href":"https:\/\/wp.marinepartsystem.com\/es\/wp-json\/wp\/v2\/product_cat?post=38739"},{"taxonomy":"product_tag","embeddable":true,"href":"https:\/\/wp.marinepartsystem.com\/es\/wp-json\/wp\/v2\/product_tag?post=38739"}],"curies":[{"name":"wp","href":"https:\/\/api.w.org\/{rel}","templated":true}]}}