{"id":38559,"date":"2025-09-24T08:17:35","date_gmt":"2025-09-24T08:17:35","guid":{"rendered":"https:\/\/marinepartsystem.com\/product\/yanmar-121450-11310-junta-de-la-tapa-de-valvulas-motores-serie-3gm\/"},"modified":"2025-10-30T12:18:58","modified_gmt":"2025-10-30T12:18:58","slug":"yanmar-121450-11310-junta-de-la-tapa-de-valvulas-motores-serie-3gm","status":"publish","type":"product","link":"https:\/\/wp.marinepartsystem.com\/es\/producto\/yanmar-121450-11310-junta-de-la-tapa-de-valvulas-motores-serie-3gm\/","title":{"rendered":"Yanmar 121450-11310 Junta de la Tapa de V\u00e1lvulas - Motores Serie 3GM"},"content":{"rendered":"<h3 data-start=\"74\" data-end=\"168\"><strong data-start=\"78\" data-end=\"168\">Yanmar 121450-11310 Junta de la tapa de v\u00e1lvulas - Recambio OEM para motores marinos de la serie 3GM<\/strong><\/h3>\n<p data-start=\"170\" data-end=\"540\">La <strong data-start=\"174\" data-end=\"216\">junta de la tapa de v\u00e1lvulas Yanmar 121450-11310<\/strong> es una <strong data-start=\"222\" data-end=\"261\">junta de recambio OEM de alta calidad<\/strong> dise\u00f1ada para <strong data-start=\"275\" data-end=\"318\">los motores diesel marinos Yanmar de la serie 3GM<\/strong>, incluidos los modelos <strong data-start=\"330\" data-end=\"358\">3GM, 3GM30, 3GM30F, 3GMD<\/strong> y otros relacionados. Proporciona un <strong data-start=\"394\" data-end=\"423\">sellado herm\u00e9tico y resistente al aceite<\/strong> entre la tapa de la v\u00e1lvula y la culata, evitando fugas y protegiendo los componentes internos de la contaminaci\u00f3n.<\/p>\n<p data-start=\"542\" data-end=\"817\">Fabricada <strong data-start=\"553\" data-end=\"591\">con materiales duraderos de caucho\/compuesto<\/strong>, esta junta garantiza un rendimiento duradero en condiciones marinas. Es una pieza esencial para el <strong data-start=\"690\" data-end=\"748\">servicio de alta gama, los ajustes de v\u00e1lvulas o las reconstrucciones del motor<\/strong>, ya que ayuda a mantener un funcionamiento limpio, eficiente y fiable del motor.<\/p>\n<hr data-start=\"880\" data-end=\"883\">\n<h3 data-start=\"885\" data-end=\"905\">\u2699\ufe0f Compatibilidad<\/h3>\n<p data-start=\"906\" data-end=\"960\">Compatible con los siguientes motores marinos Yanmar:<\/p>\n<ul data-start=\"962\" data-end=\"1037\">\n<li data-start=\"962\" data-end=\"969\">\n<p data-start=\"964\" data-end=\"969\">3GM<\/p>\n<\/li>\n<li data-start=\"970\" data-end=\"979\">\n<p data-start=\"972\" data-end=\"979\">3GM30<\/p>\n<\/li>\n<li data-start=\"980\" data-end=\"990\">\n<p data-start=\"982\" data-end=\"990\">3GM30F<\/p>\n<\/li>\n<li data-start=\"991\" data-end=\"1003\">\n<p data-start=\"993\" data-end=\"1003\">3GM30YEU<\/p>\n<\/li>\n<li data-start=\"1004\" data-end=\"1015\">\n<p data-start=\"1006\" data-end=\"1015\">3GM30FC<\/p>\n<\/li>\n<li data-start=\"1016\" data-end=\"1024\">\n<p data-start=\"1018\" data-end=\"1024\">3GMD<\/p>\n<\/li>\n<li data-start=\"1025\" data-end=\"1037\">\n<p data-start=\"1027\" data-end=\"1037\">3GMD-YEU<\/p>\n<\/li>\n<\/ul>\n<p data-start=\"1039\" data-end=\"1111\"><em data-start=\"1039\" data-end=\"1109\">(Comprueba siempre el modelo y el n\u00famero de serie de tu motor antes de hacer el pedido).<\/em><\/p>\n<hr data-start=\"1113\" data-end=\"1116\">\n<h3 data-start=\"1118\" data-end=\"1142\">\ud83d\udce6 Datos t\u00e9cnicos<\/h3>\n<div class=\"_tableContainer_1rjym_1\">\n<div class=\"group _tableWrapper_1rjym_13 flex w-fit flex-col-reverse\" tabindex=\"-1\">\n<table class=\"w-fit min-w-(--thread-content-width)\" data-start=\"1144\" data-end=\"1423\">\n<thead data-start=\"1144\" data-end=\"1170\">\n<tr data-start=\"1144\" data-end=\"1170\">\n<th data-start=\"1144\" data-end=\"1160\" data-col-size=\"sm\">Especificaci\u00f3n<\/th>\n<th data-start=\"1160\" data-end=\"1170\" data-col-size=\"sm\">Detalle<\/th>\n<\/tr>\n<\/thead>\n<tbody data-start=\"1198\" data-end=\"1423\">\n<tr data-start=\"1198\" data-end=\"1230\">\n<td data-start=\"1198\" data-end=\"1214\" data-col-size=\"sm\">N\u00famero de pieza<\/td>\n<td data-start=\"1214\" data-end=\"1230\" data-col-size=\"sm\">121450-11310<\/td>\n<\/tr>\n<tr data-start=\"1231\" data-end=\"1278\">\n<td data-start=\"1231\" data-end=\"1247\" data-col-size=\"sm\">Tipo<\/td>\n<td data-start=\"1247\" data-end=\"1278\" data-col-size=\"sm\">Junta de la tapa de v\u00e1lvulas (cap\u00f3)<\/td>\n<\/tr>\n<tr data-start=\"1279\" data-end=\"1336\">\n<td data-start=\"1279\" data-end=\"1295\" data-col-size=\"sm\">Material<\/td>\n<td data-start=\"1295\" data-end=\"1336\" data-col-size=\"sm\">Goma \/ composite para resistencia al aceite<\/td>\n<\/tr>\n<tr data-start=\"1337\" data-end=\"1377\">\n<td data-start=\"1337\" data-end=\"1353\" data-col-size=\"sm\">Estado<\/td>\n<td data-start=\"1353\" data-end=\"1377\" data-col-size=\"sm\">Nuevo, recambio OEM<\/td>\n<\/tr>\n<tr data-start=\"1378\" data-end=\"1423\">\n<td data-start=\"1378\" data-end=\"1394\" data-col-size=\"sm\">Compatibilidad<\/td>\n<td data-start=\"1394\" data-end=\"1423\" data-col-size=\"sm\">Motores Yanmar serie 3GM<\/td>\n<\/tr>\n<\/tbody>\n<\/table>\n<\/div>\n<\/div>\n<hr data-start=\"1425\" data-end=\"1428\">\n<h3 data-start=\"1430\" data-end=\"1452\">\ud83d\udca1 Cu\u00e1ndo sustituir<\/h3>\n<ul data-start=\"1453\" data-end=\"1640\">\n<li data-start=\"1453\" data-end=\"1489\">\n<p data-start=\"1455\" data-end=\"1489\">Fugas de aceite alrededor de la tapa de la v\u00e1lvula<\/p>\n<\/li>\n<li data-start=\"1490\" data-end=\"1531\">\n<p data-start=\"1492\" data-end=\"1531\">Residuos de aceite en la culata o el bloque<\/p>\n<\/li>\n<li data-start=\"1582\" data-end=\"1640\">\n<p data-start=\"1584\" data-end=\"1640\">Durante el reglaje de las v\u00e1lvulas, el mantenimiento o la reconstrucci\u00f3n de la parte superior del motor<\/p>\n<\/li>\n<\/ul>\n<hr data-start=\"1642\" data-end=\"1645\">\n<h3 data-start=\"1647\" data-end=\"1691\">\u2705 Por qu\u00e9 elegir esta junta de recambio OEM<\/h3>\n<ul data-start=\"1692\" data-end=\"1899\">\n<li data-start=\"1692\" data-end=\"1746\">\n<p data-start=\"1694\" data-end=\"1746\">Ajuste perfecto dise\u00f1ado para cumplir las especificaciones Yanmar<\/p>\n<\/li>\n<li data-start=\"1747\" data-end=\"1812\">\n<p data-start=\"1749\" data-end=\"1812\">Materiales de goma\/compuestos de alta calidad para una larga vida \u00fatil<\/p>\n<\/li>\n<li data-start=\"1813\" data-end=\"1858\">\n<p data-start=\"1815\" data-end=\"1858\">Alternativa rentable a las juntas OEM<\/p>\n<\/li>\n<li data-start=\"1859\" data-end=\"1899\">\n<p data-start=\"1861\" data-end=\"1899\">Instalaci\u00f3n sencilla con herramientas b\u00e1sicas<\/p>\n<\/li>\n<\/ul>\n<hr data-start=\"1901\" data-end=\"1904\">\n<h3 data-start=\"1906\" data-end=\"1942\">\ud83d\uded2 Disponible en MarinePartSystem<\/h3>\n<p data-start=\"1943\" data-end=\"2101\">Pide hoy mismo la <strong data-start=\"1953\" data-end=\"2013\">junta de la tapa de v\u00e1lvulas Yanmar 121450-11310 (recambio OEM<\/strong> ) a <strong data-start=\"2025\" data-end=\"2045\">MarinePartSystem<\/strong>, tu proveedor de confianza de recambios para motores marinos Yanmar.<\/p>\n","protected":false},"excerpt":{"rendered":"<p>Yanmar 121450-11310 Junta de la tapa de v\u00e1lvulas - Recambio OEM para motores marinos de la serie 3GM La junta de la tapa de v\u00e1lvulas Yanmar 121450-11310 es una junta de recambio OEM de alta calidad dise\u00f1ada para los motores diesel marinos Yanmar de la serie 3GM, incluidos los modelos 3GM, 3GM30, 3GM30F, 3GMD y [&hellip;]<\/p>\n","protected":false},"featured_media":38560,"comment_status":"open","ping_status":"closed","template":"","meta":[],"product_brand":[4235],"product_cat":[3041,3040,4451,2497,4448],"product_tag":[],"class_list":{"0":"post-38559","1":"product","2":"type-product","3":"status-publish","4":"has-post-thumbnail","6":"product_brand-yanmar","7":"product_cat-juntas-de-motor","8":"product_cat-kits-de-mantenimiento-y-reparacion","9":"product_cat-piezas-3gm-3gm30","10":"product_cat-piezas-de-mantenimiento-del-motor","11":"product_cat-yanmar","12":"pa_condition-nuevo","13":"pa_model-3gm","14":"pa_model-3gm30","15":"pa_model-3gm30-yeu","16":"pa_model-3gm30b","17":"pa_model-3gm30c","18":"pa_model-3gm30c-yeu","19":"pa_model-3gm30f","20":"pa_model-3gm30f-yeu","21":"pa_model-3gm30fc-yeu","22":"pa_model-3gm30fv","23":"pa_model-3gm30fve","24":"pa_model-3gm30v","25":"pa_model-3gm30ve","26":"pa_model-3gmd","27":"pa_model-3gmdf","28":"pa_model-3gmf","29":"pa_model-3gmfle","30":"pa_model-3gmfy-e","31":"pa_model-3gmfye-e","32":"pa_oem-or-aftermarket-posventa","34":"first","35":"instock","36":"sale","37":"taxable","38":"shipping-taxable","39":"purchasable","40":"product-type-simple"},"supplier_id":7294,"supplier_sku":"REC121450-11310","barcode":null,"atum_controlled":true,"out_stock_date":null,"out_stock_threshold":null,"inheritable":false,"inbound_stock":0,"stock_on_hold":0,"sold_today":0,"sales_last_days":0,"reserved_stock":0,"customer_returns":0,"warehouse_damage":0,"lost_in_post":0,"other_logs":0,"out_stock_days":0,"lost_sales":0,"has_location":false,"update_date":"2026-01-29T09:10:18","atum_locations":[],"atum_stock_status":"instock","restock_status":false,"low_stock_amount":1,"sales_update_date":"2026-01-29T09:10:18","calc_backorders":null,"_links":{"self":[{"href":"https:\/\/wp.marinepartsystem.com\/es\/wp-json\/wp\/v2\/product\/38559","targetHints":{"allow":["GET"]}}],"collection":[{"href":"https:\/\/wp.marinepartsystem.com\/es\/wp-json\/wp\/v2\/product"}],"about":[{"href":"https:\/\/wp.marinepartsystem.com\/es\/wp-json\/wp\/v2\/types\/product"}],"replies":[{"embeddable":true,"href":"https:\/\/wp.marinepartsystem.com\/es\/wp-json\/wp\/v2\/comments?post=38559"}],"wp:featuredmedia":[{"embeddable":true,"href":"https:\/\/wp.marinepartsystem.com\/es\/wp-json\/wp\/v2\/media\/38560"}],"wp:attachment":[{"href":"https:\/\/wp.marinepartsystem.com\/es\/wp-json\/wp\/v2\/media?parent=38559"}],"wp:term":[{"taxonomy":"product_brand","embeddable":true,"href":"https:\/\/wp.marinepartsystem.com\/es\/wp-json\/wp\/v2\/product_brand?post=38559"},{"taxonomy":"product_cat","embeddable":true,"href":"https:\/\/wp.marinepartsystem.com\/es\/wp-json\/wp\/v2\/product_cat?post=38559"},{"taxonomy":"product_tag","embeddable":true,"href":"https:\/\/wp.marinepartsystem.com\/es\/wp-json\/wp\/v2\/product_tag?post=38559"}],"curies":[{"name":"wp","href":"https:\/\/api.w.org\/{rel}","templated":true}]}}