{"id":37195,"date":"2025-06-17T14:19:13","date_gmt":"2025-06-17T14:19:13","guid":{"rendered":"https:\/\/marinepartsystem.com\/product\/volvo-penta-anodo-110s-accionamiento-aluminio-875812\/"},"modified":"2025-11-29T11:07:43","modified_gmt":"2025-11-29T11:07:43","slug":"volvo-penta-anodo-110s-accionamiento-aluminio-875812","status":"publish","type":"product","link":"https:\/\/wp.marinepartsystem.com\/es\/producto\/volvo-penta-anodo-110s-accionamiento-aluminio-875812\/","title":{"rendered":"Volvo Penta 110S Saildrive \u00c1nodo Aluminio | 875812"},"content":{"rendered":"<p data-start=\"443\" data-end=\"805\">El \u00e1nodo de aluminio para unidad propulsora saildrive 110S Volvo Penta (n\u00famero de pieza <strong data-start=\"503\" data-end=\"515\">875812<\/strong>) est\u00e1 dise\u00f1ado para proporcionar una protecci\u00f3n eficaz contra la corrosi\u00f3n a las unidades propulsoras saildrive 110S que funcionan en <strong data-start=\"609\" data-end=\"647\">condiciones de aguas salobres o mixtas<\/strong>. Este \u00e1nodo de aleaci\u00f3n de aluminio de alta calidad garantiza una protecci\u00f3n duradera al evitar la corrosi\u00f3n galv\u00e1nica en la carcasa del propulsor saildrive y los componentes subacu\u00e1ticos. <\/p>\n<p data-start=\"807\" data-end=\"826\"><strong data-start=\"807\" data-end=\"824\">Compatibilidad<\/strong><\/p>\n<ul data-start=\"827\" data-end=\"855\">\n<li data-start=\"827\" data-end=\"855\">\n<p data-start=\"829\" data-end=\"855\">Volvo Penta 110S Saildrive<\/p>\n<\/li>\n<\/ul>\n<p data-start=\"857\" data-end=\"871\"><strong data-start=\"857\" data-end=\"869\">Material<\/strong><\/p>\n<ul data-start=\"872\" data-end=\"916\">\n<li data-start=\"872\" data-end=\"916\">\n<p data-start=\"874\" data-end=\"916\">Aluminio (recomendado para agua salobre)<\/p>\n<\/li>\n<\/ul>\n<p data-start=\"918\" data-end=\"944\"><strong data-start=\"918\" data-end=\"942\">N\u00famero de referencia OEM<\/strong><\/p>\n<ul data-start=\"945\" data-end=\"953\">\n<li data-start=\"945\" data-end=\"953\">\n<p data-start=\"947\" data-end=\"953\">875812<\/p>\n<\/li>\n<\/ul>\n<p data-start=\"955\" data-end=\"969\"><strong data-start=\"955\" data-end=\"967\">Caracter\u00edsticas<\/strong><\/p>\n<ul data-start=\"970\" data-end=\"1214\">\n<li data-start=\"970\" data-end=\"1025\">\n<p data-start=\"972\" data-end=\"1025\">Sustituci\u00f3n directa de los \u00e1nodos del saildrive Volvo Penta<\/p>\n<\/li>\n<li data-start=\"1026\" data-end=\"1081\">\n<p data-start=\"1028\" data-end=\"1081\">Protege el 110S de la corrosi\u00f3n galv\u00e1nica<\/p>\n<\/li>\n<li data-start=\"1082\" data-end=\"1149\">\n<p data-start=\"1084\" data-end=\"1149\">Fabricado en aluminio de alta calidad para un rendimiento fiable<\/p>\n<\/li>\n<li data-start=\"1150\" data-end=\"1171\">\n<p data-start=\"1152\" data-end=\"1171\">F\u00e1cil instalaci\u00f3n<\/p>\n<\/li>\n<li data-start=\"1172\" data-end=\"1214\">\n<p data-start=\"1174\" data-end=\"1214\">Adecuado para aguas mixtas y salobres<\/p>\n<\/li>\n<\/ul>\n<p data-start=\"1216\" data-end=\"1320\">Garantiza una protecci\u00f3n adecuada de tu saildrive sustituyendo regularmente los \u00e1nodos como parte del mantenimiento rutinario.<\/p>\n","protected":false},"excerpt":{"rendered":"<p>El \u00e1nodo de aluminio para unidad propulsora saildrive 110S Volvo Penta (n\u00famero de pieza 875812) est\u00e1 dise\u00f1ado para proporcionar una protecci\u00f3n eficaz contra la corrosi\u00f3n a las unidades propulsoras saildrive 110S que funcionan en condiciones de aguas salobres o mixtas. Este \u00e1nodo de aleaci\u00f3n de aluminio de alta calidad garantiza una protecci\u00f3n duradera al evitar [&hellip;]<\/p>\n","protected":false},"featured_media":44321,"comment_status":"open","ping_status":"closed","template":"","meta":[],"product_brand":[4229],"product_cat":[3182,4522,2497,4525,4302],"product_tag":[],"class_list":{"0":"post-37195","1":"product","2":"type-product","3":"status-publish","4":"has-post-thumbnail","6":"product_brand-volvo-penta","7":"product_cat-anodos","8":"product_cat-anodos-volvo-penta","9":"product_cat-piezas-de-mantenimiento-del-motor","10":"product_cat-recambios-volvo-penta","11":"product_cat-volvo-penta","12":"pa_condition-nuevo","13":"pa_model-110s","14":"pa_oem-or-aftermarket-posventa","16":"first","17":"instock","18":"taxable","19":"shipping-taxable","20":"purchasable","21":"product-type-simple"},"supplier_id":null,"supplier_sku":"00705AL","barcode":null,"atum_controlled":true,"out_stock_date":null,"out_stock_threshold":null,"inheritable":false,"inbound_stock":0,"stock_on_hold":1,"sold_today":0,"sales_last_days":0,"reserved_stock":0,"customer_returns":0,"warehouse_damage":0,"lost_in_post":0,"other_logs":0,"out_stock_days":0,"lost_sales":0,"has_location":false,"update_date":"2026-01-29T09:10:44","atum_locations":[],"atum_stock_status":"instock","restock_status":false,"low_stock_amount":1,"sales_update_date":"2026-01-29T09:10:44","calc_backorders":0,"_links":{"self":[{"href":"https:\/\/wp.marinepartsystem.com\/es\/wp-json\/wp\/v2\/product\/37195","targetHints":{"allow":["GET"]}}],"collection":[{"href":"https:\/\/wp.marinepartsystem.com\/es\/wp-json\/wp\/v2\/product"}],"about":[{"href":"https:\/\/wp.marinepartsystem.com\/es\/wp-json\/wp\/v2\/types\/product"}],"replies":[{"embeddable":true,"href":"https:\/\/wp.marinepartsystem.com\/es\/wp-json\/wp\/v2\/comments?post=37195"}],"wp:featuredmedia":[{"embeddable":true,"href":"https:\/\/wp.marinepartsystem.com\/es\/wp-json\/wp\/v2\/media\/44321"}],"wp:attachment":[{"href":"https:\/\/wp.marinepartsystem.com\/es\/wp-json\/wp\/v2\/media?parent=37195"}],"wp:term":[{"taxonomy":"product_brand","embeddable":true,"href":"https:\/\/wp.marinepartsystem.com\/es\/wp-json\/wp\/v2\/product_brand?post=37195"},{"taxonomy":"product_cat","embeddable":true,"href":"https:\/\/wp.marinepartsystem.com\/es\/wp-json\/wp\/v2\/product_cat?post=37195"},{"taxonomy":"product_tag","embeddable":true,"href":"https:\/\/wp.marinepartsystem.com\/es\/wp-json\/wp\/v2\/product_tag?post=37195"}],"curies":[{"name":"wp","href":"https:\/\/api.w.org\/{rel}","templated":true}]}}