{"id":36652,"date":"2025-06-17T14:13:10","date_gmt":"2025-06-17T14:13:10","guid":{"rendered":"https:\/\/marinepartsystem.com\/product\/aceite-motor-volvo-penta-vds-4-5-15w40\/"},"modified":"2026-03-30T11:20:48","modified_gmt":"2026-03-30T11:20:48","slug":"aceite-motor-volvo-penta-vds-4-5-15w40","status":"publish","type":"product","link":"https:\/\/marinepartsystem.com\/es\/producto\/aceite-motor-volvo-penta-vds-4-5-15w40","title":{"rendered":"Aceite motor Volvo Penta VDS-4.5 15W40"},"content":{"rendered":"<h3 data-start=\"109\" data-end=\"153\"><strong data-start=\"113\" data-end=\"153\">Aceite motor Volvo Penta VDS-4.5 15W40<\/strong><\/h3>\n<p data-start=\"155\" data-end=\"452\">El aceite de motor Volvo Penta VDS-4.5 15W40 es un aceite de alto rendimiento para motores diesel marinos, dise\u00f1ado para proporcionar una protecci\u00f3n y un rendimiento excelentes en condiciones duras. Ayuda a reducir el desgaste del motor, evita los dep\u00f3sitos y mejora la eficacia del combustible. Adecuado para una amplia gama de motores marinos Volvo Penta.  <\/p>\n<p data-start=\"454\" data-end=\"473\"><strong data-start=\"454\" data-end=\"471\">Caracter\u00edsticas principales:<\/strong><\/p>\n<ul data-start=\"474\" data-end=\"697\">\n<li data-start=\"474\" data-end=\"536\">\n<p data-start=\"476\" data-end=\"536\">Cumple la especificaci\u00f3n VDS-4.5 para una mayor protecci\u00f3n del motor<\/p>\n<\/li>\n<li data-start=\"537\" data-end=\"588\">\n<p data-start=\"539\" data-end=\"588\">Adecuado para aplicaciones de grado de viscosidad 15W40<\/p>\n<\/li>\n<li data-start=\"589\" data-end=\"643\">\n<p data-start=\"591\" data-end=\"643\">Protege contra la corrosi\u00f3n, el desgaste y la acumulaci\u00f3n de holl\u00edn<\/p>\n<\/li>\n<li data-start=\"644\" data-end=\"697\">\n<p data-start=\"646\" data-end=\"697\">Ayuda a mantener la limpieza y el rendimiento del motor<\/p>\n<\/li>\n<\/ul>\n<p data-start=\"704\" data-end=\"845\">\n<p data-start=\"704\" data-end=\"845\"><strong data-start=\"706\" data-end=\"722\">Aplicaci\u00f3n:<\/strong> Motores diesel marinos<br data-start=\"744\" data-end=\"747\"><strong data-start=\"750\" data-end=\"764\">Viscosidad:<\/strong> 15W40<br data-start=\"770\" data-end=\"773\"><strong data-start=\"776\" data-end=\"785\">Nota:<\/strong> Comprueba siempre las recomendaciones del fabricante del motor antes de usarlo.<\/p>\n<p>&nbsp;<\/p>\n","protected":false},"excerpt":{"rendered":"<p>Aceite motor Volvo Penta VDS-4.5 15W40 El aceite de motor Volvo Penta VDS-4.5 15W40 es un aceite de alto rendimiento para motores diesel marinos, dise\u00f1ado para proporcionar una protecci\u00f3n y un rendimiento excelentes en condiciones duras. Ayuda a reducir el desgaste del motor, evita los dep\u00f3sitos y mejora la eficacia del combustible. Adecuado para una [&hellip;]<\/p>\n","protected":false},"featured_media":26740,"comment_status":"open","ping_status":"closed","template":"","meta":[],"product_brand":[],"product_cat":[2730,4483,2729,2497,4724,4598,4573,4462],"product_tag":[],"class_list":{"0":"post-36652","1":"product","2":"type-product","3":"status-publish","4":"has-post-thumbnail","6":"product_cat-aceite","7":"product_cat-aceite-volvo-penta","8":"product_cat-aceites-y-liquidos","9":"product_cat-piezas-de-mantenimiento-del-motor","10":"product_cat-recambios-servicio-volvo-penta-serie-2000","11":"product_cat-recambios-volvo-penta-120s-saildrive-service","12":"product_cat-recambios-volvo-penta-saildrive-service","13":"product_cat-volvo-penta-serie-2000","15":"first","16":"instock","17":"sale","18":"taxable","19":"shipping-taxable","20":"purchasable","21":"product-type-variable"},"supplier_id":null,"supplier_sku":"","barcode":null,"atum_controlled":true,"out_stock_date":null,"out_stock_threshold":null,"inheritable":true,"inbound_stock":0,"stock_on_hold":2,"sold_today":2,"sales_last_days":2,"reserved_stock":0,"customer_returns":0,"warehouse_damage":0,"lost_in_post":0,"other_logs":0,"out_stock_days":0,"lost_sales":0,"has_location":false,"update_date":"2026-04-22T21:09:23","atum_locations":[],"atum_stock_status":"instock","restock_status":false,"low_stock_amount":"","sales_update_date":"2026-04-22T21:09:23","calc_backorders":null,"_links":{"self":[{"href":"https:\/\/wp.marinepartsystem.com\/es\/wp-json\/wp\/v2\/product\/36652","targetHints":{"allow":["GET"]}}],"collection":[{"href":"https:\/\/wp.marinepartsystem.com\/es\/wp-json\/wp\/v2\/product"}],"about":[{"href":"https:\/\/wp.marinepartsystem.com\/es\/wp-json\/wp\/v2\/types\/product"}],"replies":[{"embeddable":true,"href":"https:\/\/wp.marinepartsystem.com\/es\/wp-json\/wp\/v2\/comments?post=36652"}],"wp:featuredmedia":[{"embeddable":true,"href":"https:\/\/wp.marinepartsystem.com\/es\/wp-json\/wp\/v2\/media\/26740"}],"wp:attachment":[{"href":"https:\/\/wp.marinepartsystem.com\/es\/wp-json\/wp\/v2\/media?parent=36652"}],"wp:term":[{"taxonomy":"product_brand","embeddable":true,"href":"https:\/\/wp.marinepartsystem.com\/es\/wp-json\/wp\/v2\/product_brand?post=36652"},{"taxonomy":"product_cat","embeddable":true,"href":"https:\/\/wp.marinepartsystem.com\/es\/wp-json\/wp\/v2\/product_cat?post=36652"},{"taxonomy":"product_tag","embeddable":true,"href":"https:\/\/wp.marinepartsystem.com\/es\/wp-json\/wp\/v2\/product_tag?post=36652"}],"curies":[{"name":"wp","href":"https:\/\/api.w.org\/{rel}","templated":true}]}}