{"id":36460,"date":"2025-06-17T14:12:12","date_gmt":"2025-06-17T14:12:12","guid":{"rendered":"https:\/\/marinepartsystem.com\/product\/aceite-vetus-15w-40\/"},"modified":"2026-03-25T15:24:54","modified_gmt":"2026-03-25T15:24:54","slug":"aceite-vetus-15w-40","status":"publish","type":"product","link":"https:\/\/wp.marinepartsystem.com\/es\/producto\/aceite-vetus-15w-40\/","title":{"rendered":"Aceite Vetus 15W-40"},"content":{"rendered":"<p>El aceite mineral para motores diesel marinos es adecuado para todos los motores diesel marinos y grupos electr\u00f3genos VETUS modernos. Cumple las normas m\u00e1s estrictas para motores di\u00e9sel marinos, tanto con turbocompresor como sin \u00e9l, y es compatible con la moderna tecnolog\u00eda de v\u00e1lvulas. <\/p>\n<p>&nbsp;<\/p>\n<p>&nbsp;<\/p>\n","protected":false},"excerpt":{"rendered":"<p>El aceite mineral para motores diesel marinos es adecuado para todos los motores diesel marinos y grupos electr\u00f3genos VETUS modernos. Cumple las normas m\u00e1s estrictas para motores di\u00e9sel marinos, tanto con turbocompresor como sin \u00e9l, y es compatible con la moderna tecnolog\u00eda de v\u00e1lvulas. &nbsp; &nbsp;<\/p>\n","protected":false},"featured_media":36461,"comment_status":"open","ping_status":"closed","template":"","meta":[],"product_brand":[4241],"product_cat":[2730,4483,2729,2497,4540,4539],"product_tag":[],"class_list":{"0":"post-36460","1":"product","2":"type-product","3":"status-publish","4":"has-post-thumbnail","6":"product_brand-vetus","7":"product_cat-aceite","8":"product_cat-aceite-volvo-penta","9":"product_cat-aceites-y-liquidos","10":"product_cat-piezas-de-mantenimiento-del-motor","11":"product_cat-repuestos-vetus","12":"product_cat-vetus","13":"pa_condition-nuevo","14":"pa_oem-or-aftermarket-oem","16":"first","17":"onbackorder","18":"taxable","19":"shipping-taxable","20":"purchasable","21":"product-type-variable"},"supplier_id":null,"supplier_sku":"","barcode":null,"atum_controlled":true,"out_stock_date":"2025-11-21 13:17:24","out_stock_threshold":null,"inheritable":true,"inbound_stock":0,"stock_on_hold":1,"sold_today":1,"sales_last_days":1,"reserved_stock":0,"customer_returns":0,"warehouse_damage":0,"lost_in_post":0,"other_logs":0,"out_stock_days":8,"lost_sales":0,"has_location":false,"update_date":"2026-03-25T15:24:49","atum_locations":[],"atum_stock_status":"onbackorder","restock_status":false,"low_stock_amount":"","sales_update_date":"2026-03-25T15:24:49","calc_backorders":0,"_links":{"self":[{"href":"https:\/\/wp.marinepartsystem.com\/es\/wp-json\/wp\/v2\/product\/36460","targetHints":{"allow":["GET"]}}],"collection":[{"href":"https:\/\/wp.marinepartsystem.com\/es\/wp-json\/wp\/v2\/product"}],"about":[{"href":"https:\/\/wp.marinepartsystem.com\/es\/wp-json\/wp\/v2\/types\/product"}],"replies":[{"embeddable":true,"href":"https:\/\/wp.marinepartsystem.com\/es\/wp-json\/wp\/v2\/comments?post=36460"}],"wp:featuredmedia":[{"embeddable":true,"href":"https:\/\/wp.marinepartsystem.com\/es\/wp-json\/wp\/v2\/media\/36461"}],"wp:attachment":[{"href":"https:\/\/wp.marinepartsystem.com\/es\/wp-json\/wp\/v2\/media?parent=36460"}],"wp:term":[{"taxonomy":"product_brand","embeddable":true,"href":"https:\/\/wp.marinepartsystem.com\/es\/wp-json\/wp\/v2\/product_brand?post=36460"},{"taxonomy":"product_cat","embeddable":true,"href":"https:\/\/wp.marinepartsystem.com\/es\/wp-json\/wp\/v2\/product_cat?post=36460"},{"taxonomy":"product_tag","embeddable":true,"href":"https:\/\/wp.marinepartsystem.com\/es\/wp-json\/wp\/v2\/product_tag?post=36460"}],"curies":[{"name":"wp","href":"https:\/\/api.w.org\/{rel}","templated":true}]}}