{"id":36319,"date":"2025-06-17T14:11:16","date_gmt":"2025-06-17T14:11:16","guid":{"rendered":"https:\/\/marinepartsystem.com\/product\/yanmar-4jh4ae-4jh5e-serivce-kit\/"},"modified":"2026-03-24T14:25:23","modified_gmt":"2026-03-24T14:25:23","slug":"yanmar-4jh4ae-4jh5e-serivce-kit","status":"publish","type":"product","link":"https:\/\/wp.marinepartsystem.com\/es\/producto\/yanmar-4jh4ae-4jh5e-serivce-kit\/","title":{"rendered":"Yanmar 4JH4AE &amp; 4JH5E Serivce-kit"},"content":{"rendered":"<p><strong>Este kit incluye:<\/strong><\/p>\n<ul>\n<li>Filtro de aceite<\/li>\n<li>Filtro de combustible<\/li>\n<li>Junta t\u00f3rica del filtro de combustible<\/li>\n<li>Impeller<\/li>\n<li>Junta de la bomba de agua de refrigeraci\u00f3n<\/li>\n<\/ul>\n<p><strong> <\/strong><\/p>\n<p><strong>Elementos opcionales a pedir por separado:<\/strong><\/p>\n<ul>\n<li>Correa trapezoidal o correa acanalada<\/li>\n<li>Aceite de motor y aceite de transmisi\u00f3n o saildrive<\/li>\n<\/ul>\n<p><strong> <\/strong><\/p>\n<p><strong>Pedido para el 4JH3E y el 4JH4E:<\/strong> SK-MARINE-010-G<\/p>\n<p><strong> <\/strong><\/p>\n<p><strong>Para:<\/strong><\/p>\n<p>4JH4 AE 54HP, 4JH5 E 54HP<\/p>\n","protected":false},"excerpt":{"rendered":"<p>Este kit incluye: Filtro de aceite Filtro de combustible Junta t\u00f3rica del filtro de combustible Impeller Junta de la bomba de agua de refrigeraci\u00f3n Elementos opcionales a pedir por separado: Correa trapezoidal o correa acanalada Aceite de motor y aceite de transmisi\u00f3n o saildrive Pedido para el 4JH3E y el 4JH4E: SK-MARINE-010-G Para: 4JH4 AE [&hellip;]<\/p>\n","protected":false},"featured_media":36320,"comment_status":"open","ping_status":"closed","template":"","meta":[],"product_brand":[4235],"product_cat":[3201,4535,2497,4534],"product_tag":[],"class_list":{"0":"post-36319","1":"product","2":"type-product","3":"status-publish","4":"has-post-thumbnail","6":"product_brand-yanmar","7":"product_cat-kits-de-servicio","8":"product_cat-kits-de-servicio-yanmar","9":"product_cat-piezas-de-mantenimiento-del-motor","10":"product_cat-piezas-de-servicio-yanmar","11":"pa_condition-nuevo","12":"pa_model-4jh4","13":"pa_model-4jh4-ae","14":"pa_model-4jh5-e","15":"pa_oem-or-aftermarket-oem","17":"first","18":"onbackorder","19":"sale","20":"taxable","21":"shipping-taxable","22":"purchasable","23":"product-type-simple"},"supplier_id":32143,"supplier_sku":"","barcode":null,"atum_controlled":true,"out_stock_date":"2026-03-24 14:25:25","out_stock_threshold":null,"inheritable":false,"inbound_stock":0,"stock_on_hold":0,"sold_today":0,"sales_last_days":0,"reserved_stock":0,"customer_returns":0,"warehouse_damage":0,"lost_in_post":0,"other_logs":0,"out_stock_days":0,"lost_sales":0,"has_location":false,"update_date":"2026-03-24T14:28:20","atum_locations":[],"atum_stock_status":"onbackorder","restock_status":false,"low_stock_amount":"","sales_update_date":"2026-03-24T11:00:02","calc_backorders":-2,"_links":{"self":[{"href":"https:\/\/wp.marinepartsystem.com\/es\/wp-json\/wp\/v2\/product\/36319","targetHints":{"allow":["GET"]}}],"collection":[{"href":"https:\/\/wp.marinepartsystem.com\/es\/wp-json\/wp\/v2\/product"}],"about":[{"href":"https:\/\/wp.marinepartsystem.com\/es\/wp-json\/wp\/v2\/types\/product"}],"replies":[{"embeddable":true,"href":"https:\/\/wp.marinepartsystem.com\/es\/wp-json\/wp\/v2\/comments?post=36319"}],"wp:featuredmedia":[{"embeddable":true,"href":"https:\/\/wp.marinepartsystem.com\/es\/wp-json\/wp\/v2\/media\/36320"}],"wp:attachment":[{"href":"https:\/\/wp.marinepartsystem.com\/es\/wp-json\/wp\/v2\/media?parent=36319"}],"wp:term":[{"taxonomy":"product_brand","embeddable":true,"href":"https:\/\/wp.marinepartsystem.com\/es\/wp-json\/wp\/v2\/product_brand?post=36319"},{"taxonomy":"product_cat","embeddable":true,"href":"https:\/\/wp.marinepartsystem.com\/es\/wp-json\/wp\/v2\/product_cat?post=36319"},{"taxonomy":"product_tag","embeddable":true,"href":"https:\/\/wp.marinepartsystem.com\/es\/wp-json\/wp\/v2\/product_tag?post=36319"}],"curies":[{"name":"wp","href":"https:\/\/api.w.org\/{rel}","templated":true}]}}