{"id":36301,"date":"2025-06-17T14:11:16","date_gmt":"2025-06-17T14:11:16","guid":{"rendered":"https:\/\/marinepartsystem.com\/product\/yanmar-4jh3-4-turbo-serivce-kit-2\/"},"modified":"2026-03-24T14:24:41","modified_gmt":"2026-03-24T14:24:41","slug":"yanmar-4jh3-4-turbo-serivce-kit-2","status":"publish","type":"product","link":"https:\/\/wp.marinepartsystem.com\/es\/producto\/yanmar-4jh3-4-turbo-serivce-kit-2\/","title":{"rendered":"Yanmar 4JH3\/4 (turbo) Serivce-kit"},"content":{"rendered":"<p><strong>Este kit consta de:<\/strong><\/p>\n<ul>\n<li>Filtro de aceite<\/li>\n<li>Filtro de combustible<\/li>\n<li>Junta t\u00f3rica del filtro de combustible<\/li>\n<li>Impeller y junta<\/li>\n<\/ul>\n<p>&nbsp;<\/p>\n<p><strong>Si es necesario, p\u00eddelo por separado:<\/strong><\/p>\n<p>Filtro de aire<\/p>\n<p>Correa trapezoidal<\/p>\n<p>Aceite del motor y aceite de la caja de cambios o la transmisi\u00f3n<\/p>\n<p>&nbsp;<\/p>\n<p>Pedido 4JH3E y 4JH4E: SK-MARINE-010-G<\/p>\n<p>Pedido 4JH4AE y 4JH5: SK-MARINE-012-G<\/p>\n<p>&nbsp;<\/p>\n<p>4JH3 TE 75PK, 4JH3 HTE 100PK, 4JH3 DTE 125PK, 4JH4 TE 75PK, 4JH4 HTE 110PK<\/p>\n<p>&nbsp;<\/p>\n","protected":false},"excerpt":{"rendered":"<p>Este kit consta de: Filtro de aceite Filtro de combustible Junta t\u00f3rica del filtro de combustible Impeller y junta &nbsp; Si es necesario, p\u00eddelo por separado: Filtro de aire Correa trapezoidal Aceite del motor y aceite de la caja de cambios o la transmisi\u00f3n &nbsp; Pedido 4JH3E y 4JH4E: SK-MARINE-010-G Pedido 4JH4AE y 4JH5: SK-MARINE-012-G [&hellip;]<\/p>\n","protected":false},"featured_media":36302,"comment_status":"open","ping_status":"closed","template":"","meta":[],"product_brand":[4235],"product_cat":[3201,4535,2497,4534],"product_tag":[],"class_list":{"0":"post-36301","1":"product","2":"type-product","3":"status-publish","4":"has-post-thumbnail","6":"product_brand-yanmar","7":"product_cat-kits-de-servicio","8":"product_cat-kits-de-servicio-yanmar","9":"product_cat-piezas-de-mantenimiento-del-motor","10":"product_cat-piezas-de-servicio-yanmar","11":"pa_condition-nuevo","12":"pa_model-4jh3-dte","13":"pa_model-4jh3-hte","14":"pa_model-4jh3-te","15":"pa_model-4jh4-hte","16":"pa_model-4jh4-te","17":"pa_oem-or-aftermarket-oem","19":"first","20":"onbackorder","21":"sale","22":"taxable","23":"shipping-taxable","24":"purchasable","25":"product-type-simple"},"supplier_id":32143,"supplier_sku":"","barcode":null,"atum_controlled":true,"out_stock_date":"2025-11-21 13:08:34","out_stock_threshold":null,"inheritable":false,"inbound_stock":0,"stock_on_hold":0,"sold_today":0,"sales_last_days":0,"reserved_stock":0,"customer_returns":0,"warehouse_damage":0,"lost_in_post":0,"other_logs":0,"out_stock_days":122,"lost_sales":0,"has_location":false,"update_date":"2026-03-24T14:28:20","atum_locations":[],"atum_stock_status":"onbackorder","restock_status":false,"low_stock_amount":"","sales_update_date":"2026-03-24T11:00:02","calc_backorders":0,"_links":{"self":[{"href":"https:\/\/wp.marinepartsystem.com\/es\/wp-json\/wp\/v2\/product\/36301","targetHints":{"allow":["GET"]}}],"collection":[{"href":"https:\/\/wp.marinepartsystem.com\/es\/wp-json\/wp\/v2\/product"}],"about":[{"href":"https:\/\/wp.marinepartsystem.com\/es\/wp-json\/wp\/v2\/types\/product"}],"replies":[{"embeddable":true,"href":"https:\/\/wp.marinepartsystem.com\/es\/wp-json\/wp\/v2\/comments?post=36301"}],"wp:featuredmedia":[{"embeddable":true,"href":"https:\/\/wp.marinepartsystem.com\/es\/wp-json\/wp\/v2\/media\/36302"}],"wp:attachment":[{"href":"https:\/\/wp.marinepartsystem.com\/es\/wp-json\/wp\/v2\/media?parent=36301"}],"wp:term":[{"taxonomy":"product_brand","embeddable":true,"href":"https:\/\/wp.marinepartsystem.com\/es\/wp-json\/wp\/v2\/product_brand?post=36301"},{"taxonomy":"product_cat","embeddable":true,"href":"https:\/\/wp.marinepartsystem.com\/es\/wp-json\/wp\/v2\/product_cat?post=36301"},{"taxonomy":"product_tag","embeddable":true,"href":"https:\/\/wp.marinepartsystem.com\/es\/wp-json\/wp\/v2\/product_tag?post=36301"}],"curies":[{"name":"wp","href":"https:\/\/api.w.org\/{rel}","templated":true}]}}