{"id":36161,"date":"2025-09-01T09:59:55","date_gmt":"2025-09-01T09:59:55","guid":{"rendered":"https:\/\/marinepartsystem.com\/product\/junta-de-culata-yanmar-3gm30-3gm30f-3gm30f-yeu-128374-01911\/"},"modified":"2025-10-30T12:18:19","modified_gmt":"2025-10-30T12:18:19","slug":"junta-de-culata-yanmar-3gm30-3gm30f-3gm30f-yeu-128374-01911","status":"publish","type":"product","link":"https:\/\/wp.marinepartsystem.com\/es\/producto\/junta-de-culata-yanmar-3gm30-3gm30f-3gm30f-yeu-128374-01911\/","title":{"rendered":"Junta de culata Yanmar 3GM30, 3GM30F, 3GM30F-YEU (128374-01911)"},"content":{"rendered":"<p data-start=\"224\" data-end=\"436\">Esta junta de culata Yanmar (128374-01911) es un recambio de primera calidad equivalente al OEM, dise\u00f1ado espec\u00edficamente para los motores di\u00e9sel marinos Yanmar de la serie 3GM30, incluidos los modelos 3GM30, 3GM30F y 3GM30F-YEU.<\/p>\n<p data-start=\"438\" data-end=\"761\">Proporciona un sellado fiable entre la culata y el bloque del motor, lo que es esencial para mantener una compresi\u00f3n \u00f3ptima del motor y evitar fugas de aceite, refrigerante y gases de combusti\u00f3n. Esta junta es ideal para reconstruir el motor, repararlo o realizar un mantenimiento preventivo que garantice un funcionamiento suave y eficiente de tu motor. <\/p>\n<p>\u2714 <strong data-start=\"765\" data-end=\"785\">Compatible con:<\/strong><br data-start=\"785\" data-end=\"788\">3GM30, 3GM30-YEU, 3GM30B, 3GM30C, 3GM30C-YEU, 3GM30F, 3GM30F-YEU, 3GM30FC-YEU, 3GM30FVE, 3GM30VE<\/p>\n<p data-start=\"846\" data-end=\"1120\">\ud83d\udd27 <strong data-start=\"849\" data-end=\"866\">Caracter\u00edsticas principales:<\/strong><br data-start=\"866\" data-end=\"869\">- Dise\u00f1ado con precisi\u00f3n para un ajuste OEM exacto<br data-start=\"912\" data-end=\"915\">- Fabricado con materiales compuestos duraderos y resistentes a altas temperaturas<br data-start=\"980\" data-end=\"983\">- Garantiza un sellado eficaz para evitar fugas internas y p\u00e9rdidas de compresi\u00f3n<br data-start=\"1057\" data-end=\"1060\">- Adecuado para reparaciones profesionales o mantenimiento rutinario<\/p>\n<p data-start=\"1122\" data-end=\"1211\">\ud83d\udce6 <strong data-start=\"1125\" data-end=\"1141\">N\u00famero de pieza:<\/strong> 128374-01911<br data-start=\"1154\" data-end=\"1157\"><strong data-start=\"1157\" data-end=\"1171\">Estado:<\/strong> Nuevo (OEM o calidad equivalente)<\/p>\n<p data-start=\"1213\" data-end=\"1260\">\ud83d\udce6 E <strong data-start=\"1216\" data-end=\"1258\">n stock - Env\u00edo disponible el mismo d\u00eda<\/strong><\/p>\n<hr data-start=\"1262\" data-end=\"1265\">\n<p data-start=\"1267\" data-end=\"1387\"><strong data-start=\"1267\" data-end=\"1318\">\u00bfNecesitas ayuda para confirmar el ajuste o tienes alguna pregunta?<\/strong><br data-start=\"1318\" data-end=\"1321\">Ponte en contacto con nosotros con los detalles de tu motor: \u00a1estaremos encantados de ayudarte!<\/p>\n","protected":false},"excerpt":{"rendered":"<p>Esta junta de culata Yanmar (128374-01911) es un recambio de primera calidad equivalente al OEM, dise\u00f1ado espec\u00edficamente para los motores di\u00e9sel marinos Yanmar de la serie 3GM30, incluidos los modelos 3GM30, 3GM30F y 3GM30F-YEU. Proporciona un sellado fiable entre la culata y el bloque del motor, lo que es esencial para mantener una compresi\u00f3n \u00f3ptima [&hellip;]<\/p>\n","protected":false},"featured_media":36162,"comment_status":"open","ping_status":"closed","template":"","meta":[],"product_brand":[4235],"product_cat":[3040,3041,4451,2497,4448],"product_tag":[],"class_list":{"0":"post-36161","1":"product","2":"type-product","3":"status-publish","4":"has-post-thumbnail","6":"product_brand-yanmar","7":"product_cat-kits-de-mantenimiento-y-reparacion","8":"product_cat-juntas-de-motor","9":"product_cat-piezas-3gm-3gm30","10":"product_cat-piezas-de-mantenimiento-del-motor","11":"product_cat-yanmar","12":"pa_condition-nuevo","13":"pa_model-3gm30","14":"pa_model-3gm30-yeu","15":"pa_model-3gm30b","16":"pa_model-3gm30c","17":"pa_model-3gm30c-yeu","18":"pa_model-3gm30f","19":"pa_model-3gm30f-yeu","20":"pa_model-3gm30fc-yeu","21":"pa_model-3gm30fve","22":"pa_model-3gm30ve","23":"pa_oem-or-aftermarket-posventa","25":"first","26":"onbackorder","27":"taxable","28":"shipping-taxable","29":"purchasable","30":"product-type-simple"},"supplier_id":7294,"supplier_sku":"128374-01911","barcode":null,"atum_controlled":true,"out_stock_date":"2025-11-21 13:03:08","out_stock_threshold":null,"inheritable":false,"inbound_stock":0,"stock_on_hold":0,"sold_today":0,"sales_last_days":0,"reserved_stock":0,"customer_returns":0,"warehouse_damage":0,"lost_in_post":0,"other_logs":0,"out_stock_days":20,"lost_sales":0,"has_location":false,"update_date":"2025-11-21T13:03:08","atum_locations":[],"atum_stock_status":"onbackorder","restock_status":false,"low_stock_amount":1,"sales_update_date":"2025-09-22T08:41:10","calc_backorders":null,"_links":{"self":[{"href":"https:\/\/wp.marinepartsystem.com\/es\/wp-json\/wp\/v2\/product\/36161","targetHints":{"allow":["GET"]}}],"collection":[{"href":"https:\/\/wp.marinepartsystem.com\/es\/wp-json\/wp\/v2\/product"}],"about":[{"href":"https:\/\/wp.marinepartsystem.com\/es\/wp-json\/wp\/v2\/types\/product"}],"replies":[{"embeddable":true,"href":"https:\/\/wp.marinepartsystem.com\/es\/wp-json\/wp\/v2\/comments?post=36161"}],"wp:featuredmedia":[{"embeddable":true,"href":"https:\/\/wp.marinepartsystem.com\/es\/wp-json\/wp\/v2\/media\/36162"}],"wp:attachment":[{"href":"https:\/\/wp.marinepartsystem.com\/es\/wp-json\/wp\/v2\/media?parent=36161"}],"wp:term":[{"taxonomy":"product_brand","embeddable":true,"href":"https:\/\/wp.marinepartsystem.com\/es\/wp-json\/wp\/v2\/product_brand?post=36161"},{"taxonomy":"product_cat","embeddable":true,"href":"https:\/\/wp.marinepartsystem.com\/es\/wp-json\/wp\/v2\/product_cat?post=36161"},{"taxonomy":"product_tag","embeddable":true,"href":"https:\/\/wp.marinepartsystem.com\/es\/wp-json\/wp\/v2\/product_tag?post=36161"}],"curies":[{"name":"wp","href":"https:\/\/api.w.org\/{rel}","templated":true}]}}