{"id":36041,"date":"2025-06-17T14:10:19","date_gmt":"2025-06-17T14:10:19","guid":{"rendered":"https:\/\/marinepartsystem.com\/product\/eurol-nautic-15w-40\/"},"modified":"2025-10-30T08:59:19","modified_gmt":"2025-10-30T08:59:19","slug":"eurol-nautic-15w-40","status":"publish","type":"product","link":"https:\/\/wp.marinepartsystem.com\/es\/producto\/eurol-nautic-15w-40\/","title":{"rendered":"Eurol Nautic 15W-40"},"content":{"rendered":"<p><strong>EUROL NAUTIC L. LINE 15W-40 SHX<\/strong><\/p>\n<p>Aceite de motor mineral para motores di\u00e9sel avanzados sin filtro de part\u00edculas.<\/p>\n<p>Eurol Nautic Line 15W-40 SHX es un aceite de motor robusto desarrollado de acuerdo con los \u00faltimos requisitos sobre consumo de aceite y emisiones de gases de escape, que cumple todas las normas de calidad actuales para aceites diesel europeos, americanos y japoneses.<\/p>\n<p>Eurol Nautic Line 15W-40 SHX es ideal para motores di\u00e9sel de gran potencia, pero tambi\u00e9n puede utilizarse en motores de gasolina, GLP y di\u00e9sel ligeros, con o sin turbocompresor, catalizador y\/o common rail.<\/p>\n<p>&nbsp;<\/p>\n<p>Eurol Nautic Line 15W-40 SHX supera los l\u00edmites reducidos relativos a los dep\u00f3sitos en la cabeza del pist\u00f3n, en la ranura del segmento superior del pist\u00f3n y en el resto del pist\u00f3n.<\/p>\n<p>Gracias a su estabilidad frente a las altas temperaturas y el envejecimiento, junto con sus potentes aditivos limpiadores, Eurol Nautic Line 15W-40 SHX garantiza que tanto el motor como el aceite se mantengan en buen estado.<\/p>\n<p>&nbsp;<\/p>\n<p>El desgaste se reduce al m\u00ednimo, incluso en las condiciones m\u00e1s exigentes, lo que permite a Eurol Nautic Line 15W-40 SHX alcanzar sin esfuerzo el intervalo de cambio de aceite prescrito, independientemente del tipo de motor.<\/p>\n<p>&nbsp;<\/p>\n","protected":false},"excerpt":{"rendered":"<p>EUROL NAUTIC L. LINE 15W-40 SHX Aceite de motor mineral para motores di\u00e9sel avanzados sin filtro de part\u00edculas. Eurol Nautic Line 15W-40 SHX es un aceite de motor robusto desarrollado de acuerdo con los \u00faltimos requisitos sobre consumo de aceite y emisiones de gases de escape, que cumple todas las normas de calidad actuales para [&hellip;]<\/p>\n","protected":false},"featured_media":36042,"comment_status":"open","ping_status":"closed","template":"","meta":[],"product_brand":[],"product_cat":[2730,4483,2729,2497],"product_tag":[],"class_list":{"0":"post-36041","1":"product","2":"type-product","3":"status-publish","4":"has-post-thumbnail","6":"product_cat-aceite","7":"product_cat-aceite-volvo-penta","8":"product_cat-aceites-y-liquidos","9":"product_cat-piezas-de-mantenimiento-del-motor","10":"pa_model-120s","11":"pa_model-12ay","12":"pa_model-130s","13":"pa_model-150s","14":"pa_model-16lak","15":"pa_model-1gm","16":"pa_model-1gm10","17":"pa_model-1gm10c","18":"pa_model-1gmc","19":"pa_model-1gml","20":"pa_model-3111","21":"pa_model-3112","22":"pa_model-3113","23":"pa_model-2003t","24":"pa_model-2003tb","25":"pa_model-2gm","26":"pa_model-2gm20","27":"pa_model-2gm20f","28":"pa_model-2gm20fve","29":"pa_model-2qm","30":"pa_model-2qm15","31":"pa_model-2qm20","32":"pa_model-2tm30","33":"pa_model-2tne68","34":"pa_model-2ym15","35":"pa_model-2ym20","36":"pa_model-3d68","37":"pa_model-3gm","38":"pa_model-3gm30","39":"pa_model-3gm30-yeu","40":"pa_model-3gm30b","41":"pa_model-3gm30c","42":"pa_model-3gm30c-yeu","43":"pa_model-3gm30f","44":"pa_model-3gm30f-yeu","45":"pa_model-3gm30fc-yeu","46":"pa_model-3gm30ve","47":"pa_model-3gmd","48":"pa_model-3gmdf","49":"pa_model-3gmf","50":"pa_model-3gmfle","51":"pa_model-3gmfy-e","52":"pa_model-3gmfye-e","53":"pa_model-3hm","54":"pa_model-3hm35","55":"pa_model-3hm35c","56":"pa_model-3hm35f","57":"pa_model-3hmf","58":"pa_model-3jh2","59":"pa_model-3jh2e","60":"pa_model-3jh2l","61":"pa_model-3jh2t","62":"pa_model-3jh2tce","63":"pa_model-3jh3","64":"pa_model-3jh3e","65":"pa_model-3jh40","66":"pa_model-3jh4e","67":"pa_model-3jh5e","68":"pa_model-3qm","69":"pa_model-3qm30","70":"pa_model-3ym20","71":"pa_model-3ym30","72":"pa_model-4jh","73":"pa_model-4jh-e","74":"pa_model-4jh2","75":"pa_model-4jh3","76":"pa_model-4jh3-e","77":"pa_model-4jh4","78":"pa_model-4jh4-ae","79":"pa_model-4jh4-e","80":"pa_model-4jh4-hte","81":"pa_model-4jh4-te","82":"pa_model-4jh5-e","83":"pa_model-4lh","84":"pa_model-4lh-dte","85":"pa_model-4lh-hte","86":"pa_model-4lh-ste","87":"pa_model-4lh-te","88":"pa_model-4lha","89":"pa_model-4lha-dte","90":"pa_model-4lha-dtp","91":"pa_model-4lha-hte","92":"pa_model-4lha-htp","93":"pa_model-4lha-ste","94":"pa_model-4lha-stp","95":"pa_model-6lp-dte","96":"pa_model-6lp-dtp","97":"pa_model-6lp-ste","98":"pa_model-6lp-stp","99":"pa_model-6ly2","100":"pa_model-6ly2-ste","101":"pa_model-6ly2-stp","102":"pa_model-6ly3-serie","103":"pa_model-6lya-ste","104":"pa_model-6lya-stp","105":"pa_model-6lya-ute","106":"pa_model-8lv","107":"pa_model-ad30","108":"pa_model-ad31","109":"pa_model-ad40","110":"pa_model-ad41","111":"pa_model-aqad30","112":"pa_model-aqad31","113":"pa_model-aqad40","114":"pa_model-aqad41","115":"pa_model-aqd2","116":"pa_model-aqd21","117":"pa_model-aqd21a","118":"pa_model-aqd21b","119":"pa_model-aqd27","120":"pa_model-aqd29","121":"pa_model-aqd2b","122":"pa_model-aqd30","123":"pa_model-aqd32","124":"pa_model-aqd40","125":"pa_model-aqd41","126":"pa_model-aqd70","127":"pa_model-d1-13","128":"pa_model-d1-20","129":"pa_model-d1-30","130":"pa_model-d1-30b","131":"pa_model-d1-30f","132":"pa_model-d11-625","133":"pa_model-d11-670","134":"pa_model-d11-725","135":"pa_model-d13-1000","136":"pa_model-d13-700","137":"pa_model-d13-800","138":"pa_model-d13-900","139":"pa_model-d16-750","140":"pa_model-d16-800","141":"pa_model-d16-900","142":"pa_model-d17-1000","143":"pa_model-d17-1050","144":"pa_model-d17-1150","145":"pa_model-d2-40","146":"pa_model-d2-40b","147":"pa_model-d2-40f","148":"pa_model-d2-50","149":"pa_model-d2-55","150":"pa_model-d2-60","151":"pa_model-d2-75","152":"pa_model-d3-110","153":"pa_model-d3-130","154":"pa_model-d3-140","155":"pa_model-d3-150","156":"pa_model-d3-160","157":"pa_model-d3-170","158":"pa_model-d3-190","159":"pa_model-d3-200","160":"pa_model-d3-220","161":"pa_model-d4-150","162":"pa_model-d4-175","163":"pa_model-d4-180","164":"pa_model-d4-210","165":"pa_model-d4-225","166":"pa_model-d4-230","167":"pa_model-d4-260","168":"pa_model-d4-270","169":"pa_model-d4-300","170":"pa_model-d4-320","171":"pa_model-d41","172":"pa_model-d6-280","173":"pa_model-d6-300","174":"pa_model-d6-310","175":"pa_model-d6-330","176":"pa_model-d6-340","177":"pa_model-d6-350","178":"pa_model-d6-370","179":"pa_model-d6-380","180":"pa_model-d6-400","181":"pa_model-d6-435","182":"pa_model-d6-440","183":"pa_model-d6-480","184":"pa_model-d8-550","185":"pa_model-d8-600","186":"pa_model-d8-650","187":"pa_model-dv10","188":"pa_model-dv20","189":"pa_model-dv24","190":"pa_model-dv29","191":"pa_model-dv32","192":"pa_model-dv36","193":"pa_model-dv48","194":"pa_model-kad300","195":"pa_model-kad32","196":"pa_model-kad41","197":"pa_model-kad42","198":"pa_model-kad43","199":"pa_model-kad44","200":"pa_model-kamd300","201":"pa_model-kamd42","202":"pa_model-kamd43","203":"pa_model-kamd44","204":"pa_model-m2-02","205":"pa_model-m2-04","206":"pa_model-m2-05","207":"pa_model-m2-06","208":"pa_model-m2-12","209":"pa_model-m2-13","210":"pa_model-m2-18","211":"pa_model-m2-c5","212":"pa_model-m2-c6","213":"pa_model-m2-d5","214":"pa_model-m2-d6","215":"pa_model-m3-09","216":"pa_model-m3-10","217":"pa_model-m3-11","218":"pa_model-m3-28","219":"pa_model-m3-29","220":"pa_model-m3-c5","221":"pa_model-m3-c9","222":"pa_model-m4-14","223":"pa_model-m4-15","224":"pa_model-m4-17","225":"pa_model-m4-35","226":"pa_model-m4-45","227":"pa_model-m4-55","228":"pa_model-m4-56","229":"pa_model-md1","230":"pa_model-md100","231":"pa_model-md11","232":"pa_model-md11c","233":"pa_model-md11d","234":"pa_model-md120","235":"pa_model-md17","236":"pa_model-md17c","237":"pa_model-md17d","238":"pa_model-md1b","239":"pa_model-md2","240":"pa_model-md2010","241":"pa_model-md2020","242":"pa_model-md2030","243":"pa_model-md2040","244":"pa_model-md21","245":"pa_model-md21a","246":"pa_model-md21b","247":"pa_model-md22","248":"pa_model-md2b","249":"pa_model-md3","250":"pa_model-md30","251":"pa_model-md31","252":"pa_model-md32","253":"pa_model-md3b","254":"pa_model-md40","255":"pa_model-md5","256":"pa_model-md6","257":"pa_model-md67","258":"pa_model-md7","259":"pa_model-md70","260":"pa_model-ms25","261":"pa_model-n3-15","262":"pa_model-n3-21","263":"pa_model-n3-29","264":"pa_model-n4-40","265":"pa_model-n4-50","266":"pa_model-n4-65","267":"pa_model-n6-105","268":"pa_model-n6-150","269":"pa_model-n6-95","270":"pa_model-n6t120","271":"pa_model-n6t160","272":"pa_model-n6t210","273":"pa_model-p4-17","274":"pa_model-p4-19","275":"pa_model-p4-21","276":"pa_model-serie-4by","277":"pa_model-serie-4by2","278":"pa_model-tamd100","279":"pa_model-tamd102","280":"pa_model-tamd103","281":"pa_model-tamd120","282":"pa_model-tamd122","283":"pa_model-tamd162","284":"pa_model-tamd165","285":"pa_model-tamd22","286":"pa_model-tamd30","287":"pa_model-tamd31","288":"pa_model-tamd40","289":"pa_model-tamd41","290":"pa_model-tamd42","291":"pa_model-tamd60","292":"pa_model-tamd61","293":"pa_model-tamd62","294":"pa_model-tamd63","295":"pa_model-tamd70","296":"pa_model-tamd71","297":"pa_model-tamd72","298":"pa_model-tamd73","299":"pa_model-tamd74","300":"pa_model-tmd100","301":"pa_model-tmd102","302":"pa_model-tmd120","303":"pa_model-tmd22","304":"pa_model-tmd30","305":"pa_model-tmd31","306":"pa_model-tmd40","307":"pa_model-tmd41","308":"pa_model-tmd70","309":"pa_model-vf4","310":"pa_model-vf5","311":"pa_model-vh4-65","312":"pa_model-vh4-80","314":"first","315":"onbackorder","316":"taxable","317":"shipping-taxable","318":"purchasable","319":"product-type-variable"},"supplier_id":null,"supplier_sku":"","barcode":null,"atum_controlled":true,"out_stock_date":null,"out_stock_threshold":null,"inheritable":false,"inbound_stock":0,"stock_on_hold":0,"sold_today":0,"sales_last_days":0,"reserved_stock":0,"customer_returns":0,"warehouse_damage":0,"lost_in_post":0,"other_logs":0,"out_stock_days":0,"lost_sales":0,"has_location":false,"update_date":"2026-04-22T21:09:22","atum_locations":[],"atum_stock_status":"onbackorder","restock_status":false,"low_stock_amount":"","sales_update_date":"2026-04-22T21:09:22","calc_backorders":null,"_links":{"self":[{"href":"https:\/\/wp.marinepartsystem.com\/es\/wp-json\/wp\/v2\/product\/36041","targetHints":{"allow":["GET"]}}],"collection":[{"href":"https:\/\/wp.marinepartsystem.com\/es\/wp-json\/wp\/v2\/product"}],"about":[{"href":"https:\/\/wp.marinepartsystem.com\/es\/wp-json\/wp\/v2\/types\/product"}],"replies":[{"embeddable":true,"href":"https:\/\/wp.marinepartsystem.com\/es\/wp-json\/wp\/v2\/comments?post=36041"}],"wp:featuredmedia":[{"embeddable":true,"href":"https:\/\/wp.marinepartsystem.com\/es\/wp-json\/wp\/v2\/media\/36042"}],"wp:attachment":[{"href":"https:\/\/wp.marinepartsystem.com\/es\/wp-json\/wp\/v2\/media?parent=36041"}],"wp:term":[{"taxonomy":"product_brand","embeddable":true,"href":"https:\/\/wp.marinepartsystem.com\/es\/wp-json\/wp\/v2\/product_brand?post=36041"},{"taxonomy":"product_cat","embeddable":true,"href":"https:\/\/wp.marinepartsystem.com\/es\/wp-json\/wp\/v2\/product_cat?post=36041"},{"taxonomy":"product_tag","embeddable":true,"href":"https:\/\/wp.marinepartsystem.com\/es\/wp-json\/wp\/v2\/product_tag?post=36041"}],"curies":[{"name":"wp","href":"https:\/\/api.w.org\/{rel}","templated":true}]}}