{"id":35777,"date":"2025-06-17T14:08:23","date_gmt":"2025-06-17T14:08:23","guid":{"rendered":"https:\/\/marinepartsystem.com\/product\/kit-termostato-volvo-penta-875795\/"},"modified":"2026-03-23T12:12:32","modified_gmt":"2026-03-23T12:12:32","slug":"kit-termostato-volvo-penta-875795","status":"publish","type":"product","link":"https:\/\/wp.marinepartsystem.com\/es\/producto\/kit-termostato-volvo-penta-875795\/","title":{"rendered":"Kit termostato Volvo Penta 875795"},"content":{"rendered":"<h3 data-start=\"140\" data-end=\"179\">Kit Termostato Volvo Penta - 875795<\/h3>\n<p data-start=\"181\" data-end=\"509\">El kit de termostato Volvo Penta 875795 es un kit de recambio original OEM dise\u00f1ado para regular la temperatura del motor y garantizar una refrigeraci\u00f3n eficaz. Este kit de termostato es esencial para mantener un rendimiento \u00f3ptimo y evitar el sobrecalentamiento del motor en entornos marinos, especialmente para una amplia variedad de motores marinos Volvo Penta. <\/p>\n<h4 data-start=\"511\" data-end=\"554\">Compatible con los siguientes motores:<\/h4>\n<p data-start=\"556\" data-end=\"572\"><strong data-start=\"556\" data-end=\"572\">Serie 2002:<\/strong><\/p>\n<ul data-start=\"573\" data-end=\"606\">\n<li data-start=\"573\" data-end=\"581\">\n<p data-start=\"575\" data-end=\"581\">2002AG<\/p>\n<\/li>\n<li data-start=\"582\" data-end=\"589\">\n<p data-start=\"584\" data-end=\"589\">2002B<\/p>\n<\/li>\n<li data-start=\"590\" data-end=\"598\">\n<p data-start=\"592\" data-end=\"598\">2002BG<\/p>\n<\/li>\n<li data-start=\"599\" data-end=\"606\">\n<p data-start=\"601\" data-end=\"606\">2002D<\/p>\n<\/li>\n<\/ul>\n<p data-start=\"608\" data-end=\"624\"><strong data-start=\"608\" data-end=\"624\">Serie 2003:<\/strong><\/p>\n<ul data-start=\"625\" data-end=\"737\">\n<li data-start=\"625\" data-end=\"631\">\n<p data-start=\"627\" data-end=\"631\">2003<\/p>\n<\/li>\n<li data-start=\"632\" data-end=\"644\">\n<p data-start=\"634\" data-end=\"644\">2003 SOLAS<\/p>\n<\/li>\n<li data-start=\"645\" data-end=\"652\">\n<p data-start=\"647\" data-end=\"652\">2003B<\/p>\n<\/li>\n<li data-start=\"653\" data-end=\"666\">\n<p data-start=\"655\" data-end=\"666\">2003B SOLAS<\/p>\n<\/li>\n<li data-start=\"667\" data-end=\"674\">\n<p data-start=\"669\" data-end=\"674\">2003D<\/p>\n<\/li>\n<li data-start=\"675\" data-end=\"682\">\n<p data-start=\"677\" data-end=\"682\">2003R<\/p>\n<\/li>\n<li data-start=\"683\" data-end=\"696\">\n<p data-start=\"685\" data-end=\"696\">2003R SOLAS<\/p>\n<\/li>\n<li data-start=\"697\" data-end=\"704\">\n<p data-start=\"699\" data-end=\"704\">2003T<\/p>\n<\/li>\n<li data-start=\"705\" data-end=\"713\">\n<p data-start=\"707\" data-end=\"713\">2003TB<\/p>\n<\/li>\n<li data-start=\"714\" data-end=\"728\">\n<p data-start=\"716\" data-end=\"728\">2003TB SOLAS<\/p>\n<\/li>\n<li data-start=\"729\" data-end=\"737\">\n<p data-start=\"731\" data-end=\"737\">2003TR<\/p>\n<\/li>\n<\/ul>\n<h4 data-start=\"744\" data-end=\"762\"><\/h4>\n<h4 data-start=\"744\" data-end=\"762\">Beneficios clave:<\/h4>\n<ul data-start=\"763\" data-end=\"959\">\n<li data-start=\"763\" data-end=\"815\">\n<p data-start=\"765\" data-end=\"815\"><strong data-start=\"765\" data-end=\"815\">Mantiene la temperatura \u00f3ptima de funcionamiento del motor<\/strong><\/p>\n<\/li>\n<li data-start=\"816\" data-end=\"869\">\n<p data-start=\"818\" data-end=\"869\"><strong data-start=\"818\" data-end=\"869\">Protege contra el sobrecalentamiento y el desgaste excesivo<\/strong><\/p>\n<\/li>\n<li data-start=\"870\" data-end=\"921\">\n<p data-start=\"872\" data-end=\"921\"><strong data-start=\"872\" data-end=\"921\">Promueve la eficiencia del combustible y la longevidad del motor<\/strong><\/p>\n<\/li>\n<li data-start=\"922\" data-end=\"959\">\n<p data-start=\"924\" data-end=\"959\"><strong data-start=\"924\" data-end=\"959\">Calidad original Volvo Penta OEM<\/strong><\/p>\n<\/li>\n<\/ul>\n<hr data-start=\"961\" data-end=\"964\">\n<p data-start=\"966\" data-end=\"1188\"><strong data-start=\"968\" data-end=\"987\">\u2705 N\u00famero de pieza OEM<\/strong>: 875795<br data-start=\"995\" data-end=\"998\">\u2699\ufe0f <strong data-start=\"1001\" data-end=\"1016\">Aplicaci\u00f3n<\/strong>: Kit de termostato para varios motores marinos Volvo Penta de las series 2002 y 2003<br data-start=\"1092\" data-end=\"1095\">???? <strong data-start=\"1098\" data-end=\"1106\">Nota<\/strong>: Confirma siempre la compatibilidad con tu modelo de motor espec\u00edfico antes de la instalaci\u00f3n<\/p>\n<hr data-start=\"1190\" data-end=\"1193\">\n<p data-start=\"1195\" data-end=\"1459\">\n<p data-start=\"1466\" data-end=\"1623\" data-is-last-node=\"\" data-is-only-node=\"\">\n","protected":false},"excerpt":{"rendered":"<p>Kit Termostato Volvo Penta - 875795 El kit de termostato Volvo Penta 875795 es un kit de recambio original OEM dise\u00f1ado para regular la temperatura del motor y garantizar una refrigeraci\u00f3n eficaz. Este kit de termostato es esencial para mantener un rendimiento \u00f3ptimo y evitar el sobrecalentamiento del motor en entornos marinos, especialmente para una [&hellip;]<\/p>\n","protected":false},"featured_media":23555,"comment_status":"open","ping_status":"closed","template":"","meta":[],"product_brand":[4229],"product_cat":[2497,4724,4525,4469,4472,4475,3295,4302,4462],"product_tag":[],"class_list":{"0":"post-35777","1":"product","2":"type-product","3":"status-publish","4":"has-post-thumbnail","6":"product_brand-volvo-penta","7":"product_cat-piezas-de-mantenimiento-del-motor","8":"product_cat-recambios-servicio-volvo-penta-serie-2000","9":"product_cat-recambios-volvo-penta","10":"product_cat-recambios-volvo-penta-2002","11":"product_cat-recambios-volvo-penta-2003","12":"product_cat-recambios-volvo-penta-2003t","13":"product_cat-termostatos","14":"product_cat-volvo-penta","15":"product_cat-volvo-penta-serie-2000","17":"first","18":"onbackorder","19":"sale","20":"taxable","21":"shipping-taxable","22":"purchasable","23":"product-type-simple"},"supplier_id":32142,"supplier_sku":"","barcode":null,"atum_controlled":true,"out_stock_date":"2026-02-26 10:20:39","out_stock_threshold":null,"inheritable":false,"inbound_stock":0,"stock_on_hold":0,"sold_today":0,"sales_last_days":0,"reserved_stock":0,"customer_returns":0,"warehouse_damage":0,"lost_in_post":0,"other_logs":0,"out_stock_days":25,"lost_sales":0,"has_location":false,"update_date":"2026-03-23T12:14:18","atum_locations":[],"atum_stock_status":"onbackorder","restock_status":false,"low_stock_amount":"","sales_update_date":"2026-03-23T11:52:13","calc_backorders":0,"_links":{"self":[{"href":"https:\/\/wp.marinepartsystem.com\/es\/wp-json\/wp\/v2\/product\/35777","targetHints":{"allow":["GET"]}}],"collection":[{"href":"https:\/\/wp.marinepartsystem.com\/es\/wp-json\/wp\/v2\/product"}],"about":[{"href":"https:\/\/wp.marinepartsystem.com\/es\/wp-json\/wp\/v2\/types\/product"}],"replies":[{"embeddable":true,"href":"https:\/\/wp.marinepartsystem.com\/es\/wp-json\/wp\/v2\/comments?post=35777"}],"wp:featuredmedia":[{"embeddable":true,"href":"https:\/\/wp.marinepartsystem.com\/es\/wp-json\/wp\/v2\/media\/23555"}],"wp:attachment":[{"href":"https:\/\/wp.marinepartsystem.com\/es\/wp-json\/wp\/v2\/media?parent=35777"}],"wp:term":[{"taxonomy":"product_brand","embeddable":true,"href":"https:\/\/wp.marinepartsystem.com\/es\/wp-json\/wp\/v2\/product_brand?post=35777"},{"taxonomy":"product_cat","embeddable":true,"href":"https:\/\/wp.marinepartsystem.com\/es\/wp-json\/wp\/v2\/product_cat?post=35777"},{"taxonomy":"product_tag","embeddable":true,"href":"https:\/\/wp.marinepartsystem.com\/es\/wp-json\/wp\/v2\/product_tag?post=35777"}],"curies":[{"name":"wp","href":"https:\/\/api.w.org\/{rel}","templated":true}]}}