{"id":35702,"date":"2025-06-17T14:07:19","date_gmt":"2025-06-17T14:07:19","guid":{"rendered":"https:\/\/marinepartsystem.com\/product\/filtro-de-aceite-8692305\/"},"modified":"2026-03-23T11:51:50","modified_gmt":"2026-03-23T11:51:50","slug":"filtro-de-aceite-8692305","status":"publish","type":"product","link":"https:\/\/wp.marinepartsystem.com\/es\/producto\/filtro-de-aceite-8692305\/","title":{"rendered":"Filtro de aceite Volvo Penta 8692305"},"content":{"rendered":"<p data-start=\"456\" data-end=\"492\"><strong data-start=\"456\" data-end=\"490\">Filtro de aceite Volvo Penta 8692305<\/strong><\/p>\n<p data-start=\"494\" data-end=\"669\">Mant\u00e9n tus motores Volvo Penta D3 con este filtro de aceite original 8692305. Dise\u00f1ado para una protecci\u00f3n \u00f3ptima del motor, garantiza una circulaci\u00f3n limpia del aceite y prolonga la vida del motor. <\/p>\n<p data-start=\"671\" data-end=\"696\"><strong data-start=\"671\" data-end=\"694\">Motores compatibles:<\/strong><\/p>\n<ul data-start=\"697\" data-end=\"937\">\n<li data-start=\"697\" data-end=\"732\">\n<p data-start=\"699\" data-end=\"732\">D3-110I-A, D3-110I-B, D3-110I-C<\/p>\n<\/li>\n<li data-start=\"733\" data-end=\"768\">\n<p data-start=\"735\" data-end=\"768\">D3-130A-A, D3-130A-B, D3-130A-C<\/p>\n<\/li>\n<li data-start=\"769\" data-end=\"804\">\n<p data-start=\"771\" data-end=\"804\">D3-130I-A, D3-130I-B, D3-130I-C<\/p>\n<\/li>\n<li data-start=\"805\" data-end=\"840\">\n<p data-start=\"807\" data-end=\"840\">D3-160A-A, D3-160A-B, D3-160A-C<\/p>\n<\/li>\n<li data-start=\"841\" data-end=\"876\">\n<p data-start=\"843\" data-end=\"876\">D3-160I-A, D3-160I-B, D3-160I-C<\/p>\n<\/li>\n<li data-start=\"877\" data-end=\"901\">\n<p data-start=\"879\" data-end=\"901\">D3-190A-B, D3-190A-C<\/p>\n<\/li>\n<li data-start=\"902\" data-end=\"937\">\n<p data-start=\"904\" data-end=\"937\">D3-190I-A, D3-190I-B, D3-190I-C<\/p>\n<\/li>\n<\/ul>\n<p data-start=\"939\" data-end=\"958\"><strong data-start=\"939\" data-end=\"956\">Caracter\u00edsticas principales:<\/strong><\/p>\n<ul data-start=\"959\" data-end=\"1130\">\n<li data-start=\"959\" data-end=\"1013\">\n<p data-start=\"961\" data-end=\"1013\">Proporciona una filtraci\u00f3n superior para la protecci\u00f3n del motor<\/p>\n<\/li>\n<li data-start=\"1014\" data-end=\"1066\">\n<p data-start=\"1016\" data-end=\"1066\">Mantiene limpio el flujo de aceite para un rendimiento \u00f3ptimo<\/p>\n<\/li>\n<li data-start=\"1067\" data-end=\"1130\">\n<p data-start=\"1069\" data-end=\"1130\">Recambio duradero y fiable para motores Volvo Penta D3<\/p>\n<\/li>\n<\/ul>\n<p data-start=\"1132\" data-end=\"1247\">Perfecto para el mantenimiento profesional o el bricolaje, este filtro ayuda a mantener tu motor D3 funcionando eficientemente.<\/p>\n","protected":false},"excerpt":{"rendered":"<p>Filtro de aceite Volvo Penta 8692305 Mant\u00e9n tus motores Volvo Penta D3 con este filtro de aceite original 8692305. Dise\u00f1ado para una protecci\u00f3n \u00f3ptima del motor, garantiza una circulaci\u00f3n limpia del aceite y prolonga la vida del motor. Motores compatibles: D3-110I-A, D3-110I-B, D3-110I-C D3-130A-A, D3-130A-B, D3-130A-C D3-130I-A, D3-130I-B, D3-130I-C D3-160A-A, D3-160A-B, D3-160A-C D3-160I-A, D3-160I-B, D3-160I-C [&hellip;]<\/p>\n","protected":false},"featured_media":26029,"comment_status":"open","ping_status":"closed","template":"","meta":[],"product_brand":[4229],"product_cat":[2788,4586,2497,4525],"product_tag":[],"class_list":{"0":"post-35702","1":"product","2":"type-product","3":"status-publish","4":"has-post-thumbnail","6":"product_brand-volvo-penta","7":"product_cat-filtros-de-aceite","8":"product_cat-filtros-de-aceite-volvo-penta","9":"product_cat-piezas-de-mantenimiento-del-motor","10":"product_cat-recambios-volvo-penta","11":"pa_condition-nuevo","12":"pa_model-d3-110","13":"pa_model-d3-130","14":"pa_model-d3-160","15":"pa_model-d3-190","16":"pa_oem-or-aftermarket-oem","18":"first","19":"onbackorder","20":"sale","21":"taxable","22":"shipping-taxable","23":"purchasable","24":"product-type-simple"},"supplier_id":32142,"supplier_sku":"","barcode":null,"atum_controlled":true,"out_stock_date":"2025-12-01 14:23:49","out_stock_threshold":null,"inheritable":false,"inbound_stock":0,"stock_on_hold":0,"sold_today":0,"sales_last_days":0,"reserved_stock":0,"customer_returns":0,"warehouse_damage":0,"lost_in_post":0,"other_logs":0,"out_stock_days":111,"lost_sales":0,"has_location":false,"update_date":"2026-03-23T11:52:02","atum_locations":[],"atum_stock_status":"onbackorder","restock_status":false,"low_stock_amount":"","sales_update_date":"2026-03-23T11:46:58","calc_backorders":0,"_links":{"self":[{"href":"https:\/\/wp.marinepartsystem.com\/es\/wp-json\/wp\/v2\/product\/35702","targetHints":{"allow":["GET"]}}],"collection":[{"href":"https:\/\/wp.marinepartsystem.com\/es\/wp-json\/wp\/v2\/product"}],"about":[{"href":"https:\/\/wp.marinepartsystem.com\/es\/wp-json\/wp\/v2\/types\/product"}],"replies":[{"embeddable":true,"href":"https:\/\/wp.marinepartsystem.com\/es\/wp-json\/wp\/v2\/comments?post=35702"}],"wp:featuredmedia":[{"embeddable":true,"href":"https:\/\/wp.marinepartsystem.com\/es\/wp-json\/wp\/v2\/media\/26029"}],"wp:attachment":[{"href":"https:\/\/wp.marinepartsystem.com\/es\/wp-json\/wp\/v2\/media?parent=35702"}],"wp:term":[{"taxonomy":"product_brand","embeddable":true,"href":"https:\/\/wp.marinepartsystem.com\/es\/wp-json\/wp\/v2\/product_brand?post=35702"},{"taxonomy":"product_cat","embeddable":true,"href":"https:\/\/wp.marinepartsystem.com\/es\/wp-json\/wp\/v2\/product_cat?post=35702"},{"taxonomy":"product_tag","embeddable":true,"href":"https:\/\/wp.marinepartsystem.com\/es\/wp-json\/wp\/v2\/product_tag?post=35702"}],"curies":[{"name":"wp","href":"https:\/\/api.w.org\/{rel}","templated":true}]}}