{"id":33779,"date":"2025-06-17T13:46:35","date_gmt":"2025-06-17T13:46:35","guid":{"rendered":"https:\/\/marinepartsystem.com\/product\/filtro-de-aire-21171277\/"},"modified":"2026-03-20T14:15:30","modified_gmt":"2026-03-20T14:15:30","slug":"filtro-de-aire-21171277","status":"publish","type":"product","link":"https:\/\/marinepartsystem.com\/es\/producto\/filtro-de-aire-21171277","title":{"rendered":"Filtro de aire 21171277"},"content":{"rendered":"<p data-start=\"107\" data-end=\"130\"><strong data-start=\"107\" data-end=\"130\">Filtro de aire 21171277<\/strong><\/p>\n<p data-start=\"132\" data-end=\"308\">El filtro de aire 21171277 garantiza un flujo de aire limpio a tu motor, protegi\u00e9ndolo del polvo, la suciedad y otras part\u00edculas da\u00f1inas. Esto ayuda a que tu motor funcione mejor y dure m\u00e1s. <\/p>\n<p data-start=\"310\" data-end=\"461\"><strong data-start=\"310\" data-end=\"344\">Compatible con estos motores:<\/strong><br data-start=\"344\" data-end=\"347\">D3-110I: B, C<br data-start=\"360\" data-end=\"363\">D3-130A: B, C<br data-start=\"376\" data-end=\"379\">D3-130I: B, C<br data-start=\"392\" data-end=\"395\">D3-160A: B, C<br data-start=\"408\" data-end=\"411\">D3-160I: B, C<br data-start=\"424\" data-end=\"427\">D3-190A: B, C<br data-start=\"440\" data-end=\"443\">D3-190I: A, B, C<\/p>\n<p data-start=\"463\" data-end=\"550\">Comprueba siempre la compatibilidad con tu modelo de motor espec\u00edfico antes de la instalaci\u00f3n.<\/p>\n","protected":false},"excerpt":{"rendered":"<p>Filtro de aire 21171277 El filtro de aire 21171277 garantiza un flujo de aire limpio a tu motor, protegi\u00e9ndolo del polvo, la suciedad y otras part\u00edculas da\u00f1inas. Esto ayuda a que tu motor funcione mejor y dure m\u00e1s. Compatible con estos motores:D3-110I: B, CD3-130A: B, CD3-130I: B, CD3-160A: B, CD3-160I: B, CD3-190A: B, CD3-190I: A, [&hellip;]<\/p>\n","protected":false},"featured_media":43280,"comment_status":"open","ping_status":"closed","template":"","meta":[],"product_brand":[4229],"product_cat":[2656,2497,4525],"product_tag":[],"class_list":{"0":"post-33779","1":"product","2":"type-product","3":"status-publish","4":"has-post-thumbnail","6":"product_brand-volvo-penta","7":"product_cat-filtros-de-aire","8":"product_cat-piezas-de-mantenimiento-del-motor","9":"product_cat-recambios-volvo-penta","10":"pa_condition-nuevo","11":"pa_model-d3-110","12":"pa_model-d3-130","13":"pa_model-d3-160","14":"pa_model-d3-190","15":"pa_oem-or-aftermarket-oem","17":"first","18":"onbackorder","19":"sale","20":"taxable","21":"shipping-taxable","22":"purchasable","23":"product-type-simple"},"supplier_id":32142,"supplier_sku":"","barcode":null,"atum_controlled":true,"out_stock_date":"2026-03-20 14:15:33","out_stock_threshold":null,"inheritable":false,"inbound_stock":0,"stock_on_hold":0,"sold_today":0,"sales_last_days":0,"reserved_stock":0,"customer_returns":0,"warehouse_damage":0,"lost_in_post":0,"other_logs":0,"out_stock_days":0,"lost_sales":0,"has_location":false,"update_date":"2026-03-20T14:16:08","atum_locations":[],"atum_stock_status":"onbackorder","restock_status":false,"low_stock_amount":"","sales_update_date":"2026-03-20T14:05:12","calc_backorders":-2,"_links":{"self":[{"href":"https:\/\/wp.marinepartsystem.com\/es\/wp-json\/wp\/v2\/product\/33779","targetHints":{"allow":["GET"]}}],"collection":[{"href":"https:\/\/wp.marinepartsystem.com\/es\/wp-json\/wp\/v2\/product"}],"about":[{"href":"https:\/\/wp.marinepartsystem.com\/es\/wp-json\/wp\/v2\/types\/product"}],"replies":[{"embeddable":true,"href":"https:\/\/wp.marinepartsystem.com\/es\/wp-json\/wp\/v2\/comments?post=33779"}],"wp:featuredmedia":[{"embeddable":true,"href":"https:\/\/wp.marinepartsystem.com\/es\/wp-json\/wp\/v2\/media\/43280"}],"wp:attachment":[{"href":"https:\/\/wp.marinepartsystem.com\/es\/wp-json\/wp\/v2\/media?parent=33779"}],"wp:term":[{"taxonomy":"product_brand","embeddable":true,"href":"https:\/\/wp.marinepartsystem.com\/es\/wp-json\/wp\/v2\/product_brand?post=33779"},{"taxonomy":"product_cat","embeddable":true,"href":"https:\/\/wp.marinepartsystem.com\/es\/wp-json\/wp\/v2\/product_cat?post=33779"},{"taxonomy":"product_tag","embeddable":true,"href":"https:\/\/wp.marinepartsystem.com\/es\/wp-json\/wp\/v2\/product_tag?post=33779"}],"curies":[{"name":"wp","href":"https:\/\/api.w.org\/{rel}","templated":true}]}}