{"id":33491,"date":"2025-06-17T13:45:15","date_gmt":"2025-06-17T13:45:15","guid":{"rendered":"https:\/\/marinepartsystem.com\/product\/codo-de-escape-codo-de-mezcla-acero-inoxidable-yanmar-128370-13550\/"},"modified":"2026-01-16T11:24:41","modified_gmt":"2026-01-16T11:24:41","slug":"codo-de-escape-codo-de-mezcla-acero-inoxidable-yanmar-128370-13550","status":"publish","type":"product","link":"https:\/\/wp.marinepartsystem.com\/es\/producto\/codo-de-escape-codo-de-mezcla-acero-inoxidable-yanmar-128370-13550\/","title":{"rendered":"Codo de escape Codo de mezcla Acero inoxidable Yanmar 128370-13550"},"content":{"rendered":"<h4><strong>Codo de escape Codo de mezcla Acero inoxidable Yanmar 128370-13550<\/strong><\/h4>\n<p>Para:<\/p>\n<p>3GM30, 3GM30B, 3GM30C, 3GM30VE<br \/>\n3HM35<\/p>\n<p><strong>\u00a1No apto para motores de refrigeraci\u00f3n indirecta!<\/strong><\/p>\n<p><strong> <\/strong><\/p>\n<p><strong>No es un producto original Yanmar (AFTERMARKET).<\/strong><\/p>\n<p><strong>Durar\u00e1 (m\u00e1s de 10 a\u00f1os) m\u00e1s que tu codo de escape de hierro fundido.<\/strong><\/p>\n<p><strong> <\/strong><\/p>\n<p>&nbsp;<\/p>\n","protected":false},"excerpt":{"rendered":"<p>Codo de escape Codo de mezcla Acero inoxidable Yanmar 128370-13550 Para: 3GM30, 3GM30B, 3GM30C, 3GM30VE 3HM35 \u00a1No apto para motores de refrigeraci\u00f3n indirecta! No es un producto original Yanmar (AFTERMARKET). Durar\u00e1 (m\u00e1s de 10 a\u00f1os) m\u00e1s que tu codo de escape de hierro fundido. &nbsp;<\/p>\n","protected":false},"featured_media":33492,"comment_status":"open","ping_status":"closed","template":"","meta":[],"product_brand":[4235],"product_cat":[3205,4451,2518,3204,4448],"product_tag":[],"class_list":{"0":"post-33491","1":"product","2":"type-product","3":"status-publish","4":"has-post-thumbnail","6":"product_brand-yanmar","7":"product_cat-codos-de-escape","8":"product_cat-piezas-3gm-3gm30","9":"product_cat-piezas-de-motor","10":"product_cat-sistemas-de-escape","11":"product_cat-yanmar","12":"pa_condition-nuevo","13":"pa_model-3gm30","14":"pa_model-3gm30b","15":"pa_model-3gm30c","16":"pa_model-3gm30ve","17":"pa_model-3hm35","18":"pa_oem-or-aftermarket-posventa","20":"first","21":"instock","22":"taxable","23":"shipping-taxable","24":"purchasable","25":"product-type-simple"},"supplier_id":7294,"supplier_sku":"REC128370-13550","barcode":null,"atum_controlled":true,"out_stock_date":null,"out_stock_threshold":null,"inheritable":false,"inbound_stock":0,"stock_on_hold":0,"sold_today":0,"sales_last_days":0,"reserved_stock":0,"customer_returns":0,"warehouse_damage":0,"lost_in_post":0,"other_logs":0,"out_stock_days":0,"lost_sales":0,"has_location":false,"update_date":"2026-03-20T13:50:51","atum_locations":[],"atum_stock_status":"instock","restock_status":false,"low_stock_amount":1,"sales_update_date":"2026-03-20T13:50:51","calc_backorders":0,"_links":{"self":[{"href":"https:\/\/wp.marinepartsystem.com\/es\/wp-json\/wp\/v2\/product\/33491","targetHints":{"allow":["GET"]}}],"collection":[{"href":"https:\/\/wp.marinepartsystem.com\/es\/wp-json\/wp\/v2\/product"}],"about":[{"href":"https:\/\/wp.marinepartsystem.com\/es\/wp-json\/wp\/v2\/types\/product"}],"replies":[{"embeddable":true,"href":"https:\/\/wp.marinepartsystem.com\/es\/wp-json\/wp\/v2\/comments?post=33491"}],"wp:featuredmedia":[{"embeddable":true,"href":"https:\/\/wp.marinepartsystem.com\/es\/wp-json\/wp\/v2\/media\/33492"}],"wp:attachment":[{"href":"https:\/\/wp.marinepartsystem.com\/es\/wp-json\/wp\/v2\/media?parent=33491"}],"wp:term":[{"taxonomy":"product_brand","embeddable":true,"href":"https:\/\/wp.marinepartsystem.com\/es\/wp-json\/wp\/v2\/product_brand?post=33491"},{"taxonomy":"product_cat","embeddable":true,"href":"https:\/\/wp.marinepartsystem.com\/es\/wp-json\/wp\/v2\/product_cat?post=33491"},{"taxonomy":"product_tag","embeddable":true,"href":"https:\/\/wp.marinepartsystem.com\/es\/wp-json\/wp\/v2\/product_tag?post=33491"}],"curies":[{"name":"wp","href":"https:\/\/api.w.org\/{rel}","templated":true}]}}