{"id":33197,"date":"2025-06-17T13:44:09","date_gmt":"2025-06-17T13:44:09","guid":{"rendered":"https:\/\/marinepartsystem.com\/product\/volvo-penta-2003\/"},"modified":"2025-11-02T15:43:34","modified_gmt":"2025-11-02T15:43:34","slug":"volvo-penta-2003","status":"publish","type":"product","link":"https:\/\/wp.marinepartsystem.com\/es\/producto\/volvo-penta-2003\/","title":{"rendered":"Volvo Penta 2003"},"content":{"rendered":"<p><strong>Detalles del motor:<\/strong><\/p>\n<ul>\n<li><strong>Fabricante:<\/strong> Volvo Penta<\/li>\n<li><strong>Modelo:<\/strong> 2003<\/li>\n<li><strong>Horario:<\/strong> Desconocido<\/li>\n<li><strong>Escape:<\/strong> H\u00famedo<\/li>\n<li><strong>Potencia:<\/strong> 28 CV<\/li>\n<li><strong>RPM m\u00e1ximas:<\/strong> 3200 RPM<\/li>\n<li><strong>Sistema de refrigeraci\u00f3n:<\/strong> Refrigeraci\u00f3n directa por agua<\/li>\n<\/ul>\n<p>Este Volvo Penta 2003 est\u00e1 en excelentes condiciones y listo para instalar.<\/p>\n<p><strong>Qu\u00e9 incluye:<\/strong><\/p>\n<ul>\n<li>Mantenimiento antes de la entrega<\/li>\n<li>Salpicadero opcional<\/li>\n<li>Caja de cambios MS2B opcional<\/li>\n<li>3 meses de garant\u00eda<\/li>\n<\/ul>\n<p>Un motor duradero y fiable, \u00a1perfecto para tu barco!<\/p>\n<p>\u00a1El cambio de tu viejo motor es posible!<\/p>\n","protected":false},"excerpt":{"rendered":"<p>Detalles del motor: Fabricante: Volvo Penta Modelo: 2003 Horario: Desconocido Escape: H\u00famedo Potencia: 28 CV RPM m\u00e1ximas: 3200 RPM Sistema de refrigeraci\u00f3n: Refrigeraci\u00f3n directa por agua Este Volvo Penta 2003 est\u00e1 en excelentes condiciones y listo para instalar. Qu\u00e9 incluye: Mantenimiento antes de la entrega Salpicadero opcional Caja de cambios MS2B opcional 3 meses de [&hellip;]<\/p>\n","protected":false},"featured_media":33198,"comment_status":"open","ping_status":"closed","template":"","meta":[],"product_brand":[4229],"product_cat":[2493,4472,4302,4462],"product_tag":[2812],"class_list":{"0":"post-33197","1":"product","2":"type-product","3":"status-publish","4":"has-post-thumbnail","6":"product_brand-volvo-penta","7":"product_cat-motores","8":"product_cat-recambios-volvo-penta-2003","9":"product_cat-volvo-penta","10":"product_cat-volvo-penta-serie-2000","11":"product_tag-usado-2","12":"product_shipping_class-motor-es","13":"pa_condition-usado","14":"pa_model-3113","16":"first","17":"outofstock","18":"taxable","19":"shipping-taxable","20":"purchasable","21":"product-type-simple"},"supplier_id":null,"supplier_sku":"","barcode":null,"atum_controlled":true,"out_stock_date":"2025-11-02 15:42:40","out_stock_threshold":null,"inheritable":false,"inbound_stock":0,"stock_on_hold":0,"sold_today":0,"sales_last_days":0,"reserved_stock":0,"customer_returns":0,"warehouse_damage":0,"lost_in_post":0,"other_logs":0,"out_stock_days":137,"lost_sales":0,"has_location":false,"update_date":"2026-03-20T13:15:45","atum_locations":[],"atum_stock_status":"outofstock","restock_status":false,"low_stock_amount":"","sales_update_date":"2026-03-20T13:15:45","calc_backorders":null,"_links":{"self":[{"href":"https:\/\/wp.marinepartsystem.com\/es\/wp-json\/wp\/v2\/product\/33197","targetHints":{"allow":["GET"]}}],"collection":[{"href":"https:\/\/wp.marinepartsystem.com\/es\/wp-json\/wp\/v2\/product"}],"about":[{"href":"https:\/\/wp.marinepartsystem.com\/es\/wp-json\/wp\/v2\/types\/product"}],"replies":[{"embeddable":true,"href":"https:\/\/wp.marinepartsystem.com\/es\/wp-json\/wp\/v2\/comments?post=33197"}],"wp:featuredmedia":[{"embeddable":true,"href":"https:\/\/wp.marinepartsystem.com\/es\/wp-json\/wp\/v2\/media\/33198"}],"wp:attachment":[{"href":"https:\/\/wp.marinepartsystem.com\/es\/wp-json\/wp\/v2\/media?parent=33197"}],"wp:term":[{"taxonomy":"product_brand","embeddable":true,"href":"https:\/\/wp.marinepartsystem.com\/es\/wp-json\/wp\/v2\/product_brand?post=33197"},{"taxonomy":"product_cat","embeddable":true,"href":"https:\/\/wp.marinepartsystem.com\/es\/wp-json\/wp\/v2\/product_cat?post=33197"},{"taxonomy":"product_tag","embeddable":true,"href":"https:\/\/wp.marinepartsystem.com\/es\/wp-json\/wp\/v2\/product_tag?post=33197"}],"curies":[{"name":"wp","href":"https:\/\/api.w.org\/{rel}","templated":true}]}}