{"id":32576,"date":"2025-06-17T14:25:54","date_gmt":"2025-06-17T14:25:54","guid":{"rendered":"https:\/\/marinepartsystem.com\/product\/filtro-de-aire-yanmar-128270-12540\/"},"modified":"2026-03-09T16:13:35","modified_gmt":"2026-03-09T16:13:35","slug":"filtro-de-aire-yanmar-128270-12540","status":"publish","type":"product","link":"https:\/\/wp.marinepartsystem.com\/es\/producto\/filtro-de-aire-yanmar-128270-12540\/","title":{"rendered":"Filtro de aire Yanmar 128270-12540"},"content":{"rendered":"<p><strong>Filtro de aire para motores marinos Yanmar - 128270-12540<\/strong><\/p>\n<p>El <strong>filtro de aire<\/strong> Aftermarket <strong>Yanmar 128270-12540<\/strong> est\u00e1 dise\u00f1ado para mantener un flujo de aire y una filtraci\u00f3n \u00f3ptimos en una gran variedad de peque\u00f1os motores diesel marinos Yanmar. Esta pieza equivalente a la del fabricante original ayuda a evitar que el polvo y los residuos entren en el motor, garantizando una combusti\u00f3n m\u00e1s limpia, una mayor eficiencia y una vida \u00fatil m\u00e1s larga del motor, especialmente en condiciones marinas duras. <\/p>\n<p><strong>Compatible con los siguientes modelos de motor Yanmar:<\/strong><\/p>\n<p><strong>Serie GM:<\/strong><\/p>\n<ul>\n<li>\n<p>2GM - 15 HP<\/p>\n<\/li>\n<li>\n<p>2GM20 - 18 CV<\/p>\n<\/li>\n<li>\n<p>2GM20 EU - 18 CV<\/p>\n<\/li>\n<li>\n<p>2GM20F - 18 CV (refrigeraci\u00f3n de doble circuito)<\/p>\n<\/li>\n<li>\n<p>2GM20F EU - 18 CV (refrigeraci\u00f3n de doble circuito)<\/p>\n<\/li>\n<li>\n<p>3GM - 22 CV<\/p>\n<\/li>\n<li>\n<p>3GM30 - 27 CV<\/p>\n<\/li>\n<li>\n<p>3GM30 EU - 27 CV<\/p>\n<\/li>\n<li>\n<p>3GM30F - 27 CV (refrigeraci\u00f3n de doble circuito)<\/p>\n<\/li>\n<li>\n<p>3GM30F EU - 27 CV (refrigeraci\u00f3n de doble circuito)<\/p>\n<\/li>\n<\/ul>\n<p><strong>Serie YM:<\/strong><\/p>\n<ul>\n<li>\n<p>2YM15 - 14 CV<\/p>\n<\/li>\n<li>\n<p>3YM20 - 21 CV<\/p>\n<\/li>\n<li>\n<p>3YM30 - 29 CV<\/p>\n<\/li>\n<li>\n<p>3YM30AE - 29 CV<\/p>\n<\/li>\n<\/ul>\n<hr>\n<p><strong>Caracter\u00edsticas principales:<\/strong><\/p>\n<ul>\n<li>\n<p>Sustituye al filtro de aire Yanmar <strong>128270-12540, 128377-12530<\/strong><\/p>\n<\/li>\n<li>\n<p>Proporciona un flujo de aire limpio para una combusti\u00f3n \u00f3ptima<\/p>\n<\/li>\n<li>\n<p>Protege el motor de la suciedad y los contaminantes<\/p>\n<\/li>\n<li>\n<p>Garantiza el rendimiento y la eficiencia del combustible<\/p>\n<\/li>\n<li>\n<p>Fiable y f\u00e1cil de instalar<\/p>\n<\/li>\n<\/ul>\n<p>???? <strong>N\u00famero de pieza (sustituye):<\/strong> 128270-12540<br \/>\n????\ufe0f <strong>Tipo:<\/strong> Filtro de aire de motor marino<br \/>\n???? <strong>Incluye:<\/strong> 1x elemento de filtro de aire<\/p>\n<hr>\n","protected":false},"excerpt":{"rendered":"<p>Filtro de aire para motores marinos Yanmar - 128270-12540 El filtro de aire Aftermarket Yanmar 128270-12540 est\u00e1 dise\u00f1ado para mantener un flujo de aire y una filtraci\u00f3n \u00f3ptimos en una gran variedad de peque\u00f1os motores diesel marinos Yanmar. Esta pieza equivalente a la del fabricante original ayuda a evitar que el polvo y los residuos [&hellip;]<\/p>\n","protected":false},"featured_media":28051,"comment_status":"open","ping_status":"closed","template":"","meta":[],"product_brand":[4235],"product_cat":[2656,4562,4450,4848,4451,4847,4846,2497,4448],"product_tag":[],"class_list":{"0":"post-32576","1":"product","2":"type-product","3":"status-publish","4":"has-post-thumbnail","6":"product_brand-yanmar","7":"product_cat-filtros-de-aire","8":"product_cat-filtros-de-aire-yanmar","9":"product_cat-piezas-2gm-2gm20","10":"product_cat-piezas-2ym15","11":"product_cat-piezas-3gm-3gm30","12":"product_cat-piezas-3ym20","13":"product_cat-piezas-3ym30","14":"product_cat-piezas-de-mantenimiento-del-motor","15":"product_cat-yanmar","16":"pa_condition-nuevo","17":"pa_model-2gm","18":"pa_model-2gm20","19":"pa_model-2gm20f","20":"pa_model-2ym15","21":"pa_model-2ym20","22":"pa_model-3gm","23":"pa_model-3gm30","24":"pa_model-3gm30f","25":"pa_model-3ym30","26":"pa_oem-or-aftermarket-posventa","28":"first","29":"instock","30":"taxable","31":"shipping-taxable","32":"purchasable","33":"product-type-simple"},"supplier_id":7294,"supplier_sku":"","barcode":null,"atum_controlled":true,"out_stock_date":null,"out_stock_threshold":null,"inheritable":false,"inbound_stock":0,"stock_on_hold":0,"sold_today":0,"sales_last_days":0,"reserved_stock":0,"customer_returns":0,"warehouse_damage":0,"lost_in_post":0,"other_logs":0,"out_stock_days":0,"lost_sales":0,"has_location":false,"update_date":"2026-04-20T13:55:52","atum_locations":[],"atum_stock_status":"instock","restock_status":false,"low_stock_amount":1,"sales_update_date":null,"calc_backorders":0,"_links":{"self":[{"href":"https:\/\/wp.marinepartsystem.com\/es\/wp-json\/wp\/v2\/product\/32576","targetHints":{"allow":["GET"]}}],"collection":[{"href":"https:\/\/wp.marinepartsystem.com\/es\/wp-json\/wp\/v2\/product"}],"about":[{"href":"https:\/\/wp.marinepartsystem.com\/es\/wp-json\/wp\/v2\/types\/product"}],"replies":[{"embeddable":true,"href":"https:\/\/wp.marinepartsystem.com\/es\/wp-json\/wp\/v2\/comments?post=32576"}],"wp:featuredmedia":[{"embeddable":true,"href":"https:\/\/wp.marinepartsystem.com\/es\/wp-json\/wp\/v2\/media\/28051"}],"wp:attachment":[{"href":"https:\/\/wp.marinepartsystem.com\/es\/wp-json\/wp\/v2\/media?parent=32576"}],"wp:term":[{"taxonomy":"product_brand","embeddable":true,"href":"https:\/\/wp.marinepartsystem.com\/es\/wp-json\/wp\/v2\/product_brand?post=32576"},{"taxonomy":"product_cat","embeddable":true,"href":"https:\/\/wp.marinepartsystem.com\/es\/wp-json\/wp\/v2\/product_cat?post=32576"},{"taxonomy":"product_tag","embeddable":true,"href":"https:\/\/wp.marinepartsystem.com\/es\/wp-json\/wp\/v2\/product_tag?post=32576"}],"curies":[{"name":"wp","href":"https:\/\/api.w.org\/{rel}","templated":true}]}}