{"id":38674,"date":"2025-09-27T15:09:44","date_gmt":"2025-09-27T15:09:44","guid":{"rendered":"https:\/\/marinepartsystem.com\/formulario-de-inscripcion-b2b\/"},"modified":"2025-11-08T12:32:02","modified_gmt":"2025-11-08T12:32:02","slug":"formulario-de-inscripcion-b2b","status":"publish","type":"page","link":"https:\/\/wp.marinepartsystem.com\/es\/formulario-de-inscripcion-b2b\/","title":{"rendered":"Programa B2B"},"content":{"rendered":"<h3 data-start=\"211\" data-end=\"258\">Hazte cliente B2B de MarinePartSystem<\/h3>\n<p data-start=\"261\" data-end=\"517\">En <strong data-start=\"264\" data-end=\"290\">MarinePartSystem (MPS<\/strong>) suministramos piezas de alta calidad para motores marinos a empresas de todo el sector. Al convertirte en cliente B2B, tu empresa puede disfrutar de <strong data-start=\"420\" data-end=\"452\">precios con descuentos exclusivos<\/strong>, <strong data-start=\"454\" data-end=\"479\">adquisiciones eficientes<\/strong> y <strong data-start=\"485\" data-end=\"514\">asistencia dedicada a la cuenta<\/strong>.<\/p>\n<p data-start=\"522\" data-end=\"788\">Las solicitudes se revisan normalmente en <strong data-start=\"564\" data-end=\"584\">1-2 d\u00edas laborables<\/strong>. Si necesitas una tramitaci\u00f3n m\u00e1s r\u00e1pida, puedes ponerte en contacto con nosotros directamente a trav\u00e9s <strong data-start=\"649\" data-end=\"661\">de WhatsApp<\/strong>: <a href=\"https:\/\/wa.me\/31682439981?text=Hello%20MPS,%20I%20would%20like%20to%20apply%20for%20B2B%20registration\" target=\"_new\" rel=\"noopener\" data-start=\"663\" data-end=\"785\">\ud83d\udcac +31 682439981.<\/a><\/p>\n<p>\t\t[b2b_contact_form]<\/p>\n","protected":false},"excerpt":{"rendered":"<p>Hazte cliente B2B de MarinePartSystem En MarinePartSystem (MPS) suministramos piezas de alta calidad para motores marinos a empresas de todo el sector. Al convertirte en cliente B2B, tu empresa puede disfrutar de precios con descuentos exclusivos, adquisiciones eficientes y asistencia dedicada a la cuenta. Las solicitudes se revisan normalmente en 1-2 d\u00edas laborables. Si necesitas [&hellip;]<\/p>\n","protected":false},"author":2,"featured_media":0,"parent":0,"menu_order":0,"comment_status":"closed","ping_status":"closed","template":"","meta":{"footnotes":""},"class_list":["post-38674","page","type-page","status-publish","hentry"],"_links":{"self":[{"href":"https:\/\/wp.marinepartsystem.com\/es\/wp-json\/wp\/v2\/pages\/38674","targetHints":{"allow":["GET"]}}],"collection":[{"href":"https:\/\/wp.marinepartsystem.com\/es\/wp-json\/wp\/v2\/pages"}],"about":[{"href":"https:\/\/wp.marinepartsystem.com\/es\/wp-json\/wp\/v2\/types\/page"}],"author":[{"embeddable":true,"href":"https:\/\/wp.marinepartsystem.com\/es\/wp-json\/wp\/v2\/users\/2"}],"replies":[{"embeddable":true,"href":"https:\/\/wp.marinepartsystem.com\/es\/wp-json\/wp\/v2\/comments?post=38674"}],"version-history":[{"count":0,"href":"https:\/\/wp.marinepartsystem.com\/es\/wp-json\/wp\/v2\/pages\/38674\/revisions"}],"wp:attachment":[{"href":"https:\/\/wp.marinepartsystem.com\/es\/wp-json\/wp\/v2\/media?parent=38674"}],"curies":[{"name":"wp","href":"https:\/\/api.w.org\/{rel}","templated":true}]}}