{"id":32548,"date":"2025-06-16T09:51:09","date_gmt":"2025-06-16T09:51:09","guid":{"rendered":"https:\/\/marinepartsystem.com\/condiciones-generales\/"},"modified":"2025-09-02T13:58:02","modified_gmt":"2025-09-02T13:58:02","slug":"condiciones-generales","status":"publish","type":"page","link":"https:\/\/wp.marinepartsystem.com\/es\/condiciones-generales\/","title":{"rendered":"Condiciones generales"},"content":{"rendered":"<h2>Condiciones generales de venta de Marinepartsystem<\/h2>\n<h4>Aplicabilidad<\/h4>\n<ul>\n<li>\n\t\t\t\t\t\t\t<svg aria-hidden=\"true\" viewBox=\"0 0 512 512\" xmlns=\"https:\/\/www.w3.org\/2000\/svg\"><path d=\"M173.898 439.404l-166.4-166.4c-9.997-9.997-9.997-26.206 0-36.204l36.203-36.204c9.997-9.998 26.207-9.998 36.204 0L192 312.69 432.095 72.596c9.997-9.997 26.207-9.997 36.204 0l36.203 36.204c9.997 9.997 9.997 26.206 0 36.204l-294.4 294.401c-9.998 9.997-26.207 9.997-36.204-.001z\"><\/path><\/svg><br \/>\n\t\t\t\t\t\t\t\t\t\tTodas las ofertas, pedidos y acuerdos de Marinepartsystem est\u00e1n sujetos a estos T\u00e9rminos y Condiciones. Estos T\u00e9rminos y Condiciones pueden copiarse del sitio web o pueden ser enviados gratuitamente por nosotros a petici\u00f3n tuya.\n\t\t\t\t\t\t\t\t\t<\/li>\n<li>\n\t\t\t\t\t\t\t<svg aria-hidden=\"true\" viewBox=\"0 0 512 512\" xmlns=\"https:\/\/www.w3.org\/2000\/svg\"><path d=\"M173.898 439.404l-166.4-166.4c-9.997-9.997-9.997-26.206 0-36.204l36.203-36.204c9.997-9.998 26.207-9.998 36.204 0L192 312.69 432.095 72.596c9.997-9.997 26.207-9.997 36.204 0l36.203 36.204c9.997 9.997 9.997 26.206 0 36.204l-294.4 294.401c-9.998 9.997-26.207 9.997-36.204-.001z\"><\/path><\/svg><br \/>\n\t\t\t\t\t\t\t\t\t\tTodos Aceptar una oferta o hacer un pedido en o a trav\u00e9s del sitio web \/ tienda web de Marinepartsystem significa que aceptas la aplicabilidad de estos T\u00e9rminos y Condiciones sin ninguna reserva.\n\t\t\t\t\t\t\t\t\t<\/li>\n<li>\n\t\t\t\t\t\t\t<svg aria-hidden=\"true\" viewBox=\"0 0 512 512\" xmlns=\"https:\/\/www.w3.org\/2000\/svg\"><path d=\"M173.898 439.404l-166.4-166.4c-9.997-9.997-9.997-26.206 0-36.204l36.203-36.204c9.997-9.998 26.207-9.998 36.204 0L192 312.69 432.095 72.596c9.997-9.997 26.207-9.997 36.204 0l36.203 36.204c9.997 9.997 9.997 26.206 0 36.204l-294.4 294.401c-9.998 9.997-26.207 9.997-36.204-.001z\"><\/path><\/svg><br \/>\n\t\t\t\t\t\t\t\t\t\tS\u00f3lo se podr\u00e1 renunciar a los t\u00e9rminos de estas Condiciones Generales por escrito, en cuyo caso las restantes disposiciones de estas Condiciones Generales permanecer\u00e1n plenamente vigentes.\n\t\t\t\t\t\t\t\t\t<\/li>\n<\/ul>\n<h4>Ofertas \/ Acuerdos<\/h4>\n<ul>\n<li>\n\t\t\t\t\t\t\t<svg aria-hidden=\"true\" viewBox=\"0 0 512 512\" xmlns=\"https:\/\/www.w3.org\/2000\/svg\"><path d=\"M173.898 439.404l-166.4-166.4c-9.997-9.997-9.997-26.206 0-36.204l36.203-36.204c9.997-9.998 26.207-9.998 36.204 0L192 312.69 432.095 72.596c9.997-9.997 26.207-9.997 36.204 0l36.203 36.204c9.997 9.997 9.997 26.206 0 36.204l-294.4 294.401c-9.998 9.997-26.207 9.997-36.204-.001z\"><\/path><\/svg><br \/>\n\t\t\t\t\t\t\t\t\t\tTodas las ofertas de Marinepartsystem son sin compromiso y Marinepartsystem se reserva expresamente el derecho a modificar los precios. Si los precios de los productos ofrecidos aumentan durante el periodo entre el pedido y su ejecuci\u00f3n, tienes derecho a cancelar el pedido o a rescindir el acuerdo en un plazo de 5 d\u00edas tras la notificaci\u00f3n del aumento de precio por parte de Marinepartsystem.\n\t\t\t\t\t\t\t\t\t<\/li>\n<li>\n\t\t\t\t\t\t\t<svg aria-hidden=\"true\" viewBox=\"0 0 512 512\" xmlns=\"https:\/\/www.w3.org\/2000\/svg\"><path d=\"M173.898 439.404l-166.4-166.4c-9.997-9.997-9.997-26.206 0-36.204l36.203-36.204c9.997-9.998 26.207-9.998 36.204 0L192 312.69 432.095 72.596c9.997-9.997 26.207-9.997 36.204 0l36.203 36.204c9.997 9.997 9.997 26.206 0 36.204l-294.4 294.401c-9.998 9.997-26.207 9.997-36.204-.001z\"><\/path><\/svg><br \/>\n\t\t\t\t\t\t\t\t\t\tS\u00f3lo se formalizar\u00e1 un contrato tras la aceptaci\u00f3n de tu pedido por parte de Marinepartsystem. Adem\u00e1s, Marinepartsystem tiene derecho a rechazar pedidos o a imponer condiciones especiales de entrega, a menos que se indique expl\u00edcitamente lo contrario. Si un pedido no es aceptado, Marinepartsystem te informar\u00e1 en el plazo de cinco (5) d\u00edas h\u00e1biles desde la recepci\u00f3n del pedido por correo electr\u00f3nico.\n\t\t\t\t\t\t\t\t\t<\/li>\n<\/ul>\n<h4>Precios y pagos<br \/>\n<\/h4>\n<ul>\n<li>\n\t\t\t\t\t\t\t<svg aria-hidden=\"true\" viewBox=\"0 0 512 512\" xmlns=\"https:\/\/www.w3.org\/2000\/svg\"><path d=\"M173.898 439.404l-166.4-166.4c-9.997-9.997-9.997-26.206 0-36.204l36.203-36.204c9.997-9.998 26.207-9.998 36.204 0L192 312.69 432.095 72.596c9.997-9.997 26.207-9.997 36.204 0l36.203 36.204c9.997 9.997 9.997 26.206 0 36.204l-294.4 294.401c-9.998 9.997-26.207 9.997-36.204-.001z\"><\/path><\/svg><br \/>\n\t\t\t\t\t\t\t\t\t\tLos precios indicados para los productos ofrecidos son en euros, IVA incluido (bienes al margen) y para un solo art\u00edculo, a menos que se indique lo contrario con el producto.\n\t\t\t\t\t\t\t\t\t<\/li>\n<\/ul>\n<p>\t\t\"De acuerdo con la Ley del Impuesto sobre el Valor A\u00f1adido (37 de diciembre de 1992, 28 de diciembre), art\u00edculo 138,\" no ser\u00e1n deducibles las cuotas pagadas por los compradores de bienes usados (al margen), que hayan sido entregados por revendedores sujetos pasivos sometidos al r\u00e9gimen especial regulado en este cap\u00edtulo. \"\t\t<\/p>\n<ul>\n<li>\n\t\t\t\t\t\t\t<svg aria-hidden=\"true\" viewBox=\"0 0 512 512\" xmlns=\"https:\/\/www.w3.org\/2000\/svg\"><path d=\"M173.898 439.404l-166.4-166.4c-9.997-9.997-9.997-26.206 0-36.204l36.203-36.204c9.997-9.998 26.207-9.998 36.204 0L192 312.69 432.095 72.596c9.997-9.997 26.207-9.997 36.204 0l36.203 36.204c9.997 9.997 9.997 26.206 0 36.204l-294.4 294.401c-9.998 9.997-26.207 9.997-36.204-.001z\"><\/path><\/svg><br \/>\n\t\t\t\t\t\t\t\t\t\tLos gastos de env\u00edo no est\u00e1n incluidos en el precio del producto y figuran por separado en la factura, si procede.\n\t\t\t\t\t\t\t\t\t<\/li>\n<li>\n\t\t\t\t\t\t\t<svg aria-hidden=\"true\" viewBox=\"0 0 512 512\" xmlns=\"https:\/\/www.w3.org\/2000\/svg\"><path d=\"M173.898 439.404l-166.4-166.4c-9.997-9.997-9.997-26.206 0-36.204l36.203-36.204c9.997-9.998 26.207-9.998 36.204 0L192 312.69 432.095 72.596c9.997-9.997 26.207-9.997 36.204 0l36.203 36.204c9.997 9.997 9.997 26.206 0 36.204l-294.4 294.401c-9.998 9.997-26.207 9.997-36.204-.001z\"><\/path><\/svg><br \/>\n\t\t\t\t\t\t\t\t\t\tEl pago puede efectuarse por adelantado mediante una transferencia bancaria IBAN, PayPal o electr\u00f3nicamente a trav\u00e9s de la funci\u00f3n segura MultiSafepay del sitio web Marinepartsystem.\n\t\t\t\t\t\t\t\t\t<\/li>\n<li>\n\t\t\t\t\t\t\t<svg aria-hidden=\"true\" viewBox=\"0 0 512 512\" xmlns=\"https:\/\/www.w3.org\/2000\/svg\"><path d=\"M173.898 439.404l-166.4-166.4c-9.997-9.997-9.997-26.206 0-36.204l36.203-36.204c9.997-9.998 26.207-9.998 36.204 0L192 312.69 432.095 72.596c9.997-9.997 26.207-9.997 36.204 0l36.203 36.204c9.997 9.997 9.997 26.206 0 36.204l-294.4 294.401c-9.998 9.997-26.207 9.997-36.204-.001z\"><\/path><\/svg><br \/>\n\t\t\t\t\t\t\t\t\t\tLas mercanc\u00edas pedidas recogidas en el almac\u00e9n de Marinepartsystem a la hora especificada se pueden pagar en efectivo o con tarjeta de d\u00e9bito\/cr\u00e9dito.\n\t\t\t\t\t\t\t\t\t<\/li>\n<li>\n\t\t\t\t\t\t\t<svg aria-hidden=\"true\" viewBox=\"0 0 512 512\" xmlns=\"https:\/\/www.w3.org\/2000\/svg\"><path d=\"M173.898 439.404l-166.4-166.4c-9.997-9.997-9.997-26.206 0-36.204l36.203-36.204c9.997-9.998 26.207-9.998 36.204 0L192 312.69 432.095 72.596c9.997-9.997 26.207-9.997 36.204 0l36.203 36.204c9.997 9.997 9.997 26.206 0 36.204l-294.4 294.401c-9.998 9.997-26.207 9.997-36.204-.001z\"><\/path><\/svg><br \/>\n\t\t\t\t\t\t\t\t\t\tLos productos pedidos que a\u00fan no se hayan pagado por adelantado no se enviar\u00e1n y Marinepartsystem se reserva el derecho a disolver este acuerdo previo aviso por escrito (correo electr\u00f3nico).\n\t\t\t\t\t\t\t\t\t<\/li>\n<\/ul>\n<h4>Entrega<\/h4>\n<ul>\n<li>\n\t\t\t\t\t\t\t<svg aria-hidden=\"true\" viewBox=\"0 0 512 512\" xmlns=\"https:\/\/www.w3.org\/2000\/svg\"><path d=\"M173.898 439.404l-166.4-166.4c-9.997-9.997-9.997-26.206 0-36.204l36.203-36.204c9.997-9.998 26.207-9.998 36.204 0L192 312.69 432.095 72.596c9.997-9.997 26.207-9.997 36.204 0l36.203 36.204c9.997 9.997 9.997 26.206 0 36.204l-294.4 294.401c-9.998 9.997-26.207 9.997-36.204-.001z\"><\/path><\/svg><br \/>\n\t\t\t\t\t\t\t\t\t\tLa entrega se realiza a un ritmo acelerado, pero al menos dentro de los tres (3) d\u00edas h\u00e1biles siguientes al pago, a menos que Marinepartsystem lo indique previamente. En caso de falta de entrega por fuerza mayor, recibir\u00e1s un aviso en los tres (3) d\u00edas siguientes a la realizaci\u00f3n del pedido y tendr\u00e1s derecho a disolver el acuerdo de forma gratuita enviando un correo electr\u00f3nico por escrito a Marinepartsystem.\n\t\t\t\t\t\t\t\t\t<\/li>\n<\/ul>\n<p>\t\tExceder el plazo de entrega no te da derecho a indemnizaci\u00f3n ni a ning\u00fan otro tipo de compensaci\u00f3n.\t\t<\/p>\n<ul>\n<li>\n\t\t\t\t\t\t\t<svg aria-hidden=\"true\" viewBox=\"0 0 512 512\" xmlns=\"https:\/\/www.w3.org\/2000\/svg\"><path d=\"M173.898 439.404l-166.4-166.4c-9.997-9.997-9.997-26.206 0-36.204l36.203-36.204c9.997-9.998 26.207-9.998 36.204 0L192 312.69 432.095 72.596c9.997-9.997 26.207-9.997 36.204 0l36.203 36.204c9.997 9.997 9.997 26.206 0 36.204l-294.4 294.401c-9.998 9.997-26.207 9.997-36.204-.001z\"><\/path><\/svg><br \/>\n\t\t\t\t\t\t\t\t\t\tLa entrega tiene lugar cuando el producto es recibido por (o en nombre de) ti.e a un ritmo acelerado, pero al menos dentro de los tres (3) d\u00edas h\u00e1biles siguientes al pago, a menos que Marinepartsystem lo indique previamente. En caso de falta de entrega por fuerza mayor, recibir\u00e1s un aviso en los tres (3) d\u00edas siguientes a la realizaci\u00f3n del pedido y tendr\u00e1s derecho a rescindir el contrato de forma gratuita enviando un correo electr\u00f3nico por escrito a Marinepartsystem.\n\t\t\t\t\t\t\t\t\t<\/li>\n<li>\n\t\t\t\t\t\t\t<svg aria-hidden=\"true\" viewBox=\"0 0 512 512\" xmlns=\"https:\/\/www.w3.org\/2000\/svg\"><path d=\"M173.898 439.404l-166.4-166.4c-9.997-9.997-9.997-26.206 0-36.204l36.203-36.204c9.997-9.998 26.207-9.998 36.204 0L192 312.69 432.095 72.596c9.997-9.997 26.207-9.997 36.204 0l36.203 36.204c9.997 9.997 9.997 26.206 0 36.204l-294.4 294.401c-9.998 9.997-26.207 9.997-36.204-.001z\"><\/path><\/svg><br \/>\n\t\t\t\t\t\t\t\t\t\tSi el comprador ha indicado que desea recoger el producto en el almac\u00e9n de Marinepartsystem, Marinepartsystem reservar\u00e1 este o estos productos siete (7) d\u00edas laborables. Transcurrido este plazo, el acuerdo de compra se disolver\u00e1 sin indemnizaci\u00f3n alguna.\n\t\t\t\t\t\t\t\t\t<\/li>\n<li>\n\t\t\t\t\t\t\t<svg aria-hidden=\"true\" viewBox=\"0 0 512 512\" xmlns=\"https:\/\/www.w3.org\/2000\/svg\"><path d=\"M173.898 439.404l-166.4-166.4c-9.997-9.997-9.997-26.206 0-36.204l36.203-36.204c9.997-9.998 26.207-9.998 36.204 0L192 312.69 432.095 72.596c9.997-9.997 26.207-9.997 36.204 0l36.203 36.204c9.997 9.997 9.997 26.206 0 36.204l-294.4 294.401c-9.998 9.997-26.207 9.997-36.204-.001z\"><\/path><\/svg><br \/>\n\t\t\t\t\t\t\t\t\t\tCon un pedido de recogida, el cliente puede cancelar su compra sin previo aviso\n\t\t\t\t\t\t\t\t\t<\/li>\n<\/ul>\n<h4>Conservaci\u00f3n del t\u00edtulo<\/h4>\n<p>La propiedad de los productos entregados no terminar\u00e1 hasta que hayas cumplido todas las obligaciones que debas a Marinepartsystem en virtud de cualquier acuerdo. El riesgo con respecto a los productos se te transferir\u00e1 en el momento de la entrega. <\/p>\n<h4>Garant\u00eda<\/h4>\n<p>\t\t\t\t\tTodos los art\u00edculos ofrecidos por Marinepartsystem proceden de particulares, usados, en margen y\/o en quiebra, lo que impide las garant\u00edas de f\u00e1brica aplicables. Marinepartsystem no puede ofrecer ni ofrecer\u00e1 ninguna garant\u00eda y nunca se har\u00e1 responsable de ello. <\/p>\n<h4>Publicidad y responsabilidad<\/h4>\n<ul>\n<li>\n\t\t\t\t\t\t\t<svg aria-hidden=\"true\" viewBox=\"0 0 512 512\" xmlns=\"https:\/\/www.w3.org\/2000\/svg\"><path d=\"M173.898 439.404l-166.4-166.4c-9.997-9.997-9.997-26.206 0-36.204l36.203-36.204c9.997-9.998 26.207-9.998 36.204 0L192 312.69 432.095 72.596c9.997-9.997 26.207-9.997 36.204 0l36.203 36.204c9.997 9.997 9.997 26.206 0 36.204l-294.4 294.401c-9.998 9.997-26.207 9.997-36.204-.001z\"><\/path><\/svg><br \/>\n\t\t\t\t\t\t\t\t\t\tTienes la obligaci\u00f3n de inspeccionar los productos entregados inmediatamente despu\u00e9s de recibirlos. Cualquier defecto encontrado en los art\u00edculos debe ser comunicado a Marinepartsystem en el plazo de tres (3) d\u00edas laborables tras su descubrimiento por correo electr\u00f3nico o motivado con alguna fotograf\u00eda (digital).\n\t\t\t\t\t\t\t\t\t<\/li>\n<li>\n\t\t\t\t\t\t\t<svg aria-hidden=\"true\" viewBox=\"0 0 512 512\" xmlns=\"https:\/\/www.w3.org\/2000\/svg\"><path d=\"M173.898 439.404l-166.4-166.4c-9.997-9.997-9.997-26.206 0-36.204l36.203-36.204c9.997-9.998 26.207-9.998 36.204 0L192 312.69 432.095 72.596c9.997-9.997 26.207-9.997 36.204 0l36.203 36.204c9.997 9.997 9.997 26.206 0 36.204l-294.4 294.401c-9.998 9.997-26.207 9.997-36.204-.001z\"><\/path><\/svg><br \/>\n\t\t\t\t\t\t\t\t\t\tSi no deseas retirar un producto nuevo por cualquier motivo, tienes derecho a devolver el producto en un plazo de 14 d\u00edas naturales tras la entrega a Marinepartsystem y disolver el acuerdo. S\u00f3lo se aceptar\u00e1n devoluciones en este caso si el embalaje sellado del producto no est\u00e1 da\u00f1ado y el precinto y\/o embalaje no est\u00e1 roto. El pago ya recibido por Marinepartsystem ser\u00e1 reembolsado dentro de los siete (7) d\u00edas siguientes a la disoluci\u00f3n. Los gastos de devoluci\u00f3n correr\u00e1n a cargo del comprador y s\u00f3lo podr\u00e1n realizarse en Marinepartsystem.\n\t\t\t\t\t\t\t\t\t<\/li>\n<li>\n\t\t\t\t\t\t\t<svg aria-hidden=\"true\" viewBox=\"0 0 512 512\" xmlns=\"https:\/\/www.w3.org\/2000\/svg\"><path d=\"M173.898 439.404l-166.4-166.4c-9.997-9.997-9.997-26.206 0-36.204l36.203-36.204c9.997-9.998 26.207-9.998 36.204 0L192 312.69 432.095 72.596c9.997-9.997 26.207-9.997 36.204 0l36.203 36.204c9.997 9.997 9.997 26.206 0 36.204l-294.4 294.401c-9.998 9.997-26.207 9.997-36.204-.001z\"><\/path><\/svg><br \/>\n\t\t\t\t\t\t\t\t\t\tLos art\u00edculos enviados fuera de la UE, y\/o los art\u00edculos electr\u00f3nicos, y\/o los art\u00edculos que no estaban en stock y fueron encargados especialmente, y\/o los art\u00edculos que fueron hechos especialmente a medida, no pueden ser devueltos.\n\t\t\t\t\t\t\t\t\t<\/li>\n<li>\n\t\t\t\t\t\t\t<svg aria-hidden=\"true\" viewBox=\"0 0 512 512\" xmlns=\"https:\/\/www.w3.org\/2000\/svg\"><path d=\"M173.898 439.404l-166.4-166.4c-9.997-9.997-9.997-26.206 0-36.204l36.203-36.204c9.997-9.998 26.207-9.998 36.204 0L192 312.69 432.095 72.596c9.997-9.997 26.207-9.997 36.204 0l36.203 36.204c9.997 9.997 9.997 26.206 0 36.204l-294.4 294.401c-9.998 9.997-26.207 9.997-36.204-.001z\"><\/path><\/svg><br \/>\n\t\t\t\t\t\t\t\t\t\tLas mercanc\u00edas usadas, las mercanc\u00edas con un descuento adicional en el precio y las mercanc\u00edas con un defecto conocido en el momento de la compra no pueden devolverse.\n\t\t\t\t\t\t\t\t\t<\/li>\n<li>\n\t\t\t\t\t\t\t<svg aria-hidden=\"true\" viewBox=\"0 0 512 512\" xmlns=\"https:\/\/www.w3.org\/2000\/svg\"><path d=\"M173.898 439.404l-166.4-166.4c-9.997-9.997-9.997-26.206 0-36.204l36.203-36.204c9.997-9.998 26.207-9.998 36.204 0L192 312.69 432.095 72.596c9.997-9.997 26.207-9.997 36.204 0l36.203 36.204c9.997 9.997 9.997 26.206 0 36.204l-294.4 294.401c-9.998 9.997-26.207 9.997-36.204-.001z\"><\/path><\/svg><br \/>\n\t\t\t\t\t\t\t\t\t\tTodos los env\u00edos se realizan por cuenta y riesgo del comprador.\n\t\t\t\t\t\t\t\t\t<\/li>\n<li>\n\t\t\t\t\t\t\t<svg aria-hidden=\"true\" viewBox=\"0 0 512 512\" xmlns=\"https:\/\/www.w3.org\/2000\/svg\"><path d=\"M173.898 439.404l-166.4-166.4c-9.997-9.997-9.997-26.206 0-36.204l36.203-36.204c9.997-9.998 26.207-9.998 36.204 0L192 312.69 432.095 72.596c9.997-9.997 26.207-9.997 36.204 0l36.203 36.204c9.997 9.997 9.997 26.206 0 36.204l-294.4 294.401c-9.998 9.997-26.207 9.997-36.204-.001z\"><\/path><\/svg><br \/>\n\t\t\t\t\t\t\t\t\t\tTodos los pedidos B2B no tienen derecho a devoluci\u00f3n. Depositado en la ley holandesa.\n\t\t\t\t\t\t\t\t\t<\/li>\n<\/ul>\n<h4>Fuerza mayor<\/h4>\n<ul>\n<li>\n\t\t\t\t\t\t\t<svg aria-hidden=\"true\" viewBox=\"0 0 512 512\" xmlns=\"https:\/\/www.w3.org\/2000\/svg\"><path d=\"M173.898 439.404l-166.4-166.4c-9.997-9.997-9.997-26.206 0-36.204l36.203-36.204c9.997-9.998 26.207-9.998 36.204 0L192 312.69 432.095 72.596c9.997-9.997 26.207-9.997 36.204 0l36.203 36.204c9.997 9.997 9.997 26.206 0 36.204l-294.4 294.401c-9.998 9.997-26.207 9.997-36.204-.001z\"><\/path><\/svg><br \/>\n\t\t\t\t\t\t\t\t\t\tEn caso de fuerza mayor, Marinepartsystem tiene derecho a suspender la ejecuci\u00f3n de tu pedido, o a rescindir el contrato sin intervenci\u00f3n judicial, notific\u00e1ndotelo por correo y sin que Marinepartsystem sea responsable de ninguna indemnizaci\u00f3n o compensaci\u00f3n.\n\t\t\t\t\t\t\t\t\t<\/li>\n<li>\n\t\t\t\t\t\t\t<svg aria-hidden=\"true\" viewBox=\"0 0 512 512\" xmlns=\"https:\/\/www.w3.org\/2000\/svg\"><path d=\"M173.898 439.404l-166.4-166.4c-9.997-9.997-9.997-26.206 0-36.204l36.203-36.204c9.997-9.998 26.207-9.998 36.204 0L192 312.69 432.095 72.596c9.997-9.997 26.207-9.997 36.204 0l36.203 36.204c9.997 9.997 9.997 26.206 0 36.204l-294.4 294.401c-9.998 9.997-26.207 9.997-36.204-.001z\"><\/path><\/svg><br \/>\n\t\t\t\t\t\t\t\t\t\tSe entiende por fuerza mayor cualquier deficiencia que no sea imputable a Marinepartsystem, ya que no se debe a su culpa y no entra en vigor en virtud de ley, acto jur\u00eddico o tr\u00e1fico.\n\t\t\t\t\t\t\t\t\t<\/li>\n<\/ul>\n<h4>Varios<\/h4>\n<ul>\n<li>\n\t\t\t\t\t\t\t<svg aria-hidden=\"true\" viewBox=\"0 0 512 512\" xmlns=\"https:\/\/www.w3.org\/2000\/svg\"><path d=\"M173.898 439.404l-166.4-166.4c-9.997-9.997-9.997-26.206 0-36.204l36.203-36.204c9.997-9.998 26.207-9.998 36.204 0L192 312.69 432.095 72.596c9.997-9.997 26.207-9.997 36.204 0l36.203 36.204c9.997 9.997 9.997 26.206 0 36.204l-294.4 294.401c-9.998 9.997-26.207 9.997-36.204-.001z\"><\/path><\/svg><br \/>\n\t\t\t\t\t\t\t\t\t\tSi proporcionas una direcci\u00f3n a Marinepartsystem en el proceso de pedido, Marinepartsystem tiene derecho a enviar todos los pedidos a esa direcci\u00f3n, a menos que proporciones una direcci\u00f3n diferente a la que deban enviarse tus pedidos al realizar el pedido.\n\t\t\t\t\t\t\t\t\t<\/li>\n<li>\n\t\t\t\t\t\t\t<svg aria-hidden=\"true\" viewBox=\"0 0 512 512\" xmlns=\"https:\/\/www.w3.org\/2000\/svg\"><path d=\"M173.898 439.404l-166.4-166.4c-9.997-9.997-9.997-26.206 0-36.204l36.203-36.204c9.997-9.998 26.207-9.998 36.204 0L192 312.69 432.095 72.596c9.997-9.997 26.207-9.997 36.204 0l36.203 36.204c9.997 9.997 9.997 26.206 0 36.204l-294.4 294.401c-9.998 9.997-26.207 9.997-36.204-.001z\"><\/path><\/svg><br \/>\n\t\t\t\t\t\t\t\t\t\tSi alguna de las disposiciones de estos T\u00e9rminos y Condiciones con Marinepartsystem entra en conflicto con alguna disposici\u00f3n legal aplicable, entonces la disposici\u00f3n relevante expirar\u00e1 y ser\u00e1 sustituida por una nueva disposici\u00f3n legal comparable que ser\u00e1 determinada por Marinepartsystem.\n\t\t\t\t\t\t\t\t\t<\/li>\n<li>\n\t\t\t\t\t\t\t<svg aria-hidden=\"true\" viewBox=\"0 0 512 512\" xmlns=\"https:\/\/www.w3.org\/2000\/svg\"><path d=\"M173.898 439.404l-166.4-166.4c-9.997-9.997-9.997-26.206 0-36.204l36.203-36.204c9.997-9.998 26.207-9.998 36.204 0L192 312.69 432.095 72.596c9.997-9.997 26.207-9.997 36.204 0l36.203 36.204c9.997 9.997 9.997 26.206 0 36.204l-294.4 294.401c-9.998 9.997-26.207 9.997-36.204-.001z\"><\/path><\/svg><br \/>\n\t\t\t\t\t\t\t\t\t\tLas im\u00e1genes de la tienda web pueden variar de los productos reales que Marinepartsystem tiene en stock.\n\t\t\t\t\t\t\t\t\t<\/li>\n<\/ul>\n<h4>Legislaci\u00f3n aplicable y tribunal competente<\/h4>\n<ul>\n<li>\n\t\t\t\t\t\t\t<svg aria-hidden=\"true\" viewBox=\"0 0 512 512\" xmlns=\"https:\/\/www.w3.org\/2000\/svg\"><path d=\"M173.898 439.404l-166.4-166.4c-9.997-9.997-9.997-26.206 0-36.204l36.203-36.204c9.997-9.998 26.207-9.998 36.204 0L192 312.69 432.095 72.596c9.997-9.997 26.207-9.997 36.204 0l36.203 36.204c9.997 9.997 9.997 26.206 0 36.204l-294.4 294.401c-9.998 9.997-26.207 9.997-36.204-.001z\"><\/path><\/svg><br \/>\n\t\t\t\t\t\t\t\t\t\tTodas las ofertas, pedidos y acuerdos a los que se apliquen estas Condiciones Generales y las presentes Condiciones Generales se regir\u00e1n exclusivamente por la legislaci\u00f3n holandesa.\n\t\t\t\t\t\t\t\t\t<\/li>\n<li>\n\t\t\t\t\t\t\t<svg aria-hidden=\"true\" viewBox=\"0 0 512 512\" xmlns=\"https:\/\/www.w3.org\/2000\/svg\"><path d=\"M173.898 439.404l-166.4-166.4c-9.997-9.997-9.997-26.206 0-36.204l36.203-36.204c9.997-9.998 26.207-9.998 36.204 0L192 312.69 432.095 72.596c9.997-9.997 26.207-9.997 36.204 0l36.203 36.204c9.997 9.997 9.997 26.206 0 36.204l-294.4 294.401c-9.998 9.997-26.207 9.997-36.204-.001z\"><\/path><\/svg><br \/>\n\t\t\t\t\t\t\t\t\t\tTodos los litigios entre las partes se someter\u00e1n exclusivamente al tribunal holand\u00e9s\n\t\t\t\t\t\t\t\t\t<\/li>\n<\/ul>\n","protected":false},"excerpt":{"rendered":"<p>Condiciones generales de venta de Marinepartsystem Aplicabilidad Todas las ofertas, pedidos y acuerdos de Marinepartsystem est\u00e1n sujetos a estos T\u00e9rminos y Condiciones. Estos T\u00e9rminos y Condiciones pueden copiarse del sitio web o pueden ser enviados gratuitamente por nosotros a petici\u00f3n tuya. Todos Aceptar una oferta o hacer un pedido en o a trav\u00e9s del sitio [&hellip;]<\/p>\n","protected":false},"author":2,"featured_media":0,"parent":0,"menu_order":0,"comment_status":"closed","ping_status":"closed","template":"","meta":{"footnotes":""},"class_list":["post-32548","page","type-page","status-publish","hentry"],"_links":{"self":[{"href":"https:\/\/wp.marinepartsystem.com\/es\/wp-json\/wp\/v2\/pages\/32548","targetHints":{"allow":["GET"]}}],"collection":[{"href":"https:\/\/wp.marinepartsystem.com\/es\/wp-json\/wp\/v2\/pages"}],"about":[{"href":"https:\/\/wp.marinepartsystem.com\/es\/wp-json\/wp\/v2\/types\/page"}],"author":[{"embeddable":true,"href":"https:\/\/wp.marinepartsystem.com\/es\/wp-json\/wp\/v2\/users\/2"}],"replies":[{"embeddable":true,"href":"https:\/\/wp.marinepartsystem.com\/es\/wp-json\/wp\/v2\/comments?post=32548"}],"version-history":[{"count":0,"href":"https:\/\/wp.marinepartsystem.com\/es\/wp-json\/wp\/v2\/pages\/32548\/revisions"}],"wp:attachment":[{"href":"https:\/\/wp.marinepartsystem.com\/es\/wp-json\/wp\/v2\/media?parent=32548"}],"curies":[{"name":"wp","href":"https:\/\/api.w.org\/{rel}","templated":true}]}}