{"id":32539,"date":"2025-06-16T10:21:38","date_gmt":"2025-06-16T10:21:38","guid":{"rendered":"https:\/\/marinepartsystem.com\/derecho-de-desistimiento\/"},"modified":"2025-09-02T13:52:41","modified_gmt":"2025-09-02T13:52:41","slug":"derecho-de-desistimiento","status":"publish","type":"page","link":"https:\/\/wp.marinepartsystem.com\/es\/derecho-de-desistimiento\/","title":{"rendered":"Derecho de desistimiento"},"content":{"rendered":"<p>En MarinePartSystem, tienes derecho a desistir de tu compra en un plazo de 14 d\u00edas desde la recepci\u00f3n del pedido, de acuerdo con la legislaci\u00f3n de la UE sobre protecci\u00f3n de los consumidores.Si no est\u00e1s satisfecho con tu compra, puedes devolver el art\u00edculo o art\u00edculos dentro de este plazo, siempre que cumplan las condiciones de devoluci\u00f3n que se indican a continuaci\u00f3n.<\/p>\n<h4>Condiciones de devoluci\u00f3n<\/h4>\n<ul>\n<li>\n\t\t\t\t\t\t\t<svg aria-hidden=\"true\" viewBox=\"0 0 512 512\" xmlns=\"https:\/\/www.w3.org\/2000\/svg\"><path d=\"M173.898 439.404l-166.4-166.4c-9.997-9.997-9.997-26.206 0-36.204l36.203-36.204c9.997-9.998 26.207-9.998 36.204 0L192 312.69 432.095 72.596c9.997-9.997 26.207-9.997 36.204 0l36.203 36.204c9.997 9.997 9.997 26.206 0 36.204l-294.4 294.401c-9.998 9.997-26.207 9.997-36.204-.001z\"><\/path><\/svg><br \/>\n\t\t\t\t\t\t\t\t\t\tLos art\u00edculos deben devolverse en su estado original, sin usar, precintados y en el embalaje original intacto.\n\t\t\t\t\t\t\t\t\t<\/li>\n<li>\n\t\t\t\t\t\t\t<svg aria-hidden=\"true\" viewBox=\"0 0 512 512\" xmlns=\"https:\/\/www.w3.org\/2000\/svg\"><path d=\"M173.898 439.404l-166.4-166.4c-9.997-9.997-9.997-26.206 0-36.204l36.203-36.204c9.997-9.998 26.207-9.998 36.204 0L192 312.69 432.095 72.596c9.997-9.997 26.207-9.997 36.204 0l36.203 36.204c9.997 9.997 9.997 26.206 0 36.204l-294.4 294.401c-9.998 9.997-26.207 9.997-36.204-.001z\"><\/path><\/svg><br \/>\n\t\t\t\t\t\t\t\t\t\tLa devoluci\u00f3n debe solicitarse en un plazo de 14 d\u00edas desde la recepci\u00f3n del pedido\n\t\t\t\t\t\t\t\t\t<\/li>\n<li>\n\t\t\t\t\t\t\t<svg aria-hidden=\"true\" viewBox=\"0 0 512 512\" xmlns=\"https:\/\/www.w3.org\/2000\/svg\"><path d=\"M173.898 439.404l-166.4-166.4c-9.997-9.997-9.997-26.206 0-36.204l36.203-36.204c9.997-9.998 26.207-9.998 36.204 0L192 312.69 432.095 72.596c9.997-9.997 26.207-9.997 36.204 0l36.203 36.204c9.997 9.997 9.997 26.206 0 36.204l-294.4 294.401c-9.998 9.997-26.207 9.997-36.204-.001z\"><\/path><\/svg><br \/>\n\t\t\t\t\t\t\t\t\t\tLos art\u00edculos deben ser recibidos por nosotros antes de que se pueda procesar un reembolso\n\t\t\t\t\t\t\t\t\t<\/li>\n<\/ul>\n<h4>Art\u00edculos que no se pueden devolver<br \/>\n<\/h4>\n<ul>\n<li>\n\t\t\t\t\t\t\t<svg aria-hidden=\"true\" viewBox=\"0 0 512 512\" xmlns=\"https:\/\/www.w3.org\/2000\/svg\"><path d=\"M173.898 439.404l-166.4-166.4c-9.997-9.997-9.997-26.206 0-36.204l36.203-36.204c9.997-9.998 26.207-9.998 36.204 0L192 312.69 432.095 72.596c9.997-9.997 26.207-9.997 36.204 0l36.203 36.204c9.997 9.997 9.997 26.206 0 36.204l-294.4 294.401c-9.998 9.997-26.207 9.997-36.204-.001z\"><\/path><\/svg><br \/>\n\t\t\t\t\t\t\t\t\t\tAparatos electr\u00f3nicos, (debido a la imposibilidad de verificar si se utilizaron o instalaron incorrectamente, pueden devolverse en el embalaje sin abrir)\n\t\t\t\t\t\t\t\t\t<\/li>\n<li>\n\t\t\t\t\t\t\t<svg aria-hidden=\"true\" viewBox=\"0 0 512 512\" xmlns=\"https:\/\/www.w3.org\/2000\/svg\"><path d=\"M173.898 439.404l-166.4-166.4c-9.997-9.997-9.997-26.206 0-36.204l36.203-36.204c9.997-9.998 26.207-9.998 36.204 0L192 312.69 432.095 72.596c9.997-9.997 26.207-9.997 36.204 0l36.203 36.204c9.997 9.997 9.997 26.206 0 36.204l-294.4 294.401c-9.998 9.997-26.207 9.997-36.204-.001z\"><\/path><\/svg><br \/>\n\t\t\t\t\t\t\t\t\t\tArt\u00edculos a medida o cortados a medida, como cuerda o cadena de ancla\n\t\t\t\t\t\t\t\t\t<\/li>\n<li>\n\t\t\t\t\t\t\t<svg aria-hidden=\"true\" viewBox=\"0 0 512 512\" xmlns=\"https:\/\/www.w3.org\/2000\/svg\"><path d=\"M173.898 439.404l-166.4-166.4c-9.997-9.997-9.997-26.206 0-36.204l36.203-36.204c9.997-9.998 26.207-9.998 36.204 0L192 312.69 432.095 72.596c9.997-9.997 26.207-9.997 36.204 0l36.203 36.204c9.997 9.997 9.997 26.206 0 36.204l-294.4 294.401c-9.998 9.997-26.207 9.997-36.204-.001z\"><\/path><\/svg><br \/>\n\t\t\t\t\t\t\t\t\t\tProductos pedidos espec\u00edficamente para ti que no estaban en stock en el momento de la compra ( los productos pedidos con anterioridad pueden devolverse )\n\t\t\t\t\t\t\t\t\t<\/li>\n<\/ul>\n<p data-start=\"1374\" data-end=\"1591\">\u26a0\ufe0f Nota: Los componentes electr\u00f3nicos quedan excluidos de la devoluci\u00f3n porque no podemos verificar si se han utilizado o da\u00f1ado durante la instalaci\u00f3n. Un mal uso o un cableado incorrecto pueden causar fallos que no pueden comprobarse tras la devoluci\u00f3n. <\/p>\n<h4>C\u00f3mo solicitar una devoluci\u00f3n<br \/>\n<\/h4>\n<ul>\n<li>\n\t\t\t\t\t\t\t<svg aria-hidden=\"true\" viewBox=\"0 0 512 512\" xmlns=\"https:\/\/www.w3.org\/2000\/svg\"><path d=\"M173.898 439.404l-166.4-166.4c-9.997-9.997-9.997-26.206 0-36.204l36.203-36.204c9.997-9.998 26.207-9.998 36.204 0L192 312.69 432.095 72.596c9.997-9.997 26.207-9.997 36.204 0l36.203 36.204c9.997 9.997 9.997 26.206 0 36.204l-294.4 294.401c-9.998 9.997-26.207 9.997-36.204-.001z\"><\/path><\/svg><br \/>\n\t\t\t\t\t\t\t\t\t\tEnv\u00edanos un correo electr\u00f3nico a info@marinepartsystem.com con tu n\u00famero de pedido y los detalles del art\u00edculo o art\u00edculos que deseas devolver.\n\t\t\t\t\t\t\t\t\t<\/li>\n<li>\n\t\t\t\t\t\t\t<svg aria-hidden=\"true\" viewBox=\"0 0 512 512\" xmlns=\"https:\/\/www.w3.org\/2000\/svg\"><path d=\"M173.898 439.404l-166.4-166.4c-9.997-9.997-9.997-26.206 0-36.204l36.203-36.204c9.997-9.998 26.207-9.998 36.204 0L192 312.69 432.095 72.596c9.997-9.997 26.207-9.997 36.204 0l36.203 36.204c9.997 9.997 9.997 26.206 0 36.204l-294.4 294.401c-9.998 9.997-26.207 9.997-36.204-.001z\"><\/path><\/svg><br \/>\n\t\t\t\t\t\t\t\t\t\tIncluye los datos de tu cuenta bancaria o la informaci\u00f3n de pago de la devoluci\u00f3n\n\t\t\t\t\t\t\t\t\t<\/li>\n<li>\n\t\t\t\t\t\t\t<svg aria-hidden=\"true\" viewBox=\"0 0 512 512\" xmlns=\"https:\/\/www.w3.org\/2000\/svg\"><path d=\"M173.898 439.404l-166.4-166.4c-9.997-9.997-9.997-26.206 0-36.204l36.203-36.204c9.997-9.998 26.207-9.998 36.204 0L192 312.69 432.095 72.596c9.997-9.997 26.207-9.997 36.204 0l36.203 36.204c9.997 9.997 9.997 26.206 0 36.204l-294.4 294.401c-9.998 9.997-26.207 9.997-36.204-.001z\"><\/path><\/svg><br \/>\n\t\t\t\t\t\t\t\t\t\tUna vez que recibamos e inspeccionemos los art\u00edculos devueltos, tu reembolso se procesar\u00e1 en un plazo de 5 d\u00edas laborables\n\t\t\t\t\t\t\t\t\t<\/li>\n<\/ul>\n<h4>Direcci\u00f3n del remitente<\/h4>\n<p>\t\t\t\t\tMarinePartSystem<br \/>\nLjipstrjitte 10<br \/>\n9051 AS Stiens<br \/>\nPa\u00edses Bajos\t\t\t\t<\/p>\n<h4>Notas importantes<\/h4>\n<ul>\n<li>\n\t\t\t\t\t\t\t<svg aria-hidden=\"true\" viewBox=\"0 0 512 512\" xmlns=\"https:\/\/www.w3.org\/2000\/svg\"><path d=\"M173.898 439.404l-166.4-166.4c-9.997-9.997-9.997-26.206 0-36.204l36.203-36.204c9.997-9.998 26.207-9.998 36.204 0L192 312.69 432.095 72.596c9.997-9.997 26.207-9.997 36.204 0l36.203 36.204c9.997 9.997 9.997 26.206 0 36.204l-294.4 294.401c-9.998 9.997-26.207 9.997-36.204-.001z\"><\/path><\/svg><br \/>\n\t\t\t\t\t\t\t\t\t\tNo se reembolsan los gastos de devoluci\u00f3n\n\t\t\t\t\t\t\t\t\t<\/li>\n<li>\n\t\t\t\t\t\t\t<svg aria-hidden=\"true\" viewBox=\"0 0 512 512\" xmlns=\"https:\/\/www.w3.org\/2000\/svg\"><path d=\"M173.898 439.404l-166.4-166.4c-9.997-9.997-9.997-26.206 0-36.204l36.203-36.204c9.997-9.998 26.207-9.998 36.204 0L192 312.69 432.095 72.596c9.997-9.997 26.207-9.997 36.204 0l36.203 36.204c9.997 9.997 9.997 26.206 0 36.204l-294.4 294.401c-9.998 9.997-26.207 9.997-36.204-.001z\"><\/path><\/svg><br \/>\n\t\t\t\t\t\t\t\t\t\tTe recomendamos que utilices un servicio de seguimiento y localizaci\u00f3n y conserves una prueba del env\u00edo\n\t\t\t\t\t\t\t\t\t<\/li>\n<li>\n\t\t\t\t\t\t\t<svg aria-hidden=\"true\" viewBox=\"0 0 512 512\" xmlns=\"https:\/\/www.w3.org\/2000\/svg\"><path d=\"M173.898 439.404l-166.4-166.4c-9.997-9.997-9.997-26.206 0-36.204l36.203-36.204c9.997-9.998 26.207-9.998 36.204 0L192 312.69 432.095 72.596c9.997-9.997 26.207-9.997 36.204 0l36.203 36.204c9.997 9.997 9.997 26.206 0 36.204l-294.4 294.401c-9.998 9.997-26.207 9.997-36.204-.001z\"><\/path><\/svg><br \/>\n\t\t\t\t\t\t\t\t\t\tSi la devoluci\u00f3n no cumple las condiciones anteriores, no podr\u00e1 ser aceptada ni reembolsada. Podemos devolverte el art\u00edculo a tu cargo\n\t\t\t\t\t\t\t\t\t<\/li>\n<\/ul>\n","protected":false},"excerpt":{"rendered":"<p>En MarinePartSystem, tienes derecho a desistir de tu compra en un plazo de 14 d\u00edas desde la recepci\u00f3n del pedido, de acuerdo con la legislaci\u00f3n de la UE sobre protecci\u00f3n de los consumidores.Si no est\u00e1s satisfecho con tu compra, puedes devolver el art\u00edculo o art\u00edculos dentro de este plazo, siempre que cumplan las condiciones de [&hellip;]<\/p>\n","protected":false},"author":2,"featured_media":0,"parent":0,"menu_order":0,"comment_status":"closed","ping_status":"closed","template":"","meta":{"footnotes":""},"class_list":["post-32539","page","type-page","status-publish","hentry"],"_links":{"self":[{"href":"https:\/\/wp.marinepartsystem.com\/es\/wp-json\/wp\/v2\/pages\/32539","targetHints":{"allow":["GET"]}}],"collection":[{"href":"https:\/\/wp.marinepartsystem.com\/es\/wp-json\/wp\/v2\/pages"}],"about":[{"href":"https:\/\/wp.marinepartsystem.com\/es\/wp-json\/wp\/v2\/types\/page"}],"author":[{"embeddable":true,"href":"https:\/\/wp.marinepartsystem.com\/es\/wp-json\/wp\/v2\/users\/2"}],"replies":[{"embeddable":true,"href":"https:\/\/wp.marinepartsystem.com\/es\/wp-json\/wp\/v2\/comments?post=32539"}],"version-history":[{"count":0,"href":"https:\/\/wp.marinepartsystem.com\/es\/wp-json\/wp\/v2\/pages\/32539\/revisions"}],"wp:attachment":[{"href":"https:\/\/wp.marinepartsystem.com\/es\/wp-json\/wp\/v2\/media?parent=32539"}],"curies":[{"name":"wp","href":"https:\/\/api.w.org\/{rel}","templated":true}]}}