{"id":32527,"date":"2025-06-16T09:47:05","date_gmt":"2025-06-16T09:47:05","guid":{"rendered":"https:\/\/marinepartsystem.com\/aviso-legal\/"},"modified":"2025-09-02T13:38:56","modified_gmt":"2025-09-02T13:38:56","slug":"aviso-legal","status":"publish","type":"page","link":"https:\/\/wp.marinepartsystem.com\/es\/aviso-legal\/","title":{"rendered":"Aviso legal"},"content":{"rendered":"<h4>Ponte en contacto con<\/h4>\n<p>\t\t\t\t\tTel: <a href=\"tel:+31682439981\">+31682439981<\/a> (whatsapp)<br \/>\nCorreo electr\u00f3nico: info@marinepartsystem.com<br \/>\nCOC: 83128069<br \/>\nN\u00famero de IVA : NL003779297B32\t\t\t\t<\/p>\n<h4>Direcci\u00f3n<\/h4>\n<p>Seeaster 10-G<br \/>9051VG Stiens<br \/>Frisia, Pa\u00edses Bajos<\/p>\n<h4>Direcci\u00f3n de devoluci\u00f3n<\/h4>\n<p>\t\t\t\t\tLjipstrjitte 10<br \/>\n9051AS Stiens<br \/>\nFrisia, Pa\u00edses Bajos<\/p>\n","protected":false},"excerpt":{"rendered":"<p>Ponte en contacto con Tel: +31682439981 (whatsapp) Correo electr\u00f3nico: info@marinepartsystem.com COC: 83128069 N\u00famero de IVA : NL003779297B32 Direcci\u00f3n Seeaster 10-G9051VG StiensFrisia, Pa\u00edses Bajos Direcci\u00f3n de devoluci\u00f3n Ljipstrjitte 10 9051AS Stiens Frisia, Pa\u00edses Bajos<\/p>\n","protected":false},"author":2,"featured_media":0,"parent":0,"menu_order":0,"comment_status":"closed","ping_status":"closed","template":"","meta":{"footnotes":""},"class_list":["post-32527","page","type-page","status-publish","hentry"],"_links":{"self":[{"href":"https:\/\/wp.marinepartsystem.com\/es\/wp-json\/wp\/v2\/pages\/32527","targetHints":{"allow":["GET"]}}],"collection":[{"href":"https:\/\/wp.marinepartsystem.com\/es\/wp-json\/wp\/v2\/pages"}],"about":[{"href":"https:\/\/wp.marinepartsystem.com\/es\/wp-json\/wp\/v2\/types\/page"}],"author":[{"embeddable":true,"href":"https:\/\/wp.marinepartsystem.com\/es\/wp-json\/wp\/v2\/users\/2"}],"replies":[{"embeddable":true,"href":"https:\/\/wp.marinepartsystem.com\/es\/wp-json\/wp\/v2\/comments?post=32527"}],"version-history":[{"count":0,"href":"https:\/\/wp.marinepartsystem.com\/es\/wp-json\/wp\/v2\/pages\/32527\/revisions"}],"wp:attachment":[{"href":"https:\/\/wp.marinepartsystem.com\/es\/wp-json\/wp\/v2\/media?parent=32527"}],"curies":[{"name":"wp","href":"https:\/\/api.w.org\/{rel}","templated":true}]}}