{"id":48689,"date":"2026-04-24T14:41:29","date_gmt":"2026-04-24T14:41:29","guid":{"rendered":"https:\/\/wp.marinepartsystem.com\/product\/startschalter-yanmar-gm-serie-124070-91300\/"},"modified":"2026-04-24T14:41:29","modified_gmt":"2026-04-24T14:41:29","slug":"startschalter-yanmar-gm-serie-124070-91300","status":"publish","type":"product","link":"https:\/\/wp.marinepartsystem.com\/de\/produkt\/startschalter-yanmar-gm-serie-124070-91300\/","title":{"rendered":"Startschalter Yanmar GM Serie - 124070-91300"},"content":{"rendered":"<p data-start=\"277\" data-end=\"432\">Originaler Yanmar-Startschalter f\u00fcr die Armaturenbretter der GM-Serie. Dieser Schalter bet\u00e4tigt den Anlasser und ist ein direkter Ersatz f\u00fcr den originalen Druckknopf. <\/p>\n<h3 data-section-id=\"1tek5pd\" data-start=\"439\" data-end=\"462\"><\/h3>\n<h3 data-section-id=\"1tek5pd\" data-start=\"439\" data-end=\"462\">Produkt-Informationen<\/h3>\n<p data-start=\"464\" data-end=\"559\">Startschalter \/ Druckknopf<br data-start=\"490\" data-end=\"493\">F\u00fcr Motorstartfunktion<br data-start=\"518\" data-end=\"521\">OEM Yanmar Teil<br data-start=\"536\" data-end=\"539\">Direkter Ersatz<\/p>\n<h3 data-section-id=\"94g5nh\" data-start=\"566\" data-end=\"592\"><\/h3>\n<h3 data-section-id=\"94g5nh\" data-start=\"566\" data-end=\"592\">Yanmar OEM-Teilenummer<\/h3>\n<p data-start=\"594\" data-end=\"606\">124070-91300<\/p>\n<h3 data-section-id=\"15p7nyt\" data-start=\"613\" data-end=\"642\"><\/h3>\n<h3 data-section-id=\"15p7nyt\" data-start=\"613\" data-end=\"642\">Kompatible Yanmar-Motoren<\/h3>\n<p data-start=\"644\" data-end=\"673\">1GM (7,5 PS)<br data-start=\"656\" data-end=\"659\">1GM10 (9 PS)<\/p>\n<p data-start=\"675\" data-end=\"762\">2GM (15 HP)<br data-start=\"686\" data-end=\"689\">2GM20 (18 HP)<br data-start=\"702\" data-end=\"705\">2GM20 EU (18 HP)<br data-start=\"721\" data-end=\"724\">2GM20 F (18 HP)<br data-start=\"739\" data-end=\"742\">2GM20 F EU (18 HP)<\/p>\n<p data-start=\"764\" data-end=\"851\">3GM (22 HP)<br data-start=\"775\" data-end=\"778\">3GM30 (27 HP)<br data-start=\"791\" data-end=\"794\">3GM30 EU (27 HP)<br data-start=\"810\" data-end=\"813\">3GM30 F (27 HP)<br data-start=\"828\" data-end=\"831\">3GM30 F EU (27 HP)<\/p>\n","protected":false},"excerpt":{"rendered":"<p>Originaler Yanmar-Startschalter f\u00fcr die Armaturenbretter der GM-Serie. Dieser Schalter bet\u00e4tigt den Anlasser und ist ein direkter Ersatz f\u00fcr den originalen Druckknopf. Produkt-Informationen Startschalter \/ DruckknopfF\u00fcr MotorstartfunktionOEM Yanmar TeilDirekter Ersatz Yanmar OEM-Teilenummer 124070-91300 Kompatible Yanmar-Motoren 1GM (7,5 PS)1GM10 (9 PS) 2GM (15 HP)2GM20 (18 HP)2GM20 EU (18 HP)2GM20 F (18 HP)2GM20 F EU (18 HP) 3GM [&hellip;]<\/p>\n","protected":false},"featured_media":48690,"comment_status":"open","ping_status":"closed","template":"","meta":[],"product_brand":[4236],"product_cat":[4452,4442,4443,2533,4843,3009,2532],"product_tag":[],"class_list":{"0":"post-48689","1":"product","2":"type-product","3":"status-publish","4":"has-post-thumbnail","6":"product_brand-yanmar","7":"product_cat-1gm-1gm10-teile","8":"product_cat-2gm-2gm20-teile","9":"product_cat-3gm-3gm30-teile","10":"product_cat-elektrische-systeme","11":"product_cat-gm-serie-teile","12":"product_cat-instrumententafeln-displays","13":"product_cat-motorenteile","14":"pa_condition-neu","15":"pa_model-1gm","16":"pa_model-1gm10","17":"pa_model-1gm10c","18":"pa_model-1gmc","19":"pa_model-1gml","20":"pa_model-2gm","21":"pa_model-2gm20","22":"pa_model-2gm20f","23":"pa_model-2gm20fv","24":"pa_model-2gm20fve","25":"pa_model-2gm20v","26":"pa_model-2gm20ve","27":"pa_model-2gmf","28":"pa_model-3gm","29":"pa_model-3gm30","30":"pa_model-3gm30-yeu","31":"pa_model-3gm30b","32":"pa_model-3gm30c","33":"pa_model-3gm30c-yeu","34":"pa_model-3gm30f","35":"pa_model-3gm30f-yeu","36":"pa_model-3gm30fc-yeu","37":"pa_model-3gm30fv","38":"pa_model-3gm30fve","39":"pa_model-3gm30v","40":"pa_model-3gm30ve","41":"pa_model-3gmd","42":"pa_model-3gmdf","43":"pa_model-3gmf","44":"pa_model-3gmfle","45":"pa_model-3gmfy-e","46":"pa_model-3gmfye-e","47":"pa_oem-or-aftermarket-oem","49":"first","50":"onbackorder","51":"taxable","52":"shipping-taxable","53":"purchasable","54":"product-type-simple"},"supplier_id":32143,"supplier_sku":"124070-91300","barcode":null,"atum_controlled":true,"out_stock_date":"2026-04-24 14:41:29","out_stock_threshold":null,"inheritable":false,"inbound_stock":null,"stock_on_hold":0,"sold_today":0,"sales_last_days":0,"reserved_stock":null,"customer_returns":null,"warehouse_damage":null,"lost_in_post":null,"other_logs":null,"out_stock_days":0,"lost_sales":0,"has_location":false,"update_date":"2026-04-24T22:20:25","atum_locations":[],"atum_stock_status":"onbackorder","restock_status":false,"low_stock_amount":0,"sales_update_date":"2026-04-24T22:20:25","calc_backorders":0,"_links":{"self":[{"href":"https:\/\/wp.marinepartsystem.com\/de\/wp-json\/wp\/v2\/product\/48689","targetHints":{"allow":["GET"]}}],"collection":[{"href":"https:\/\/wp.marinepartsystem.com\/de\/wp-json\/wp\/v2\/product"}],"about":[{"href":"https:\/\/wp.marinepartsystem.com\/de\/wp-json\/wp\/v2\/types\/product"}],"replies":[{"embeddable":true,"href":"https:\/\/wp.marinepartsystem.com\/de\/wp-json\/wp\/v2\/comments?post=48689"}],"wp:featuredmedia":[{"embeddable":true,"href":"https:\/\/wp.marinepartsystem.com\/de\/wp-json\/wp\/v2\/media\/48690"}],"wp:attachment":[{"href":"https:\/\/wp.marinepartsystem.com\/de\/wp-json\/wp\/v2\/media?parent=48689"}],"wp:term":[{"taxonomy":"product_brand","embeddable":true,"href":"https:\/\/wp.marinepartsystem.com\/de\/wp-json\/wp\/v2\/product_brand?post=48689"},{"taxonomy":"product_cat","embeddable":true,"href":"https:\/\/wp.marinepartsystem.com\/de\/wp-json\/wp\/v2\/product_cat?post=48689"},{"taxonomy":"product_tag","embeddable":true,"href":"https:\/\/wp.marinepartsystem.com\/de\/wp-json\/wp\/v2\/product_tag?post=48689"}],"curies":[{"name":"wp","href":"https:\/\/api.w.org\/{rel}","templated":true}]}}