{"id":48661,"date":"2026-04-23T15:50:25","date_gmt":"2026-04-23T15:50:25","guid":{"rendered":"https:\/\/wp.marinepartsystem.com\/product\/kraftstofffoerderpumpe-yanmar-1gm-1gm10-2qm20-3qm30-105582-52010\/"},"modified":"2026-04-23T15:50:25","modified_gmt":"2026-04-23T15:50:25","slug":"kraftstofffoerderpumpe-yanmar-1gm-1gm10-2qm20-3qm30-105582-52010","status":"publish","type":"product","link":"https:\/\/marinepartsystem.com\/de\/produkt\/kraftstofffoerderpumpe-yanmar-1gm-1gm10-2qm20-3qm30-105582-52010","title":{"rendered":"Kraftstofff\u00f6rderpumpe Yanmar 1GM 1GM10 2QM20 3QM30 - 105582-52010"},"content":{"rendered":"<div class=\"text-base my-auto mx-auto [--thread-content-margin:var(--thread-content-margin-xs,calc(var(--spacing)*4))] @w-sm\/main:[--thread-content-margin:var(--thread-content-margin-sm,calc(var(--spacing)*6))] @w-lg\/main:[--thread-content-margin:var(--thread-content-margin-lg,calc(var(--spacing)*16))] px-(--thread-content-margin)\">\n<div class=\"[--thread-content-max-width:40rem] @w-lg\/main:[--thread-content-max-width:48rem] mx-auto max-w-(--thread-content-max-width) flex-1 group\/turn-messages focus-visible:outline-hidden relative flex w-full min-w-0 flex-col agent-turn\">\n<div class=\"flex max-w-full flex-col gap-4 grow\">\n<div class=\"min-h-8 text-message relative flex w-full flex-col items-end gap-2 text-start break-words whitespace-normal outline-none keyboard-focused:focus-ring [.text-message+&amp;]:mt-1\" dir=\"auto\" data-message-author-role=\"assistant\" data-message-id=\"6e357fce-d022-43eb-b13f-53083a14f069\" data-message-model-slug=\"gpt-5-3\">\n<div class=\"flex w-full flex-col gap-1 empty:hidden\">\n<div class=\"markdown prose dark:prose-invert w-full wrap-break-word dark markdown-new-styling\">\n<p data-start=\"317\" data-end=\"498\">Diese Kraftstofff\u00f6rderpumpe ist ein <strong data-start=\"342\" data-end=\"369\">Original-Erstausr\u00fcsterteil von Yanmar<\/strong>, das f\u00fcr die Kraftstoffzufuhr vom Tank zum Einspritzsystem verwendet wird. Sie wird auch als Hubpumpe oder Kraftstofff\u00f6rderpumpenbaugruppe bezeichnet. <\/p>\n<p data-start=\"500\" data-end=\"616\">\n<p data-start=\"618\" data-end=\"716\">Geeignet f\u00fcr die Yanmar-Motoren 1GM und 1GM10 sowie f\u00fcr die Motoren der QM-Serie, einschlie\u00dflich 2QM20 und 3QM30.<\/p>\n<p data-start=\"718\" data-end=\"762\">\n<p data-start=\"718\" data-end=\"762\">Dies ist ein <strong data-start=\"731\" data-end=\"761\">echtes Yanmar OEM-Produkt<\/strong>.<\/p>\n<h3 data-section-id=\"94g5nh\" data-start=\"769\" data-end=\"795\"><\/h3>\n<h3 data-section-id=\"94g5nh\" data-start=\"769\" data-end=\"795\">Yanmar OEM-Teilenummer<\/h3>\n<p data-start=\"797\" data-end=\"809\">105582-52010<\/p>\n<h3 data-section-id=\"15p7nyt\" data-start=\"816\" data-end=\"845\"><\/h3>\n<h3 data-section-id=\"15p7nyt\" data-start=\"816\" data-end=\"845\">Kompatible Yanmar-Motoren<\/h3>\n<p data-start=\"847\" data-end=\"876\">1GM (7,5 PS)<br data-start=\"859\" data-end=\"862\">1GM10 (9 PS)<\/p>\n<p data-start=\"878\" data-end=\"909\">2QM20 (22 HP)<br data-start=\"891\" data-end=\"894\">3QM30 (33 HP)<\/p>\n<h3 data-section-id=\"1tek5pd\" data-start=\"916\" data-end=\"939\"><\/h3>\n<h3 data-section-id=\"1tek5pd\" data-start=\"916\" data-end=\"939\">Produkt-Informationen<\/h3>\n<p data-start=\"941\" data-end=\"1019\">Kraftstofff\u00f6rderpumpe (Hubpumpe)<br data-start=\"967\" data-end=\"970\">Komplette Pumpenbaugruppe<br data-start=\"992\" data-end=\"995\">Direkter OEM-Ersatz<\/p>\n<h3 data-section-id=\"fh0v9c\" data-start=\"1026\" data-end=\"1039\"><\/h3>\n<h3 data-section-id=\"fh0v9c\" data-start=\"1026\" data-end=\"1039\">Wichtig<\/h3>\n<p data-start=\"1041\" data-end=\"1097\">Es wird empfohlen, auch die Dichtung zu ersetzen:<br data-start=\"1080\" data-end=\"1083\">121520-01851<\/p>\n<p data-start=\"1264\" data-end=\"1359\" data-is-last-node=\"\" data-is-only-node=\"\">\n<p data-start=\"1264\" data-end=\"1359\" data-is-last-node=\"\" data-is-only-node=\"\">Fragen zur Kompatibilit\u00e4t oder zu Yanmar-Motorteilen? Unsere Marinespezialisten helfen Ihnen gerne weiter.<\/p>\n<\/div>\n<\/div>\n<\/div>\n<\/div>\n<div class=\"z-0 flex min-h-[46px] justify-start\"><\/div>\n<\/div>\n<\/div>\n","protected":false},"excerpt":{"rendered":"<p>Diese Kraftstofff\u00f6rderpumpe ist ein Original-Erstausr\u00fcsterteil von Yanmar, das f\u00fcr die Kraftstoffzufuhr vom Tank zum Einspritzsystem verwendet wird. Sie wird auch als Hubpumpe oder Kraftstofff\u00f6rderpumpenbaugruppe bezeichnet. Geeignet f\u00fcr die Yanmar-Motoren 1GM und 1GM10 sowie f\u00fcr die Motoren der QM-Serie, einschlie\u00dflich 2QM20 und 3QM30. Dies ist ein echtes Yanmar OEM-Produkt. Yanmar OEM-Teilenummer 105582-52010 Kompatible Yanmar-Motoren 1GM (7,5 [&hellip;]<\/p>\n","protected":false},"featured_media":48662,"comment_status":"open","ping_status":"closed","template":"","meta":[],"product_brand":[4236],"product_cat":[4452,4843,2929,2928,2532,4441],"product_tag":[],"class_list":{"0":"post-48661","1":"product","2":"type-product","3":"status-publish","4":"has-post-thumbnail","6":"product_brand-yanmar","7":"product_cat-1gm-1gm10-teile","8":"product_cat-gm-serie-teile","9":"product_cat-kraftstoffforderpumpen","10":"product_cat-kraftstoffsysteme","11":"product_cat-motorenteile","12":"product_cat-yanmar","13":"pa_condition-neu","14":"pa_model-1gm","15":"pa_model-1gm10","16":"pa_model-1gm10c","17":"pa_model-1gmc","18":"pa_model-2qm","19":"pa_model-2qm20","20":"pa_model-3qm30","21":"pa_oem-or-aftermarket-oem","23":"first","24":"onbackorder","25":"taxable","26":"shipping-taxable","27":"purchasable","28":"product-type-simple"},"supplier_id":32143,"supplier_sku":"105582-52010","barcode":null,"atum_controlled":true,"out_stock_date":"2026-04-23 15:50:25","out_stock_threshold":null,"inheritable":false,"inbound_stock":0,"stock_on_hold":0,"sold_today":0,"sales_last_days":0,"reserved_stock":0,"customer_returns":0,"warehouse_damage":0,"lost_in_post":0,"other_logs":0,"out_stock_days":3,"lost_sales":0,"has_location":false,"update_date":"2026-04-26T20:01:42","atum_locations":[],"atum_stock_status":"onbackorder","restock_status":false,"low_stock_amount":1,"sales_update_date":"2026-04-26T20:01:42","calc_backorders":null,"_links":{"self":[{"href":"https:\/\/wp.marinepartsystem.com\/de\/wp-json\/wp\/v2\/product\/48661","targetHints":{"allow":["GET"]}}],"collection":[{"href":"https:\/\/wp.marinepartsystem.com\/de\/wp-json\/wp\/v2\/product"}],"about":[{"href":"https:\/\/wp.marinepartsystem.com\/de\/wp-json\/wp\/v2\/types\/product"}],"replies":[{"embeddable":true,"href":"https:\/\/wp.marinepartsystem.com\/de\/wp-json\/wp\/v2\/comments?post=48661"}],"wp:featuredmedia":[{"embeddable":true,"href":"https:\/\/wp.marinepartsystem.com\/de\/wp-json\/wp\/v2\/media\/48662"}],"wp:attachment":[{"href":"https:\/\/wp.marinepartsystem.com\/de\/wp-json\/wp\/v2\/media?parent=48661"}],"wp:term":[{"taxonomy":"product_brand","embeddable":true,"href":"https:\/\/wp.marinepartsystem.com\/de\/wp-json\/wp\/v2\/product_brand?post=48661"},{"taxonomy":"product_cat","embeddable":true,"href":"https:\/\/wp.marinepartsystem.com\/de\/wp-json\/wp\/v2\/product_cat?post=48661"},{"taxonomy":"product_tag","embeddable":true,"href":"https:\/\/wp.marinepartsystem.com\/de\/wp-json\/wp\/v2\/product_tag?post=48661"}],"curies":[{"name":"wp","href":"https:\/\/api.w.org\/{rel}","templated":true}]}}