{"id":48533,"date":"2026-04-10T08:30:13","date_gmt":"2026-04-10T08:30:13","guid":{"rendered":"https:\/\/marinepartsystem.com\/product\/dichtungssatz-zylinderkopf-yanmar-1gm10\/"},"modified":"2026-04-10T08:30:13","modified_gmt":"2026-04-10T08:30:13","slug":"dichtungssatz-zylinderkopf-yanmar-1gm10","status":"publish","type":"product","link":"https:\/\/wp.marinepartsystem.com\/de\/produkt\/dichtungssatz-zylinderkopf-yanmar-1gm10\/","title":{"rendered":"Dichtungssatz Zylinderkopf Yanmar 1GM10"},"content":{"rendered":"<p data-start=\"325\" data-end=\"571\">Bei diesem Dichtungssatz handelt es sich um einen <strong data-start=\"346\" data-end=\"372\">Original-OEM-Satz von Yanmar<\/strong> f\u00fcr den Zylinderkopf des 1GM10 Schiffsdieselmotors. Er enth\u00e4lt alle erforderlichen Dichtungen, Ventilschaftdichtungen, Einspritzd\u00fcsenabdichtungen und O-Ringe, die bei der Wartung oder beim Umbau des Zylinderkopfes ben\u00f6tigt werden. <\/p>\n<p data-start=\"695\" data-end=\"739\">\n<p data-start=\"695\" data-end=\"739\">Dies ist ein <strong data-start=\"708\" data-end=\"738\">echtes Yanmar OEM-Produkt<\/strong>.<\/p>\n<h3 data-section-id=\"1ssw3g1\" data-start=\"746\" data-end=\"778\"><\/h3>\n<h3 data-section-id=\"1ssw3g1\" data-start=\"746\" data-end=\"778\">Enthaltene Yanmar-Teilenummern<\/h3>\n<p data-start=\"780\" data-end=\"853\">128171-01911 - Zylinderkopfdichtung<br data-start=\"815\" data-end=\"818\">128170-11310 - Ventildeckeldichtung<\/p>\n<p data-start=\"855\" data-end=\"930\">124950-11340 - Ventilschaftdichtung<br data-start=\"885\" data-end=\"888\">124950-11450 - Brennkammerdichtung<\/p>\n<p data-start=\"932\" data-end=\"981\">128275-11500 - Abdeckung<br data-start=\"952\" data-end=\"955\">128275-11490 - Isolator<\/p>\n<p data-start=\"983\" data-end=\"1030\">24341-000260 - O-Ring<br data-start=\"1004\" data-end=\"1007\">24321-000350 - O-Ring<\/p>\n<p data-start=\"1032\" data-end=\"1063\">22190-080002 - Dichtungsscheibe<\/p>\n<p data-start=\"1065\" data-end=\"1136\">128170-13201 - Auspuffrohrdichtung<br data-start=\"1099\" data-end=\"1102\">104211-49160 - Thermostatdichtung<\/p>\n<h3 data-section-id=\"15p7nyt\" data-start=\"1143\" data-end=\"1172\">Kompatible Yanmar-Motoren<\/h3>\n<p data-start=\"1174\" data-end=\"1186\">1GM10 (9 PS)<\/p>\n<p data-start=\"1567\" data-end=\"1662\" data-is-last-node=\"\" data-is-only-node=\"\"><strong>Fragen zur Kompatibilit\u00e4t oder zu Yanmar-Motorteilen? Unsere Marinespezialisten helfen Ihnen gerne weiter.<\/strong><\/p>\n","protected":false},"excerpt":{"rendered":"<p>Bei diesem Dichtungssatz handelt es sich um einen Original-OEM-Satz von Yanmar f\u00fcr den Zylinderkopf des 1GM10 Schiffsdieselmotors. Er enth\u00e4lt alle erforderlichen Dichtungen, Ventilschaftdichtungen, Einspritzd\u00fcsenabdichtungen und O-Ringe, die bei der Wartung oder beim Umbau des Zylinderkopfes ben\u00f6tigt werden. Dies ist ein echtes Yanmar OEM-Produkt. Enthaltene Yanmar-Teilenummern 128171-01911 - Zylinderkopfdichtung128170-11310 - Ventildeckeldichtung 124950-11340 - Ventilschaftdichtung124950-11450 - Brennkammerdichtung [&hellip;]<\/p>\n","protected":false},"featured_media":48534,"comment_status":"open","ping_status":"closed","template":"","meta":[],"product_brand":[4236],"product_cat":[4452,2498,4843,3037,3038,4441],"product_tag":[],"class_list":{"0":"post-48533","1":"product","2":"type-product","3":"status-publish","4":"has-post-thumbnail","6":"product_brand-yanmar","7":"product_cat-1gm-1gm10-teile","8":"product_cat-ersatzteile-fur-motoren","9":"product_cat-gm-serie-teile","10":"product_cat-kits-fur-wartung-und-reparatur","11":"product_cat-motor-dichtungen","12":"product_cat-yanmar","13":"pa_condition-neu","14":"pa_model-1gm10","15":"pa_model-1gm10c","16":"pa_oem-or-aftermarket-oem","18":"first","19":"onbackorder","20":"taxable","21":"shipping-taxable","22":"purchasable","23":"product-type-simple"},"supplier_id":32143,"supplier_sku":"1GM10_KOP","barcode":null,"atum_controlled":true,"out_stock_date":"2026-04-10 08:30:17","out_stock_threshold":null,"inheritable":false,"inbound_stock":0,"stock_on_hold":0,"sold_today":0,"sales_last_days":0,"reserved_stock":0,"customer_returns":0,"warehouse_damage":0,"lost_in_post":0,"other_logs":0,"out_stock_days":6,"lost_sales":0,"has_location":false,"update_date":"2026-04-16T15:12:06","atum_locations":[],"atum_stock_status":"onbackorder","restock_status":false,"low_stock_amount":0,"sales_update_date":"2026-04-16T15:12:06","calc_backorders":null,"_links":{"self":[{"href":"https:\/\/wp.marinepartsystem.com\/de\/wp-json\/wp\/v2\/product\/48533","targetHints":{"allow":["GET"]}}],"collection":[{"href":"https:\/\/wp.marinepartsystem.com\/de\/wp-json\/wp\/v2\/product"}],"about":[{"href":"https:\/\/wp.marinepartsystem.com\/de\/wp-json\/wp\/v2\/types\/product"}],"replies":[{"embeddable":true,"href":"https:\/\/wp.marinepartsystem.com\/de\/wp-json\/wp\/v2\/comments?post=48533"}],"wp:featuredmedia":[{"embeddable":true,"href":"https:\/\/wp.marinepartsystem.com\/de\/wp-json\/wp\/v2\/media\/48534"}],"wp:attachment":[{"href":"https:\/\/wp.marinepartsystem.com\/de\/wp-json\/wp\/v2\/media?parent=48533"}],"wp:term":[{"taxonomy":"product_brand","embeddable":true,"href":"https:\/\/wp.marinepartsystem.com\/de\/wp-json\/wp\/v2\/product_brand?post=48533"},{"taxonomy":"product_cat","embeddable":true,"href":"https:\/\/wp.marinepartsystem.com\/de\/wp-json\/wp\/v2\/product_cat?post=48533"},{"taxonomy":"product_tag","embeddable":true,"href":"https:\/\/wp.marinepartsystem.com\/de\/wp-json\/wp\/v2\/product_tag?post=48533"}],"curies":[{"name":"wp","href":"https:\/\/api.w.org\/{rel}","templated":true}]}}